{"id":157,"date":"2020-09-21T19:32:23","date_gmt":"2020-09-21T19:32:23","guid":{"rendered":"https:\/\/aims-senegal.org\/?page_id=157"},"modified":"2021-06-10T12:34:42","modified_gmt":"2021-06-10T12:34:42","slug":"alumni-testimonials","status":"publish","type":"page","link":"https:\/\/aims-senegal.org\/fr\/alumni-testimonials\/","title":{"rendered":"T\u00e9moignages d&#039;anciens"},"content":{"rendered":"<div class=\"wp-block-cover has-background-dim-30 has-background-dim has-custom-content-position is-position-bottom-left pad-5\" style=\"background-color:#161228;min-height:600px\"><img decoding=\"async\" loading=\"lazy\" width=\"1080\" height=\"1047\" class=\"wp-block-cover__image-background wp-image-1853\" alt=\"\" src=\"https:\/\/aims-senegal.org\/wp-content\/uploads\/sites\/2\/2021\/03\/Alum-only.jpeg\" data-object-fit=\"cover\" srcset=\"https:\/\/aims-senegal.org\/wp-content\/uploads\/sites\/2\/2021\/03\/Alum-only.jpeg 1080w, https:\/\/aims-senegal.org\/wp-content\/uploads\/sites\/2\/2021\/03\/Alum-only-300x291.jpeg 300w, https:\/\/aims-senegal.org\/wp-content\/uploads\/sites\/2\/2021\/03\/Alum-only-1024x993.jpeg 1024w, https:\/\/aims-senegal.org\/wp-content\/uploads\/sites\/2\/2021\/03\/Alum-only-768x745.jpeg 768w, https:\/\/aims-senegal.org\/wp-content\/uploads\/sites\/2\/2021\/03\/Alum-only-12x12.jpeg 12w\" sizes=\"(max-width: 1080px) 100vw, 1080px\" \/><div class=\"wp-block-cover__inner-container\">\n<h1>T\u00e9moignages d&#039;anciens<\/h1>\n<\/div><\/div>\n\n\n\n<div class=\"is-layout-flow wp-block-group pad-5\"><div class=\"wp-block-group__inner-container\">\n<p><\/p>\n\n\n\n<p>Pour mettre en \u0153uvre sa vision, l&#039;AIMS cible les jeunes \u00e9tudiants africains les plus brillants, les transformant en penseurs ind\u00e9pendants et en r\u00e9solvant des probl\u00e8mes capables d&#039;innover et de propulser la prosp\u00e9rit\u00e9 \u00e9conomique du continent. La jeunesse africaine est au c\u0153ur de l&#039;\u00e9cosyst\u00e8me d&#039;innovation et de transformation AIMS, qui consiste en un ensemble de programmes acad\u00e9miques et non acad\u00e9miques sp\u00e9cialement con\u00e7us pour offrir aux apprenants AIMS une exp\u00e9rience de formation post-universitaire unique sur le continent. Rencontrez certains de nos anciens, leaders \u00e9mergents du monde universitaire et de l&#039;industrie.<\/p>\n<\/div><\/div>\n\n\n\n<div class=\"is-layout-flow wp-block-group group-row pad-5-no-top\"><div class=\"wp-block-group__inner-container\"><div id=\"ajax-load-more\" class=\"ajax-load-more-wrap default\" data-id=\"8009936344\" data-alm-id=\"\" data-canonical-url=\"https:\/\/aims-senegal.org\/fr\/alumni-testimonials\/\" data-slug=\"alumni-testimonials\" data-post-id=\"157\"  data-localized=\"ajax_load_more_8009936344_vars\" data-alm-object=\"ajax_load_more_8009936344\"><div aria-live=\"polite\" aria-atomic=\"true\" class=\"alm-listing alm-ajax row\" data-container-type=\"div\" data-loading-style=\"default\" data-repeater=\"template_1\" data-post-type=\"student\" data-order=\"DESC\" data-orderby=\"date\" data-offset=\"0\" data-posts-per-page=\"12\" data-button-label=\"Load More\" data-button-loading-label=\"Loading Testimonials...\" data-button-done-label=\"No More Testimonials\" data-prev-button-label=\"Load Previous\"><\/div><div class=\"alm-btn-wrap\" data-rel=\"ajax-load-more\"><button class=\"alm-load-more-btn more\" type=\"button\">Charger plus<\/button><\/div><\/div>\n<\/div><\/div>\n\n\n\n<p><\/p>","protected":false},"excerpt":{"rendered":"<p>To implement its vision, AIMS targets the brightest young African students, shaping them as independent thinkers and problem-solvers capable of innovating and propelling the continent\u2019s economic prosperity. Africa\u2019s youth are at the heart of the AIMS innovation and transformation ecosystem, which consists of a set of academic and non-academic programs expertly tailored to provide AIMS<\/p>","protected":false},"author":1,"featured_media":0,"parent":0,"menu_order":0,"comment_status":"closed","ping_status":"closed","template":"","meta":{"advgb_blocks_editor_width":"","advgb_blocks_columns_visual_guide":""},"acf":[],"coauthors":[],"author_meta":{"author_link":"https:\/\/aims-senegal.org\/fr\/author\/chris\/","display_name":"chris"},"relative_dates":{"created":"Publi\u00e9 6 ans il y a","modified":"Mis \u00e0 jour 5 ans il y a"},"absolute_dates":{"created":"Publi\u00e9 le septembre 21, 2020","modified":"Mise \u00e0 jour le juin 10, 2021"},"absolute_dates_time":{"created":"Publi\u00e9 le septembre 21, 2020 7:32  ","modified":"Mise \u00e0 jour le juin 10, 2021 12:34  "},"featured_img_caption":"","featured_img":false,"series_order":"","_links":{"self":[{"href":"https:\/\/aims-senegal.org\/fr\/wp-json\/wp\/v2\/pages\/157"}],"collection":[{"href":"https:\/\/aims-senegal.org\/fr\/wp-json\/wp\/v2\/pages"}],"about":[{"href":"https:\/\/aims-senegal.org\/fr\/wp-json\/wp\/v2\/types\/page"}],"author":[{"embeddable":true,"href":"https:\/\/aims-senegal.org\/fr\/wp-json\/wp\/v2\/users\/1"}],"replies":[{"embeddable":true,"href":"https:\/\/aims-senegal.org\/fr\/wp-json\/wp\/v2\/comments?post=157"}],"version-history":[{"count":19,"href":"https:\/\/aims-senegal.org\/fr\/wp-json\/wp\/v2\/pages\/157\/revisions"}],"predecessor-version":[{"id":3559,"href":"https:\/\/aims-senegal.org\/fr\/wp-json\/wp\/v2\/pages\/157\/revisions\/3559"}],"wp:attachment":[{"href":"https:\/\/aims-senegal.org\/fr\/wp-json\/wp\/v2\/media?parent=157"}],"curies":[{"name":"wp","href":"https:\/\/api.w.org\/{rel}","templated":true}]}}