{"id":166,"date":"2020-09-21T20:07:58","date_gmt":"2020-09-21T20:07:58","guid":{"rendered":"https:\/\/aims-senegal.org\/?page_id=166"},"modified":"2021-06-10T12:34:42","modified_gmt":"2021-06-10T12:34:42","slug":"research-publications","status":"publish","type":"page","link":"https:\/\/aims-senegal.org\/fr\/research-publications\/","title":{"rendered":"Publications de recherche"},"content":{"rendered":"<div class=\"wp-block-cover has-background-dim-30 has-background-dim has-custom-content-position is-position-bottom-left pad-5\" style=\"background-image:url(https:\/\/aims-senegal.org\/wp-content\/uploads\/sites\/2\/2021\/03\/DSC_9228-scaled.jpg);background-color:#161228;min-height:600px\"><div class=\"wp-block-cover__inner-container\">\n<h1>Publications de recherche<\/h1>\n<\/div><\/div>\n\n\n\n<div class=\"is-layout-flow wp-block-group pad-5\"><div class=\"wp-block-group__inner-container\">\n<p>Le Centre de recherche, dirig\u00e9 par le professeur Fall, a publi\u00e9 plus de 50 articles avec plus de 500 citations dans des revues \u00e0 comit\u00e9 de lecture de renomm\u00e9e internationale.<\/p>\n<\/div><\/div>\n\n\n\n<div class=\"wp-block-cover has-background-dim search-filters\" style=\"background-image:url(https:\/\/aims-senegal.org\/wp-content\/uploads\/sites\/2\/2020\/09\/Amended-Layouts_Page_03_Image_0003-1.jpg)\"><div class=\"wp-block-cover__inner-container\"><form data-sf-form-id='165' data-is-rtl='0' data-maintain-state='' data-results-url='https:\/\/aims-senegal.org\/alumni-publications' data-ajax-url='https:\/\/aims-senegal.org\/fr\/?sfid=165&amp;sf_action=get_data&amp;sf_data=results' data-ajax-form-url='https:\/\/aims-senegal.org\/fr\/?sfid=165&amp;sf_action=get_data&amp;sf_data=form' data-display-result-method='shortcode' data-use-history-api='1' data-template-loaded='0' data-lang-code='fr' data-ajax='1' data-ajax-data-type='json' data-ajax-links-selector='.pagination a' data-ajax-target='#search-filter-results-165' data-ajax-pagination-type='normal' data-update-ajax-url='1' data-only-results-ajax='1' data-scroll-to-pos='0' data-init-paged='1' data-auto-update='1' action='https:\/\/aims-senegal.org\/fr\/alumni-publications\/' method='post' class='searchandfilter' id='search-filter-form-165' autocomplete='off' data-instance-count='1' data-trp-original-action=\"https:\/\/aims-senegal.org\/alumni-publications\"><ul><li class=\"sf-field-taxonomy-subject_types\" data-sf-field-name=\"_sft_subject_types\" data-sf-field-type=\"taxonomy\" data-sf-field-input-type=\"select\">\t\t<label>\r\n\t\t\t\t<select name=\"_sft_subject_types[]\" class=\"sf-input-select\" title=\"\">\r\n\t\t\t\r\n\t\t\t\t\t\t<option class=\"sf-level-0 sf-item-0 sf-option-active\" selected=\"selected\" data-sf-count=\"0\" data-sf-depth=\"0\" value=\"\">Mati\u00e8re<\/option>\r\n\t\t\t\t\t\t<option class=\"sf-level-0 sf-item-21\" data-sf-count=\"0\" data-sf-depth=\"0\" value=\"computer-science\">L&#039;informatique<\/option>\r\n\t\t\t\t\t\t<option class=\"sf-level-0 sf-item-20\" data-sf-count=\"20\" data-sf-depth=\"0\" value=\"mathematics\">Math\u00e9matiques<\/option>\r\n\t\t\t\t\t<\/select>\r\n\t\t<\/label>\t\t<\/li><li class=\"sf-field-taxonomy-publication_types\" data-sf-field-name=\"_sft_publication_types\" data-sf-field-type=\"taxonomy\" data-sf-field-input-type=\"select\">\t\t<label>\r\n\t\t\t\t<select name=\"_sft_publication_types[]\" class=\"sf-input-select\" title=\"\">\r\n\t\t\t\r\n\t\t\t\t\t\t<option class=\"sf-level-0 sf-item-0 sf-option-active\" selected=\"selected\" data-sf-count=\"0\" data-sf-depth=\"0\" value=\"\">Taper<\/option>\r\n\t\t\t\t\t\t<option class=\"sf-level-0 sf-item-39\" data-sf-count=\"0\" data-sf-depth=\"0\" value=\"alumni\">Anciens<\/option>\r\n\t\t\t\t\t\t<option class=\"sf-level-0 sf-item-40\" data-sf-count=\"23\" data-sf-depth=\"0\" value=\"research\">Recherche<\/option>\r\n\t\t\t\t\t<\/select>\r\n\t\t<\/label>\t\t<\/li><li class=\"sf-field-search\" data-sf-field-name=\"search\" data-sf-field-type=\"search\" data-sf-field-input-type=\"\">\t\t<label><input placeholder=\"Chercher \u2026\" name=\"_sf_search[]\" class=\"sf-input-text\" type=\"text\" value=\"\" title=\"\"><\/label>\t\t<\/li><\/ul><input type=\"hidden\" name=\"trp-form-language\" value=\"fr\"\/><\/form>\n<\/div><\/div>\n\n\n\n<div class=\"is-layout-flow wp-block-group pad-5\"><div class=\"wp-block-group__inner-container\"><div class=\"search-filter-results\" id=\"search-filter-results-165\">\t\n\t\n\t<div class=\"pagination\">\n\t\t\t<\/div>\n\t\n\t\t\n\n\n\n\t<div class=\"publication-card  pad-2 shadow\"> \n\n\n\n\t\t<h3> K. Owusu, E. Acevedo-Trejos, MM Fall, A. Merico, Effets de la coop\u00e9ration et diff\u00e9rentes caract\u00e9ristiques des aires marines prot\u00e9g\u00e9es dans une simulation de p\u00eache \u00e0 petite \u00e9chelle. Novembre 2020. Complexit\u00e9 \u00e9cologique 44100876. DOI 10.1016j.ecocom.2020.100876<\/h3>\n\n\t\t<p class=\"pub-content\"> <\/p>\n\n\n\n<a class=\"btn-prime bg-alt\" target=\"_blank\" href=\"https:\/\/aims-senegal.org\/wp-content\/uploads\/sites\/2\/2021\/03\/K.-Owusu-E.-Acevedo-Trejos-M.-M.-Fall-A.-Merico-Effects-of-cooperation-and-different-characteristics-of-Marine-Protected-Areas-in-a-simulated-small-scale-fishery.-November-2020.-Eco.pdf\"> Afficher le document <\/a>\n\n\t<\/div>\n\n\n\t\t\n\n\n\n\n\n\n\n\n\n\n\n\n\n\t\t\t\n\n\n\n\t<div class=\"publication-card  pad-2 shadow\"> \n\n\n\n\t\t<h3> Fall, Mouhamed Moustapha; Mercuri, Carlo Feuillages de petits tubes dans des vari\u00e9t\u00e9s riemanniennes par disques minimaux capillaires. Anal non lin\u00e9aire. 70 (2009), no. 12, 4422\u20134440.<\/h3>\n\n\t\t<p class=\"pub-content\"> <\/p>\n\n\n\n<a class=\"btn-prime bg-alt\" target=\"_blank\" href=\"https:\/\/aims-senegal.org\/wp-content\/uploads\/sites\/2\/2021\/03\/Fall-Mouhamed-Moustapha-Mercuri-Carlo-Foliations-of-small-tubes-in-Riemannian-manifolds-by-capillary-minimal-discs.-Nonlinear-Anal.-70-2009-no.-12-4422-4440..pdf\"> Afficher le document <\/a>\n\n\t<\/div>\n\n\n\t\t\n\n\n\n\n\n\n\n\n\n\n\n\n\n\t\t\t\n\n\n\n\t<div class=\"publication-card  pad-2 shadow\"> \n\n\n\n\t\t<h3> Fall, Mouhamed Moustapha; Mahmoudi, Fethi Hypersurfaces avec fronti\u00e8re libre et grande concentration de courbure moyenne constante le long des sous-vari\u00e9t\u00e9s. Ann. Sc. Norme. Super. Pisa Cl. Sci. (5) 7 (2008), no. 3, 407\u2013446.<\/h3>\n\n\t\t<p class=\"pub-content\"> <\/p>\n\n\n\n<a class=\"btn-prime bg-alt\" target=\"_blank\" href=\"https:\/\/aims-senegal.org\/wp-content\/uploads\/sites\/2\/2021\/03\/Fall-Mouhamed-Moustapha-Mahmoudi-Fethi-Hypersurfaces-with-free-boundary-and-large-constant-mean-curvature-concentration-along-submanifolds.-Ann.-Sc.-Norm.-Super.-Pisa-Cl.-Sci.-5-7.pdf\"> Afficher le document <\/a>\n\n\t<\/div>\n\n\n\t\t\n\n\n\n\n\n\n\n\n\n\n\n\n\n\t\t\t\n\n\n\n\t<div class=\"publication-card  pad-2 shadow\"> \n\n\n\n\t\t<h3> Fall, Mouhamed Moustapha; Mercuri, Carlo Surfaces de type disque minimales noy\u00e9es dans un cylindre perturb\u00e9. Equations int\u00e9grales diff\u00e9rentielles 22 (2009), no. 11-12, 1115-1124.<\/h3>\n\n\t\t<p class=\"pub-content\"> <\/p>\n\n\n\n<a class=\"btn-prime bg-alt\" target=\"_blank\" href=\"https:\/\/aims-senegal.org\/wp-content\/uploads\/sites\/2\/2021\/03\/Fall-Mouhamed-Moustapha-Mercuri-Carlo-Minimal-disc-type-surfaces-embedded-in-a-perturbed-cylinder.-Differential-Integral-Equations-22-2009-no.-11-12-1115-1124..pdf\"> Afficher le document <\/a>\n\n\t<\/div>\n\n\n\t\t\n\n\n\n\n\n\n\n\n\n\n\n\n\n\t\t\t\n\n\n\n\t<div class=\"publication-card  pad-2 shadow\"> \n\n\n\n\t\t<h3> Fall, Mouhamed Moustapha Quelques estimations de valeurs propres locales impliquant des courbures. Calc. Var. Equations aux diff\u00e9rences partielles 36 (2009), no. 3, 437\u2013451.<\/h3>\n\n\t\t<p class=\"pub-content\"> <\/p>\n\n\n\n<a class=\"btn-prime bg-alt\" target=\"_blank\" href=\"https:\/\/aims-senegal.org\/wp-content\/uploads\/sites\/2\/2021\/03\/Fall-Mouhamed-Moustapha-Some-local-eigenvalue-estimates-involving-curvatures.-Calc.-Var.-Partial-Differential-Equations-36-2009-no.-3-437-451..pdf\"> Afficher le document <\/a>\n\n\t<\/div>\n\n\n\t\t\n\n\n\n\n\n\n\n\n\n\n\n\n\n\t\t\t\n\n\n\n\t<div class=\"publication-card  pad-2 shadow\"> \n\n\n\n\t\t<h3> Chute, Mouhamed Moustapha R\u00e9gions minimisant la zone \u00e0 petit volume dans les vari\u00e9t\u00e9s riemanniennes avec fronti\u00e8re. Pacific J. Math. 244 (2010), no. 2, 235\u2013260.<\/h3>\n\n\t\t<p class=\"pub-content\"> <\/p>\n\n\n\n<a class=\"btn-prime bg-alt\" target=\"_blank\" href=\"https:\/\/aims-senegal.org\/wp-content\/uploads\/sites\/2\/2021\/03\/Fall-Mouhamed-Moustapha-Musina-Roberta-Hardy-Poincare-inequalities-with-boundary-singularities.-Proc.-Roy.-Soc.-Edinburgh.-A-142-2012-1-18.-1.pdf\"> Afficher le document <\/a>\n\n\t<\/div>\n\n\n\t\t\n\n\n\n\n\n\n\n\n\n\n\n\n\n\t\t\t\n\t<div class=\"pagination\">\n<div class=\"paginate-inner\">\t<span class=\"page-tag\"><\/span>\n\t\t<span aria-current=\"page\" class=\"page-numbers current\">1<\/span>\n<a class=\"page-numbers\" href=\"https:\/\/aims-senegal.org\/fr\/alumni-publications\/?sf_paged=2\">2<\/a>\n<a class=\"page-numbers\" href=\"https:\/\/aims-senegal.org\/fr\/alumni-publications\/?sf_paged=3\">3<\/a>\n<span class=\"page-numbers dots\">\u2026<\/span>\n<a class=\"page-numbers\" href=\"https:\/\/aims-senegal.org\/fr\/alumni-publications\/?sf_paged=9\">9<\/a>\n<a class=\"next page-numbers\" href=\"https:\/\/aims-senegal.org\/fr\/alumni-publications\/?sf_paged=2\">Suivant &quot;<\/a><\/div>\n\t<\/div>\n\t<\/div>\n<\/div><\/div>","protected":false},"excerpt":{"rendered":"<p>Le Centre de recherche, dirig\u00e9 par le professeur Fall, a publi\u00e9 plus de 50 articles avec plus de 500 citations dans des revues \u00e0 comit\u00e9 de lecture de renomm\u00e9e internationale.<\/p>","protected":false},"author":1,"featured_media":0,"parent":0,"menu_order":0,"comment_status":"closed","ping_status":"closed","template":"","meta":{"advgb_blocks_editor_width":"","advgb_blocks_columns_visual_guide":""},"acf":[],"coauthors":[],"author_meta":{"author_link":"https:\/\/aims-senegal.org\/fr\/author\/chris\/","display_name":"chris"},"relative_dates":{"created":"Publi\u00e9 6 ans il y a","modified":"Mis \u00e0 jour 5 ans il y a"},"absolute_dates":{"created":"Publi\u00e9 le septembre 21, 2020","modified":"Mise \u00e0 jour le juin 10, 2021"},"absolute_dates_time":{"created":"Publi\u00e9 le septembre 21, 2020 8:07  ","modified":"Mise \u00e0 jour le juin 10, 2021 12:34  "},"featured_img_caption":"","featured_img":false,"series_order":"","_links":{"self":[{"href":"https:\/\/aims-senegal.org\/fr\/wp-json\/wp\/v2\/pages\/166"}],"collection":[{"href":"https:\/\/aims-senegal.org\/fr\/wp-json\/wp\/v2\/pages"}],"about":[{"href":"https:\/\/aims-senegal.org\/fr\/wp-json\/wp\/v2\/types\/page"}],"author":[{"embeddable":true,"href":"https:\/\/aims-senegal.org\/fr\/wp-json\/wp\/v2\/users\/1"}],"replies":[{"embeddable":true,"href":"https:\/\/aims-senegal.org\/fr\/wp-json\/wp\/v2\/comments?post=166"}],"version-history":[{"count":6,"href":"https:\/\/aims-senegal.org\/fr\/wp-json\/wp\/v2\/pages\/166\/revisions"}],"predecessor-version":[{"id":3187,"href":"https:\/\/aims-senegal.org\/fr\/wp-json\/wp\/v2\/pages\/166\/revisions\/3187"}],"wp:attachment":[{"href":"https:\/\/aims-senegal.org\/fr\/wp-json\/wp\/v2\/media?parent=166"}],"curies":[{"name":"wp","href":"https:\/\/api.w.org\/{rel}","templated":true}]}}