{"id":199,"date":"2020-09-21T21:49:25","date_gmt":"2020-09-21T21:49:25","guid":{"rendered":"https:\/\/aims-senegal.org\/?page_id=199"},"modified":"2023-10-17T00:27:54","modified_gmt":"2023-10-17T00:27:54","slug":"annual-reports","status":"publish","type":"page","link":"https:\/\/aims-senegal.org\/fr\/annual-reports\/","title":{"rendered":"Rapport annuel"},"content":{"rendered":"<div class=\"wp-block-cover is-light has-custom-content-position is-position-bottom-left pad-5\" style=\"min-height:600px\"><span aria-hidden=\"true\" class=\"wp-block-cover__background has-background-dim-30 has-background-dim\" style=\"background-color:#161228\"><\/span><img decoding=\"async\" loading=\"lazy\" width=\"2000\" height=\"1111\" class=\"wp-block-cover__image-background wp-image-2068\" alt=\"\" src=\"https:\/\/aims-senegal.org\/wp-content\/uploads\/sites\/2\/2021\/03\/MICH1083-3.jpg\" style=\"object-position:45% 36%\" data-object-fit=\"cover\" data-object-position=\"45% 36%\" srcset=\"https:\/\/aims-senegal.org\/wp-content\/uploads\/sites\/2\/2021\/03\/MICH1083-3.jpg 2000w, https:\/\/aims-senegal.org\/wp-content\/uploads\/sites\/2\/2021\/03\/MICH1083-3-300x167.jpg 300w, https:\/\/aims-senegal.org\/wp-content\/uploads\/sites\/2\/2021\/03\/MICH1083-3-1024x569.jpg 1024w, https:\/\/aims-senegal.org\/wp-content\/uploads\/sites\/2\/2021\/03\/MICH1083-3-768x427.jpg 768w, https:\/\/aims-senegal.org\/wp-content\/uploads\/sites\/2\/2021\/03\/MICH1083-3-1536x853.jpg 1536w, https:\/\/aims-senegal.org\/wp-content\/uploads\/sites\/2\/2021\/03\/MICH1083-3-16x9.jpg 16w\" sizes=\"(max-width: 2000px) 100vw, 2000px\" \/><div class=\"wp-block-cover__inner-container\">\n<h1>Rapport annuel<\/h1>\n<\/div><\/div>\n\n\n\n<p><\/p>\n\n\n\n<div class=\"row w-00\">         \n\n\n<div class=\"col-md-6 report-box row\"> \n\n<div class=\"report-left img-bg\" style=\"background-image: url(https:\/\/aims-senegal.org\/wp-content\/uploads\/sites\/2\/2023\/10\/Draft-VF-de-AIMS-SENEGAL-1.png)\"> <\/div>\n<div class=\"report-body pad-2\"> <p> <\/p>\n\n\n\t<a class=\"btn-prime bg-alt\" style=\"margin-top:30px; display: table;\" target=\"_blank\" href=\"https:\/\/aims-senegal.org\/wp-content\/uploads\/sites\/2\/2023\/10\/Annual-Report_AIMS_SENEGAL_2021-2022.pdf\"> Afficher le PDF <\/a>\n\n <\/div>\n\n<\/div>\n\n\n\n        \n\n\n<div class=\"col-md-6 report-box row\"> \n\n<div class=\"report-left img-bg\" style=\"background-image: url(https:\/\/aims-senegal.org\/wp-content\/uploads\/sites\/2\/2021\/03\/Main-image.png)\"> <\/div>\n<div class=\"report-body pad-2\"> <p> <\/p>\n\n\n\t<a class=\"btn-prime bg-alt\" style=\"margin-top:30px; display: table;\" target=\"_blank\" href=\"https:\/\/aims-senegal.org\/wp-content\/uploads\/sites\/2\/2021\/03\/AIMS-Senegal-Annual-Report-2019.pdf\"> Afficher le PDF <\/a>\n\n <\/div>\n\n<\/div>\n\n\n\n    \n<\/div>","protected":false},"excerpt":{"rendered":"","protected":false},"author":1,"featured_media":0,"parent":0,"menu_order":0,"comment_status":"closed","ping_status":"closed","template":"","meta":{"advgb_blocks_editor_width":"","advgb_blocks_columns_visual_guide":""},"acf":[],"coauthors":[],"author_meta":{"author_link":"https:\/\/aims-senegal.org\/fr\/author\/chris\/","display_name":"chris"},"relative_dates":{"created":"Publi\u00e9 6 ans il y a","modified":"Mis \u00e0 jour 2 ans il y a"},"absolute_dates":{"created":"Publi\u00e9 le septembre 21, 2020","modified":"Mise \u00e0 jour le octobre 17, 2023"},"absolute_dates_time":{"created":"Publi\u00e9 le septembre 21, 2020 9:49  ","modified":"Mise \u00e0 jour le octobre 17, 2023 12:27  "},"featured_img_caption":"","featured_img":false,"series_order":"","_links":{"self":[{"href":"https:\/\/aims-senegal.org\/fr\/wp-json\/wp\/v2\/pages\/199"}],"collection":[{"href":"https:\/\/aims-senegal.org\/fr\/wp-json\/wp\/v2\/pages"}],"about":[{"href":"https:\/\/aims-senegal.org\/fr\/wp-json\/wp\/v2\/types\/page"}],"author":[{"embeddable":true,"href":"https:\/\/aims-senegal.org\/fr\/wp-json\/wp\/v2\/users\/1"}],"replies":[{"embeddable":true,"href":"https:\/\/aims-senegal.org\/fr\/wp-json\/wp\/v2\/comments?post=199"}],"version-history":[{"count":26,"href":"https:\/\/aims-senegal.org\/fr\/wp-json\/wp\/v2\/pages\/199\/revisions"}],"predecessor-version":[{"id":5705,"href":"https:\/\/aims-senegal.org\/fr\/wp-json\/wp\/v2\/pages\/199\/revisions\/5705"}],"wp:attachment":[{"href":"https:\/\/aims-senegal.org\/fr\/wp-json\/wp\/v2\/media?parent=199"}],"curies":[{"name":"wp","href":"https:\/\/api.w.org\/{rel}","templated":true}]}}