{"id":220,"date":"2020-09-22T06:46:47","date_gmt":"2020-09-22T06:46:47","guid":{"rendered":"https:\/\/aims-senegal.org\/?page_id=220"},"modified":"2021-06-10T12:34:42","modified_gmt":"2021-06-10T12:34:42","slug":"aims-masters-in-mathematical-sciences","status":"publish","type":"page","link":"https:\/\/aims-senegal.org\/fr\/aims-masters-in-mathematical-sciences\/","title":{"rendered":"Master AIMS en sciences math\u00e9matiques"},"content":{"rendered":"<div class=\"wp-block-cover has-background-dim-30 has-background-dim has-custom-content-position is-position-bottom-left pad-5\" style=\"background-image:url(https:\/\/aims-senegal.org\/wp-content\/uploads\/sites\/2\/2020\/09\/Amended-Layouts_Page_13_Image_0002.jpg);background-color:#161228;min-height:600px\"><div class=\"wp-block-cover__inner-container\">\n<h1>Master en sciences math\u00e9matiques<\/h1>\n<\/div><\/div>\n\n\n\n<div style=\"height:40px\" aria-hidden=\"true\" class=\"wp-block-spacer\"><\/div>\n\n\n\n<div class=\"wp-block-advgb-columns advgb-columns-wrapper\" id=\"advgb-cols-76b07f9f-5350-4cee-9882-741d40f0e2e9\"><div class=\"advgb-columns-container\"><div class=\"advgb-columns advgb-columns-row advgb-is-mobile advgb-columns-2 layout-12-12 mbl-layout-stacked vgutter-10\">\n<div class=\"wp-block-advgb-column advgb-column advgb-is-half-tablet advgb-is-full-mobile\" id=\"advgb-col-d8461ed4-5723-4611-be4d-03b64c41e50a\"><div class=\"advgb-column-inner\" style=\"border-style:none;border-width:1px\">\n<div class=\"wp-block-cover\" style=\"background-image:url(https:\/\/aims-senegal.org\/wp-content\/uploads\/sites\/2\/2020\/09\/Amended-Layouts_Page_14_Image_0003.jpg);min-height:500px\"><div class=\"wp-block-cover__inner-container\">\n<p class=\"has-text-align-center has-large-font-size\"><\/p>\n<\/div><\/div>\n<\/div><\/div>\n\n\n\n<div class=\"wp-block-advgb-column advgb-column advgb-is-half-tablet advgb-is-full-mobile\" id=\"advgb-col-b359dfc2-89dd-435d-b8bf-255a022804fc\"><div class=\"advgb-column-inner\" style=\"border-style:none;border-width:1px\">\n<div class=\"is-layout-flow wp-block-group pad-5-10\"><div class=\"wp-block-group__inner-container\">\n<h2>Programme de ma\u00eetrise structur\u00e9<\/h2>\n\n\n\n<p>AIMS d\u00e9livre un dipl\u00f4me en sciences math\u00e9matiques de classe mondiale aux \u00e9tudiants recrut\u00e9s sur tout le continent africain. Chaque centre AIMS propose un master structur\u00e9 intensif d&#039;un an avec des cours dispens\u00e9s par des conf\u00e9renciers de classe mondiale du monde entier.<\/p>\n\n\n\n<div style=\"height:20px\" aria-hidden=\"true\" class=\"wp-block-spacer\"><\/div>\n\n\n\n<div class=\"is-layout-flex wp-block-buttons\">\n<div class=\"wp-block-button bg-alt\"><a class=\"wp-block-button__link no-border-radius\" href=\"..\/structured-masters-program\/\">Lire la suite<\/a><\/div>\n<\/div>\n<\/div><\/div>\n<\/div><\/div>\n<\/div><\/div><\/div>\n\n\n\n<div class=\"wp-block-advgb-columns advgb-columns-wrapper\" id=\"advgb-cols-4662bc60-6b2a-4615-9035-a7f39ed482a6\"><div class=\"advgb-columns-container\"><div class=\"advgb-columns advgb-columns-row advgb-is-mobile columns-valign-full advgb-columns-2 layout-12-12 mbl-layout-stacked vgutter-10\">\n<div class=\"wp-block-advgb-column advgb-column advgb-is-half-tablet advgb-is-full-mobile\" id=\"advgb-col-51a1be89-0a97-4996-aedb-0682a53b8410\"><div class=\"advgb-column-inner\" style=\"border-style:none;border-width:1px\">\n<div class=\"is-layout-flow wp-block-group pad-5-10\"><div class=\"wp-block-group__inner-container\">\n<h2>Programme d&#039;\u00e9ducation coop\u00e9rative<\/h2>\n\n\n\n<p>\u00c9galement culminant avec la ma\u00eetrise AIMS en sciences math\u00e9matiques, l&#039;AIMS propose \u00e9galement un programme de formation coop\u00e9rative d&#039;apprentissage int\u00e9gr\u00e9 au travail qui s&#039;appuie sur la ma\u00eetrise structur\u00e9e et ajoute une composante de stage en partenariat avec des partenaires de l&#039;industrie priv\u00e9e et publique. . Le programme coop\u00e9ratif est offert \u00e0 AIMS Cameroun, AIMS Rwanda et AIMS S\u00e9n\u00e9gal.<\/p>\n\n\n\n<div style=\"height:20px\" aria-hidden=\"true\" class=\"wp-block-spacer\"><\/div>\n\n\n\n<div class=\"is-layout-flex wp-block-buttons\">\n<div class=\"wp-block-button bg-alt\"><a class=\"wp-block-button__link\" href=\"..\/co-operative-education-program\/\">Lire la suite<\/a><\/div>\n<\/div>\n<\/div><\/div>\n<\/div><\/div>\n\n\n\n<div class=\"wp-block-advgb-column advgb-column advgb-is-half-tablet advgb-is-full-mobile\" id=\"advgb-col-9f2cab5a-e3dd-4d52-9bbc-825755007698\"><div class=\"advgb-column-inner\" style=\"border-style:none;border-width:1px\">\n<div class=\"wp-block-cover\" style=\"background-image:url(https:\/\/aims-senegal.org\/wp-content\/uploads\/sites\/2\/2020\/09\/43844416650_f9fbd910fd_k.jpg);min-height:500px\"><div class=\"wp-block-cover__inner-container\">\n<p class=\"has-text-align-center has-large-font-size\"><\/p>\n<\/div><\/div>\n<\/div><\/div>\n<\/div><\/div><\/div>\n\n\n\n<div class=\"wp-block-advgb-columns advgb-columns-wrapper\" id=\"advgb-cols-a9878da9-7fe4-4dbc-a7b5-07d6c661bd5f\"><div class=\"advgb-columns-container\"><div class=\"advgb-columns advgb-columns-row advgb-is-mobile advgb-columns-2 layout-12-12 mbl-layout-stacked vgutter-10\">\n<div class=\"wp-block-advgb-column advgb-column advgb-is-half-tablet advgb-is-full-mobile\" id=\"advgb-col-f6fa9c3d-c6ab-4fa9-a112-e281ad780b75\"><div class=\"advgb-column-inner\" style=\"border-style:none;border-width:1px\">\n<div class=\"wp-block-cover\" style=\"background-image:url(https:\/\/aims-senegal.org\/wp-content\/uploads\/sites\/2\/2020\/09\/Amended-Layouts_Page_13_Image_0005.jpg);min-height:500px\"><div class=\"wp-block-cover__inner-container\">\n<p class=\"has-text-align-center has-large-font-size\"><\/p>\n<\/div><\/div>\n<\/div><\/div>\n\n\n\n<div class=\"wp-block-advgb-column advgb-column advgb-is-half-tablet advgb-is-full-mobile\" id=\"advgb-col-c6c17273-e1fe-47b4-aee4-1d50af26b188\"><div class=\"advgb-column-inner\" style=\"border-style:none;border-width:1px\">\n<div class=\"is-layout-flow wp-block-group pad-5-10\"><div class=\"wp-block-group__inner-container\">\n<h2>Programme de bourses Mastercard Foundation<\/h2>\n\n\n\n<p>Lorem ipsum dolor sit amet, consectetur adipiscing elit, sed do eiusmod tempor incididunt ut labore et dolore magna aliqua. Ut enim ad minim veniam, quis nostrud exercice ullamco laboris nisi ut aliquip ex ea commodo cons\u00e9quat. Duis aute irure dolor in reprehenderit in voluptate velit esse cillum dolore eu fugiat nulla pariatur. Excepteur sint occaecat cupidatat non proident, sunt in culpa qui officia deserunt mollit anim id est laborum.<\/p>\n\n\n\n<div style=\"height:20px\" aria-hidden=\"true\" class=\"wp-block-spacer\"><\/div>\n\n\n\n<div class=\"is-layout-flex wp-block-buttons\">\n<div class=\"wp-block-button bg-alt\"><a class=\"wp-block-button__link\">Visitez MFS<\/a><\/div>\n<\/div>\n<\/div><\/div>\n<\/div><\/div>\n<\/div><\/div><\/div>\n\n\n\n<div class=\"wp-block-advgb-columns advgb-columns-wrapper\" id=\"advgb-cols-79859e86-a603-4215-a4b6-e273df44e31a\"><div class=\"advgb-columns-container\"><div class=\"advgb-columns advgb-columns-row advgb-is-mobile columns-valign-full advgb-columns-2 layout-12-12 mbl-layout-stacked vgutter-10\">\n<div class=\"wp-block-advgb-column advgb-column advgb-is-half-tablet advgb-is-full-mobile\" id=\"advgb-col-2964fd97-a2e0-4203-9bea-2ff7857c1da9\"><div class=\"advgb-column-inner\" style=\"border-style:none;border-width:1px\">\n<div class=\"is-layout-flow wp-block-group pad-5-10\"><div class=\"wp-block-group__inner-container\">\n<h2>Master africain en intelligence artificielle<\/h2>\n\n\n\n<p>Lorem ipsum dolor sit amet, consectetur adipiscing elit, sed do eiusmod tempor incididunt ut labore et dolore magna aliqua. Ut enim ad minim veniam, quis nostrud exercice ullamco laboris nisi ut aliquip ex ea commodo cons\u00e9quat. Duis aute irure dolor in reprehenderit in voluptate velit esse cillum dolore eu fugiat nulla pariatur. Excepteur sint occaecat cupidatat non proident, sunt in culpa qui officia deserunt mollit anim id est laborum.<\/p>\n\n\n\n<div style=\"height:20px\" aria-hidden=\"true\" class=\"wp-block-spacer\"><\/div>\n\n\n\n<div class=\"is-layout-flex wp-block-buttons\">\n<div class=\"wp-block-button bg-alt\"><a class=\"wp-block-button__link\" href=\"..\/african-masters-in-machine-learning\/\">Lire la suite<\/a><\/div>\n<\/div>\n<\/div><\/div>\n<\/div><\/div>\n\n\n\n<div class=\"wp-block-advgb-column advgb-column advgb-is-half-tablet advgb-is-full-mobile\" id=\"advgb-col-e4d6c9f6-5127-48ef-a64d-67ee640b9468\"><div class=\"advgb-column-inner\" style=\"border-style:none;border-width:1px\">\n<div class=\"wp-block-cover\" style=\"background-image:url(https:\/\/aims-senegal.org\/wp-content\/uploads\/sites\/2\/2020\/09\/Amended-Layouts_Page_14_Image_0004.jpg);min-height:500px\"><div class=\"wp-block-cover__inner-container\">\n<p class=\"has-text-align-center has-large-font-size\"><\/p>\n<\/div><\/div>\n<\/div><\/div>\n<\/div><\/div><\/div>\n\n\n\n<div class=\"wp-block-advgb-columns advgb-columns-wrapper\" id=\"advgb-cols-e9e92b99-6984-41a3-b809-5f366cd94de8\"><div class=\"advgb-columns-container\"><div class=\"advgb-columns advgb-columns-row advgb-is-mobile advgb-columns-2 layout-12-12 mbl-layout-stacked vgutter-10\">\n<div class=\"wp-block-advgb-column advgb-column advgb-is-half-tablet advgb-is-full-mobile\" id=\"advgb-col-5bad3c2b-1ce1-4dfb-a1e0-33f8ff6b087e\"><div class=\"advgb-column-inner\" style=\"border-style:none;border-width:1px\">\n<div class=\"wp-block-cover\" style=\"background-image:url(https:\/\/aims-senegal.org\/wp-content\/uploads\/sites\/2\/2020\/09\/Amended-Layouts_Page_03_Image_0001.jpg);min-height:500px\"><div class=\"wp-block-cover__inner-container\">\n<p class=\"has-text-align-center has-large-font-size\"><\/p>\n<\/div><\/div>\n<\/div><\/div>\n\n\n\n<div class=\"wp-block-advgb-column advgb-column advgb-is-half-tablet advgb-is-full-mobile\" id=\"advgb-col-05c4bd8c-49a4-4641-8539-228ce858b1de\"><div class=\"advgb-column-inner\" style=\"border-style:none;border-width:1px\">\n<div class=\"is-layout-flow wp-block-group pad-5-10\"><div class=\"wp-block-group__inner-container\">\n<h2>Ressources<\/h2>\n\n\n\n<p>Lorem ipsum dolor sit amet, consectetur adipiscing elit, sed do eiusmod tempor incididunt ut labore et dolore magna aliqua. Ut enim ad minim veniam, quis nostrud exercice ullamco laboris nisi ut aliquip ex ea commodo cons\u00e9quat. Duis aute irure dolor in reprehenderit in voluptate velit esse cillum dolore eu fugiat nulla pariatur. Excepteur sint occaecat cupidatat non proident, sunt in culpa qui officia deserunt mollit anim id est laborum.<\/p>\n\n\n\n<div style=\"height:20px\" aria-hidden=\"true\" class=\"wp-block-spacer\"><\/div>\n\n\n\n<div class=\"is-layout-flow wp-block-group flex-grp\"><div class=\"wp-block-group__inner-container\">\n<div class=\"is-layout-flex wp-block-buttons\">\n<div class=\"wp-block-button bg-alt\"><a class=\"wp-block-button__link no-border-radius\" href=\"..\/resources\/\">Lire la suite<\/a><\/div>\n<\/div>\n<\/div><\/div>\n<\/div><\/div>\n<\/div><\/div>\n<\/div><\/div><\/div>\n<style class=\"advgb-styles-renderer\">#advgb-cols-76b07f9f-5350-4cee-9882-741d40f0e2e9{}@media screen and (max-width: 1023px) {#advgb-cols-76b07f9f-5350-4cee-9882-741d40f0e2e9{}}@media screen and (max-width: 767px) {#advgb-cols-76b07f9f-5350-4cee-9882-741d40f0e2e9{}}#advgb-col-d8461ed4-5723-4611-be4d-03b64c41e50a>.advgb-column-inner{}@media screen and (max-width: 1023px) {#advgb-col-d8461ed4-5723-4611-be4d-03b64c41e50a>.advgb-column-inner{}}@media screen and (max-width: 767px) {#advgb-col-d8461ed4-5723-4611-be4d-03b64c41e50a>.advgb-column-inner{}}#advgb-col-b359dfc2-89dd-435d-b8bf-255a022804fc>.advgb-column-inner{}@media screen and (max-width: 1023px) {#advgb-col-b359dfc2-89dd-435d-b8bf-255a022804fc>.advgb-column-inner{}}@media screen and (max-width: 767px) {#advgb-col-b359dfc2-89dd-435d-b8bf-255a022804fc>.advgb-column-inner{}}#advgb-cols-4662bc60-6b2a-4615-9035-a7f39ed482a6{}@media screen and (max-width: 1023px) {#advgb-cols-4662bc60-6b2a-4615-9035-a7f39ed482a6{}}@media screen and (max-width: 767px) {#advgb-cols-4662bc60-6b2a-4615-9035-a7f39ed482a6{}}#advgb-col-51a1be89-0a97-4996-aedb-0682a53b8410>.advgb-column-inner{}@media screen and (max-width: 1023px) {#advgb-col-51a1be89-0a97-4996-aedb-0682a53b8410>.advgb-column-inner{}}@media screen and (max-width: 767px) {#advgb-col-51a1be89-0a97-4996-aedb-0682a53b8410>.advgb-column-inner{}}#advgb-col-9f2cab5a-e3dd-4d52-9bbc-825755007698>.advgb-column-inner{}@media screen and (max-width: 1023px) {#advgb-col-9f2cab5a-e3dd-4d52-9bbc-825755007698>.advgb-column-inner{}}@media screen and (max-width: 767px) {#advgb-col-9f2cab5a-e3dd-4d52-9bbc-825755007698>.advgb-column-inner{}}#advgb-cols-a9878da9-7fe4-4dbc-a7b5-07d6c661bd5f{}@media screen and (max-width: 1023px) {#advgb-cols-a9878da9-7fe4-4dbc-a7b5-07d6c661bd5f{}}@media screen and (max-width: 767px) {#advgb-cols-a9878da9-7fe4-4dbc-a7b5-07d6c661bd5f{}}#advgb-col-f6fa9c3d-c6ab-4fa9-a112-e281ad780b75>.advgb-column-inner{}@media screen and (max-width: 1023px) {#advgb-col-f6fa9c3d-c6ab-4fa9-a112-e281ad780b75>.advgb-column-inner{}}@media screen and (max-width: 767px) {#advgb-col-f6fa9c3d-c6ab-4fa9-a112-e281ad780b75>.advgb-column-inner{}}#advgb-col-c6c17273-e1fe-47b4-aee4-1d50af26b188>.advgb-column-inner{}@media screen and (max-width: 1023px) {#advgb-col-c6c17273-e1fe-47b4-aee4-1d50af26b188>.advgb-column-inner{}}@media screen and (max-width: 767px) {#advgb-col-c6c17273-e1fe-47b4-aee4-1d50af26b188>.advgb-column-inner{}}#advgb-cols-79859e86-a603-4215-a4b6-e273df44e31a{}@media screen and (max-width: 1023px) {#advgb-cols-79859e86-a603-4215-a4b6-e273df44e31a{}}@media screen and (max-width: 767px) {#advgb-cols-79859e86-a603-4215-a4b6-e273df44e31a{}}#advgb-col-2964fd97-a2e0-4203-9bea-2ff7857c1da9>.advgb-column-inner{}@media screen and (max-width: 1023px) {#advgb-col-2964fd97-a2e0-4203-9bea-2ff7857c1da9>.advgb-column-inner{}}@media screen and (max-width: 767px) {#advgb-col-2964fd97-a2e0-4203-9bea-2ff7857c1da9>.advgb-column-inner{}}#advgb-col-e4d6c9f6-5127-48ef-a64d-67ee640b9468>.advgb-column-inner{}@media screen and (max-width: 1023px) {#advgb-col-e4d6c9f6-5127-48ef-a64d-67ee640b9468>.advgb-column-inner{}}@media screen and (max-width: 767px) {#advgb-col-e4d6c9f6-5127-48ef-a64d-67ee640b9468>.advgb-column-inner{}}#advgb-cols-e9e92b99-6984-41a3-b809-5f366cd94de8{}@media screen and (max-width: 1023px) {#advgb-cols-e9e92b99-6984-41a3-b809-5f366cd94de8{}}@media screen and (max-width: 767px) {#advgb-cols-e9e92b99-6984-41a3-b809-5f366cd94de8{}}#advgb-col-5bad3c2b-1ce1-4dfb-a1e0-33f8ff6b087e>.advgb-column-inner{}@media screen and (max-width: 1023px) {#advgb-col-5bad3c2b-1ce1-4dfb-a1e0-33f8ff6b087e>.advgb-column-inner{}}@media screen and (max-width: 767px) {#advgb-col-5bad3c2b-1ce1-4dfb-a1e0-33f8ff6b087e>.advgb-column-inner{}}#advgb-col-05c4bd8c-49a4-4641-8539-228ce858b1de>.advgb-column-inner{}@media screen and (max-width: 1023px) {#advgb-col-05c4bd8c-49a4-4641-8539-228ce858b1de>.advgb-column-inner{}}@media screen and (max-width: 767px) {#advgb-col-05c4bd8c-49a4-4641-8539-228ce858b1de>.advgb-column-inner{}}<\/style>","protected":false},"excerpt":{"rendered":"","protected":false},"author":1,"featured_media":0,"parent":0,"menu_order":0,"comment_status":"closed","ping_status":"closed","template":"","meta":{"advgb_blocks_editor_width":"","advgb_blocks_columns_visual_guide":""},"acf":[],"coauthors":[],"author_meta":{"author_link":"https:\/\/aims-senegal.org\/fr\/author\/chris\/","display_name":"chris"},"relative_dates":{"created":"Publi\u00e9 6 ans il y a","modified":"Mis \u00e0 jour 5 ans il y a"},"absolute_dates":{"created":"Publi\u00e9 le septembre 22, 2020","modified":"Mise \u00e0 jour le juin 10, 2021"},"absolute_dates_time":{"created":"Publi\u00e9 le septembre 22, 2020 6:46  ","modified":"Mise \u00e0 jour le juin 10, 2021 12:34  "},"featured_img_caption":"","featured_img":false,"series_order":"","_links":{"self":[{"href":"https:\/\/aims-senegal.org\/fr\/wp-json\/wp\/v2\/pages\/220"}],"collection":[{"href":"https:\/\/aims-senegal.org\/fr\/wp-json\/wp\/v2\/pages"}],"about":[{"href":"https:\/\/aims-senegal.org\/fr\/wp-json\/wp\/v2\/types\/page"}],"author":[{"embeddable":true,"href":"https:\/\/aims-senegal.org\/fr\/wp-json\/wp\/v2\/users\/1"}],"replies":[{"embeddable":true,"href":"https:\/\/aims-senegal.org\/fr\/wp-json\/wp\/v2\/comments?post=220"}],"version-history":[{"count":5,"href":"https:\/\/aims-senegal.org\/fr\/wp-json\/wp\/v2\/pages\/220\/revisions"}],"predecessor-version":[{"id":983,"href":"https:\/\/aims-senegal.org\/fr\/wp-json\/wp\/v2\/pages\/220\/revisions\/983"}],"wp:attachment":[{"href":"https:\/\/aims-senegal.org\/fr\/wp-json\/wp\/v2\/media?parent=220"}],"curies":[{"name":"wp","href":"https:\/\/api.w.org\/{rel}","templated":true}]}}