{"id":225,"date":"2020-09-22T07:02:06","date_gmt":"2020-09-22T07:02:06","guid":{"rendered":"https:\/\/aims-senegal.org\/?page_id=225"},"modified":"2023-11-07T12:51:23","modified_gmt":"2023-11-07T12:51:23","slug":"structured-masters-program","status":"publish","type":"page","link":"https:\/\/aims-senegal.org\/fr\/structured-masters-program\/","title":{"rendered":"Programme de ma\u00eetrise structur\u00e9"},"content":{"rendered":"<div class=\"wp-block-cover is-light has-custom-content-position is-position-bottom-left pad-5\" style=\"min-height:600px\"><span aria-hidden=\"true\" class=\"wp-block-cover__background has-background-dim-30 has-background-dim\" style=\"background-color:#161228\"><\/span><img decoding=\"async\" loading=\"lazy\" width=\"1500\" height=\"866\" class=\"wp-block-cover__image-background wp-image-1493\" src=\"https:\/\/aims-senegal.org\/wp-content\/uploads\/sites\/2\/2021\/03\/Rachel-off-2.jpg\" data-object-fit=\"cover\" srcset=\"https:\/\/aims-senegal.org\/wp-content\/uploads\/sites\/2\/2021\/03\/Rachel-off-2.jpg 1500w, https:\/\/aims-senegal.org\/wp-content\/uploads\/sites\/2\/2021\/03\/Rachel-off-2-300x173.jpg 300w, https:\/\/aims-senegal.org\/wp-content\/uploads\/sites\/2\/2021\/03\/Rachel-off-2-1024x591.jpg 1024w, https:\/\/aims-senegal.org\/wp-content\/uploads\/sites\/2\/2021\/03\/Rachel-off-2-768x443.jpg 768w, https:\/\/aims-senegal.org\/wp-content\/uploads\/sites\/2\/2021\/03\/Rachel-off-2-16x9.jpg 16w\" sizes=\"(max-width: 1500px) 100vw, 1500px\" \/><div class=\"wp-block-cover__inner-container\">\n<h1>Programme de ma\u00eetrise structur\u00e9<\/h1>\n<\/div><\/div>\n\n\n\n<div class=\"is-layout-flow wp-block-group pad-5\"><div class=\"wp-block-group__inner-container\">\n<h2>Aper\u00e7u<\/h2>\n\n\n\n<p>AIMS S\u00e9n\u00e9gal propose une formation post-universitaire intensive de 10 mois menant \u00e0 un master en sciences math\u00e9matiques. Le cours offre un large aper\u00e7u de la science de pointe et de solides comp\u00e9tences en recherche math\u00e9matique et informatique. Le cours est unique, offrant aux \u00e9tudiants une exposition \u00e0 une gamme de sujets, leur permettant ainsi de faire un choix \u00e9clair\u00e9 quant \u00e0 leur future sp\u00e9cialisation. L&#039;objectif est de d\u00e9velopper des scientifiques bien \u00e9quilibr\u00e9s, dot\u00e9s d&#039;excellentes comp\u00e9tences en r\u00e9solution de probl\u00e8mes, capables d&#039;une pens\u00e9e cr\u00e9ative et d&#039;une v\u00e9ritable innovation. Il existe une base solide dans les comp\u00e9tences de bout en bout, de la formulation des probl\u00e8mes, de l&#039;estimation, de la priorisation et des m\u00e9thodes math\u00e9matiques et informatiques g\u00e9n\u00e9ralement applicables, \u00e0 la r\u00e9daction de rapports scientifiques clairs et concis. L&#039;objectif est de doter les \u00e9tudiants des outils et de la confiance n\u00e9cessaires pour la prise de d\u00e9cision et l&#039;analyse des politiques.<\/p>\n\n\n\n<p>Les facult\u00e9s des universit\u00e9s africaines ont \u00e9t\u00e9 \u00e9troitement impliqu\u00e9es dans le d\u00e9veloppement du programme AIMS, en veillant \u00e0 ce qu&#039;il soit int\u00e9gr\u00e9 aux cours locaux de premier cycle et de ma\u00eetrise, et aux opportunit\u00e9s de recherche locales de troisi\u00e8me cycle.<\/p>\n\n\n\n<p>Des scientifiques et des \u00e9ducateurs de renomm\u00e9e mondiale se sont port\u00e9s volontaires pour enseigner dans les centres AIMS. Leur participation garantit une \u00e9ducation de la plus haute qualit\u00e9 internationale. Les tuteurs (comprenant souvent des anciens de l&#039;AIMS) fournissent un soutien p\u00e9dagogique et administratif, une assistance aux locuteurs de langues \u00e9trang\u00e8res et une continuit\u00e9 entre les conf\u00e9renciers invit\u00e9s.<\/p>\n<\/div><\/div>\n\n\n\n<div class=\"wp-block-cover has-custom-content-position is-position-top-left pad-5\"><span aria-hidden=\"true\" class=\"wp-block-cover__background has-background-dim-80 has-background-dim\" style=\"background-color:#161228\"><\/span><img decoding=\"async\" loading=\"lazy\" width=\"960\" height=\"639\" class=\"wp-block-cover__image-background wp-image-2072\" src=\"https:\/\/aims-senegal.org\/wp-content\/uploads\/sites\/2\/2021\/03\/Research-fund.jpg\" style=\"object-position:42% 31%\" data-object-fit=\"cover\" data-object-position=\"42% 31%\" srcset=\"https:\/\/aims-senegal.org\/wp-content\/uploads\/sites\/2\/2021\/03\/Research-fund.jpg 960w, https:\/\/aims-senegal.org\/wp-content\/uploads\/sites\/2\/2021\/03\/Research-fund-300x200.jpg 300w, https:\/\/aims-senegal.org\/wp-content\/uploads\/sites\/2\/2021\/03\/Research-fund-768x511.jpg 768w, https:\/\/aims-senegal.org\/wp-content\/uploads\/sites\/2\/2021\/03\/Research-fund-16x12.jpg 16w\" sizes=\"(max-width: 960px) 100vw, 960px\" \/><div class=\"wp-block-cover__inner-container\">\n<h2>Approcher<\/h2>\n\n\n\n<p>Les frais de scolarit\u00e9, le mat\u00e9riel d&#039;\u00e9tude et le logement de l&#039;AIMS sont enti\u00e8rement financ\u00e9s par une g\u00e9n\u00e9reuse bourse. La nature r\u00e9sidentielle de l&#039;AIMS permet plus de temps de contact entre les enseignants et les \u00e9tudiants que ce qui est disponible dans un cadre universitaire typique. Les \u00e9tudiants \u00e9tudient g\u00e9n\u00e9ralement deux sujets pendant trois semaines chacun, chaque jour comprenant des conf\u00e9rences du matin suivies de sessions de r\u00e9solution de probl\u00e8mes et d&#039;informatique chaque apr\u00e8s-midi. Des tutoriels suppl\u00e9mentaires et des conf\u00e9rences sp\u00e9ciales ont lieu le soir, lorsque les \u00e9tudiants terminent g\u00e9n\u00e9ralement leurs travaux.<\/p>\n\n\n\n<p>Avec des conf\u00e9renciers invit\u00e9s exceptionnels issus d&#039;institutions et de laboratoires renomm\u00e9s du monde entier, les cours ont une large port\u00e9e et utilisent les derni\u00e8res m\u00e9thodes p\u00e9dagogiques pour stimuler la pens\u00e9e critique et cr\u00e9ative. Pour faciliter la participation et le suivi des \u00e9tudiants, chaque centre propose une bourse de tutorat, qui permet aux chercheurs postdoctoraux et doctorants de travailler en tant qu&#039;assistants p\u00e9dagogiques d\u00e9vou\u00e9s, en renfor\u00e7ant les capacit\u00e9s des \u00e9tudiants 24h \/ 24 et 7j \/ 7. Le caract\u00e8re r\u00e9sidentiel unique de l&#039;institut permet une interaction optimale entre \u00e9tudiants, professeurs et tuteurs dans un environnement harmonieux \u00e0 toute heure.<\/p>\n<\/div><\/div>\n\n\n\n<div class=\"is-layout-flow wp-block-group pad-5\"><div class=\"wp-block-group__inner-container\">\n<h2>Premier semestre: cours de comp\u00e9tences<\/h2>\n\n\n\n<p>Les cours de comp\u00e9tences sont obligatoires et visent \u00e0:<\/p>\n\n\n\n<ul>\n<li>Fournir du mat\u00e9riel d&#039;introduction et de base aux \u00e9tudiants.<\/li>\n\n\n\n<li>Former les \u00e9l\u00e8ves \u00e0 la r\u00e9solution de probl\u00e8mes en utilisant un large \u00e9ventail de m\u00e9thodes math\u00e9matiques et informatiques.<\/li>\n\n\n\n<li>Fournir une connaissance pratique des math\u00e9matiques, de la physique et de certains sujets.<\/li>\n\n\n\n<li>Ils sont structur\u00e9s pour atteindre des r\u00e9sultats pr\u00e9d\u00e9finis, avec peu de flexibilit\u00e9 dans leur contenu.<\/li>\n<\/ul>\n<\/div><\/div>\n\n\n\n<div class=\"wp-block-cover has-custom-content-position is-position-top-left pad-5\"><span aria-hidden=\"true\" class=\"wp-block-cover__background has-background-dim-70 has-background-dim\" style=\"background-color:#161228\"><\/span><img decoding=\"async\" loading=\"lazy\" width=\"2048\" height=\"1367\" class=\"wp-block-cover__image-background wp-image-226\" src=\"https:\/\/aims-senegal.org\/wp-content\/uploads\/sites\/2\/2020\/09\/Amended-Layouts_Page_15_Image_0003.jpg\" style=\"object-position:40% 32%\" data-object-fit=\"cover\" data-object-position=\"40% 32%\" srcset=\"https:\/\/aims-senegal.org\/wp-content\/uploads\/sites\/2\/2020\/09\/Amended-Layouts_Page_15_Image_0003.jpg 2048w, https:\/\/aims-senegal.org\/wp-content\/uploads\/sites\/2\/2020\/09\/Amended-Layouts_Page_15_Image_0003-300x200.jpg 300w, https:\/\/aims-senegal.org\/wp-content\/uploads\/sites\/2\/2020\/09\/Amended-Layouts_Page_15_Image_0003-1024x684.jpg 1024w, https:\/\/aims-senegal.org\/wp-content\/uploads\/sites\/2\/2020\/09\/Amended-Layouts_Page_15_Image_0003-768x513.jpg 768w, https:\/\/aims-senegal.org\/wp-content\/uploads\/sites\/2\/2020\/09\/Amended-Layouts_Page_15_Image_0003-1536x1025.jpg 1536w\" sizes=\"(max-width: 2048px) 100vw, 2048px\" \/><div class=\"wp-block-cover__inner-container\">\n<h2>Deuxi\u00e8me semestre: cours de r\u00e9vision<\/h2>\n\n\n\n<p>Les cours de r\u00e9vision sont facultatifs et sont fondamentalement diff\u00e9rents. Chacun est con\u00e7u de mani\u00e8re flexible et, ensemble, ils fournissent un large \u00e9ventail de sujets. Les \u00e9tudiants doivent suivre 11 cours s\u00e9lectionn\u00e9s parmi les 18 cours de r\u00e9vision propos\u00e9s (avec au moins deux choisis parmi un bloc de trois semaines). Les choix propos\u00e9s sont \u00e9quilibr\u00e9s dans la mesure du possible en ce qui concerne l&#039;accent mis sur les math\u00e9matiques, la physique, l&#039;informatique et des sujets interdisciplinaires, tels que les bio-math\u00e9matiques, les math\u00e9matiques financi\u00e8res, etc. Les \u00e9tudiants peuvent choisir dans la liste des cours en concertation avec le directeur acad\u00e9mique qui assure la coh\u00e9rence.<\/p>\n\n\n\n<p><\/p>\n\n\n\n<p>La compr\u00e9hension AIMS est que chaque cours de r\u00e9vision fournit un aper\u00e7u et une \u00e9tude approfondie d&#039;un sujet d&#039;un domaine majeur du travail scientifique moderne dans la science math\u00e9matique et ses applications. Celles-ci sont souvent pertinentes pour le d\u00e9veloppement africain.<\/p>\n<\/div><\/div>\n\n\n\n<div class=\"is-layout-flow wp-block-group pad-5\"><div class=\"wp-block-group__inner-container\">\n<h2>Troisi\u00e8me semestre: projet de recherche<\/h2>\n\n\n\n<p>Au cours de la phase de projet de recherche de trois mois, les \u00e9tudiants travaillent sur un sujet de recherche avec un superviseur. On ne s&#039;attend pas \u00e0 ce que les \u00e9tudiants fassent un travail original pour obtenir une note de passage, mais le crit\u00e8re pour un projet de recherche exceptionnel est g\u00e9n\u00e9ralement qu&#039;il pourrait constituer la premi\u00e8re partie d&#039;une th\u00e8se de ma\u00eetrise en recherche. Par exemple, il pourrait \u00eatre publiable dans une revue, ou constituer une excellente introduction au domaine qui pourrait l&#039;\u00eatre. utilis\u00e9 par d&#039;autres \u00e9tudiants entrant dans la zone. Au cours de cette phase, les comp\u00e9tences de communication cibl\u00e9es et les cours d&#039;informatique peuvent se poursuivre, \u00e0 la discr\u00e9tion du superviseur. Le but du projet de recherche est:<\/p>\n\n\n\n<p><\/p>\n\n\n\n<ul>\n<li>Donner aux \u00e9tudiants la possibilit\u00e9 de travailler avec un superviseur expert sur un projet non trivial.<\/li>\n\n\n\n<li>Passer par le processus de r\u00e9vision, de compr\u00e9hension et d&#039;explication ind\u00e9pendante du mat\u00e9riel scientifique ou math\u00e9matique.<\/li>\n\n\n\n<li>Faire \u00e9ventuellement des exp\u00e9riences - sur un ordinateur ou autrement - et rapporter les r\u00e9sultats.<\/li>\n\n\n\n<li>R\u00e9diger un rapport scientifique et le d\u00e9fendre lors d&#039;un examen oral.<\/li>\n<\/ul>\n<\/div><\/div>\n\n\n\n<p>For more information about this academic year, please you can see the <a href=\"https:\/\/aims-senegal.org\/wp-content\/uploads\/sites\/2\/2023\/11\/Academic-Calendar-2023-2024-Masters-Program-4.pdf\" data-type=\"URL\" data-id=\"https:\/\/aims-senegal.org\/wp-content\/uploads\/sites\/2\/2023\/11\/Academic-Calendar-2023-2024-Masters-Program-4.pdf\">academic calender 2023 &#8211; 2024<\/a><\/p>","protected":false},"excerpt":{"rendered":"<p>Overview AIMS Senegal offers an intensive 10-month post-graduate training leading to a Master\u2019s degree in mathematical sciences. The course provides a broad overview of cutting-edge science and strong mathematical and computer research skills. The course is unique, offering students exposure to a range of topics, thereby allowing them to make an informed choice as to<\/p>","protected":false},"author":1,"featured_media":0,"parent":0,"menu_order":0,"comment_status":"closed","ping_status":"closed","template":"","meta":{"advgb_blocks_editor_width":"","advgb_blocks_columns_visual_guide":""},"acf":[],"coauthors":[],"author_meta":{"author_link":"https:\/\/aims-senegal.org\/fr\/author\/chris\/","display_name":"chris"},"relative_dates":{"created":"Publi\u00e9 6 ans il y a","modified":"Mis \u00e0 jour 2 ans il y a"},"absolute_dates":{"created":"Publi\u00e9 le septembre 22, 2020","modified":"Mise \u00e0 jour le novembre 7, 2023"},"absolute_dates_time":{"created":"Publi\u00e9 le septembre 22, 2020 7:02  ","modified":"Mise \u00e0 jour le novembre 7, 2023 12:51  "},"featured_img_caption":"","featured_img":false,"series_order":"","_links":{"self":[{"href":"https:\/\/aims-senegal.org\/fr\/wp-json\/wp\/v2\/pages\/225"}],"collection":[{"href":"https:\/\/aims-senegal.org\/fr\/wp-json\/wp\/v2\/pages"}],"about":[{"href":"https:\/\/aims-senegal.org\/fr\/wp-json\/wp\/v2\/types\/page"}],"author":[{"embeddable":true,"href":"https:\/\/aims-senegal.org\/fr\/wp-json\/wp\/v2\/users\/1"}],"replies":[{"embeddable":true,"href":"https:\/\/aims-senegal.org\/fr\/wp-json\/wp\/v2\/comments?post=225"}],"version-history":[{"count":10,"href":"https:\/\/aims-senegal.org\/fr\/wp-json\/wp\/v2\/pages\/225\/revisions"}],"predecessor-version":[{"id":5919,"href":"https:\/\/aims-senegal.org\/fr\/wp-json\/wp\/v2\/pages\/225\/revisions\/5919"}],"wp:attachment":[{"href":"https:\/\/aims-senegal.org\/fr\/wp-json\/wp\/v2\/media?parent=225"}],"curies":[{"name":"wp","href":"https:\/\/api.w.org\/{rel}","templated":true}]}}