{"id":235,"date":"2020-09-22T07:01:00","date_gmt":"2020-09-22T07:01:00","guid":{"rendered":"https:\/\/aims-senegal.org\/?page_id=235"},"modified":"2021-06-10T12:34:42","modified_gmt":"2021-06-10T12:34:42","slug":"african-masters-in-machine-learning","status":"publish","type":"page","link":"https:\/\/aims-senegal.org\/fr\/african-masters-in-machine-learning\/","title":{"rendered":"Master africain en intelligence artificielle (AMMI)"},"content":{"rendered":"<div class=\"wp-block-cover has-background-dim-30 has-background-dim has-custom-content-position is-position-bottom-left pad-5\" style=\"background-image:url(https:\/\/aims-senegal.org\/wp-content\/uploads\/sites\/2\/2021\/03\/44679501584_7a8db1b720_o-scaled.jpg);background-color:#161228;min-height:600px\"><div class=\"wp-block-cover__inner-container\">\n<h1>Master africain en intelligence artificielle (AMMI)<\/h1>\n<\/div><\/div>\n\n\n\n<div class=\"is-layout-flow wp-block-group pad-5\"><div class=\"wp-block-group__inner-container\">\n<h2>Aper\u00e7u<\/h2>\n\n\n\n<p>AMMI est un nouveau programme d&#039;\u00e9tudes intensif d&#039;un an enti\u00e8rement financ\u00e9 qui offre \u00e0 de brillants jeunes Africains une formation de pointe en apprentissage automatique et ses applications.<\/p>\n\n\n\n<p>En septembre 2018, nous avons lanc\u00e9 l&#039;African Masters of Machine Intelligence (AMMI) \u00e0 l&#039;AIMS gr\u00e2ce au parrainage de Facebook et de Google et au soutien exceptionnel de la communaut\u00e9 mondiale de l&#039;IA. L&#039;objectif de l&#039;AMMI est d&#039;apporter le meilleur de l&#039;\u00e9ducation \u00e0 l&#039;IA en Afrique et de contribuer \u00e0 la construction d&#039;un \u00e9cosyst\u00e8me sain de praticiens de l&#039;IA d\u00e9termin\u00e9s \u00e0 avoir un impact positif sur nos soci\u00e9t\u00e9s.<\/p>\n\n\n\n<p>Fond\u00e9e par Moustapha Ciss\u00e9, professeur d&#039;apprentissage automatique et responsable du centre Google AI \u00e0 Accra, au Ghana, l&#039;objectif d&#039;AMMI est d&#039;apporter le meilleur de l&#039;\u00e9ducation \u00e0 l&#039;IA en Afrique et de contribuer \u00e0 la construction d&#039;un \u00e9cosyst\u00e8me sain de praticiens de l&#039;IA d\u00e9termin\u00e9s \u00e0 avoir un impact positif sur nos soci\u00e9t\u00e9s. Un nouveau programme intensif d&#039;\u00e9tudes sup\u00e9rieures d&#039;un an enti\u00e8rement financ\u00e9, AMMI offre \u00e0 de brillants jeunes Africains une formation de pointe en apprentissage automatique et ses applications, pour r\u00e9pondre aux besoins pr\u00e9sents et futurs de l&#039;Afrique et du monde.&nbsp;<\/p>\n\n\n\n<p>Auparavant mis en \u0153uvre \u00e0 AIMS Rwanda et AIMS Ghana, AIMS S\u00e9n\u00e9gal accueille d\u00e9sormais le programme AMMI, avec la premi\u00e8re cohorte de 39 \u00e9tudiants (33% femmes) depuis janvier 2021.<\/p>\n\n\n\n<p><\/p>\n\n\n\n<div class=\"is-layout-flex wp-block-buttons\">\n<div class=\"wp-block-button\"><a class=\"wp-block-button__link\" href=\"https:\/\/aimsammi.org\/\" target=\"_blank\" rel=\"noreferrer noopener\">Lire la suite<\/a><\/div>\n<\/div>\n<\/div><\/div>\n\n\n\n<div class=\"is-layout-flow wp-block-group pad-5\"><div class=\"wp-block-group__inner-container\"><\/div><\/div>","protected":false},"excerpt":{"rendered":"<p>Overview AMMI is a novel fully funded one-year intensive graduate program that provides brilliant young Africans with state-of-the-art training in machine learning and its applications. In September 2018, we launched the African Masters of Machine Intelligence (AMMI) at AIMS thanks to Facebook and Google&#8217;s sponsorship and the exceptional support of the global AI community. The<\/p>","protected":false},"author":1,"featured_media":0,"parent":0,"menu_order":0,"comment_status":"closed","ping_status":"closed","template":"","meta":{"advgb_blocks_editor_width":"","advgb_blocks_columns_visual_guide":""},"acf":[],"coauthors":[],"author_meta":{"author_link":"https:\/\/aims-senegal.org\/fr\/author\/chris\/","display_name":"chris"},"relative_dates":{"created":"Publi\u00e9 6 ans il y a","modified":"Mis \u00e0 jour 5 ans il y a"},"absolute_dates":{"created":"Publi\u00e9 le septembre 22, 2020","modified":"Mise \u00e0 jour le juin 10, 2021"},"absolute_dates_time":{"created":"Publi\u00e9 le septembre 22, 2020 7:01  ","modified":"Mise \u00e0 jour le juin 10, 2021 12:34  "},"featured_img_caption":"","featured_img":false,"series_order":"","_links":{"self":[{"href":"https:\/\/aims-senegal.org\/fr\/wp-json\/wp\/v2\/pages\/235"}],"collection":[{"href":"https:\/\/aims-senegal.org\/fr\/wp-json\/wp\/v2\/pages"}],"about":[{"href":"https:\/\/aims-senegal.org\/fr\/wp-json\/wp\/v2\/types\/page"}],"author":[{"embeddable":true,"href":"https:\/\/aims-senegal.org\/fr\/wp-json\/wp\/v2\/users\/1"}],"replies":[{"embeddable":true,"href":"https:\/\/aims-senegal.org\/fr\/wp-json\/wp\/v2\/comments?post=235"}],"version-history":[{"count":16,"href":"https:\/\/aims-senegal.org\/fr\/wp-json\/wp\/v2\/pages\/235\/revisions"}],"predecessor-version":[{"id":3194,"href":"https:\/\/aims-senegal.org\/fr\/wp-json\/wp\/v2\/pages\/235\/revisions\/3194"}],"wp:attachment":[{"href":"https:\/\/aims-senegal.org\/fr\/wp-json\/wp\/v2\/media?parent=235"}],"curies":[{"name":"wp","href":"https:\/\/api.w.org\/{rel}","templated":true}]}}