{"id":272,"date":"2020-09-22T09:09:36","date_gmt":"2020-09-22T09:09:36","guid":{"rendered":"https:\/\/aims-senegal.org\/?page_id=272"},"modified":"2021-06-10T12:34:42","modified_gmt":"2021-06-10T12:34:42","slug":"research-project-archive","status":"publish","type":"page","link":"https:\/\/aims-senegal.org\/fr\/research-project-archive\/","title":{"rendered":"Archive des projets de recherche"},"content":{"rendered":"<div class=\"wp-block-cover has-background-dim-30 has-background-dim has-custom-content-position is-position-bottom-left pad-5\" style=\"background-image:url(https:\/\/aims-senegal.org\/wp-content\/uploads\/sites\/2\/2020\/09\/48131624948_8c2c320fca_k-1.jpg);background-color:#161228;min-height:600px;background-position:56% 23%\"><div class=\"wp-block-cover__inner-container\">\n<h1>Archive des projets de recherche<\/h1>\n<\/div><\/div>\n\n\n\n<div class=\"is-layout-flow wp-block-group pad-5\"><div class=\"wp-block-group__inner-container\">\n<p><\/p>\n<\/div><\/div>\n\n\n\n<div class=\"wp-block-cover has-background-dim search-filters\" style=\"background-image:url(https:\/\/aims-senegal.org\/wp-content\/uploads\/sites\/2\/2020\/09\/Amended-Layouts_Page_03_Image_0003-1.jpg)\"><div class=\"wp-block-cover__inner-container\"><form data-sf-form-id='266' data-is-rtl='0' data-maintain-state='' data-results-url='https:\/\/aims-senegal.org\/research-project-archive' data-ajax-url='https:\/\/aims-senegal.org\/fr\/?sfid=266&amp;sf_action=get_data&amp;sf_data=results' data-ajax-form-url='https:\/\/aims-senegal.org\/fr\/?sfid=266&amp;sf_action=get_data&amp;sf_data=form' data-display-result-method='shortcode' data-use-history-api='1' data-template-loaded='0' data-lang-code='fr' data-ajax='1' data-ajax-data-type='json' data-ajax-links-selector='.pagination a' data-ajax-target='#search-filter-results-266' data-ajax-pagination-type='normal' data-update-ajax-url='1' data-only-results-ajax='1' data-scroll-to-pos='0' data-init-paged='1' data-auto-update='1' action='https:\/\/aims-senegal.org\/fr\/research-project-archive\/' method='post' class='searchandfilter' id='search-filter-form-266' autocomplete='off' data-instance-count='1' data-trp-original-action=\"https:\/\/aims-senegal.org\/research-project-archive\"><ul><li class=\"sf-field-taxonomy-project_subjects\" data-sf-field-name=\"_sft_project_subjects\" data-sf-field-type=\"taxonomy\" data-sf-field-input-type=\"select\">\t\t<label>\r\n\t\t\t\t<select name=\"_sft_project_subjects[]\" class=\"sf-input-select\" title=\"\">\r\n\t\t\t\r\n\t\t\t\t\t<\/select>\r\n\t\t<\/label>\t\t<\/li><li class=\"sf-field-taxonomy-project_types\" data-sf-field-name=\"_sft_project_types\" data-sf-field-type=\"taxonomy\" data-sf-field-input-type=\"select\">\t\t<label>\r\n\t\t\t\t<select name=\"_sft_project_types[]\" class=\"sf-input-select\" title=\"\">\r\n\t\t\t\r\n\t\t\t\t\t<\/select>\r\n\t\t<\/label>\t\t<\/li><li class=\"sf-field-search\" data-sf-field-name=\"search\" data-sf-field-type=\"search\" data-sf-field-input-type=\"\">\t\t<label><input placeholder=\"Chercher \u2026\" name=\"_sf_search[]\" class=\"sf-input-text\" type=\"text\" value=\"\" title=\"\"><\/label>\t\t<\/li><\/ul><input type=\"hidden\" name=\"trp-form-language\" value=\"fr\"\/><\/form>\n<\/div><\/div>\n\n\n\n<div class=\"is-layout-flow wp-block-group pad-5\"><div class=\"wp-block-group__inner-container\"><div class=\"search-filter-results\" id=\"search-filter-results-266\">\t\n\t\n\t<div class=\"pagination\">\n\t\t\t<\/div>\n\t\n\t\t\n\n\n\n\t\t\n\n\n\n\n\n\n\n\n\t<div class=\"publication-card  pad-2 shadow\"> \n\n\n\n\t\t<h3> Publication un<\/h3>\n\n\t\t<p class=\"pub-content\"> <\/p>\n\n\n\n<a class=\"btn-prime bg-alt\" target=\"_blank\" href=\"https:\/\/aims-senegal.org\/wp-content\/uploads\/sites\/2\/2021\/03\/Fall-Mouhamed-Moustapha-Mahmoudi-Fethi-Hypersurfaces-with-free-boundary-and-large-constant-mean-curvature-concentration-along-submanifolds.-Ann.-Sc.-Norm.-Super.-Pisa-Cl.-Sci.-5-7.pdf\"> Afficher le document <\/a>\n\n\t<\/div>\n\n\n\n\n\n\n\n\n\n\n\t\t\t\n\t<div class=\"pagination\">\n<div class=\"paginate-inner\">\t<span class=\"page-tag\"><\/span>\n\t\t<\/div>\n\t<\/div>\n\t<\/div>\n<\/div><\/div>","protected":false},"excerpt":{"rendered":"","protected":false},"author":1,"featured_media":0,"parent":0,"menu_order":0,"comment_status":"closed","ping_status":"closed","template":"","meta":{"advgb_blocks_editor_width":"","advgb_blocks_columns_visual_guide":""},"acf":[],"coauthors":[],"author_meta":{"author_link":"https:\/\/aims-senegal.org\/fr\/author\/chris\/","display_name":"chris"},"relative_dates":{"created":"Publi\u00e9 6 ans il y a","modified":"Mis \u00e0 jour 5 ans il y a"},"absolute_dates":{"created":"Publi\u00e9 le septembre 22, 2020","modified":"Mise \u00e0 jour le juin 10, 2021"},"absolute_dates_time":{"created":"Publi\u00e9 le septembre 22, 2020 9:09  ","modified":"Mise \u00e0 jour le juin 10, 2021 12:34  "},"featured_img_caption":"","featured_img":false,"series_order":"","_links":{"self":[{"href":"https:\/\/aims-senegal.org\/fr\/wp-json\/wp\/v2\/pages\/272"}],"collection":[{"href":"https:\/\/aims-senegal.org\/fr\/wp-json\/wp\/v2\/pages"}],"about":[{"href":"https:\/\/aims-senegal.org\/fr\/wp-json\/wp\/v2\/types\/page"}],"author":[{"embeddable":true,"href":"https:\/\/aims-senegal.org\/fr\/wp-json\/wp\/v2\/users\/1"}],"replies":[{"embeddable":true,"href":"https:\/\/aims-senegal.org\/fr\/wp-json\/wp\/v2\/comments?post=272"}],"version-history":[{"count":3,"href":"https:\/\/aims-senegal.org\/fr\/wp-json\/wp\/v2\/pages\/272\/revisions"}],"predecessor-version":[{"id":3014,"href":"https:\/\/aims-senegal.org\/fr\/wp-json\/wp\/v2\/pages\/272\/revisions\/3014"}],"wp:attachment":[{"href":"https:\/\/aims-senegal.org\/fr\/wp-json\/wp\/v2\/media?parent=272"}],"curies":[{"name":"wp","href":"https:\/\/api.w.org\/{rel}","templated":true}]}}