{"id":281,"date":"2020-09-22T09:31:17","date_gmt":"2020-09-22T09:31:17","guid":{"rendered":"https:\/\/aims-senegal.org\/?page_id=281"},"modified":"2021-06-10T12:34:42","modified_gmt":"2021-06-10T12:34:42","slug":"skills-for-employability-program","status":"publish","type":"page","link":"https:\/\/aims-senegal.org\/fr\/skills-for-employability-program\/","title":{"rendered":"Programme de comp\u00e9tences pour l&#039;employabilit\u00e9"},"content":{"rendered":"<div class=\"wp-block-cover has-background-dim-30 has-background-dim has-custom-content-position is-position-bottom-left pad-5\" style=\"background-image:url(https:\/\/aims-senegal.org\/wp-content\/uploads\/sites\/2\/2020\/09\/Amended-Layouts_Page_22_Image_0002.jpg);background-color:#161228;min-height:600px\"><div class=\"wp-block-cover__inner-container\">\n<h1>Programme de comp\u00e9tences pour l&#039;employabilit\u00e9<\/h1>\n<\/div><\/div>\n\n\n\n<div style=\"height:40px\" aria-hidden=\"true\" class=\"wp-block-spacer\"><\/div>\n\n\n\n<div class=\"wp-block-advgb-columns advgb-columns-wrapper\" id=\"advgb-cols-3f6e1c41-bc3b-4f3c-9004-94045ca30e95\"><div class=\"advgb-columns-container\"><div class=\"advgb-columns advgb-columns-row advgb-is-mobile advgb-columns-2 layout-12-12 mbl-layout-stacked vgutter-10\">\n<div class=\"wp-block-advgb-column advgb-column advgb-is-half-tablet advgb-is-full-mobile\" id=\"advgb-col-a8db6e7c-ef75-4816-bb78-259a35f3e8de\"><div class=\"advgb-column-inner\" style=\"border-style:none;border-width:1px\">\n<div class=\"wp-block-cover\" style=\"background-image:url(https:\/\/aims-senegal.org\/wp-content\/uploads\/sites\/2\/2020\/09\/Amended-Layouts_Page_13_Image_0004.jpg);min-height:500px\"><div class=\"wp-block-cover__inner-container\">\n<p class=\"has-text-align-center has-large-font-size\"><\/p>\n<\/div><\/div>\n<\/div><\/div>\n\n\n\n<div class=\"wp-block-advgb-column advgb-column advgb-is-half-tablet advgb-is-full-mobile\" id=\"advgb-col-613679b0-8c57-4bb5-a6f3-7438a1731260\"><div class=\"advgb-column-inner\" style=\"border-style:none;border-width:1px\">\n<div class=\"is-layout-flow wp-block-group pad-5-10\"><div class=\"wp-block-group__inner-container\">\n<h2>Programme de comp\u00e9tences pour l&#039;employabilit\u00e9<\/h2>\n\n\n\n<p>Lorem ipsum dolor sit amet, consectetur adipiscing elit, sed do eiusmod tempor incididunt ut labore et dolore magna aliqua. Ut enim ad minim veniam, quis nostrud exercice ullamco laboris nisi ut aliquip ex ea commodo cons\u00e9quat. Duis aute irure dolor in reprehenderit in voluptate velit esse cillum dolore eu fugiat nulla pariatur. Excepteur sint occaecat cupidatat non proident, sunt in culpa qui officia deserunt mollit anim id est laborum.<\/p>\n\n\n\n<div style=\"height:20px\" aria-hidden=\"true\" class=\"wp-block-spacer\"><\/div>\n\n\n\n<div class=\"is-layout-flex wp-block-buttons\">\n<div class=\"wp-block-button bg-alt\"><a class=\"wp-block-button__link no-border-radius\" href=\"..\/skills-for-employability-program-details\/\">Lire la suite<\/a><\/div>\n<\/div>\n<\/div><\/div>\n<\/div><\/div>\n<\/div><\/div><\/div>\n\n\n\n<div class=\"wp-block-advgb-columns advgb-columns-wrapper\" id=\"advgb-cols-4f10e317-e561-490e-99d5-68dfa5a82ceb\"><div class=\"advgb-columns-container\"><div class=\"advgb-columns advgb-columns-row advgb-is-mobile columns-valign-full advgb-columns-2 layout-12-12 mbl-layout-stacked vgutter-10\">\n<div class=\"wp-block-advgb-column advgb-column advgb-is-half-tablet advgb-is-full-mobile\" id=\"advgb-col-789cb828-7be6-434e-9f59-431809c93e50\"><div class=\"advgb-column-inner\" style=\"border-style:none;border-width:1px\">\n<div class=\"is-layout-flow wp-block-group pad-5-10\"><div class=\"wp-block-group__inner-container\">\n<h2>Post certificat commercial AIMS<\/h2>\n\n\n\n<p>Lorem ipsum dolor sit amet, consectetur adipiscing elit, sed do eiusmod tempor incididunt ut labore et dolore magna aliqua. Ut enim ad minim veniam, quis nostrud exercice ullamco laboris nisi ut aliquip ex ea commodo cons\u00e9quat. Duis aute irure dolor in reprehenderit in voluptate velit esse cillum dolore eu fugiat nulla pariatur. Excepteur sint occaecat cupidatat non proident, sunt in culpa qui officia deserunt mollit anim id est laborum.<\/p>\n\n\n\n<div style=\"height:20px\" aria-hidden=\"true\" class=\"wp-block-spacer\"><\/div>\n\n\n\n<div class=\"is-layout-flex wp-block-buttons\">\n<div class=\"wp-block-button bg-alt\"><a class=\"wp-block-button__link no-border-radius\" href=\"..\/post-aims-business-certificate\/\">Lire la suite<\/a><\/div>\n<\/div>\n<\/div><\/div>\n<\/div><\/div>\n\n\n\n<div class=\"wp-block-advgb-column advgb-column advgb-is-half-tablet advgb-is-full-mobile\" id=\"advgb-col-dcb434a5-3ef4-4011-90c2-da8d21735640\"><div class=\"advgb-column-inner\" style=\"border-style:none;border-width:1px\">\n<div class=\"wp-block-cover\" style=\"background-image:url(https:\/\/aims-senegal.org\/wp-content\/uploads\/sites\/2\/2020\/09\/Amended-Layouts_Page_13_Image_0003.jpg);min-height:500px\"><div class=\"wp-block-cover__inner-container\">\n<p class=\"has-text-align-center has-large-font-size\"><\/p>\n<\/div><\/div>\n<\/div><\/div>\n<\/div><\/div><\/div>\n\n\n\n<div class=\"wp-block-advgb-columns advgb-columns-wrapper\" id=\"advgb-cols-301d65f7-32a0-4164-87e2-338e285aaab4\"><div class=\"advgb-columns-container\"><div class=\"advgb-columns advgb-columns-row advgb-is-mobile advgb-columns-2 layout-12-12 mbl-layout-stacked vgutter-10\">\n<div class=\"wp-block-advgb-column advgb-column advgb-is-half-tablet advgb-is-full-mobile\" id=\"advgb-col-bb4786aa-8845-43bd-af92-12093b4fa04f\"><div class=\"advgb-column-inner\" style=\"border-style:none;border-width:1px\">\n<div class=\"wp-block-cover\" style=\"background-image:url(https:\/\/aims-senegal.org\/wp-content\/uploads\/sites\/2\/2020\/09\/Amended-Layouts_Page_13_Image_0005.jpg);min-height:500px\"><div class=\"wp-block-cover__inner-container\">\n<p class=\"has-text-align-center has-large-font-size\"><\/p>\n<\/div><\/div>\n<\/div><\/div>\n\n\n\n<div class=\"wp-block-advgb-column advgb-column advgb-is-half-tablet advgb-is-full-mobile\" id=\"advgb-col-27308cab-36bd-44e4-ac79-b3683306d470\"><div class=\"advgb-column-inner\" style=\"border-style:none;border-width:1px\">\n<div class=\"is-layout-flow wp-block-group pad-5-10\"><div class=\"wp-block-group__inner-container\">\n<h2>Cours en ligne ouverts massifs<\/h2>\n\n\n\n<p>Lorem ipsum dolor sit amet, consectetur adipiscing elit, sed do eiusmod tempor incididunt ut labore et dolore magna aliqua. Ut enim ad minim veniam, quis nostrud exercice ullamco laboris nisi ut aliquip ex ea commodo cons\u00e9quat. Duis aute irure dolor in reprehenderit in voluptate velit esse cillum dolore eu fugiat nulla pariatur. Excepteur sint occaecat cupidatat non proident, sunt in culpa qui officia deserunt mollit anim id est laborum.<\/p>\n\n\n\n<div style=\"height:20px\" aria-hidden=\"true\" class=\"wp-block-spacer\"><\/div>\n\n\n\n<div class=\"is-layout-flex wp-block-buttons\">\n<div class=\"wp-block-button bg-alt\"><a class=\"wp-block-button__link no-border-radius\" href=\"..\/massive-open-online-courses\/\">Lire la suite<\/a><\/div>\n<\/div>\n<\/div><\/div>\n<\/div><\/div>\n<\/div><\/div><\/div>\n<style class=\"advgb-styles-renderer\">#advgb-cols-3f6e1c41-bc3b-4f3c-9004-94045ca30e95{}@media screen and (max-width: 1023px) {#advgb-cols-3f6e1c41-bc3b-4f3c-9004-94045ca30e95{}}@media screen and (max-width: 767px) {#advgb-cols-3f6e1c41-bc3b-4f3c-9004-94045ca30e95{}}#advgb-col-a8db6e7c-ef75-4816-bb78-259a35f3e8de>.advgb-column-inner{}@media screen and (max-width: 1023px) {#advgb-col-a8db6e7c-ef75-4816-bb78-259a35f3e8de>.advgb-column-inner{}}@media screen and (max-width: 767px) {#advgb-col-a8db6e7c-ef75-4816-bb78-259a35f3e8de>.advgb-column-inner{}}#advgb-col-613679b0-8c57-4bb5-a6f3-7438a1731260>.advgb-column-inner{}@media screen and (max-width: 1023px) {#advgb-col-613679b0-8c57-4bb5-a6f3-7438a1731260>.advgb-column-inner{}}@media screen and (max-width: 767px) {#advgb-col-613679b0-8c57-4bb5-a6f3-7438a1731260>.advgb-column-inner{}}#advgb-cols-4f10e317-e561-490e-99d5-68dfa5a82ceb{}@media screen and (max-width: 1023px) {#advgb-cols-4f10e317-e561-490e-99d5-68dfa5a82ceb{}}@media screen and (max-width: 767px) {#advgb-cols-4f10e317-e561-490e-99d5-68dfa5a82ceb{}}#advgb-col-789cb828-7be6-434e-9f59-431809c93e50>.advgb-column-inner{}@media screen and (max-width: 1023px) {#advgb-col-789cb828-7be6-434e-9f59-431809c93e50>.advgb-column-inner{}}@media screen and (max-width: 767px) {#advgb-col-789cb828-7be6-434e-9f59-431809c93e50>.advgb-column-inner{}}#advgb-col-dcb434a5-3ef4-4011-90c2-da8d21735640>.advgb-column-inner{}@media screen and (max-width: 1023px) {#advgb-col-dcb434a5-3ef4-4011-90c2-da8d21735640>.advgb-column-inner{}}@media screen and (max-width: 767px) {#advgb-col-dcb434a5-3ef4-4011-90c2-da8d21735640>.advgb-column-inner{}}#advgb-cols-301d65f7-32a0-4164-87e2-338e285aaab4{}@media screen and (max-width: 1023px) {#advgb-cols-301d65f7-32a0-4164-87e2-338e285aaab4{}}@media screen and (max-width: 767px) {#advgb-cols-301d65f7-32a0-4164-87e2-338e285aaab4{}}#advgb-col-bb4786aa-8845-43bd-af92-12093b4fa04f>.advgb-column-inner{}@media screen and (max-width: 1023px) {#advgb-col-bb4786aa-8845-43bd-af92-12093b4fa04f>.advgb-column-inner{}}@media screen and (max-width: 767px) {#advgb-col-bb4786aa-8845-43bd-af92-12093b4fa04f>.advgb-column-inner{}}#advgb-col-27308cab-36bd-44e4-ac79-b3683306d470>.advgb-column-inner{}@media screen and (max-width: 1023px) {#advgb-col-27308cab-36bd-44e4-ac79-b3683306d470>.advgb-column-inner{}}@media screen and (max-width: 767px) {#advgb-col-27308cab-36bd-44e4-ac79-b3683306d470>.advgb-column-inner{}}<\/style>","protected":false},"excerpt":{"rendered":"","protected":false},"author":1,"featured_media":0,"parent":0,"menu_order":0,"comment_status":"closed","ping_status":"closed","template":"","meta":{"advgb_blocks_editor_width":"","advgb_blocks_columns_visual_guide":""},"acf":[],"coauthors":[],"author_meta":{"author_link":"https:\/\/aims-senegal.org\/fr\/author\/chris\/","display_name":"chris"},"relative_dates":{"created":"Publi\u00e9 6 ans il y a","modified":"Mis \u00e0 jour 5 ans il y a"},"absolute_dates":{"created":"Publi\u00e9 le septembre 22, 2020","modified":"Mise \u00e0 jour le juin 10, 2021"},"absolute_dates_time":{"created":"Publi\u00e9 le septembre 22, 2020 9:31  ","modified":"Mise \u00e0 jour le juin 10, 2021 12:34  "},"featured_img_caption":"","featured_img":false,"series_order":"","_links":{"self":[{"href":"https:\/\/aims-senegal.org\/fr\/wp-json\/wp\/v2\/pages\/281"}],"collection":[{"href":"https:\/\/aims-senegal.org\/fr\/wp-json\/wp\/v2\/pages"}],"about":[{"href":"https:\/\/aims-senegal.org\/fr\/wp-json\/wp\/v2\/types\/page"}],"author":[{"embeddable":true,"href":"https:\/\/aims-senegal.org\/fr\/wp-json\/wp\/v2\/users\/1"}],"replies":[{"embeddable":true,"href":"https:\/\/aims-senegal.org\/fr\/wp-json\/wp\/v2\/comments?post=281"}],"version-history":[{"count":4,"href":"https:\/\/aims-senegal.org\/fr\/wp-json\/wp\/v2\/pages\/281\/revisions"}],"predecessor-version":[{"id":984,"href":"https:\/\/aims-senegal.org\/fr\/wp-json\/wp\/v2\/pages\/281\/revisions\/984"}],"wp:attachment":[{"href":"https:\/\/aims-senegal.org\/fr\/wp-json\/wp\/v2\/media?parent=281"}],"curies":[{"name":"wp","href":"https:\/\/api.w.org\/{rel}","templated":true}]}}