{"id":285,"date":"2020-09-22T09:47:56","date_gmt":"2020-09-22T09:47:56","guid":{"rendered":"https:\/\/aims-senegal.org\/?page_id=285"},"modified":"2021-06-10T12:34:43","modified_gmt":"2021-06-10T12:34:43","slug":"skills-for-employability-program-details","status":"publish","type":"page","link":"https:\/\/aims-senegal.org\/fr\/skills-for-employability-program-details\/","title":{"rendered":"D\u00e9tails du programme Skills for Employability"},"content":{"rendered":"<div class=\"wp-block-cover has-background-dim-30 has-background-dim has-custom-content-position is-position-bottom-left pad-5\" style=\"background-image:url(https:\/\/aims-senegal.org\/wp-content\/uploads\/sites\/2\/2021\/03\/Nadine-and-Irene-Co-op-2016-scaled.jpg);background-color:#161228;min-height:600px;background-position:50% 85%\"><div class=\"wp-block-cover__inner-container\">\n<h1>Programme de comp\u00e9tences pour l&#039;employabilit\u00e9<\/h1>\n<\/div><\/div>\n\n\n\n<div class=\"is-layout-flow wp-block-group pad-5\"><div class=\"wp-block-group__inner-container\">\n<h2>Programme de comp\u00e9tences pour l&#039;employabilit\u00e9<\/h2>\n\n\n\n<p>Le programme Skills for Employability (SFE) est une initiative quinquennale de l&#039;Institut africain des sciences math\u00e9matiques (AIMS) soutenu par Affaires mondiales Canada (AMC). Le programme vise \u00e0 r\u00e9pondre de mani\u00e8re ad\u00e9quate aux besoins socio-\u00e9conomiques de l&#039;Afrique en facilitant la transition de l&#039;\u00e9cole au travail pour les \u00e9tudiants en sciences, technologie, ing\u00e9nierie et math\u00e9matiques (STEM), gr\u00e2ce \u00e0 des formations sp\u00e9cialis\u00e9es pour faciliter leur \u00e9panouissement sur le march\u00e9 du travail gr\u00e2ce \u00e0 des l&#039;emploi ou l&#039;esprit d&#039;entreprise.<\/p>\n\n\n\n<p>Mis en \u0153uvre au S\u00e9n\u00e9gal avec un focus sur la r\u00e9gion de la Francophonie en Afrique, SFE vise \u00e0 contribuer \u00e0 l&#039;am\u00e9lioration de la prosp\u00e9rit\u00e9 \u00e9conomique des populations cibles \u00e0 travers:<\/p>\n\n\n\n<p>\u2022 Renforcement de la capacit\u00e9 de gestion organisationnelle d&#039;AIMS S\u00e9n\u00e9gal dans la mise en \u0153uvre de programmes de d\u00e9veloppement des comp\u00e9tences pour l&#039;emploi;<\/p>\n\n\n\n<p>\u2022 Accro\u00eetre l&#039;employabilit\u00e9 des jeunes \u00e9tudiants en STEM en les exposant \u00e0 des programmes de comp\u00e9tences ax\u00e9s sur l&#039;emploi qui int\u00e8grent l&#039;\u00e9galit\u00e9 des sexes, les pr\u00e9occupations environnementales et r\u00e9pondent aux besoins du march\u00e9 du travail ou de l&#039;entrepreneuriat;<\/p>\n\n\n\n<p>\u2022 Construire des partenariats sensibles au genre entre les institutions de d\u00e9veloppement professionnel et les entreprises du secteur priv\u00e9, y compris les organisations dirig\u00e9es par des femmes des pays d&#039;Afrique francophone.<\/p>\n<\/div><\/div>\n\n\n\n<div class=\"wp-block-cover has-background-dim-70 has-background-dim has-custom-content-position is-position-top-left pad-5\" style=\"background-image:url(https:\/\/aims-senegal.org\/wp-content\/uploads\/sites\/2\/2021\/03\/MICH6288.jpg);background-color:#161228\"><div class=\"wp-block-cover__inner-container\">\n<h2>Approcher<\/h2>\n\n\n\n<ul><li>Soutenant le programme de ma\u00eetrise coop\u00e9rative, 200 personnes ont \u00e9t\u00e9 form\u00e9es.<\/li><\/ul>\n\n\n\n<p><\/p>\n\n\n\n<ul><li>Des cours en ligne ouverts et massifs (MOOC) seront propos\u00e9s \u00e0 2250 \u00e9tudiants. Gr\u00e2ce \u00e0 la plateforme num\u00e9rique de l&#039;Universit\u00e9 virtuelle africaine, des cours en ligne sont propos\u00e9s gratuitement aux \u00e9tudiants des d\u00e9partements de math\u00e9matiques de 10 universit\u00e9s partenaires. L&#039;objectif des MOOC est de permettre aux \u00e9tudiants des universit\u00e9s cibl\u00e9es, ainsi qu&#039;\u00e0 leurs pairs d&#039;autres universit\u00e9s, de s&#039;informer sur les opportunit\u00e9s d&#039;insertion professionnelle offertes \u00e0 toute personne ayant une formation scientifique tout en leur donnant les outils et les connaissances qui les pr\u00e9pareront \u00e0 devenir de v\u00e9ritables professionnels. . Les \u00e9tudiants re\u00e7oivent des certificats num\u00e9riques \u00e0 la fin de la formation. Les premiers MOOC ont g\u00e9n\u00e9r\u00e9 des candidatures de 2 192 candidats, dont 35% \u00e9taient des femmes.<\/li><\/ul>\n\n\n\n<p><\/p>\n\n\n\n<ul><li>Le Post-AIMS Business Certificate (PAB) est un cours de formation destin\u00e9 aux dipl\u00f4m\u00e9s AIMS et aux \u00e9tudiants non AIMS des universit\u00e9s francophones, con\u00e7u pour les pr\u00e9parer au march\u00e9 du travail et d\u00e9velopper des comp\u00e9tences li\u00e9es \u00e0 l&#039;entrepreneuriat. Livr\u00e9 par une entit\u00e9 qualifi\u00e9e, le PAB traite plusieurs sujets, notamment l&#039;entrepreneuriat, le d\u00e9veloppement professionnel, le travail ind\u00e9pendant, la structure d&#039;entreprise, les finances et la gestion de programmes. Depuis sa cr\u00e9ation, SFE a form\u00e9 117 \u00e9tudiants au S\u00e9n\u00e9gal dans le cadre de deux cohortes du Post-AIMS Business Certificate, dont 40% sont des femmes.<\/li><\/ul>\n\n\n\n<p><\/p>\n\n\n\n<ul><li>L&#039;inclusion du genre et la sensibilisation sont des \u00e9l\u00e9ments cl\u00e9s du programme SFE, avec un objectif global d&#039;au moins 301 femmes TP1T pour toutes les composantes du programme.<\/li><\/ul>\n<\/div><\/div>\n\n\n\n<p><\/p>","protected":false},"excerpt":{"rendered":"<p>Skills for Employability Program The Skills for Employability (SFE) program is a five-year initiative of the African Institute for Mathematical Sciences (AIMS) supported by Global Affairs Canada (GAC). The program aims to adequately meet Africa\u2019s socio-economic needs by facilitating school-to-work transition for students in Science, Technology, Engineering and Mathematics (STEM), through specialized trainings to make<\/p>","protected":false},"author":1,"featured_media":0,"parent":0,"menu_order":0,"comment_status":"closed","ping_status":"closed","template":"","meta":{"advgb_blocks_editor_width":"","advgb_blocks_columns_visual_guide":""},"acf":[],"coauthors":[],"author_meta":{"author_link":"https:\/\/aims-senegal.org\/fr\/author\/chris\/","display_name":"chris"},"relative_dates":{"created":"Publi\u00e9 6 ans il y a","modified":"Mis \u00e0 jour 5 ans il y a"},"absolute_dates":{"created":"Publi\u00e9 le septembre 22, 2020","modified":"Mise \u00e0 jour le juin 10, 2021"},"absolute_dates_time":{"created":"Publi\u00e9 le septembre 22, 2020 9:47  ","modified":"Mise \u00e0 jour le juin 10, 2021 12:34  "},"featured_img_caption":"","featured_img":false,"series_order":"","_links":{"self":[{"href":"https:\/\/aims-senegal.org\/fr\/wp-json\/wp\/v2\/pages\/285"}],"collection":[{"href":"https:\/\/aims-senegal.org\/fr\/wp-json\/wp\/v2\/pages"}],"about":[{"href":"https:\/\/aims-senegal.org\/fr\/wp-json\/wp\/v2\/types\/page"}],"author":[{"embeddable":true,"href":"https:\/\/aims-senegal.org\/fr\/wp-json\/wp\/v2\/users\/1"}],"replies":[{"embeddable":true,"href":"https:\/\/aims-senegal.org\/fr\/wp-json\/wp\/v2\/comments?post=285"}],"version-history":[{"count":10,"href":"https:\/\/aims-senegal.org\/fr\/wp-json\/wp\/v2\/pages\/285\/revisions"}],"predecessor-version":[{"id":1983,"href":"https:\/\/aims-senegal.org\/fr\/wp-json\/wp\/v2\/pages\/285\/revisions\/1983"}],"wp:attachment":[{"href":"https:\/\/aims-senegal.org\/fr\/wp-json\/wp\/v2\/media?parent=285"}],"curies":[{"name":"wp","href":"https:\/\/api.w.org\/{rel}","templated":true}]}}