{"id":290,"date":"2020-09-22T09:58:19","date_gmt":"2020-09-22T09:58:19","guid":{"rendered":"https:\/\/aims-senegal.org\/?page_id=290"},"modified":"2021-06-10T12:34:42","modified_gmt":"2021-06-10T12:34:42","slug":"big-data-for-development","status":"publish","type":"page","link":"https:\/\/aims-senegal.org\/fr\/big-data-for-development\/","title":{"rendered":"Initiative de l&#039;industrie AIMS"},"content":{"rendered":"<div class=\"wp-block-cover has-background-dim-30 has-background-dim has-custom-content-position is-position-bottom-left pad-5\" style=\"background-image:url(https:\/\/aims-senegal.org\/wp-content\/uploads\/sites\/2\/2020\/09\/Amended-Layouts_Page_13_Image_0006.jpg);background-color:#161228;min-height:600px\"><div class=\"wp-block-cover__inner-container\">\n<h1>Initiative de l&#039;industrie AIMS<\/h1>\n<\/div><\/div>\n\n\n\n<div class=\"is-layout-flow wp-block-group pad-5\"><div class=\"wp-block-group__inner-container\">\n<h1>Sur<\/h1>\n\n\n\n<p>Lorem ipsum dolor sit amet, consectetur adipiscing elit, sed do eiusmod tempor incididunt ut labore et dolore magna aliqua. Ut enim ad minim veniam, quis nostrud exercice ullamco laboris nisi ut aliquip ex ea commodo cons\u00e9quat. Duis aute irure dolor in reprehenderit in voluptate velit esse cillum dolore eu fugiat nulla pariatur. Excepteur sint occaecat cupidatat non proident, sunt in culpa qui officia deserunt mollit anim id est laborum.<\/p>\n<\/div><\/div>\n\n\n\n<div class=\"wp-block-advgb-columns advgb-columns-wrapper\" id=\"advgb-cols-5ff19d6a-3865-4bcf-88b7-6be76e3367b6\"><div class=\"advgb-columns-container\"><div class=\"advgb-columns advgb-columns-row advgb-is-mobile advgb-columns-2 layout-12-12 mbl-layout-stacked vgutter-10\">\n<div class=\"wp-block-advgb-column advgb-column advgb-is-half-tablet advgb-is-full-mobile\" id=\"advgb-col-027b0f68-04f2-47d2-888a-ade26c359404\"><div class=\"advgb-column-inner\" style=\"border-style:none;border-width:1px\">\n<div class=\"wp-block-cover\" style=\"background-image:url(https:\/\/aims-senegal.org\/wp-content\/uploads\/sites\/2\/2020\/09\/Amended-Layouts_Page_14_Image_0003.jpg);min-height:500px\"><div class=\"wp-block-cover__inner-container\">\n<p class=\"has-text-align-center has-large-font-size\"><\/p>\n<\/div><\/div>\n<\/div><\/div>\n\n\n\n<div class=\"wp-block-advgb-column advgb-column advgb-is-half-tablet advgb-is-full-mobile\" id=\"advgb-col-61f3c8fe-4793-4e67-b0e4-f1d5dbddc80a\"><div class=\"advgb-column-inner\" style=\"border-style:none;border-width:1px\">\n<div class=\"is-layout-flow wp-block-group pad-5-10\"><div class=\"wp-block-group__inner-container\">\n<h2>Initiative de l&#039;industrie AIMS<\/h2>\n\n\n\n<p>Lorem ipsum dolor sit amet, consectetur adipiscing elit, sed do eiusmod tempor incididunt ut labore et dolore magna aliqua. Ut enim ad minim veniam, quis nostrud exercice ullamco laboris nisi ut aliquip ex ea commodo cons\u00e9quat. Duis aute irure dolor in reprehenderit in voluptate velit esse cillum dolore eu fugiat nulla pariatur. Excepteur sint occaecat cupidatat non proident, sunt in culpa qui officia deserunt mollit anim id est laborum.<\/p>\n\n\n\n<div style=\"height:20px\" aria-hidden=\"true\" class=\"wp-block-spacer\"><\/div>\n\n\n\n<div class=\"is-layout-flex wp-block-buttons\">\n<div class=\"wp-block-button bg-alt\"><a class=\"wp-block-button__link no-border-radius\">Lire la suite<\/a><\/div>\n<\/div>\n<\/div><\/div>\n<\/div><\/div>\n<\/div><\/div><\/div>\n\n\n\n<div class=\"wp-block-advgb-columns advgb-columns-wrapper\" id=\"advgb-cols-b88fe2b7-e6d3-44ab-95dc-caad2477b754\"><div class=\"advgb-columns-container\"><div class=\"advgb-columns advgb-columns-row advgb-is-mobile columns-valign-full advgb-columns-2 layout-12-12 mbl-layout-stacked vgutter-10\">\n<div class=\"wp-block-advgb-column advgb-column advgb-is-half-tablet advgb-is-full-mobile\" id=\"advgb-col-a355a741-91eb-48ad-b9d9-823258b541b6\"><div class=\"advgb-column-inner\" style=\"border-style:none;border-width:1px\">\n<div class=\"is-layout-flow wp-block-group pad-5-10\"><div class=\"wp-block-group__inner-container\">\n<h2>Big Data pour le d\u00e9veloppement<\/h2>\n\n\n\n<p>Lorem ipsum dolor sit amet, consectetur adipiscing elit, sed do eiusmod tempor incididunt ut labore et dolore magna aliqua. Ut enim ad minim veniam, quis nostrud exercice ullamco laboris nisi ut aliquip ex ea commodo cons\u00e9quat. Duis aute irure dolor in reprehenderit in voluptate velit esse cillum dolore eu fugiat nulla pariatur. Excepteur sint occaecat cupidatat non proident, sunt in culpa qui officia deserunt mollit anim id est laborum.<\/p>\n\n\n\n<div style=\"height:20px\" aria-hidden=\"true\" class=\"wp-block-spacer\"><\/div>\n\n\n\n<div class=\"is-layout-flex wp-block-buttons\">\n<div class=\"wp-block-button bg-alt\"><a class=\"wp-block-button__link no-border-radius\" href=\"..\/big-data-for-development-2\/\">Lire la suite<\/a><\/div>\n<\/div>\n<\/div><\/div>\n<\/div><\/div>\n\n\n\n<div class=\"wp-block-advgb-column advgb-column advgb-is-half-tablet advgb-is-full-mobile\" id=\"advgb-col-d0aa0275-74f4-417f-958c-f700b753d69e\"><div class=\"advgb-column-inner\" style=\"border-style:none;border-width:1px\">\n<div class=\"wp-block-cover\" style=\"background-image:url(https:\/\/aims-senegal.org\/wp-content\/uploads\/sites\/2\/2020\/09\/Amended-Layouts_Page_14_Image_0001.jpg);min-height:500px\"><div class=\"wp-block-cover__inner-container\">\n<p class=\"has-text-align-center has-large-font-size\"><\/p>\n<\/div><\/div>\n<\/div><\/div>\n<\/div><\/div><\/div>\n\n\n\n<div class=\"wp-block-advgb-columns advgb-columns-wrapper\" id=\"advgb-cols-47cb820a-fdcb-4dad-850b-7b433b1acad0\"><div class=\"advgb-columns-container\"><div class=\"advgb-columns advgb-columns-row advgb-is-mobile advgb-columns-2 layout-12-12 mbl-layout-stacked vgutter-10\">\n<div class=\"wp-block-advgb-column advgb-column advgb-is-half-tablet advgb-is-full-mobile\" id=\"advgb-col-0da38e27-70e3-4b21-9e3a-73ed7010db42\"><div class=\"advgb-column-inner\" style=\"border-style:none;border-width:1px\">\n<div class=\"wp-block-cover\" style=\"background-image:url(https:\/\/aims-senegal.org\/wp-content\/uploads\/sites\/2\/2020\/09\/Amended-Layouts_Page_17_Image_0001.jpg);min-height:500px\"><div class=\"wp-block-cover__inner-container\">\n<p class=\"has-text-align-center has-large-font-size\"><\/p>\n<\/div><\/div>\n<\/div><\/div>\n\n\n\n<div class=\"wp-block-advgb-column advgb-column advgb-is-half-tablet advgb-is-full-mobile\" id=\"advgb-col-b3ab2a84-ad2a-45fe-bfce-0fec85780864\"><div class=\"advgb-column-inner\" style=\"border-style:none;border-width:1px\">\n<div class=\"is-layout-flow wp-block-group pad-5-10\"><div class=\"wp-block-group__inner-container\">\n<h2>MS4CR<\/h2>\n\n\n\n<p>Lorem ipsum dolor sit amet, consectetur adipiscing elit, sed do eiusmod tempor incididunt ut labore et dolore magna aliqua. Ut enim ad minim veniam, quis nostrud exercice ullamco laboris nisi ut aliquip ex ea commodo cons\u00e9quat. Duis aute irure dolor in reprehenderit in voluptate velit esse cillum dolore eu fugiat nulla pariatur. Excepteur sint occaecat cupidatat non proident, sunt in culpa qui officia deserunt mollit anim id est laborum.<\/p>\n\n\n\n<div style=\"height:20px\" aria-hidden=\"true\" class=\"wp-block-spacer\"><\/div>\n\n\n\n<div class=\"is-layout-flex wp-block-buttons\">\n<div class=\"wp-block-button bg-alt\"><a class=\"wp-block-button__link no-border-radius\">Lire la suite<\/a><\/div>\n<\/div>\n<\/div><\/div>\n<\/div><\/div>\n<\/div><\/div><\/div>\n<style class=\"advgb-styles-renderer\">#advgb-cols-5ff19d6a-3865-4bcf-88b7-6be76e3367b6{}@media screen and (max-width: 1023px) {#advgb-cols-5ff19d6a-3865-4bcf-88b7-6be76e3367b6{}}@media screen and (max-width: 767px) {#advgb-cols-5ff19d6a-3865-4bcf-88b7-6be76e3367b6{}}#advgb-col-027b0f68-04f2-47d2-888a-ade26c359404>.advgb-column-inner{}@media screen and (max-width: 1023px) {#advgb-col-027b0f68-04f2-47d2-888a-ade26c359404>.advgb-column-inner{}}@media screen and (max-width: 767px) {#advgb-col-027b0f68-04f2-47d2-888a-ade26c359404>.advgb-column-inner{}}#advgb-col-61f3c8fe-4793-4e67-b0e4-f1d5dbddc80a>.advgb-column-inner{}@media screen and (max-width: 1023px) {#advgb-col-61f3c8fe-4793-4e67-b0e4-f1d5dbddc80a>.advgb-column-inner{}}@media screen and (max-width: 767px) {#advgb-col-61f3c8fe-4793-4e67-b0e4-f1d5dbddc80a>.advgb-column-inner{}}#advgb-cols-b88fe2b7-e6d3-44ab-95dc-caad2477b754{}@media screen and (max-width: 1023px) {#advgb-cols-b88fe2b7-e6d3-44ab-95dc-caad2477b754{}}@media screen and (max-width: 767px) {#advgb-cols-b88fe2b7-e6d3-44ab-95dc-caad2477b754{}}#advgb-col-a355a741-91eb-48ad-b9d9-823258b541b6>.advgb-column-inner{}@media screen and (max-width: 1023px) {#advgb-col-a355a741-91eb-48ad-b9d9-823258b541b6>.advgb-column-inner{}}@media screen and (max-width: 767px) {#advgb-col-a355a741-91eb-48ad-b9d9-823258b541b6>.advgb-column-inner{}}#advgb-col-d0aa0275-74f4-417f-958c-f700b753d69e>.advgb-column-inner{}@media screen and (max-width: 1023px) {#advgb-col-d0aa0275-74f4-417f-958c-f700b753d69e>.advgb-column-inner{}}@media screen and (max-width: 767px) {#advgb-col-d0aa0275-74f4-417f-958c-f700b753d69e>.advgb-column-inner{}}#advgb-cols-47cb820a-fdcb-4dad-850b-7b433b1acad0{}@media screen and (max-width: 1023px) {#advgb-cols-47cb820a-fdcb-4dad-850b-7b433b1acad0{}}@media screen and (max-width: 767px) {#advgb-cols-47cb820a-fdcb-4dad-850b-7b433b1acad0{}}#advgb-col-0da38e27-70e3-4b21-9e3a-73ed7010db42>.advgb-column-inner{}@media screen and (max-width: 1023px) {#advgb-col-0da38e27-70e3-4b21-9e3a-73ed7010db42>.advgb-column-inner{}}@media screen and (max-width: 767px) {#advgb-col-0da38e27-70e3-4b21-9e3a-73ed7010db42>.advgb-column-inner{}}#advgb-col-b3ab2a84-ad2a-45fe-bfce-0fec85780864>.advgb-column-inner{}@media screen and (max-width: 1023px) {#advgb-col-b3ab2a84-ad2a-45fe-bfce-0fec85780864>.advgb-column-inner{}}@media screen and (max-width: 767px) {#advgb-col-b3ab2a84-ad2a-45fe-bfce-0fec85780864>.advgb-column-inner{}}<\/style>","protected":false},"excerpt":{"rendered":"<p>About Lorem ipsum dolor sit amet, consectetur adipiscing elit, sed do eiusmod tempor incididunt ut labore et dolore magna aliqua. Ut enim ad minim veniam, quis nostrud exercitation ullamco laboris nisi ut aliquip ex ea commodo consequat. Duis aute irure dolor in reprehenderit in voluptate velit esse cillum dolore eu fugiat nulla pariatur. Excepteur sint<\/p>","protected":false},"author":1,"featured_media":0,"parent":0,"menu_order":0,"comment_status":"closed","ping_status":"closed","template":"","meta":{"advgb_blocks_editor_width":"","advgb_blocks_columns_visual_guide":""},"acf":[],"coauthors":[],"author_meta":{"author_link":"https:\/\/aims-senegal.org\/fr\/author\/chris\/","display_name":"chris"},"relative_dates":{"created":"Publi\u00e9 6 ans il y a","modified":"Mis \u00e0 jour 5 ans il y a"},"absolute_dates":{"created":"Publi\u00e9 le septembre 22, 2020","modified":"Mise \u00e0 jour le juin 10, 2021"},"absolute_dates_time":{"created":"Publi\u00e9 le septembre 22, 2020 9:58  ","modified":"Mise \u00e0 jour le juin 10, 2021 12:34  "},"featured_img_caption":"","featured_img":false,"series_order":"","_links":{"self":[{"href":"https:\/\/aims-senegal.org\/fr\/wp-json\/wp\/v2\/pages\/290"}],"collection":[{"href":"https:\/\/aims-senegal.org\/fr\/wp-json\/wp\/v2\/pages"}],"about":[{"href":"https:\/\/aims-senegal.org\/fr\/wp-json\/wp\/v2\/types\/page"}],"author":[{"embeddable":true,"href":"https:\/\/aims-senegal.org\/fr\/wp-json\/wp\/v2\/users\/1"}],"replies":[{"embeddable":true,"href":"https:\/\/aims-senegal.org\/fr\/wp-json\/wp\/v2\/comments?post=290"}],"version-history":[{"count":6,"href":"https:\/\/aims-senegal.org\/fr\/wp-json\/wp\/v2\/pages\/290\/revisions"}],"predecessor-version":[{"id":985,"href":"https:\/\/aims-senegal.org\/fr\/wp-json\/wp\/v2\/pages\/290\/revisions\/985"}],"wp:attachment":[{"href":"https:\/\/aims-senegal.org\/fr\/wp-json\/wp\/v2\/media?parent=290"}],"curies":[{"name":"wp","href":"https:\/\/api.w.org\/{rel}","templated":true}]}}