{"id":297,"date":"2020-09-22T10:47:56","date_gmt":"2020-09-22T10:47:56","guid":{"rendered":"https:\/\/aims-senegal.org\/?page_id=297"},"modified":"2024-07-01T11:55:27","modified_gmt":"2024-07-01T11:55:27","slug":"about-the-research-centre","status":"publish","type":"page","link":"https:\/\/aims-senegal.org\/fr\/about-the-research-centre\/","title":{"rendered":"\u00c0 propos du centre de recherche"},"content":{"rendered":"<div class=\"wp-block-cover is-light has-custom-content-position is-position-bottom-left pad-5\" style=\"min-height:600px\"><span aria-hidden=\"true\" class=\"wp-block-cover__background has-background-dim-30 has-background-dim\" style=\"background-color:#161228\"><\/span><img decoding=\"async\" loading=\"lazy\" width=\"1367\" height=\"1195\" class=\"wp-block-cover__image-background wp-image-5485\" alt=\"\" src=\"https:\/\/aims-senegal.org\/wp-content\/uploads\/sites\/2\/2023\/08\/MSY.jpg\" data-object-fit=\"cover\" srcset=\"https:\/\/aims-senegal.org\/wp-content\/uploads\/sites\/2\/2023\/08\/MSY.jpg 1367w, https:\/\/aims-senegal.org\/wp-content\/uploads\/sites\/2\/2023\/08\/MSY-300x262.jpg 300w, https:\/\/aims-senegal.org\/wp-content\/uploads\/sites\/2\/2023\/08\/MSY-1024x895.jpg 1024w, https:\/\/aims-senegal.org\/wp-content\/uploads\/sites\/2\/2023\/08\/MSY-768x671.jpg 768w, https:\/\/aims-senegal.org\/wp-content\/uploads\/sites\/2\/2023\/08\/MSY-14x12.jpg 14w\" sizes=\"(max-width: 1367px) 100vw, 1367px\" \/><div class=\"wp-block-cover__inner-container\">\n<h1>\u00c0 propos du centre de recherche<\/h1>\n<\/div><\/div>\n\n\n\n<div class=\"is-layout-flow wp-block-group pad-5\"><div class=\"wp-block-group__inner-container\">\n<h1>Aper\u00e7u<\/h1>\n\n\n\n<p>Le Centre de Recherche de l&#039;AIMS S\u00e9n\u00e9gal a vu le jour en 2013 avec la nomination du Professeur <a href=\"https:\/\/sites.google.com\/site\/faaleen\/home\">Mouhamed Moustapha Fall<\/a> as the German Research Chair in Mathematics and its Applications. Its mission was to conduct and foster exceptional research as well as national, continental and international collaborations.<\/p>\n\n\n\n<p>Since 2013, the Research Centre has welcomed more than 600 visitors to summer schools, winter schools, workshops, short research visits (1-2 weeks) and long-term research visits (2-4 weeks).  <\/p>\n\n\n\n<p>In addition to the Senegalese governement funding, the Research Centre at AIMS Senegal is supported by the\u00a0<strong>Minist\u00e8re f\u00e9d\u00e9ral allemand de l&#039;\u00e9ducation et de la recherche<\/strong>\u00a0via\u00a0the\u00a0<a href=\"http:\/\/www.humboldt-foundation.de\/web\/home.html\"><strong>Alexander\u00a0von Humboldt Foundation<\/strong><\/a>\u00a0et le\u00a0<a href=\"http:\/\/www.daad.de\/portrait\/index.en.html\"><strong>Service d&#039;\u00e9change universitaire allemand<\/strong><\/a>\u00a0(DAAD), <strong><a href=\"https:\/\/cnrs.fr\/fr\" data-type=\"URL\" data-id=\"https:\/\/cnrs.fr\/fr\">Scientific Research National Cente<\/a>r<\/strong> (CNRS). They act as partners in the project to promote networking between AIMS Senegal and Northen universities as well as with other AIMS centres.<\/p>\n\n\n\n<p><strong>Buts<\/strong><\/p>\n\n\n\n<p>\u00b7 Cr\u00e9er un environnement de recherche et fournir toutes les facilit\u00e9s d&#039;accompagnement;<\/p>\n\n\n\n<p>\u00b7 Int\u00e9grer la recherche \u00e0 la formation postuniversitaire et au d\u00e9veloppement de jeunes chercheurs;<\/p>\n\n\n\n<p>\u00b7 Offrir un espace aux math\u00e9maticiens pour travailler ensemble et interagir avec les chercheurs locaux et les \u00e9tudiants AIMS.<\/p>\n<\/div><\/div>\n\n\n\n<div class=\"wp-block-advgb-columns advgb-columns-wrapper\" id=\"advgb-cols-8e0a060f-c94e-4fc8-b0cc-ff5b213336c3\"><div class=\"advgb-columns-container\"><div class=\"advgb-columns advgb-columns-row advgb-is-mobile advgb-columns-2 layout-12-12 mbl-layout-stacked vgutter-10\">\n<div class=\"wp-block-advgb-column advgb-column advgb-is-half-tablet advgb-is-full-mobile\" id=\"advgb-col-79cfb071-6d0b-4884-97d8-ba8d2c69cbaa\"><div class=\"advgb-column-inner\" style=\"border-style:none;border-width:1px\">\n<div class=\"wp-block-cover is-light\" style=\"min-height:500px\"><span aria-hidden=\"true\" class=\"wp-block-cover__background has-background-dim-0 has-background-dim\"><\/span><img decoding=\"async\" loading=\"lazy\" width=\"1560\" height=\"2080\" class=\"wp-block-cover__image-background wp-image-3204\" alt=\"\" src=\"https:\/\/aims-senegal.org\/wp-content\/uploads\/sites\/2\/2021\/03\/Chaire_auto_x2.jpg\" style=\"object-position:46% 13%\" data-object-fit=\"cover\" data-object-position=\"46% 13%\" srcset=\"https:\/\/aims-senegal.org\/wp-content\/uploads\/sites\/2\/2021\/03\/Chaire_auto_x2.jpg 1560w, https:\/\/aims-senegal.org\/wp-content\/uploads\/sites\/2\/2021\/03\/Chaire_auto_x2-225x300.jpg 225w, https:\/\/aims-senegal.org\/wp-content\/uploads\/sites\/2\/2021\/03\/Chaire_auto_x2-768x1024.jpg 768w, https:\/\/aims-senegal.org\/wp-content\/uploads\/sites\/2\/2021\/03\/Chaire_auto_x2-1152x1536.jpg 1152w, https:\/\/aims-senegal.org\/wp-content\/uploads\/sites\/2\/2021\/03\/Chaire_auto_x2-1536x2048.jpg 1536w, https:\/\/aims-senegal.org\/wp-content\/uploads\/sites\/2\/2021\/03\/Chaire_auto_x2-9x12.jpg 9w\" sizes=\"(max-width: 1560px) 100vw, 1560px\" \/><div class=\"wp-block-cover__inner-container\">\n<p class=\"has-text-align-center has-large-font-size\"><\/p>\n<\/div><\/div>\n<\/div><\/div>\n\n\n\n<div class=\"wp-block-advgb-column advgb-column advgb-is-half-tablet advgb-is-full-mobile\" id=\"advgb-col-e83391c0-7078-4138-9d14-02866e6ba8d8\"><div class=\"advgb-column-inner\" style=\"border-style:none;border-width:1px\">\n<div class=\"is-layout-flow wp-block-group pad-5-10\"><div class=\"wp-block-group__inner-container\">\n<h2><\/h2>\n\n\n\n<div style=\"height:20px\" aria-hidden=\"true\" class=\"wp-block-spacer\"><\/div>\n<\/div><\/div>\n<\/div><\/div>\n<\/div><\/div><\/div>\n\n\n\n<div class=\"wp-block-advgb-columns advgb-columns-wrapper\" id=\"advgb-cols-40189c99-25a9-4c87-b488-314f4789cc0b\"><div class=\"advgb-columns-container\"><div class=\"advgb-columns advgb-columns-row advgb-is-mobile columns-valign-full advgb-columns-2 layout-12-12 mbl-layout-stacked vgutter-10\">\n<div class=\"wp-block-advgb-column advgb-column advgb-is-half-tablet advgb-is-full-mobile\" id=\"advgb-col-3a2bf837-2af2-47fd-9f41-e3c30d21323b\"><div class=\"advgb-column-inner\" style=\"border-style:none;border-width:1px\">\n<div class=\"is-layout-flow wp-block-group pad-5-10 has-white-background-color has-background\"><div class=\"wp-block-group__inner-container\">\n<h2>Boursiers de recherche<\/h2>\n\n\n\n<p>L&#039;AIMS S\u00e9n\u00e9gal accueille actuellement quatre doctorants et un post-doctorant.<\/p>\n\n\n\n<div style=\"height:20px\" aria-hidden=\"true\" class=\"wp-block-spacer\"><\/div>\n\n\n\n<div class=\"is-layout-flex wp-block-buttons\">\n<div class=\"wp-block-button bg-alt\"><a class=\"wp-block-button__link wp-element-button\" href=\"..\/research-fellows\/\">Lire la suite<\/a><\/div>\n<\/div>\n<\/div><\/div>\n<\/div><\/div>\n\n\n\n<div class=\"wp-block-advgb-column advgb-column advgb-is-half-tablet advgb-is-full-mobile\" id=\"advgb-col-670ca9b6-51c2-4665-8a4e-1575f98b87ed\"><div class=\"advgb-column-inner\" style=\"border-style:none;border-width:1px\">\n<div class=\"wp-block-cover is-light\" style=\"min-height:500px\"><span aria-hidden=\"true\" class=\"wp-block-cover__background has-background-dim-0 has-background-dim\"><\/span><img decoding=\"async\" loading=\"lazy\" width=\"2048\" height=\"1367\" class=\"wp-block-cover__image-background wp-image-299\" alt=\"\" src=\"https:\/\/aims-senegal.org\/wp-content\/uploads\/sites\/2\/2020\/09\/Amended-Layouts_Page_27_Image_0002.jpg\" data-object-fit=\"cover\" srcset=\"https:\/\/aims-senegal.org\/wp-content\/uploads\/sites\/2\/2020\/09\/Amended-Layouts_Page_27_Image_0002.jpg 2048w, https:\/\/aims-senegal.org\/wp-content\/uploads\/sites\/2\/2020\/09\/Amended-Layouts_Page_27_Image_0002-300x200.jpg 300w, https:\/\/aims-senegal.org\/wp-content\/uploads\/sites\/2\/2020\/09\/Amended-Layouts_Page_27_Image_0002-1024x684.jpg 1024w, https:\/\/aims-senegal.org\/wp-content\/uploads\/sites\/2\/2020\/09\/Amended-Layouts_Page_27_Image_0002-768x513.jpg 768w, https:\/\/aims-senegal.org\/wp-content\/uploads\/sites\/2\/2020\/09\/Amended-Layouts_Page_27_Image_0002-1536x1025.jpg 1536w\" sizes=\"(max-width: 2048px) 100vw, 2048px\" \/><div class=\"wp-block-cover__inner-container\">\n<p class=\"has-text-align-center has-large-font-size\"><\/p>\n<\/div><\/div>\n<\/div><\/div>\n<\/div><\/div><\/div>\n\n\n\n<div class=\"wp-block-advgb-columns advgb-columns-wrapper\" id=\"advgb-cols-539cb138-1981-4444-846f-7f4d8643836a\"><div class=\"advgb-columns-container\"><div class=\"advgb-columns advgb-columns-row advgb-is-mobile advgb-columns-2 layout-12-12 mbl-layout-stacked vgutter-10\">\n<div class=\"wp-block-advgb-column advgb-column advgb-is-half-tablet advgb-is-full-mobile\" id=\"advgb-col-11594899-43a4-42db-8932-4c0134853b77\"><div class=\"advgb-column-inner\" style=\"border-style:none;border-width:1px\">\n<div class=\"wp-block-cover is-light\" style=\"min-height:500px\"><span aria-hidden=\"true\" class=\"wp-block-cover__background has-background-dim-0 has-background-dim\"><\/span><img decoding=\"async\" loading=\"lazy\" width=\"2560\" height=\"1707\" class=\"wp-block-cover__image-background wp-image-2591\" alt=\"\" src=\"https:\/\/aims-senegal.org\/wp-content\/uploads\/sites\/2\/2021\/03\/Page-8-scaled.jpg\" style=\"object-position:58% 30%\" data-object-fit=\"cover\" data-object-position=\"58% 30%\" srcset=\"https:\/\/aims-senegal.org\/wp-content\/uploads\/sites\/2\/2021\/03\/Page-8-scaled.jpg 2560w, https:\/\/aims-senegal.org\/wp-content\/uploads\/sites\/2\/2021\/03\/Page-8-300x200.jpg 300w, https:\/\/aims-senegal.org\/wp-content\/uploads\/sites\/2\/2021\/03\/Page-8-1024x683.jpg 1024w, https:\/\/aims-senegal.org\/wp-content\/uploads\/sites\/2\/2021\/03\/Page-8-768x512.jpg 768w, https:\/\/aims-senegal.org\/wp-content\/uploads\/sites\/2\/2021\/03\/Page-8-1536x1024.jpg 1536w, https:\/\/aims-senegal.org\/wp-content\/uploads\/sites\/2\/2021\/03\/Page-8-2048x1365.jpg 2048w, https:\/\/aims-senegal.org\/wp-content\/uploads\/sites\/2\/2021\/03\/Page-8-16x12.jpg 16w\" sizes=\"(max-width: 2560px) 100vw, 2560px\" \/><div class=\"wp-block-cover__inner-container\">\n<p class=\"has-text-align-center has-large-font-size\"><\/p>\n<\/div><\/div>\n<\/div><\/div>\n\n\n\n<div class=\"wp-block-advgb-column advgb-column advgb-is-half-tablet advgb-is-full-mobile\" id=\"advgb-col-8926c804-6626-4c5e-9540-21c0f8bc32eb\"><div class=\"advgb-column-inner\" style=\"border-style:none;border-width:1px\">\n<div class=\"is-layout-flow wp-block-group pad-5-10\"><div class=\"wp-block-group__inner-container\">\n<h2>Conf\u00e9rences et ateliers de recherche<\/h2>\n\n\n\n<p>Le Centre de Recherche AIMS S\u00e9n\u00e9gal accueille r\u00e9guli\u00e8rement des conf\u00e9rences, des \u00e9coles de recherche et des ateliers pour favoriser les collaborations avec des institutions de recherche locales et internationales et \u00e9changer des opportunit\u00e9s d&#039;\u00e9change entre chercheurs seniors et juniors.<\/p>\n\n\n\n<div style=\"height:20px\" aria-hidden=\"true\" class=\"wp-block-spacer\"><\/div>\n\n\n\n<div class=\"is-layout-flex wp-block-buttons\">\n<div class=\"wp-block-button bg-alt\"><a class=\"wp-block-button__link wp-element-button\" href=\"..\/research-conferences-and-workshops-2\/\">Lire la suite<\/a><\/div>\n<\/div>\n<\/div><\/div>\n<\/div><\/div>\n<\/div><\/div><\/div>\n\n\n\n<div class=\"wp-block-advgb-columns advgb-columns-wrapper\" id=\"advgb-cols-d964e1d2-7ce1-4777-9962-cd4df4fb7592\"><div class=\"advgb-columns-container\"><div class=\"advgb-columns advgb-columns-row advgb-is-mobile columns-valign-full advgb-columns-2 layout-12-12 mbl-layout-stacked vgutter-10\">\n<div class=\"wp-block-advgb-column advgb-column advgb-is-half-tablet advgb-is-full-mobile\" id=\"advgb-col-1d6da5c3-9914-4088-9a4c-6fa170bcfd54\"><div class=\"advgb-column-inner\" style=\"border-style:none;border-width:1px\">\n<div class=\"is-layout-flow wp-block-group pad-5-10\"><div class=\"wp-block-group__inner-container\"><\/div><\/div>\n<\/div><\/div>\n\n\n\n<div class=\"wp-block-advgb-column advgb-column advgb-is-half-tablet advgb-is-full-mobile\" id=\"advgb-col-04602bec-e408-4820-9f58-12f8b7cacb90\"><div class=\"advgb-column-inner\" style=\"border-style:none;border-width:1px\">\n<div class=\"wp-block-cover is-light\" style=\"min-height:500px\"><span aria-hidden=\"true\" class=\"wp-block-cover__background has-background-dim-0 has-background-dim\"><\/span><img decoding=\"async\" loading=\"lazy\" width=\"736\" height=\"492\" class=\"wp-block-cover__image-background wp-image-248\" alt=\"\" src=\"https:\/\/aims-senegal.org\/wp-content\/uploads\/sites\/2\/2020\/09\/Amended-Layouts_Page_18_Image_0001.jpg\" data-object-fit=\"cover\" srcset=\"https:\/\/aims-senegal.org\/wp-content\/uploads\/sites\/2\/2020\/09\/Amended-Layouts_Page_18_Image_0001.jpg 736w, https:\/\/aims-senegal.org\/wp-content\/uploads\/sites\/2\/2020\/09\/Amended-Layouts_Page_18_Image_0001-300x201.jpg 300w\" sizes=\"(max-width: 736px) 100vw, 736px\" \/><div class=\"wp-block-cover__inner-container\">\n<p class=\"has-text-align-center has-large-font-size\"><\/p>\n<\/div><\/div>\n<\/div><\/div>\n<\/div><\/div><\/div>\n<style class=\"advgb-styles-renderer\">#advgb-cols-8e0a060f-c94e-4fc8-b0cc-ff5b213336c3{}@media screen and (max-width: 1023px) {#advgb-cols-8e0a060f-c94e-4fc8-b0cc-ff5b213336c3{}}@media screen and (max-width: 767px) {#advgb-cols-8e0a060f-c94e-4fc8-b0cc-ff5b213336c3{}}#advgb-col-79cfb071-6d0b-4884-97d8-ba8d2c69cbaa>.advgb-column-inner{}@media screen and (max-width: 1023px) {#advgb-col-79cfb071-6d0b-4884-97d8-ba8d2c69cbaa>.advgb-column-inner{}}@media screen and (max-width: 767px) {#advgb-col-79cfb071-6d0b-4884-97d8-ba8d2c69cbaa>.advgb-column-inner{}}#advgb-col-e83391c0-7078-4138-9d14-02866e6ba8d8>.advgb-column-inner{}@media screen and (max-width: 1023px) {#advgb-col-e83391c0-7078-4138-9d14-02866e6ba8d8>.advgb-column-inner{}}@media screen and (max-width: 767px) {#advgb-col-e83391c0-7078-4138-9d14-02866e6ba8d8>.advgb-column-inner{}}#advgb-cols-40189c99-25a9-4c87-b488-314f4789cc0b{}@media screen and (max-width: 1023px) {#advgb-cols-40189c99-25a9-4c87-b488-314f4789cc0b{}}@media screen and (max-width: 767px) {#advgb-cols-40189c99-25a9-4c87-b488-314f4789cc0b{}}#advgb-col-3a2bf837-2af2-47fd-9f41-e3c30d21323b>.advgb-column-inner{}@media screen and (max-width: 1023px) {#advgb-col-3a2bf837-2af2-47fd-9f41-e3c30d21323b>.advgb-column-inner{}}@media screen and (max-width: 767px) {#advgb-col-3a2bf837-2af2-47fd-9f41-e3c30d21323b>.advgb-column-inner{}}#advgb-col-670ca9b6-51c2-4665-8a4e-1575f98b87ed>.advgb-column-inner{}@media screen and (max-width: 1023px) {#advgb-col-670ca9b6-51c2-4665-8a4e-1575f98b87ed>.advgb-column-inner{}}@media screen and (max-width: 767px) {#advgb-col-670ca9b6-51c2-4665-8a4e-1575f98b87ed>.advgb-column-inner{}}#advgb-cols-539cb138-1981-4444-846f-7f4d8643836a{}@media screen and (max-width: 1023px) {#advgb-cols-539cb138-1981-4444-846f-7f4d8643836a{}}@media screen and (max-width: 767px) {#advgb-cols-539cb138-1981-4444-846f-7f4d8643836a{}}#advgb-col-11594899-43a4-42db-8932-4c0134853b77>.advgb-column-inner{}@media screen and (max-width: 1023px) {#advgb-col-11594899-43a4-42db-8932-4c0134853b77>.advgb-column-inner{}}@media screen and (max-width: 767px) {#advgb-col-11594899-43a4-42db-8932-4c0134853b77>.advgb-column-inner{}}#advgb-col-8926c804-6626-4c5e-9540-21c0f8bc32eb>.advgb-column-inner{}@media screen and (max-width: 1023px) {#advgb-col-8926c804-6626-4c5e-9540-21c0f8bc32eb>.advgb-column-inner{}}@media screen and (max-width: 767px) {#advgb-col-8926c804-6626-4c5e-9540-21c0f8bc32eb>.advgb-column-inner{}}#advgb-cols-d964e1d2-7ce1-4777-9962-cd4df4fb7592{}@media screen and (max-width: 1023px) {#advgb-cols-d964e1d2-7ce1-4777-9962-cd4df4fb7592{}}@media screen and (max-width: 767px) {#advgb-cols-d964e1d2-7ce1-4777-9962-cd4df4fb7592{}}#advgb-col-1d6da5c3-9914-4088-9a4c-6fa170bcfd54>.advgb-column-inner{}@media screen and (max-width: 1023px) {#advgb-col-1d6da5c3-9914-4088-9a4c-6fa170bcfd54>.advgb-column-inner{}}@media screen and (max-width: 767px) {#advgb-col-1d6da5c3-9914-4088-9a4c-6fa170bcfd54>.advgb-column-inner{}}#advgb-col-04602bec-e408-4820-9f58-12f8b7cacb90>.advgb-column-inner{}@media screen and (max-width: 1023px) {#advgb-col-04602bec-e408-4820-9f58-12f8b7cacb90>.advgb-column-inner{}}@media screen and (max-width: 767px) {#advgb-col-04602bec-e408-4820-9f58-12f8b7cacb90>.advgb-column-inner{}}<\/style>","protected":false},"excerpt":{"rendered":"<p>Overview The Research Centre at AIMS Senegal came into existence in 2013 with the appointment of Professor Mouhamed Moustapha Fall as the German Research Chair in Mathematics and its Applications. Its mission was to conduct and foster exceptional research as well as national, continental and international collaborations. Since 2013, the Research Centre has welcomed more<\/p>","protected":false},"author":1,"featured_media":0,"parent":0,"menu_order":0,"comment_status":"closed","ping_status":"closed","template":"","meta":{"advgb_blocks_editor_width":"","advgb_blocks_columns_visual_guide":""},"acf":[],"coauthors":[],"author_meta":{"author_link":"https:\/\/aims-senegal.org\/fr\/author\/chris\/","display_name":"chris"},"relative_dates":{"created":"Publi\u00e9 6 ans il y a","modified":"Mis \u00e0 jour 2 ans il y a"},"absolute_dates":{"created":"Publi\u00e9 le septembre 22, 2020","modified":"Mise \u00e0 jour le juillet 1, 2024"},"absolute_dates_time":{"created":"Publi\u00e9 le septembre 22, 2020 10:47  ","modified":"Mise \u00e0 jour le juillet 1, 2024 11:55  "},"featured_img_caption":"","featured_img":false,"series_order":"","_links":{"self":[{"href":"https:\/\/aims-senegal.org\/fr\/wp-json\/wp\/v2\/pages\/297"}],"collection":[{"href":"https:\/\/aims-senegal.org\/fr\/wp-json\/wp\/v2\/pages"}],"about":[{"href":"https:\/\/aims-senegal.org\/fr\/wp-json\/wp\/v2\/types\/page"}],"author":[{"embeddable":true,"href":"https:\/\/aims-senegal.org\/fr\/wp-json\/wp\/v2\/users\/1"}],"replies":[{"embeddable":true,"href":"https:\/\/aims-senegal.org\/fr\/wp-json\/wp\/v2\/comments?post=297"}],"version-history":[{"count":24,"href":"https:\/\/aims-senegal.org\/fr\/wp-json\/wp\/v2\/pages\/297\/revisions"}],"predecessor-version":[{"id":6937,"href":"https:\/\/aims-senegal.org\/fr\/wp-json\/wp\/v2\/pages\/297\/revisions\/6937"}],"wp:attachment":[{"href":"https:\/\/aims-senegal.org\/fr\/wp-json\/wp\/v2\/media?parent=297"}],"curies":[{"name":"wp","href":"https:\/\/api.w.org\/{rel}","templated":true}]}}