{"id":30,"date":"2020-09-19T14:31:15","date_gmt":"2020-09-19T14:31:15","guid":{"rendered":"https:\/\/aims-senegal.org\/?page_id=30"},"modified":"2024-05-20T13:47:04","modified_gmt":"2024-05-20T13:47:04","slug":"home","status":"publish","type":"page","link":"https:\/\/aims-senegal.org\/fr\/","title":{"rendered":"Accueil"},"content":{"rendered":"<div id=\"front-page-splash\"> \n\n\n<div id=\"main-carousel\" class=\"carousel slide\" data-ride=\"carousel\">\n    <div class=\"slider-overlay\" style=\"z-index: 1\"><\/div>\n    <div class=\"video-container\">\n        <video autoplay muted loop id=\"myVideo\">\n            <source src=\"https:\/\/aims-senegal.org\/wp-content\/uploads\/sites\/2\/2021\/03\/campus02.mp4\" type=\"video\/mp4\">\n        <\/video>\n    <\/div>\n    <div class=\"carousel-inner\">\n        <div class=\"carousel-item active img-bg\">\n            <div class=\"img-bg header-banner\">\n                <h1 class=\"white-text\">Nous croyons que le prochain Einstein sera africain<\/h1>\n            <\/div>\n        <\/div>\n    <\/div>\n<\/div>\n\n\n<\/div>\n\n\n\n<div class=\"is-layout-flow wp-block-group pad-5\"><div class=\"wp-block-group__inner-container\">\n<div class=\"wp-block-advgb-columns advgb-columns-wrapper\" id=\"advgb-cols-0f9ba70c-d351-499d-b357-c3cdf3b8a743\"><div class=\"advgb-columns-container\"><div class=\"advgb-columns advgb-columns-row advgb-is-mobile advgb-columns-2 layout-13-23 mbl-layout-stacked vgutter-10\">\n<div class=\"wp-block-advgb-column advgb-column advgb-is-one-third-tablet advgb-is-full-mobile\" id=\"advgb-col-3c1e6a35-d5e8-4b29-9ec7-689ef36d385c\"><div class=\"advgb-column-inner\" style=\"border-style:none;border-width:1px\">\n<h2>Pourquoi AIMS?<\/h2>\n<\/div><\/div>\n\n\n\n<div class=\"wp-block-advgb-column advgb-column advgb-is-two-thirds-tablet advgb-is-full-mobile is-relative pad-5-no-top\" id=\"advgb-col-a974c01e-cf21-4d42-b001-90bba4414c3f\"><div class=\"advgb-column-inner\" style=\"border-style:none;border-width:1px\">\n<p>L'Institut Africain des Sciences Math\u00e9matiques (AIMS) est un r\u00e9seau panafricain de centres d'excellence pour la formation postuniversitaire en sciences math\u00e9matiques, la recherche et l'engagement du public dans les sciences, la technologie, l'ing\u00e9nierie et les math\u00e9matiques (STEM). AIMS permet aux \u00e9tudiants talentueux d'Afrique de devenir des innovateurs, favorisant l'autosuffisance scientifique, \u00e9ducative et \u00e9conomique du continent.<\/p>\n\n\n\n<div class=\"wp-block-advgb-button alignnone\"><a class=\"wp-block-advgb-button_link advgbbtn-32fecd45-f5d4-423c-a9ed-afdca5f73b76\" href=\"https:\/\/aims-senegal.org\/fr\/alumni-testimonials\/\" target=\"_blank\" rel=\"noopener noreferrer\"><span>Success Stories<\/span><\/a><\/div>\n\n\n\n<div style=\"height:40px;width:6px;background-color:#d46428\"> <\/div>\n<\/div><\/div>\n<\/div><\/div><\/div>\n\n\n\n<p><\/p>\n<\/div><\/div>\n\n\n\n<div class=\"is-layout-flow wp-block-group pad-5 bg-alt\"><div class=\"wp-block-group__inner-container\">\n<h2 class=\"has-white-color has-text-color\">Nouvelles<\/h2>\n\n\n\n<div style=\"height:20px\" aria-hidden=\"true\" class=\"wp-block-spacer\"><\/div>\n\n\n     \n\n\n\n\n\n<div class=\"container-fluid\">\n\n    <div class=\"row mx-auto my-auto\">\n        <div id=\"newsCarousel\" class=\"carousel is-relative slide w-100\" data-ride=\"carousel\">\n              <a class=\"carousel-control-prev\" href=\"#newsCarousel\" role=\"button\" data-slide=\"prev\">\n                <span class=\"carousel-control-prev-icon\" aria-hidden=\"true\"><\/span>\n                <span class=\"sr-only\">Pr\u00e9c\u00e9dent<\/span>\n            <\/a>\n            <a class=\"carousel-control-next\" href=\"#newsCarousel\" role=\"button\" data-slide=\"next\">\n                <span class=\"carousel-control-next-icon\" aria-hidden=\"true\"><\/span>\n                <span class=\"sr-only\">Suivant<\/span>\n            <\/a>\n            <div class=\"carousel-inner is-relative w-100\" >\n       \n   \n\n\n\n\n\n\n    \n\n <div class=\"carousel-item\">\n<div class=\"col-md-6 col-lg-4 blog-card\"><div class=\"blog-card-inner shadow25\">\n\n\n\n\n    <div class=\"blog-card-top img-bg\" style=\"background-image: url(https:\/\/aims-senegal.org\/wp-content\/uploads\/sites\/2\/2026\/04\/WhatsApp-Image-2026-04-03-at-4.01.52-PM-1.jpeg )\"> <div class=\"article-tag post\">  <\/div><\/div>\n\n\n\n<div class=\"blog-card-bottom pad-5\"> \n\n    <h3 class=\"center-text\"> Consolider les liens : Visite de l&#8217;AIMS \u00e0 l&#8217;Ambassade du S\u00e9n\u00e9gal \u00e0 Banjul <\/h3>\n    \n     <p>Pour cl\u00f4turer notre mission en Gambie, l&#8217;\u00e9quipe de l&#8217;AIMS a eu le privil\u00e8ge d&#8217;\u00eatre re\u00e7ue \u00e0 l&#8217;Ambassade du S\u00e9n\u00e9gal par S.E. l&#8217;Ambassadrice Mariama Sy. Cette rencontre a donn\u00e9 lieu \u00e0&#8230;<\/p>                <a data-no-translation aria-label=\"Consolider\" les liens : visite de l&#8217;aims \u00e0 l&#8217;ambassade du s\u00e9n\u00e9gal banjul href =\"https:\/\/aims-senegal.org\/fr\/consolider-les-liens-visite-de-laims-a-lambassade-du-senegal-a-banjul\/\" title='Read Full Article' class='link-button'> Read More <\/a>\n\n\n\n<\/div>\n\n\n\n<\/div><\/div>\n<\/div>\n\n\n\n\n  \n    \n\n <div class=\"carousel-item\">\n<div class=\"col-md-6 col-lg-4 blog-card\"><div class=\"blog-card-inner shadow25\">\n\n\n\n\n    <div class=\"blog-card-top img-bg\" style=\"background-image: url(https:\/\/aims-senegal.org\/wp-content\/uploads\/sites\/2\/2026\/04\/WhatsApp-Image-2026-04-03-at-8.46.04-PM-1.jpeg )\"> <div class=\"article-tag post\">  <\/div><\/div>\n\n\n\n<div class=\"blog-card-bottom pad-5\"> \n\n    <h3 class=\"center-text\"> Renforcement de l&#8217;\u00e9cosyst\u00e8me scientifique : Mission de haut niveau de l&#8217;AIMS S\u00e9n\u00e9gal en Gambie <\/h3>\n    \n     <p>Nous avons le plaisir d&#8217;annoncer la conclusion d&#8217;une mission strat\u00e9gique en Gambie, visant \u00e0 renforcer l\u2019\u00e9cosyst\u00e8me des sciences math\u00e9matiques. Sous la direction de l&#8217;Honorable Ministre Pr. Pierre Gomez et du&#8230;<\/p>                <a data-no-translation aria-label=\"Renforcement\" de l&#8217;\u00e9cosyst\u00e8me scientifique : mission haut niveau l&#8217;aims s\u00e9n\u00e9gal en gambie href =\"https:\/\/aims-senegal.org\/fr\/renforcement-de-lecosysteme-scientifique-mission-de-haut-niveau-de-laims-senegal-en-gambie\/\" title =\"Read Full Article\" class='link-button'> Read More <\/a>\n\n\n\n<\/div>\n\n\n\n<\/div><\/div>\n<\/div>\n\n\n\n\n  \n    \n\n <div class=\"carousel-item\">\n<div class=\"col-md-6 col-lg-4 blog-card\"><div class=\"blog-card-inner shadow25\">\n\n\n\n\n    <div class=\"blog-card-top img-bg\" style=\"background-image: url(https:\/\/aims-senegal.org\/wp-content\/uploads\/sites\/2\/2026\/04\/visit_isreal.jpg )\"> <div class=\"article-tag post\">  <\/div><\/div>\n\n\n\n<div class=\"blog-card-bottom pad-5\"> \n\n    <h3 class=\"center-text\"> Renforcement de la coop\u00e9ration scientifique : AIMS S\u00e9n\u00e9gal re\u00e7u par l\u2019Ambassadeur d\u2019Isra\u00ebl \u00e0 Dakar <\/h3>\n    \n     <p>Faisant suite \u00e0 la visite strat\u00e9gique du 5 novembre dernier au Centre d&#8217;Excellence de Mbour par Mme Noam Delgo Aviram, Cheffe adjointe de mission, une nouvelle \u00e9tape a \u00e9t\u00e9 franchie&#8230;<\/p>                <a data-no-translation aria-label=\"Renforcement\" de la coop\u00e9ration scientifique : aims s\u00e9n\u00e9gal re\u00e7u par l\u2019ambassadeur d\u2019isra\u00ebl \u00e0 dakar href='https:\/\/aims-senegal.org\/fr\/renforcement-de-la-cooperation-scientifique-aims-senegal-recu-par-lambassadeur-disrael-a-dakar\/' title='Read Full Article' class=\"link-button\"> Read More <\/a>\n\n\n\n<\/div>\n\n\n\n<\/div><\/div>\n<\/div>\n\n\n\n\n  \n    \n\n <div class=\"carousel-item\">\n<div class=\"col-md-6 col-lg-4 blog-card\"><div class=\"blog-card-inner shadow25\">\n\n\n\n\n    <div class=\"blog-card-top img-bg\" style=\"background-image: url(https:\/\/aims-senegal.org\/wp-content\/uploads\/sites\/2\/2026\/04\/Hackathon___.jpg )\"> <div class=\"article-tag post\">  <\/div><\/div>\n\n\n\n<div class=\"blog-card-bottom pad-5\"> \n\n    <h3 class=\"center-text\"> <strong>Hackathon de l&#8217;innovation scientifique<\/strong> <\/h3>\n    \n     <p>Trois jours d\u2019\u00e9nergie, de cr\u00e9ativit\u00e9 et d\u2019ambition au service de l&#8217;Afrique ! Du 28 au 30 novembre 2025, notre Centre d&#8217;Excellence a vibr\u00e9 au rythme de l\u2019ing\u00e9niosit\u00e9. Des \u00e9quipes passionn\u00e9es&#8230;<\/p>                <a data-no-translation aria-label=\"<strong\">Hackathon de l&#8217;innovation scientifique<\/strong> href=&#8217;https:\/\/aims-senegal.org\/fr\/hackathon-de-linnovation-scientifique\/&#8217; aria-label=&#8221;<strong>Hackathon de l&#8217;innovation scientifique<\/strong>&#8221; title=&#8217;Read Full Article&#8217; class=link-button> Read More <\/a>\n\n\n\n<\/div>\n\n\n\n<\/div><\/div>\n<\/div>\n\n\n\n\n  \n    \n\n <div class=\"carousel-item\">\n<div class=\"col-md-6 col-lg-4 blog-card\"><div class=\"blog-card-inner shadow25\">\n\n\n\n\n    <div class=\"blog-card-top img-bg\" style=\"background-image: url(https:\/\/aims-senegal.org\/wp-content\/uploads\/sites\/2\/2026\/04\/Aby.jpg )\"> <div class=\"article-tag post\">  <\/div><\/div>\n\n\n\n<div class=\"blog-card-bottom pad-5\"> \n\n    <h3 class=\"center-text\"> <strong>Lancement Officiel de AIMS J\u00ebmmal Incubator<\/strong> <\/h3>\n    \n     <p>Le lundi 15 d\u00e9cembre 2025 restera une date historique avec l\u2019inauguration officielle de son incubateur : AIMS J\u00ebmmal Incubator. Cette initiative marque un tournant strat\u00e9gique dans notre mission de soutien&#8230;<\/p>                <a data-no-translation aria-label=\"<strong\">Lancement Officiel de AIMS J\u00ebmmal Incubator<\/strong> href=&#8217;https:\/\/aims-senegal.org\/fr\/lancement-officiel-de-aims-jemmal-incubator\/&#8217; aria-label=&#8221;<strong>Lancement Officiel de AIMS J\u00ebmmal Incubator<\/strong>&#8221; title=&#8217;Read Full Article&#8217; class=link-button> Read More <\/a>\n\n\n\n<\/div>\n\n\n\n<\/div><\/div>\n<\/div>\n\n\n\n\n  \n    \n\n <div class=\"carousel-item\">\n<div class=\"col-md-6 col-lg-4 blog-card\"><div class=\"blog-card-inner shadow25\">\n\n\n\n\n    <div class=\"blog-card-top img-bg\" style=\"background-image: url(https:\/\/aims-senegal.org\/wp-content\/uploads\/sites\/2\/2026\/04\/Visite.jpg )\"> <div class=\"article-tag post\">  <\/div><\/div>\n\n\n\n<div class=\"blog-card-bottom pad-5\"> \n\n    <h3 class=\"center-text\"> Visite du Pr. Pierre Gomez, Ministre de l\u2019Enseignement sup\u00e9rieur de la Gambie, \u00e0 l\u2019AIMS S\u00e9n\u00e9gal <\/h3>\n    \n     <p>Ce mercredi 10 d\u00e9cembre 2025, notre Centre d&#8217;excellence de Mbour a eu l\u2019immense honneur d\u2019accueillir une d\u00e9l\u00e9gation de haut rang conduite par le Professeur Pierre Gomez, l&#8217;honorable Ministre de l\u2019Enseignement&#8230;<\/p>                <a data-no-translation aria-label=\"Visite\" du pr. pierre gomez, ministre de l\u2019enseignement sup\u00e9rieur la gambie, \u00e0 l\u2019aims s\u00e9n\u00e9gal href =\"https:\/\/aims-senegal.org\/fr\/visite-du-pr-pierre-gomez-ministre-de-lenseignement-superieur-de-la-gambie-a-laims-senegal\/\" title='Read Full Article' class='link-button'> Read More <\/a>\n\n\n\n<\/div>\n\n\n\n<\/div><\/div>\n<\/div>\n\n\n\n\n  \n      \n\n\n\n            <\/div>\n         \n        <\/div>\n    <\/div>\n<\/div>\n\n\n\n\n\n\n<p><\/p>\n<\/div><\/div>\n\n\n\n<div class=\"is-layout-flow wp-block-group pad-5\"><div class=\"wp-block-group__inner-container\">\n<h2>\u00c9v\u00e9nements<\/h2>\n\n\n\n<div style=\"height:20px\" aria-hidden=\"true\" class=\"wp-block-spacer\"><\/div>\n\n\n     \n\n\n\n\n\n<div class=\"container-fluid\">\n\n    <div class=\"row mx-auto my-auto\">\n        <div id=\"eventCarousel\" class=\"carousel is-relative slide w-100\" data-ride=\"carousel\">\n              <a class=\"carousel-control-prev\" href=\"#eventCarousel\" role=\"button\" data-slide=\"prev\">\n                <span class=\"carousel-control-prev-icon\" aria-hidden=\"true\"><\/span>\n                <span class=\"sr-only\">Pr\u00e9c\u00e9dent<\/span>\n            <\/a>\n            <a class=\"carousel-control-next\" href=\"#eventCarousel\" role=\"button\" data-slide=\"next\">\n                <span class=\"carousel-control-next-icon bg-dark border border-dark rounded-circle\" aria-hidden=\"true\"><\/span>\n                <span class=\"sr-only\">Suivant<\/span>\n            <\/a>\n            <div class=\"carousel-inner is-relative w-100\" role=\"listbox\">\n       \n   \n\n\n\n\n\n\n    \n\n <div class=\"carousel-item\">\n<div class=\"col-md-4  event-card\">\n<div class=\"blog-card-inner shadow\"><div class=\"event-card-top img-bg\" style=\"background-image: url(https:\/\/aims-senegal.org\/wp-content\/uploads\/sites\/2\/2026\/04\/Worshopwinam_final_version-1.png )\"> <div class=\"article-tag\">  <\/div><\/div>\n\n<div class=\"event-card-bottom pad-5 bg-primary\"> \n\n   <a href='https:\/\/aims-senegal.org\/fr\/event\/women-in-applied-mathematics-workshop\/'> <h5 class=\"white-text\"> Women in Applied Mathematics Workshop <\/h5><\/a>\n    \n<div class=\"event-meta\">     <i class=\"fa fa-map-marker\"> <\/i> <span><strong>AIMS Sebegal<\/strong><\/span> <\/div>\n\n    <div class=\"event-meta\"> <i class=\"fa fa-calendar\"> <\/i> <span>20260411 &#8211; 20260411<\/span><\/div>\n    <div class=\"event-meta\"> <i class=\"fa fa-clock-o\"> <\/i> <span>09:00:00 &#8211; 18:00:00<\/span> <\/div>\n               <\/div>               \n\n\n<\/div>\n\n\n\n\n<\/div><\/div>\n\n\n\n  \n    \n\n <div class=\"carousel-item\">\n<div class=\"col-md-4  event-card\">\n<div class=\"blog-card-inner shadow\"><div class=\"event-card-top img-bg\" style=\"background-image: url(https:\/\/aims-senegal.org\/wp-content\/uploads\/sites\/2\/2025\/11\/Screenshot-from-2025-10-24-10-17-10.png )\"> <div class=\"article-tag\">  <\/div><\/div>\n\n<div class=\"event-card-bottom pad-5 bg-primary\"> \n\n   <a href='https:\/\/aims-senegal.org\/fr\/event\/aparc-wcrp-workshop-and-training-school-on-ai-for-climate-and-weather-forecast\/'> <h5 class=\"white-text\"> APARC\/WCRP Workshop and Training School on AI for Climate and Weather Forecast. <\/h5><\/a>\n    \n<div class=\"event-meta\">     <i class=\"fa fa-map-marker\"> <\/i> <span><strong>AIMS SENEGAL<\/strong><\/span> <\/div>\n\n    <div class=\"event-meta\"> <i class=\"fa fa-calendar\"> <\/i> <span>20251124 &#8211; 20251128<\/span><\/div>\n    <div class=\"event-meta\"> <i class=\"fa fa-clock-o\"> <\/i> <span>09:00:00 &#8211; 17:00:00<\/span> <\/div>\n               <\/div>               \n\n\n<\/div>\n\n\n\n\n<\/div><\/div>\n\n\n\n  \n    \n\n <div class=\"carousel-item\">\n<div class=\"col-md-4  event-card\">\n<div class=\"blog-card-inner shadow\"><div class=\"event-card-top img-bg\" style=\"background-image: url(https:\/\/aims-senegal.org\/wp-content\/uploads\/sites\/2\/2025\/05\/Affiche-Worshop-1.jpg )\"> <div class=\"article-tag\">  <\/div><\/div>\n\n<div class=\"event-card-bottom pad-5 bg-primary\"> \n\n   <a href='https:\/\/aims-senegal.org\/fr\/event\/geometrique-algebrique-et-geometrie-complexe\/'> <h5 class=\"white-text\"> G\u00e9om\u00e9trique Alg\u00e9brique et G\u00e9om\u00e9trie Complexe <\/h5><\/a>\n    \n<div class=\"event-meta\">     <i class=\"fa fa-map-marker\"> <\/i> <span><strong>AIMS SENEGAL<\/strong><\/span> <\/div>\n\n    <div class=\"event-meta\"> <i class=\"fa fa-calendar\"> <\/i> <span>20250623 &#8211; 20250627<\/span><\/div>\n    <div class=\"event-meta\"> <i class=\"fa fa-clock-o\"> <\/i> <span>09:00:00 &#8211; 17:00:00<\/span> <\/div>\n               <\/div>               \n\n\n<\/div>\n\n\n\n\n<\/div><\/div>\n\n\n\n  \n    \n\n <div class=\"carousel-item\">\n<div class=\"col-md-4  event-card\">\n<div class=\"blog-card-inner shadow\"><div class=\"event-card-top img-bg\" style=\"background-image: url(https:\/\/aims-senegal.org\/wp-content\/uploads\/sites\/2\/2025\/05\/AIMS-SENEGAL-ALUMNI-MEET-UP-2025-EDITION.jpeg )\"> <div class=\"article-tag\">  <\/div><\/div>\n\n<div class=\"event-card-bottom pad-5 bg-primary\"> \n\n   <a href='https:\/\/aims-senegal.org\/fr\/event\/alumni-meet-up-2025-edition\/'> <h5 class=\"white-text\"> ALUMNI MEET UP 2025 EDITION <\/h5><\/a>\n    \n<div class=\"event-meta\">     <i class=\"fa fa-map-marker\"> <\/i> <span><strong> Jet Caf\u00e9 Beach Almadies, Dakar<\/strong><\/span> <\/div>\n\n    <div class=\"event-meta\"> <i class=\"fa fa-calendar\"> <\/i> <span>20250516 &#8211; 20250516<\/span><\/div>\n    <div class=\"event-meta\"> <i class=\"fa fa-clock-o\"> <\/i> <span>17:00:00 &#8211; 20:00:00<\/span> <\/div>\n               <\/div>               \n\n\n<\/div>\n\n\n\n\n<\/div><\/div>\n\n\n\n  \n    \n\n <div class=\"carousel-item\">\n<div class=\"col-md-4  event-card\">\n<div class=\"blog-card-inner shadow\"><div class=\"event-card-top img-bg\" style=\"background-image: url(https:\/\/aims-senegal.org\/wp-content\/uploads\/sites\/2\/2024\/11\/IMG-20241030-WA0039.jpg )\"> <div class=\"article-tag\">  <\/div><\/div>\n\n<div class=\"event-card-bottom pad-5 bg-primary\"> \n\n   <a href='https:\/\/aims-senegal.org\/fr\/event\/workshop-geometrie-differentielle-a-aims-senegal-2\/'> <h5 class=\"white-text\"> Workshop &#8220;G\u00e9om\u00e9trie diff\u00e9rentielle \u00e0 AIMS-S\u00e9n\u00e9gal&#8221; <\/h5><\/a>\n    \n<div class=\"event-meta\">     <i class=\"fa fa-map-marker\"> <\/i> <span><strong>AIMS SENEGAL<\/strong><\/span> <\/div>\n\n    <div class=\"event-meta\"> <i class=\"fa fa-calendar\"> <\/i> <span>20241028 &#8211; 20241101<\/span><\/div>\n    <div class=\"event-meta\"> <i class=\"fa fa-clock-o\"> <\/i> <span> &#8211; <\/span> <\/div>\n               <\/div>               \n\n\n<\/div>\n\n\n\n\n<\/div><\/div>\n\n\n\n  \n    \n\n <div class=\"carousel-item\">\n<div class=\"col-md-4  event-card\">\n<div class=\"blog-card-inner shadow\"><div class=\"event-card-top img-bg\" style=\"background-image: url(https:\/\/aims-senegal.org\/wp-content\/uploads\/sites\/2\/2024\/04\/Navy-and-White-Modern-Public-Speaking-Workshop-Flyer-6.jpg )\"> <div class=\"article-tag\">  <\/div><\/div>\n\n<div class=\"event-card-bottom pad-5 bg-primary\"> \n\n   <a href='https:\/\/aims-senegal.org\/fr\/event\/pdes-randomness\/'> <h5 class=\"white-text\"> PDEs &amp; Randomness <\/h5><\/a>\n    \n<div class=\"event-meta\">     <i class=\"fa fa-map-marker\"> <\/i> <span><strong>AIMS S\u00e9n\u00e9gal<\/strong><\/span> <\/div>\n\n    <div class=\"event-meta\"> <i class=\"fa fa-calendar\"> <\/i> <span>20240701 &#8211; 20240707<\/span><\/div>\n    <div class=\"event-meta\"> <i class=\"fa fa-clock-o\"> <\/i> <span> &#8211; <\/span> <\/div>\n               <\/div>               \n\n\n<\/div>\n\n\n\n\n<\/div><\/div>\n\n\n\n  \n      \n\n\n\n            <\/div>\n         \n        <\/div>\n    <\/div>\n<\/div>\n\n\n\n<\/div><\/div>\n\n\n\n<div class=\"wp-block-advgb-columns advgb-columns-wrapper\" id=\"advgb-cols-2040f27d-e1cc-4b0e-9293-3d77d273f75b\"><div class=\"advgb-columns-container\"><div class=\"advgb-columns advgb-columns-row advgb-is-mobile advgb-columns-2 layout-12-12 mbl-layout-stacked vgutter-10\">\n<div class=\"wp-block-advgb-column advgb-column advgb-is-half-tablet advgb-is-full-mobile\" id=\"advgb-col-caad49b4-a6b6-4ade-814b-54b5320246ee\"><div class=\"advgb-column-inner\" style=\"border-style:none;border-width:1px\">\n<div class=\"wp-block-cover\"><span aria-hidden=\"true\" class=\"wp-block-cover__background has-background-dim-70 has-background-dim\" style=\"background-color:#161228\"><\/span><img decoding=\"async\" class=\"wp-block-cover__image-background wp-image-10000040\" alt=\"\" src=\"http:\/\/www.maison-interactive.com\/aimsportal\/senegal\/wp-content\/uploads\/2020\/09\/African-Institute-for-Mathematical-Sciences-AIMS-Our-story.jpg\" data-object-fit=\"cover\" srcset=\"https:\/\/aims-senegal.org\/wp-content\/uploads\/2020\/09\/African-Institute-for-Mathematical-Sciences-AIMS-Our-story.jpg 1600w, https:\/\/aims-senegal.org\/wp-content\/uploads\/2020\/09\/African-Institute-for-Mathematical-Sciences-AIMS-Our-story-300x200.jpg 300w, https:\/\/aims-senegal.org\/wp-content\/uploads\/2020\/09\/African-Institute-for-Mathematical-Sciences-AIMS-Our-story-1024x683.jpg 1024w, https:\/\/aims-senegal.org\/wp-content\/uploads\/2020\/09\/African-Institute-for-Mathematical-Sciences-AIMS-Our-story-768x512.jpg 768w, https:\/\/aims-senegal.org\/wp-content\/uploads\/2020\/09\/African-Institute-for-Mathematical-Sciences-AIMS-Our-story-1536x1024.jpg 1536w\" sizes=\"(max-width: 1600px) 100vw, 1600px\" \/><div class=\"wp-block-cover__inner-container\">\n<!-- Custom Twitter Feeds by Smash Balloon -->\n<div id=\"ctf\" class=\"ctf ctf-type-usertimeline ctf-rebranded ctf-feed-1  ctf-styles ctf-list ctf-regular-style\"   data-ctfshortcode=\"{&quot;feed&quot;:1}\"   data-ctfdisablelinks=\"false\" data-ctflinktextcolor=\"#\" data-header-size=\"small\" data-feedid=\"1\" data-postid=\"30\"  data-feed=\"1\" data-ctfintents=\"1\"  data-ctfneeded=\"0\">\n            <div id=\"ctf\" class=\"ctf\">\n            <div class=\"ctf-error\">\n                <div class=\"ctf-error-user\">\n\t\t\t\t\tLe flux Twitter n\u2019est pas disponible pour le moment.                <\/div>\n            <\/div>\n        <\/div>\n\t\t    <div class=\"ctf-tweets\">\n   \t\t    <\/div>\n    \n<\/div>\n\n<\/div><\/div>\n<\/div><\/div>\n\n\n\n<div class=\"wp-block-advgb-column advgb-column advgb-is-half-tablet advgb-is-full-mobile\" id=\"advgb-col-0350ad0e-a925-4403-a8de-99d42d844703\"><div class=\"advgb-column-inner\" style=\"border-style:none;border-width:1px\">\n<div class=\"is-layout-flow wp-block-group pad-5 bg-alt\"><div class=\"wp-block-group__inner-container\">\n<h2 class=\"has-text-align-center has-white-color has-text-color\">Abonnez-vous \u00e0 notre newsletter<\/h2>\n\n\n\n<div style=\"height:25px\" aria-hidden=\"true\" class=\"wp-block-spacer\"><\/div>\n\n\n<\/div><\/div>\n<\/div><\/div>\n<\/div><\/div><\/div>\n\n\n\n<p><\/p>\n<style class=\"advgb-styles-renderer\">#advgb-cols-0f9ba70c-d351-499d-b357-c3cdf3b8a743{}@media screen and (max-width: 1023px) {#advgb-cols-0f9ba70c-d351-499d-b357-c3cdf3b8a743{}}@media screen and (max-width: 767px) {#advgb-cols-0f9ba70c-d351-499d-b357-c3cdf3b8a743{}}#advgb-col-3c1e6a35-d5e8-4b29-9ec7-689ef36d385c>.advgb-column-inner{}@media screen and (max-width: 1023px) {#advgb-col-3c1e6a35-d5e8-4b29-9ec7-689ef36d385c>.advgb-column-inner{}}@media screen and (max-width: 767px) {#advgb-col-3c1e6a35-d5e8-4b29-9ec7-689ef36d385c>.advgb-column-inner{}}#advgb-col-a974c01e-cf21-4d42-b001-90bba4414c3f>.advgb-column-inner{}@media screen and (max-width: 1023px) {#advgb-col-a974c01e-cf21-4d42-b001-90bba4414c3f>.advgb-column-inner{}}@media screen and (max-width: 767px) {#advgb-col-a974c01e-cf21-4d42-b001-90bba4414c3f>.advgb-column-inner{}}.advgbbtn-32fecd45-f5d4-423c-a9ed-afdca5f73b76{font-size:18px;color:#fff !important;background-color:#d46428 !important;margin:0px 0px 0px 0px !important;padding:10px 30px 10px 30px;border-width:1px !important;border-style:none;border-radius:0px !important;}.advgbbtn-32fecd45-f5d4-423c-a9ed-afdca5f73b76:hover{box-shadow:1px 1px 12px 0px #ccc;opacity:1;transition:all 0.2s ease;}.advgbbtn-32fecd45-f5d4-423c-a9ed-afdca5f73b76 > i {display: none !important;}\n@media (max-width: 768px) {\n    .carousel-inner .carousel-item > div {\n        display: none;\n    }\n    .carousel-inner .carousel-item > div:first-child {\n        display: block;\n    }\n}\n\n.carousel-inner .carousel-item.active,\n.carousel-inner .carousel-item-next,\n.carousel-inner .carousel-item-prev {\n    display: flex;\n}\n\n\/* display 3 *\/\n@media (min-width: 768px) {\n    \n    .carousel-inner .carousel-item-right.active,\n    .carousel-inner .carousel-item-next {\n      transform: translateX(33.333%);\n    }\n    \n    .carousel-inner .carousel-item-left.active, \n    .carousel-inner .carousel-item-prev {\n      transform: translateX(-33.333%);\n    }\n}\n\n.carousel-inner .carousel-item-right,\n.carousel-inner .carousel-item-left{ \n  transform: translateX(0);\n}\n\n\n\n\n\n \n@media (max-width: 767px) {\n    .carousel-inner .carousel-item > div {\n        display: none;\n    }\n    .carousel-inner .carousel-item > div:first-child {\n        display: block;\n    }\n}\n\n.carousel-inner .carousel-item.active,\n.carousel-inner .carousel-item-next,\n.carousel-inner .carousel-item-prev {\n    display: flex;\n}\n\n\/* display 3 *\/\n@media (min-width: 767px) {\n    \n    .carousel-inner .carousel-item-right.active,\n    .carousel-inner .carousel-item-next {\n      transform: translateX(33.333%);\n    }\n    \n    .carousel-inner .carousel-item-left.active, \n    .carousel-inner .carousel-item-prev {\n      transform: translateX(-33.333%);\n    }\n}\n\n.carousel-inner .carousel-item-right,\n.carousel-inner .carousel-item-left{ \n  transform: translateX(0);\n}\n\n\n\n\n\n #advgb-cols-2040f27d-e1cc-4b0e-9293-3d77d273f75b{}@media screen and (max-width: 1023px) {#advgb-cols-2040f27d-e1cc-4b0e-9293-3d77d273f75b{}}@media screen and (max-width: 767px) {#advgb-cols-2040f27d-e1cc-4b0e-9293-3d77d273f75b{}}#advgb-col-caad49b4-a6b6-4ade-814b-54b5320246ee>.advgb-column-inner{}@media screen and (max-width: 1023px) {#advgb-col-caad49b4-a6b6-4ade-814b-54b5320246ee>.advgb-column-inner{}}@media screen and (max-width: 767px) {#advgb-col-caad49b4-a6b6-4ade-814b-54b5320246ee>.advgb-column-inner{}}#advgb-col-0350ad0e-a925-4403-a8de-99d42d844703>.advgb-column-inner{}@media screen and (max-width: 1023px) {#advgb-col-0350ad0e-a925-4403-a8de-99d42d844703>.advgb-column-inner{}}@media screen and (max-width: 767px) {#advgb-col-0350ad0e-a925-4403-a8de-99d42d844703>.advgb-column-inner{}}<\/style>","protected":false},"excerpt":{"rendered":"<p>News Events<\/p>","protected":false},"author":1,"featured_media":0,"parent":0,"menu_order":0,"comment_status":"closed","ping_status":"closed","template":"","meta":{"advgb_blocks_editor_width":"","advgb_blocks_columns_visual_guide":""},"acf":[],"coauthors":[],"author_meta":{"author_link":"https:\/\/aims-senegal.org\/fr\/author\/chris\/","display_name":"chris"},"relative_dates":{"created":"Publi\u00e9 6 ans il y a","modified":"Mis \u00e0 jour 2 ans il y a"},"absolute_dates":{"created":"Publi\u00e9 le septembre 19, 2020","modified":"Mise \u00e0 jour le mai 20, 2024"},"absolute_dates_time":{"created":"Publi\u00e9 le septembre 19, 2020 2:31  ","modified":"Mise \u00e0 jour le mai 20, 2024 1:47  "},"featured_img_caption":"","featured_img":false,"series_order":"","_links":{"self":[{"href":"https:\/\/aims-senegal.org\/fr\/wp-json\/wp\/v2\/pages\/30"}],"collection":[{"href":"https:\/\/aims-senegal.org\/fr\/wp-json\/wp\/v2\/pages"}],"about":[{"href":"https:\/\/aims-senegal.org\/fr\/wp-json\/wp\/v2\/types\/page"}],"author":[{"embeddable":true,"href":"https:\/\/aims-senegal.org\/fr\/wp-json\/wp\/v2\/users\/1"}],"replies":[{"embeddable":true,"href":"https:\/\/aims-senegal.org\/fr\/wp-json\/wp\/v2\/comments?post=30"}],"version-history":[{"count":46,"href":"https:\/\/aims-senegal.org\/fr\/wp-json\/wp\/v2\/pages\/30\/revisions"}],"predecessor-version":[{"id":7736,"href":"https:\/\/aims-senegal.org\/fr\/wp-json\/wp\/v2\/pages\/30\/revisions\/7736"}],"wp:attachment":[{"href":"https:\/\/aims-senegal.org\/fr\/wp-json\/wp\/v2\/media?parent=30"}],"curies":[{"name":"wp","href":"https:\/\/api.w.org\/{rel}","templated":true}]}}