{"id":351,"date":"2020-09-22T12:43:26","date_gmt":"2020-09-22T12:43:26","guid":{"rendered":"https:\/\/aims-senegal.org\/?page_id=351"},"modified":"2021-06-10T12:34:42","modified_gmt":"2021-06-10T12:34:42","slug":"newsroom","status":"publish","type":"page","link":"https:\/\/aims-senegal.org\/fr\/newsroom\/","title":{"rendered":"Actualit\u00e9s"},"content":{"rendered":"<div class=\"wp-block-cover has-background-dim-30 has-background-dim has-custom-content-position is-position-bottom-left pad-5\" style=\"background-image:url(https:\/\/aims-senegal.org\/wp-content\/uploads\/sites\/2\/2021\/03\/DSC_1281-scaled.jpg);background-color:#161228;min-height:600px\"><div class=\"wp-block-cover__inner-container\">\n<h1>Actualit\u00e9s<\/h1>\n\n\n\n<p><\/p>\n<\/div><\/div>\n\n\n\n\n<div class=\"w-85 center-auto raise-10 featured-post\">\n\n    \n<div class=\"w-85 center-auto raise-10 featured-post bg-alt pad-5\">\n\n<h2 class=\"white-text\"> SIGNATURE CONVENTION AIMS SENEGAL-ONFP : L\u2019\u00e9ducation et l\u2019Insertion, deux d\u00e9fis majeurs pour un bin\u00f4me gagnant <\/h2>\n\n<p class=\"white-text\"> avril 6, 2022 <\/p>\n\n<p>Avec plus de dix ans d\u2019exp\u00e9rience dans la sph\u00e8re de la formation dans le domaine des sciences, AIMSS\u00e9n\u00e9gal \u00e0 travers diff\u00e9rents axes de collaborations a sign\u00e9 une convention de partenariat avec l\u2019ONFPvisant \u00e0 mutualiser leurs efforts de formation professionnelle et d\u2019insertion.En effet, c\u2019est ce jeudi 31 mars 2022, au centre AIMS S\u00e9n\u00e9gal de Mbour qu\u2019a<\/p>\n \n\n<a class=\"link-button\" href=\"https:\/\/aims-senegal.org\/fr\/signature-convention-aims-senegal-onfp-leducation-et-linsertion-deux-defis-majeurs-pour-un-binome-gagnant-3\/\">Lire la suite<\/a>\n\n<\/div>\n\n    \n<\/div>\n\n\n<div class=\"is-layout-flow wp-block-group pad-5\"><div class=\"wp-block-group__inner-container\">\n<div class=\"wp-block-advgb-adv-tabs advgb-tabs-wrapper advgb-tab-horz-desktop advgb-tab-horz-tablet advgb-tab-horz-mobile advgb-tabs-03b301fd-9f12-48e7-9af5-5fcf581a99a7\" data-tab-active=\"0\"><ul class=\"advgb-tabs-panel\"><li class=\"advgb-tab\" style=\"background-color:#161228;border-style:solid;border-width:1px;border-radius:0px\"><a href=\"#advgb-tabs-tab0\" style=\"color:#fff\"><span>Blog<\/span><\/a><\/li><li class=\"advgb-tab\" style=\"background-color:#161228;border-style:solid;border-width:1px;border-radius:0px\"><a href=\"#advgb-tabs-tab1\" style=\"color:#fff\"><span>presse<\/span><\/a><\/li><li class=\"advgb-tab\" style=\"background-color:#161228;border-style:solid;border-width:1px;border-radius:0px\"><a href=\"#advgb-tabs-tab2\" style=\"color:#fff\"><span>M\u00e9dias<\/span><\/a><\/li><\/ul><div class=\"advgb-tab-body-wrapper\" style=\"border-style:solid;border-width:1px;border-radius:0px\">\n<div class=\"wp-block-advgb-tab advgb-tab-body-container flex-grp\"><div class=\"advgb-tab-body-header\">Blog<\/div><div class=\"advgb-tab-_b301fd-9f advgb-tab-body\" aria-labelledby=\"advgb-tabs-tab0\"><div class=\"search-filter-results\" id=\"search-filter-results-353\">\t\n\t\n\t<div class=\"pagination\">\n\t\t\t<\/div>\n\t\n\t\t\n\n\n\n\t\t\n\n\n\n\n\n\n\n\n\n\n\n\n <div class=\"blog-card col-lg-4 col-md-6\">\n<div class=\"blog-card-inner shadow\">\n\n\n\n\n  <div class=\"blog-card-top img-bg\" style=\"background-image: url(https:\/\/aims-senegal.org\/wp-content\/uploads\/sites\/2\/2026\/04\/WhatsApp-Image-2026-04-03-at-4.01.52-PM-1.jpeg )\"> \n\n\n<div class=\"article-tag\">  <\/div>\n\n<\/div>\n\n\n\n\n<div class=\"blog-card-bottom  pad-5\"> \n\n    <h3 class=\"center-text\"> Consolider les liens : Visite de l&#8217;AIMS \u00e0 l&#8217;Ambassade du S\u00e9n\u00e9gal \u00e0 Banjul <\/h3>\n    \n<p>Pour cl\u00f4turer notre mission en Gambie, l&#8217;\u00e9quipe de l&#8217;AIMS a eu le privil\u00e8ge d&#8217;\u00eatre re\u00e7ue \u00e0 l&#8217;Ambassade du S\u00e9n\u00e9gal par S.E. l&#8217;Ambassadrice Mariama Sy. Cette rencontre a donn\u00e9 lieu \u00e0...<\/p>\n\n                     <a href=\"https:\/\/aims-senegal.org\/fr\/consolider-les-liens-visite-de-laims-a-lambassade-du-senegal-a-banjul\/\" title=\"Lire l&#039;article complet\" class=\"link-button\"> Lire la suite <\/a>\n\n<\/div>    <\/div>\n  \n\n<\/div>\n\n\n\n\n\n\n\t\t\t\n\n\n\n\t\t\n\n\n\n\n\n\n\n\n\n\n\n\n <div class=\"blog-card col-lg-4 col-md-6\">\n<div class=\"blog-card-inner shadow\">\n\n\n\n\n  <div class=\"blog-card-top img-bg\" style=\"background-image: url(https:\/\/aims-senegal.org\/wp-content\/uploads\/sites\/2\/2026\/04\/WhatsApp-Image-2026-04-03-at-8.46.04-PM-1.jpeg )\"> \n\n\n<div class=\"article-tag\">  <\/div>\n\n<\/div>\n\n\n\n\n<div class=\"blog-card-bottom  pad-5\"> \n\n    <h3 class=\"center-text\"> Renforcement de l&#8217;\u00e9cosyst\u00e8me scientifique : Mission de haut niveau de l&#8217;AIMS S\u00e9n\u00e9gal en Gambie <\/h3>\n    \n<p>Nous avons le plaisir d&#8217;annoncer la conclusion d&#8217;une mission strat\u00e9gique en Gambie, visant \u00e0 renforcer l\u2019\u00e9cosyst\u00e8me des sciences math\u00e9matiques. Sous la direction de l&#8217;Honorable Ministre Pr. Pierre Gomez et du...<\/p>\n\n                     <a href=\"https:\/\/aims-senegal.org\/fr\/renforcement-de-lecosysteme-scientifique-mission-de-haut-niveau-de-laims-senegal-en-gambie\/\" title=\"Lire l&#039;article complet\" class=\"link-button\"> Lire la suite <\/a>\n\n<\/div>    <\/div>\n  \n\n<\/div>\n\n\n\n\n\n\n\t\t\t\n\n\n\n\t\t\n\n\n\n\n\n\n\n\n\n\n\n\n <div class=\"blog-card col-lg-4 col-md-6\">\n<div class=\"blog-card-inner shadow\">\n\n\n\n\n  <div class=\"blog-card-top img-bg\" style=\"background-image: url(https:\/\/aims-senegal.org\/wp-content\/uploads\/sites\/2\/2026\/04\/visit_isreal.jpg )\"> \n\n\n<div class=\"article-tag\">  <\/div>\n\n<\/div>\n\n\n\n\n<div class=\"blog-card-bottom  pad-5\"> \n\n    <h3 class=\"center-text\"> Renforcement de la coop\u00e9ration scientifique : AIMS S\u00e9n\u00e9gal re\u00e7u par l\u2019Ambassadeur d\u2019Isra\u00ebl \u00e0 Dakar <\/h3>\n    \n<p>Faisant suite \u00e0 la visite strat\u00e9gique du 5 novembre dernier au Centre d&#8217;Excellence de Mbour par Mme Noam Delgo Aviram, Cheffe adjointe de mission, une nouvelle \u00e9tape a \u00e9t\u00e9 franchie...<\/p>\n\n                     <a href=\"https:\/\/aims-senegal.org\/fr\/renforcement-de-la-cooperation-scientifique-aims-senegal-recu-par-lambassadeur-disrael-a-dakar\/\" title=\"Lire l&#039;article complet\" class=\"link-button\"> Lire la suite <\/a>\n\n<\/div>    <\/div>\n  \n\n<\/div>\n\n\n\n\n\n\n\t\t\t\n\n\n\n\t\t\n\n\n\n\n\n\n\n\n\n\n\n\n <div class=\"blog-card col-lg-4 col-md-6\">\n<div class=\"blog-card-inner shadow\">\n\n\n\n\n  <div class=\"blog-card-top img-bg\" style=\"background-image: url(https:\/\/aims-senegal.org\/wp-content\/uploads\/sites\/2\/2026\/04\/Hackathon___.jpg )\"> \n\n\n<div class=\"article-tag\">  <\/div>\n\n<\/div>\n\n\n\n\n<div class=\"blog-card-bottom  pad-5\"> \n\n    <h3 class=\"center-text\"> <strong>Hackathon de l&#8217;innovation scientifique<\/strong> <\/h3>\n    \n<p>Trois jours d\u2019\u00e9nergie, de cr\u00e9ativit\u00e9 et d\u2019ambition au service de l&#8217;Afrique ! Du 28 au 30 novembre 2025, notre Centre d&#8217;Excellence a vibr\u00e9 au rythme de l\u2019ing\u00e9niosit\u00e9. Des \u00e9quipes passionn\u00e9es...<\/p>\n\n                     <a href=\"https:\/\/aims-senegal.org\/fr\/hackathon-de-linnovation-scientifique\/\" title=\"Lire l&#039;article complet\" class=\"link-button\"> Lire la suite <\/a>\n\n<\/div>    <\/div>\n  \n\n<\/div>\n\n\n\n\n\n\n\t\t\t\n\n\n\n\t\t\n\n\n\n\n\n\n\n\n\n\n\n\n <div class=\"blog-card col-lg-4 col-md-6\">\n<div class=\"blog-card-inner shadow\">\n\n\n\n\n  <div class=\"blog-card-top img-bg\" style=\"background-image: url(https:\/\/aims-senegal.org\/wp-content\/uploads\/sites\/2\/2026\/04\/Aby.jpg )\"> \n\n\n<div class=\"article-tag\">  <\/div>\n\n<\/div>\n\n\n\n\n<div class=\"blog-card-bottom  pad-5\"> \n\n    <h3 class=\"center-text\"> <strong>Lancement Officiel de AIMS J\u00ebmmal Incubator<\/strong> <\/h3>\n    \n<p>Le lundi 15 d\u00e9cembre 2025 restera une date historique avec l\u2019inauguration officielle de son incubateur : AIMS J\u00ebmmal Incubator. Cette initiative marque un tournant strat\u00e9gique dans notre mission de soutien...<\/p>\n\n                     <a href=\"https:\/\/aims-senegal.org\/fr\/lancement-officiel-de-aims-jemmal-incubator\/\" title=\"Lire l&#039;article complet\" class=\"link-button\"> Lire la suite <\/a>\n\n<\/div>    <\/div>\n  \n\n<\/div>\n\n\n\n\n\n\n\t\t\t\n\n\n\n\t\t\n\n\n\n\n\n\n\n\n\n\n\n\n <div class=\"blog-card col-lg-4 col-md-6\">\n<div class=\"blog-card-inner shadow\">\n\n\n\n\n  <div class=\"blog-card-top img-bg\" style=\"background-image: url(https:\/\/aims-senegal.org\/wp-content\/uploads\/sites\/2\/2026\/04\/Visite.jpg )\"> \n\n\n<div class=\"article-tag\">  <\/div>\n\n<\/div>\n\n\n\n\n<div class=\"blog-card-bottom  pad-5\"> \n\n    <h3 class=\"center-text\"> Visite du Pr. Pierre Gomez, Ministre de l\u2019Enseignement sup\u00e9rieur de la Gambie, \u00e0 l\u2019AIMS S\u00e9n\u00e9gal <\/h3>\n    \n<p>Ce mercredi 10 d\u00e9cembre 2025, notre Centre d&#8217;excellence de Mbour a eu l\u2019immense honneur d\u2019accueillir une d\u00e9l\u00e9gation de haut rang conduite par le Professeur Pierre Gomez, l&#8217;honorable Ministre de l\u2019Enseignement...<\/p>\n\n                     <a href=\"https:\/\/aims-senegal.org\/fr\/visite-du-pr-pierre-gomez-ministre-de-lenseignement-superieur-de-la-gambie-a-laims-senegal\/\" title=\"Lire l&#039;article complet\" class=\"link-button\"> Lire la suite <\/a>\n\n<\/div>    <\/div>\n  \n\n<\/div>\n\n\n\n\n\n\n\t\t\t\n\n\n\n\t\t\n\n\n\n\n\n\n\n\n\n\n\n\n <div class=\"blog-card col-lg-4 col-md-6\">\n<div class=\"blog-card-inner shadow\">\n\n\n\n\n  <div class=\"blog-card-top img-bg\" style=\"background-image: url(https:\/\/aims-senegal.org\/wp-content\/uploads\/sites\/2\/2026\/04\/MoU.jpg )\"> \n\n\n<div class=\"article-tag\">  <\/div>\n\n<\/div>\n\n\n\n\n<div class=\"blog-card-bottom  pad-5\"> \n\n    <h3 class=\"center-text\"> B\u00e2tir des ponts : Une nouvelle \u00e8re pour la science en Gambie <\/h3>\n    \n<p>Dans la continuit\u00e9 de la visite minist\u00e9rielle \u00e0 Mbour, nous sommes ravis d\u2019annoncer une \u00e9tape historique : la signature officielle du Protocole d&#8217;Accord (MoU) entre la R\u00e9publique de Gambie et...<\/p>\n\n                     <a href=\"https:\/\/aims-senegal.org\/fr\/batir-des-ponts-une-nouvelle-ere-pour-la-science-en-gambie\/\" title=\"Lire l&#039;article complet\" class=\"link-button\"> Lire la suite <\/a>\n\n<\/div>    <\/div>\n  \n\n<\/div>\n\n\n\n\n\n\n\t\t\t\n\n\n\n\t\t\n\n\n\n\n\n\n\n\n\n\n\n\n <div class=\"blog-card col-lg-4 col-md-6\">\n<div class=\"blog-card-inner shadow\">\n\n\n\n\n  <div class=\"blog-card-top img-bg\" style=\"background-image: url(https:\/\/aims-senegal.org\/wp-content\/uploads\/sites\/2\/2026\/04\/a3d91881-fe0f-417f-884a-80e5eb89a860.jpg )\"> \n\n\n<div class=\"article-tag\">  <\/div>\n\n<\/div>\n\n\n\n\n<div class=\"blog-card-bottom  pad-5\"> \n\n    <h3 class=\"center-text\"> IWD 2026 Celebration at AIMS Senegal <\/h3>\n    \n<p>AIMS Senegal vibrantly celebrated International Women\u2019s Day 2026 on March 27th 2026, highlighting the excellence of women within the mathematical sciences. Aligned with the global theme of innovation and progress,...<\/p>\n\n                     <a href=\"https:\/\/aims-senegal.org\/fr\/iwd-2026-celebration-at-aims-senegal\/\" title=\"Lire l&#039;article complet\" class=\"link-button\"> Lire la suite <\/a>\n\n<\/div>    <\/div>\n  \n\n<\/div>\n\n\n\n\n\n\n\t\t\t\n\n\n\n\t\t\n\n\n\n\n\n\n\n\n\n\n\n\n <div class=\"blog-card col-lg-4 col-md-6\">\n<div class=\"blog-card-inner shadow\">\n\n\n\n\n  <div class=\"blog-card-top img-bg\" style=\"background-image: url(https:\/\/aims-senegal.org\/wp-content\/uploads\/sites\/2\/2025\/08\/1753708095280.jpg )\"> \n\n\n<div class=\"article-tag\">  <\/div>\n\n<\/div>\n\n\n\n\n<div class=\"blog-card-bottom  pad-5\"> \n\n    <h3 class=\"center-text\"> C\u00e9r\u00e9monie de remise des dipl\u00f4mes de la 14e promotion | AIMS S\u00e9n\u00e9gal <\/h3>\n    \n<p>Un moment de fiert\u00e9. Une mission d\u2019impact. La 14e promotion s\u2019\u00e9lance.Arm\u00e9e de rigueur math\u00e9matique, port\u00e9e par une vision Panafricaine, pr\u00eate \u00e0 transformer le continent gr\u00e2ce \u00e0 la science, la technologie...<\/p>\n\n                     <a href=\"https:\/\/aims-senegal.org\/fr\/ceremonie-de-remise-des-diplomes-de-la-14e-promotion-aims-senegal\/\" title=\"Lire l&#039;article complet\" class=\"link-button\"> Lire la suite <\/a>\n\n<\/div>    <\/div>\n  \n\n<\/div>\n\n\n\n\n\n\n\t\t\t\n\t<div class=\"pagination\">\n<div class=\"paginate-inner\">\t<span class=\"page-tag\"><\/span>\n\t\t<span aria-current=\"page\" class=\"page-numbers current\">1<\/span>\n<a class=\"page-numbers\" href=\"https:\/\/aims-senegal.org\/fr\/newsroom\/?sf_paged=2\">2<\/a>\n<a class=\"page-numbers\" href=\"https:\/\/aims-senegal.org\/fr\/newsroom\/?sf_paged=3\">3<\/a>\n<span class=\"page-numbers dots\">\u2026<\/span>\n<a class=\"page-numbers\" href=\"https:\/\/aims-senegal.org\/fr\/newsroom\/?sf_paged=7\">7<\/a>\n<a class=\"next page-numbers\" href=\"https:\/\/aims-senegal.org\/fr\/newsroom\/?sf_paged=2\">Suivant &quot;<\/a><\/div>\n\t<\/div>\n\t<\/div>\n<\/div><\/div>\n\n\n\n<div class=\"wp-block-advgb-tab advgb-tab-body-container flex-grp\"><div class=\"advgb-tab-body-header\">presse<\/div><div class=\"advgb-tab-_8c3d6c-33 advgb-tab-body\" aria-labelledby=\"advgb-tabs-tab1\"><div class=\"search-filter-results\" id=\"search-filter-results-357\">\t\n\t\n\t<div class=\"pagination\">\n\t\t\t<\/div>\n\t\n\t\t\n\n\n\n\t\t\n\n\n\n\n\n\n\n\n\n\n\n\n <div class=\"blog-card col-lg-4 col-md-6\">\n<div class=\"blog-card-inner shadow\">\n\n\n\n\n  <div class=\"blog-card-top img-bg\" style=\"background-image: url(https:\/\/aims-senegal.org\/wp-content\/uploads\/sites\/2\/2022\/04\/DSC_0127.jpg )\"> \n\n\n<div class=\"article-tag\">  <\/div>\n\n<\/div>\n\n\n\n\n<div class=\"blog-card-bottom  pad-5\"> \n\n    <h3 class=\"center-text\"> SIGNATURE CONVENTION AIMS SENEGAL-ONFP : L\u2019\u00e9ducation et l\u2019Insertion, deux d\u00e9fis majeurs pour un bin\u00f4me gagnant <\/h3>\n    \n<p>Avec plus de dix ans d\u2019exp\u00e9rience dans la sph\u00e8re de la formation dans le domaine des sciences, AIMSS\u00e9n\u00e9gal \u00e0 travers diff\u00e9rents axes de collaborations a sign\u00e9 une convention de partenariat...<\/p>\n\n                     <a href=\"https:\/\/aims-senegal.org\/fr\/signature-convention-aims-senegal-onfp-leducation-et-linsertion-deux-defis-majeurs-pour-un-binome-gagnant-3\/\" title=\"Lire l&#039;article complet\" class=\"link-button\"> Lire la suite <\/a>\n\n<\/div>    <\/div>\n  \n\n<\/div>\n\n\n\n\n\n\n\t\t\t\n\n\n\n\t\t\n\n\n\n\n\n\n\n\n\n\n\n\n <div class=\"blog-card col-lg-4 col-md-6\">\n<div class=\"blog-card-inner shadow\">\n\n\n\n\n  <div class=\"blog-card-top img-bg\" style=\"background-image: url(https:\/\/aims-senegal.org\/wp-content\/uploads\/sites\/2\/2021\/04\/MICH2453-2.png )\"> \n\n\n<div class=\"article-tag\">  <\/div>\n\n<\/div>\n\n\n\n\n<div class=\"blog-card-bottom  pad-5\"> \n\n    <h3 class=\"center-text\"> AIMS S\u00e9n\u00e9gal lance la 3\u00e8me session du certificat Post-AIMS Business (PAB) <\/h3>\n    \n<p>Dakar, 29 avril 2021 - Aujourd&#039;hui, AIMS S\u00e9n\u00e9gal a organis\u00e9 une c\u00e9r\u00e9monie \u00e0 l&#039;Agence Universitaire de la Francophonie, \u00e0 Dakar, pour lancer la troisi\u00e8me session du certificat Post-AIMS Business (PAB) ....<\/p>\n\n                     <a href=\"https:\/\/aims-senegal.org\/fr\/aims-senegal-lance-la-3eme-session-du-certificat-post-aims-business-pab\/\" title=\"Lire l&#039;article complet\" class=\"link-button\"> Lire la suite <\/a>\n\n<\/div>    <\/div>\n  \n\n<\/div>\n\n\n\n\n\n\n\t\t\t\n\n\n\n\t\t\n\n\n\n\n\n\n\n\n\n\n\n\n <div class=\"blog-card col-lg-4 col-md-6\">\n<div class=\"blog-card-inner shadow\">\n\n\n\n\n  <div class=\"blog-card-top img-bg\" style=\"background-image: url(https:\/\/aims-senegal.org\/wp-content\/uploads\/sites\/2\/2020\/09\/download-1.png )\"> \n\n\n<div class=\"article-tag\">  <\/div>\n\n<\/div>\n\n\n\n\n<div class=\"blog-card-bottom  pad-5\"> \n\n    <h3 class=\"center-text\"> Rapport d&#039;activit\u00e9 AIMS SENEGAL 2019 <\/h3>\n    \n<p>Cliquez ci-dessous pour t\u00e9l\u00e9charger le rapport.<\/p>\n\n                     <a href=\"https:\/\/aims-senegal.org\/fr\/aims-senegal-activity-report-2019\/\" title=\"Lire l&#039;article complet\" class=\"link-button\"> Lire la suite <\/a>\n\n<\/div>    <\/div>\n  \n\n<\/div>\n\n\n\n\n\n\n\t\t\t\n\n\n\n\t\t\n\n\n\n\n\n\n\n\n\n\n\n\n <div class=\"blog-card col-lg-4 col-md-6\">\n<div class=\"blog-card-inner shadow\">\n\n\n\n\n  <div class=\"blog-card-top img-bg\" style=\"background-image: url(https:\/\/aims-senegal.org\/wp-content\/uploads\/sites\/2\/2020\/09\/allotey-e1474962508399-1080x675-1.jpg )\"> \n\n\n<div class=\"article-tag\">  <\/div>\n\n<\/div>\n\n\n\n\n<div class=\"blog-card-bottom  pad-5\"> \n\n    <h3 class=\"center-text\"> Le professeur Allotey appelle \u00e0 un financement ad\u00e9quat de la science <\/h3>\n    \n<p>Le professeur Francis Kofi Ampenyin Allotey, un physicien math\u00e9matique ghan\u00e9en renomm\u00e9, a r\u00e9it\u00e9r\u00e9 l&#039;appel aux gouvernements africains de mettre en place des politiques d\u00e9lib\u00e9r\u00e9es pour financer de mani\u00e8re ad\u00e9quate les math\u00e9matiques, la science et la technologie ...<\/p>\n\n                     <a href=\"https:\/\/aims-senegal.org\/fr\/professor-allotey-calls-for-adequate-finance-of-science\/\" title=\"Lire l&#039;article complet\" class=\"link-button\"> Lire la suite <\/a>\n\n<\/div>    <\/div>\n  \n\n<\/div>\n\n\n\n\n\n\n\t\t\t\n\n\n\n\t\t\n\n\n\n\n\n\n\n\n\n\n\n\n <div class=\"blog-card col-lg-4 col-md-6\">\n<div class=\"blog-card-inner shadow\">\n\n\n\n\n  <div class=\"blog-card-top img-bg\" style=\"background-image: url(https:\/\/aims-senegal.org\/wp-content\/uploads\/sites\/2\/2020\/09\/antoine-tambue-1080x675-1.jpg )\"> \n\n\n<div class=\"article-tag\">  <\/div>\n\n<\/div>\n\n\n\n\n<div class=\"blog-card-bottom  pad-5\"> \n\n    <h3 class=\"center-text\"> Un brillant scientifique africain revient en Afrique <\/h3>\n    \n<p>Ramener les propres talents de l&#039;Afrique - Un brillant scientifique africain revient en Afrique: le programme AIMS ARET\u00c9 Junior Chairs a \u00e9t\u00e9 lanc\u00e9 en collaboration avec l&#039;AIMS - Next Einstein Initiative et le ...<\/p>\n\n                     <a href=\"https:\/\/aims-senegal.org\/fr\/a-bright-african-scientist-returns-to-africa\/\" title=\"Lire l&#039;article complet\" class=\"link-button\"> Lire la suite <\/a>\n\n<\/div>    <\/div>\n  \n\n<\/div>\n\n\n\n\n\n\n\t\t\t\n\n\n\n\t\t\n\n\n\n\n\n\n\n\n\n\n\n\n <div class=\"blog-card col-lg-4 col-md-6\">\n<div class=\"blog-card-inner shadow\">\n\n\n\n\n  <div class=\"blog-card-top img-bg\" style=\"background-image: url(https:\/\/aims-senegal.org\/wp-content\/uploads\/sites\/2\/2020\/09\/Lattes_torsion-e1475068906136-1080x675-1.png )\"> \n\n\n<div class=\"article-tag\">  <\/div>\n\n<\/div>\n\n\n\n\n<div class=\"blog-card-bottom  pad-5\"> \n\n    <h3 class=\"center-text\"> \u00c9cole ICTP-NLAGA en syst\u00e8mes dynamiques et th\u00e9orie ergodique <\/h3>\n    \n<p>DIRECTEURS Idris Assani (Universit\u00e9 de Caroline du Nord, \u00c9tats-Unis) Stefano Luzzatto (CIPT, Italie) Marcelo Viana (IMPA, Br\u00e9sil). ORGANISATEURS LOCAUX Moussa Balde (Cheikh Anta Diop, S\u00e9n\u00e9gal) Mouhamed Moustapha Fall (AIMS, S\u00e9n\u00e9gal) Diaraf Seck (Cheikh ...<\/p>\n\n                     <a href=\"https:\/\/aims-senegal.org\/fr\/ictp-nlaga-school-in-dynamical-systems-and-ergodic-theory\/\" title=\"Lire l&#039;article complet\" class=\"link-button\"> Lire la suite <\/a>\n\n<\/div>    <\/div>\n  \n\n<\/div>\n\n\n\n\n\n\n\t\t\t\n\t<div class=\"pagination\">\n<div class=\"paginate-inner\">\t<span class=\"page-tag\"><\/span>\n\t\t<\/div>\n\t<\/div>\n\t<\/div>\n<\/div><\/div>\n\n\n\n<div class=\"wp-block-advgb-tab advgb-tab-body-container flex-grp\"><div class=\"advgb-tab-body-header\">M\u00e9dias<\/div><div class=\"advgb-tab-_c13518-4a advgb-tab-body\" aria-labelledby=\"advgb-tabs-tab2\"><div class=\"search-filter-results\" id=\"search-filter-results-362\">\t\n\t\n\t<div class=\"pagination\">\n\t\t\t<\/div>\n\t\n\t\t\n\n\n\n\t\t\n\n\n\n\n\n\n\n\n\n\n\n\n <div class=\"blog-card col-lg-4 col-md-6\">\n<div class=\"blog-card-inner shadow\">\n\n\n\n<div class=\"blog-card-top\"> \n\n  <div class=\"blog-youtube\"> \n    \n<iframe width=\"100%\" height=\"350px\"\nsrc=\"https:\/\/www.youtube.com\/embed\/ckUZZrwct04\">\n<\/iframe> \n  \n  <\/div>\n      \n  \n  \n\n<\/div>\n\n\n<div class=\"blog-card-bottom  pad-5\"> \n\n    <h3 class=\"center-text\"> Graduation AIMS S\u00e9n\u00e9gal Juin 2019 <\/h3>\n    \n<p><\/p>\n\n                     <a href=\"https:\/\/aims-senegal.org\/fr\/aims-senegal-graduation-june-2019\/\" title=\"Lire l&#039;article complet\" class=\"link-button\"> Lire la suite <\/a>\n\n<\/div>    <\/div>\n  \n\n<\/div>\n\n\n\n\n\n\n\t\t\t\n\t<div class=\"pagination\">\n<div class=\"paginate-inner\">\t<span class=\"page-tag\"><\/span>\n\t\t<\/div>\n\t<\/div>\n\t<\/div>\n<\/div><\/div>\n<\/div><\/div>\n<\/div><\/div>\n<style class=\"advgb-styles-renderer\">.advgb-tabs-03b301fd-9f12-48e7-9af5-5fcf581a99a7 ul.advgb-tabs-panel li.advgb-tab.advgb-tab-active {background-color:#6c174c !important;color:#fff !important;}#advgb-tabs-03b301fd-9f12-48e7-9af5-5fcf581a99a7 .advgb-tab-body-header.header-active, .advgb-tabs-03b301fd-9f12-48e7-9af5-5fcf581a99a7 .advgb-tab-body-header.header-active{background-color:#6c174c !important;color:#fff !important;}<\/style>","protected":false},"excerpt":{"rendered":"","protected":false},"author":1,"featured_media":0,"parent":0,"menu_order":0,"comment_status":"closed","ping_status":"closed","template":"","meta":{"advgb_blocks_editor_width":"","advgb_blocks_columns_visual_guide":""},"acf":[],"coauthors":[],"author_meta":{"author_link":"https:\/\/aims-senegal.org\/fr\/author\/chris\/","display_name":"chris"},"relative_dates":{"created":"Publi\u00e9 6 ans il y a","modified":"Mis \u00e0 jour 5 ans il y a"},"absolute_dates":{"created":"Publi\u00e9 le septembre 22, 2020","modified":"Mise \u00e0 jour le juin 10, 2021"},"absolute_dates_time":{"created":"Publi\u00e9 le septembre 22, 2020 12:43  ","modified":"Mise \u00e0 jour le juin 10, 2021 12:34  "},"featured_img_caption":"","featured_img":false,"series_order":"","_links":{"self":[{"href":"https:\/\/aims-senegal.org\/fr\/wp-json\/wp\/v2\/pages\/351"}],"collection":[{"href":"https:\/\/aims-senegal.org\/fr\/wp-json\/wp\/v2\/pages"}],"about":[{"href":"https:\/\/aims-senegal.org\/fr\/wp-json\/wp\/v2\/types\/page"}],"author":[{"embeddable":true,"href":"https:\/\/aims-senegal.org\/fr\/wp-json\/wp\/v2\/users\/1"}],"replies":[{"embeddable":true,"href":"https:\/\/aims-senegal.org\/fr\/wp-json\/wp\/v2\/comments?post=351"}],"version-history":[{"count":10,"href":"https:\/\/aims-senegal.org\/fr\/wp-json\/wp\/v2\/pages\/351\/revisions"}],"predecessor-version":[{"id":2490,"href":"https:\/\/aims-senegal.org\/fr\/wp-json\/wp\/v2\/pages\/351\/revisions\/2490"}],"wp:attachment":[{"href":"https:\/\/aims-senegal.org\/fr\/wp-json\/wp\/v2\/media?parent=351"}],"curies":[{"name":"wp","href":"https:\/\/api.w.org\/{rel}","templated":true}]}}