{"id":377,"date":"2020-09-22T14:22:59","date_gmt":"2020-09-22T14:22:59","guid":{"rendered":"https:\/\/aims-senegal.org\/?page_id=377"},"modified":"2021-06-10T12:34:42","modified_gmt":"2021-06-10T12:34:42","slug":"2020-2021-academic-year","status":"publish","type":"page","link":"https:\/\/aims-senegal.org\/fr\/2020-2021-academic-year\/","title":{"rendered":"Ann\u00e9e acad\u00e9mique 2020\/2021"},"content":{"rendered":"<div class=\"wp-block-cover has-background-dim-30 has-background-dim has-custom-content-position is-position-bottom-left pad-5 page-banner\" style=\"background-image:url(https:\/\/aims-senegal.org\/wp-content\/uploads\/sites\/2\/2021\/03\/05.jpg);background-color:#161228;min-height:600px\"><div class=\"wp-block-cover__inner-container\">\n<h1>Ann\u00e9e acad\u00e9mique 2020\/2021<\/h1>\n<\/div><\/div>\n\n\n\n<div class=\"is-layout-flow wp-block-group pad-5\"><div class=\"wp-block-group__inner-container\">\n<h2>Aper\u00e7u<\/h2>\n\n\n\n<p>Dans le contexte de la pand\u00e9mie COVID-19, AIMS S\u00e9n\u00e9gal a adopt\u00e9 un mod\u00e8le d&#039;apprentissage mixte, la plupart des cours \u00e9tant dispens\u00e9s en ligne. Le centre est actuellement en formation avec 75 \u00e9tudiants dans le cadre du programme d&#039;enseignement coop\u00e9ratif (36 \u00e9tudiants, 36% femmes) et du programme de ma\u00eetrise africaine en intelligence artificielle (AMMI) (39 \u00e9tudiants, 33% femmes).<\/p>\n<\/div><\/div>\n\n\n\n<div class=\"wp-block-advgb-columns advgb-columns-wrapper\" id=\"advgb-cols-b98e5462-078c-43f2-9138-b6665b304349\"><div class=\"advgb-columns-container\"><div class=\"advgb-columns advgb-columns-row advgb-is-mobile advgb-columns-2 layout-12-12 mbl-layout-stacked vgutter-10\">\n<div class=\"wp-block-advgb-column advgb-column advgb-is-half-tablet advgb-is-full-mobile\" id=\"advgb-col-9fdd4fe2-2553-46aa-a238-d3184a5882d9\"><div class=\"advgb-column-inner\" style=\"border-style:none;border-width:1px\">\n<div class=\"wp-block-cover\" style=\"background-image:url(https:\/\/aims-senegal.org\/wp-content\/uploads\/sites\/2\/2020\/09\/vision-pro-74.jpg);min-height:400px;background-position:51% 11%\"><div class=\"wp-block-cover__inner-container\">\n<p class=\"has-text-align-center has-large-font-size\"><\/p>\n<\/div><\/div>\n<\/div><\/div>\n\n\n\n<div class=\"wp-block-advgb-column advgb-column advgb-is-half-tablet advgb-is-full-mobile pad-5\" id=\"advgb-col-4c25fcdc-8a0a-4706-934b-547939627ab4\"><div class=\"advgb-column-inner\" style=\"border-style:none;border-width:1px\">\n<h2>Note du pr\u00e9sident du centre<\/h2>\n\n\n\n<p>Bienvenue \u00e0 AIMS S\u00e9n\u00e9gal - le deuxi\u00e8me Centre d&#039;Excellence \u00e0 \u00eatre cr\u00e9\u00e9 dans le cadre de l&#039;Initiative Next Einstein! C&#039;est une nouvelle ann\u00e9e acad\u00e9mique \u00e0 l&#039;AIMS et nous sommes ravis d&#039;accueillir la cohorte 2020\/2021 d&#039;esprits africains brillants. Nous pensons que le prochain Einstein sera africain, et probablement une femme. \u00c7a pourrait \u00eatre vous!<\/p>\n\n\n\n<div class=\"is-layout-flex wp-block-buttons\">\n<div class=\"wp-block-button bg-alt\"><a class=\"wp-block-button__link\" href=\"https:\/\/aims-senegal.org\/fr\/note-from-interim-centre-president-aims-senegal\/\">Lire la suite<\/a><\/div>\n<\/div>\n\n\n\n<p><\/p>\n<\/div><\/div>\n<\/div><\/div><\/div>\n\n\n\n<div class=\"wp-block-advgb-columns advgb-columns-wrapper\" id=\"advgb-cols-107d0cdc-5f21-41f9-8db9-3792aebe4456\"><div class=\"advgb-columns-container\"><div class=\"advgb-columns advgb-columns-row advgb-is-mobile advgb-columns-2 layout-12-12 mbl-layout-stacked vgutter-10\">\n<div class=\"wp-block-advgb-column advgb-column advgb-is-half-tablet advgb-is-full-mobile pad-5\" id=\"advgb-col-54459ea9-9a55-43b5-b2cd-b734b74bee5e\"><div class=\"advgb-column-inner\" style=\"border-style:none;border-width:1px\">\n<h2>Rencontrez les conf\u00e9renciers invit\u00e9s<\/h2>\n\n\n\n<p>Les conf\u00e9renciers invit\u00e9s sont un \u00e9l\u00e9ment indispensable du mod\u00e8le de formation AIMS. L&#039;engagement de professeurs renomm\u00e9s du monde entier est une contribution inestimable \u00e0 la formation des boursiers AIMS. Chaque ann\u00e9e, des professeurs invit\u00e9s font du b\u00e9n\u00e9volat dans divers centres AIMS pour partager leurs connaissances avec les \u00e9tudiants et participer \u00e0 la transformation de l&#039;AIMS du continent africain. La contribution des conf\u00e9renciers invit\u00e9s permet \u00e0 nos \u00e9tudiants d&#039;acqu\u00e9rir des connaissances gr\u00e2ce \u00e0 une approche interdisciplinaire d&#039;enseignants ayant une riche exp\u00e9rience dans le milieu universitaire et l&#039;industrie. Rencontrez quelques-uns de nos conf\u00e9renciers invit\u00e9s pour l&#039;ann\u00e9e acad\u00e9mique 2020\/2021.<\/p>\n\n\n\n<div class=\"is-layout-flex wp-block-buttons\">\n<div class=\"wp-block-button bg-alt\"><a class=\"wp-block-button__link\" href=\"https:\/\/aims-senegal.org\/fr\/meet-the-visiting-lecturers\/\">Lire la suite<\/a><\/div>\n<\/div>\n<\/div><\/div>\n\n\n\n<div class=\"wp-block-advgb-column advgb-column advgb-is-half-tablet advgb-is-full-mobile\" id=\"advgb-col-782ce5b3-c1e8-4d92-8662-bb27659de1e6\"><div class=\"advgb-column-inner\" style=\"border-style:none;border-width:1px\">\n<div class=\"wp-block-cover\" style=\"background-image:url(https:\/\/aims-senegal.org\/wp-content\/uploads\/sites\/2\/2020\/09\/Amended-Layouts_Page_38_Image_0002.jpg)\"><div class=\"wp-block-cover__inner-container\">\n<p class=\"has-text-align-center has-large-font-size\"><\/p>\n<\/div><\/div>\n<\/div><\/div>\n<\/div><\/div><\/div>\n\n\n\n<div class=\"wp-block-advgb-columns advgb-columns-wrapper\" id=\"advgb-cols-39b91056-1f38-4459-9dd1-ea1c37e320a0\"><div class=\"advgb-columns-container\"><div class=\"advgb-columns advgb-columns-row advgb-is-mobile advgb-columns-2 layout-12-12 mbl-layout-stacked vgutter-10\">\n<div class=\"wp-block-advgb-column advgb-column advgb-is-half-tablet advgb-is-full-mobile\" id=\"advgb-col-9e20a61f-b39c-49da-b16a-86f43e333084\"><div class=\"advgb-column-inner\" style=\"border-style:none;border-width:1px\">\n<div class=\"wp-block-cover\" style=\"background-image:url(https:\/\/aims-senegal.org\/wp-content\/uploads\/sites\/2\/2021\/03\/SAM1121-scaled.jpg)\"><div class=\"wp-block-cover__inner-container\">\n<p class=\"has-text-align-center has-large-font-size\"><\/p>\n<\/div><\/div>\n<\/div><\/div>\n\n\n\n<div class=\"wp-block-advgb-column advgb-column advgb-is-half-tablet advgb-is-full-mobile pad-5\" id=\"advgb-col-5eab719a-4b56-4e75-a1e8-1062549dc181\"><div class=\"advgb-column-inner\" style=\"border-style:none;border-width:1px\">\n<h2>Rencontrez les tuteurs<\/h2>\n\n\n\n<p>Le tutorat dans les centres AIMS est une merveilleuse opportunit\u00e9 de rencontrer et de travailler en \u00e9troite collaboration avec des scientifiques hautement respect\u00e9s du monde entier et des \u00e9tudiants brillants et tr\u00e8s motiv\u00e9s de toute l&#039;Afrique. Les \u00e9tudiants de l&#039;AIMS ont de solides ant\u00e9c\u00e9dents en sciences math\u00e9matiques (y compris les math\u00e9matiques pures et appliqu\u00e9es, la physique, l&#039;informatique, la biologie math\u00e9matique et d&#039;autres domaines).&nbsp;<\/p>\n\n\n\n<p>Alors que des conf\u00e9renciers invit\u00e9s exceptionnels sont recrut\u00e9s dans le monde entier pour enseigner et pr\u00e9parer les \u00e9tudiants \u00e0 la recherche de troisi\u00e8me cycle avanc\u00e9e, les cours ont une port\u00e9e inhabituellement large et utilisent les derni\u00e8res m\u00e9thodes p\u00e9dagogiques pour stimuler la pens\u00e9e critique et cr\u00e9ative. Pour faciliter la participation et le suivi des \u00e9tudiants, chaque centre propose une bourse de tutorat, qui permet aux chercheurs postdoctoraux et doctorants de travailler en tant qu&#039;assistants p\u00e9dagogiques d\u00e9di\u00e9s, avec la responsabilit\u00e9 de renforcer les capacit\u00e9s des \u00e9tudiants 24h \/ 24 et 7j \/ 7. Le caract\u00e8re r\u00e9sidentiel unique de l&#039;institut permet une interaction optimale entre \u00e9tudiants et tuteurs dans un environnement agr\u00e9able \u00e0 toute heure. Rencontrez nos tuteurs pour l&#039;ann\u00e9e acad\u00e9mique 2020\/2021.<\/p>\n\n\n\n<div class=\"is-layout-flex wp-block-buttons\">\n<div class=\"wp-block-button bg-alt\"><a class=\"wp-block-button__link\" href=\"https:\/\/aims-senegal.org\/fr\/meet-the-tutors\/\">Lire la suite<\/a><\/div>\n<\/div>\n\n\n\n<p><\/p>\n<\/div><\/div>\n<\/div><\/div><\/div>\n<style class=\"advgb-styles-renderer\">#advgb-cols-b98e5462-078c-43f2-9138-b6665b304349{}@media screen and (max-width: 1023px) {#advgb-cols-b98e5462-078c-43f2-9138-b6665b304349{}}@media screen and (max-width: 767px) {#advgb-cols-b98e5462-078c-43f2-9138-b6665b304349{}}#advgb-col-9fdd4fe2-2553-46aa-a238-d3184a5882d9>.advgb-column-inner{}@media screen and (max-width: 1023px) {#advgb-col-9fdd4fe2-2553-46aa-a238-d3184a5882d9>.advgb-column-inner{}}@media screen and (max-width: 767px) {#advgb-col-9fdd4fe2-2553-46aa-a238-d3184a5882d9>.advgb-column-inner{}}#advgb-col-4c25fcdc-8a0a-4706-934b-547939627ab4>.advgb-column-inner{}@media screen and (max-width: 1023px) {#advgb-col-4c25fcdc-8a0a-4706-934b-547939627ab4>.advgb-column-inner{}}@media screen and (max-width: 767px) {#advgb-col-4c25fcdc-8a0a-4706-934b-547939627ab4>.advgb-column-inner{}}#advgb-cols-107d0cdc-5f21-41f9-8db9-3792aebe4456{}@media screen and (max-width: 1023px) {#advgb-cols-107d0cdc-5f21-41f9-8db9-3792aebe4456{}}@media screen and (max-width: 767px) {#advgb-cols-107d0cdc-5f21-41f9-8db9-3792aebe4456{}}#advgb-col-54459ea9-9a55-43b5-b2cd-b734b74bee5e>.advgb-column-inner{}@media screen and (max-width: 1023px) {#advgb-col-54459ea9-9a55-43b5-b2cd-b734b74bee5e>.advgb-column-inner{}}@media screen and (max-width: 767px) {#advgb-col-54459ea9-9a55-43b5-b2cd-b734b74bee5e>.advgb-column-inner{}}#advgb-col-782ce5b3-c1e8-4d92-8662-bb27659de1e6>.advgb-column-inner{}@media screen and (max-width: 1023px) {#advgb-col-782ce5b3-c1e8-4d92-8662-bb27659de1e6>.advgb-column-inner{}}@media screen and (max-width: 767px) {#advgb-col-782ce5b3-c1e8-4d92-8662-bb27659de1e6>.advgb-column-inner{}}#advgb-cols-39b91056-1f38-4459-9dd1-ea1c37e320a0{}@media screen and (max-width: 1023px) {#advgb-cols-39b91056-1f38-4459-9dd1-ea1c37e320a0{}}@media screen and (max-width: 767px) {#advgb-cols-39b91056-1f38-4459-9dd1-ea1c37e320a0{}}#advgb-col-9e20a61f-b39c-49da-b16a-86f43e333084>.advgb-column-inner{}@media screen and (max-width: 1023px) {#advgb-col-9e20a61f-b39c-49da-b16a-86f43e333084>.advgb-column-inner{}}@media screen and (max-width: 767px) {#advgb-col-9e20a61f-b39c-49da-b16a-86f43e333084>.advgb-column-inner{}}#advgb-col-5eab719a-4b56-4e75-a1e8-1062549dc181>.advgb-column-inner{}@media screen and (max-width: 1023px) {#advgb-col-5eab719a-4b56-4e75-a1e8-1062549dc181>.advgb-column-inner{}}@media screen and (max-width: 767px) {#advgb-col-5eab719a-4b56-4e75-a1e8-1062549dc181>.advgb-column-inner{}}<\/style>","protected":false},"excerpt":{"rendered":"<p>Overview Against the backdrop of the COVID-19 pandemic, AIMS Senegal has adopted a blended learning model, with most of the courses delivered online. The centre is currently training with 75 students under the Co-operative (Co-op) Education program (36 students, 36% women) and the African Master\u2019s in Machine Intelligence (AMMI) program (39 students, 33% women).<\/p>","protected":false},"author":1,"featured_media":0,"parent":0,"menu_order":0,"comment_status":"closed","ping_status":"closed","template":"","meta":{"advgb_blocks_editor_width":"","advgb_blocks_columns_visual_guide":""},"acf":[],"coauthors":[],"author_meta":{"author_link":"https:\/\/aims-senegal.org\/fr\/author\/chris\/","display_name":"chris"},"relative_dates":{"created":"Publi\u00e9 6 ans il y a","modified":"Mis \u00e0 jour 5 ans il y a"},"absolute_dates":{"created":"Publi\u00e9 le septembre 22, 2020","modified":"Mise \u00e0 jour le juin 10, 2021"},"absolute_dates_time":{"created":"Publi\u00e9 le septembre 22, 2020 2:22  ","modified":"Mise \u00e0 jour le juin 10, 2021 12:34  "},"featured_img_caption":"","featured_img":false,"series_order":"","_links":{"self":[{"href":"https:\/\/aims-senegal.org\/fr\/wp-json\/wp\/v2\/pages\/377"}],"collection":[{"href":"https:\/\/aims-senegal.org\/fr\/wp-json\/wp\/v2\/pages"}],"about":[{"href":"https:\/\/aims-senegal.org\/fr\/wp-json\/wp\/v2\/types\/page"}],"author":[{"embeddable":true,"href":"https:\/\/aims-senegal.org\/fr\/wp-json\/wp\/v2\/users\/1"}],"replies":[{"embeddable":true,"href":"https:\/\/aims-senegal.org\/fr\/wp-json\/wp\/v2\/comments?post=377"}],"version-history":[{"count":32,"href":"https:\/\/aims-senegal.org\/fr\/wp-json\/wp\/v2\/pages\/377\/revisions"}],"predecessor-version":[{"id":3022,"href":"https:\/\/aims-senegal.org\/fr\/wp-json\/wp\/v2\/pages\/377\/revisions\/3022"}],"wp:attachment":[{"href":"https:\/\/aims-senegal.org\/fr\/wp-json\/wp\/v2\/media?parent=377"}],"curies":[{"name":"wp","href":"https:\/\/api.w.org\/{rel}","templated":true}]}}