{"id":386,"date":"2020-09-22T14:26:49","date_gmt":"2020-09-22T14:26:49","guid":{"rendered":"https:\/\/aims-senegal.org\/?page_id=386"},"modified":"2023-11-15T16:29:33","modified_gmt":"2023-11-15T16:29:33","slug":"note-from-interim-centre-president-aims-senegal","status":"publish","type":"page","link":"https:\/\/aims-senegal.org\/fr\/note-from-interim-centre-president-aims-senegal\/","title":{"rendered":"Note du pr\u00e9sident du centre"},"content":{"rendered":"<div class=\"wp-block-cover is-light has-custom-content-position is-position-bottom-left pad-5 page-banner\" style=\"min-height:600px\"><span aria-hidden=\"true\" class=\"wp-block-cover__background has-background-dim-0 has-background-dim\" style=\"background-color:#161228\"><\/span><img decoding=\"async\" loading=\"lazy\" width=\"1040\" height=\"780\" class=\"wp-block-cover__image-background wp-image-6197\" alt=\"\" src=\"https:\/\/aims-senegal.org\/wp-content\/uploads\/sites\/2\/2023\/11\/IMG-20231009-WA0050-5.jpg\" data-object-fit=\"cover\" srcset=\"https:\/\/aims-senegal.org\/wp-content\/uploads\/sites\/2\/2023\/11\/IMG-20231009-WA0050-5.jpg 1040w, https:\/\/aims-senegal.org\/wp-content\/uploads\/sites\/2\/2023\/11\/IMG-20231009-WA0050-5-300x225.jpg 300w, https:\/\/aims-senegal.org\/wp-content\/uploads\/sites\/2\/2023\/11\/IMG-20231009-WA0050-5-1024x768.jpg 1024w, https:\/\/aims-senegal.org\/wp-content\/uploads\/sites\/2\/2023\/11\/IMG-20231009-WA0050-5-768x576.jpg 768w, https:\/\/aims-senegal.org\/wp-content\/uploads\/sites\/2\/2023\/11\/IMG-20231009-WA0050-5-16x12.jpg 16w\" sizes=\"(max-width: 1040px) 100vw, 1040px\" \/><div class=\"wp-block-cover__inner-container\">\n<h1>Note du pr\u00e9sident du centre<\/h1>\n<\/div><\/div>\n\n\n\n<div class=\"is-layout-flow wp-block-group pad-5\"><div class=\"wp-block-group__inner-container\">\n<figure class=\"wp-block-image size-large float-img\"><img decoding=\"async\" loading=\"lazy\" width=\"760\" height=\"818\" src=\"https:\/\/aims-senegal.org\/wp-content\/uploads\/sites\/2\/2020\/09\/vision-pro-74.jpg\" alt=\"\" class=\"wp-image-1342\" srcset=\"https:\/\/aims-senegal.org\/wp-content\/uploads\/sites\/2\/2020\/09\/vision-pro-74.jpg 760w, https:\/\/aims-senegal.org\/wp-content\/uploads\/sites\/2\/2020\/09\/vision-pro-74-279x300.jpg 279w, https:\/\/aims-senegal.org\/wp-content\/uploads\/sites\/2\/2020\/09\/vision-pro-74-11x12.jpg 11w\" sizes=\"(max-width: 760px) 100vw, 760px\" \/><figcaption class=\"wp-element-caption\"><strong>Prof.Mouhamed Moustapha Fall<\/strong><br><strong>Pr\u00e9sident du centre<\/strong><br><br><\/figcaption><\/figure>\n\n\n\n<p>Welcome to AIMS Senegal \u2013 the second Centre of Excellence to be created under the framework of the Next Einstein Initiative! It\u2019s a new academic year at AIMS and we are excited to welcome the 2023\/2024 cohort of brilliant African minds. We believe that the next Einstein will be African, and probably a woman. It could be you!<\/p>\n\n\n\n<p>At AIMS Senegal, our mission is two-fold: (1) To foster in our students critical thinking, scientific and technology-based learning as well as active engagement with civil society and industry; (2)To enable recent African PhD and Post-Doc researchers to conduct cutting edge research in mathematics and its applications. We offer world-class training offered by world-renowned professors and specialists to ensure quality and diversity in learning. You will have access to highly qualified tutors (mostly recent PhDs) who will provide capacity building 24\/7. Our training in mathematical sciences, with courses in Big Data, Computer Security, Financial Mathematics, Entrepreneurship and Leadership will prepare you towards your role as Africa\u2019s problem solvers.<\/p>\n\n\n\n<p>Alors que vous commencez votre voyage en tant qu&#039;\u00e9tudiants de l&#039;AIMS S\u00e9n\u00e9gal, vous \u00eates automatiquement devenu Ambassadeurs de l&#039;AIMS. Nous vous exhortons \u00e0 tirer parti de l&#039;\u00e9ducation unique que vous recevrez dans cette institution pour devenir de dignes ambassadeurs. Il est de votre responsabilit\u00e9 d&#039;\u00e9merger en tant que leaders, avec un engagement \u00e0 redonner \u00e0 vos communaut\u00e9s. \u00c9tudiez votre environnement et profitez-en au maximum. Vous rencontrerez des professeurs renomm\u00e9s, des scientifiques et des dirigeants d&#039;entreprises et d&#039;organisations r\u00e9volutionnaires. Explorez chacune de ces opportunit\u00e9s au maximum.<\/p>\n\n\n\n<p>L&#039;AIMS vous dotera des comp\u00e9tences n\u00e9cessaires pour relever les d\u00e9fis de l&#039;Afrique, mais votre r\u00e9seautage et votre assiduit\u00e9 ouvriront des portes \u00e0 des opportunit\u00e9s qui changeront la vie. Bonne chance!<\/p>\n\n\n\n<p><\/p>\n<\/div><\/div>\n\n\n\n<p><\/p>","protected":false},"excerpt":{"rendered":"<p>Welcome to AIMS Senegal \u2013 the second Centre of Excellence to be created under the framework of the Next Einstein Initiative! It\u2019s a new academic year at AIMS and we are excited to welcome the 2023\/2024 cohort of brilliant African minds. We believe that the next Einstein will be African, and probably a woman. It<\/p>","protected":false},"author":1,"featured_media":0,"parent":0,"menu_order":0,"comment_status":"closed","ping_status":"closed","template":"","meta":{"advgb_blocks_editor_width":"","advgb_blocks_columns_visual_guide":""},"acf":[],"coauthors":[],"author_meta":{"author_link":"https:\/\/aims-senegal.org\/fr\/author\/chris\/","display_name":"chris"},"relative_dates":{"created":"Publi\u00e9 6 ans il y a","modified":"Mis \u00e0 jour 2 ans il y a"},"absolute_dates":{"created":"Publi\u00e9 le septembre 22, 2020","modified":"Mise \u00e0 jour le novembre 15, 2023"},"absolute_dates_time":{"created":"Publi\u00e9 le septembre 22, 2020 2:26  ","modified":"Mise \u00e0 jour le novembre 15, 2023 4:29  "},"featured_img_caption":"","featured_img":false,"series_order":"","_links":{"self":[{"href":"https:\/\/aims-senegal.org\/fr\/wp-json\/wp\/v2\/pages\/386"}],"collection":[{"href":"https:\/\/aims-senegal.org\/fr\/wp-json\/wp\/v2\/pages"}],"about":[{"href":"https:\/\/aims-senegal.org\/fr\/wp-json\/wp\/v2\/types\/page"}],"author":[{"embeddable":true,"href":"https:\/\/aims-senegal.org\/fr\/wp-json\/wp\/v2\/users\/1"}],"replies":[{"embeddable":true,"href":"https:\/\/aims-senegal.org\/fr\/wp-json\/wp\/v2\/comments?post=386"}],"version-history":[{"count":47,"href":"https:\/\/aims-senegal.org\/fr\/wp-json\/wp\/v2\/pages\/386\/revisions"}],"predecessor-version":[{"id":6198,"href":"https:\/\/aims-senegal.org\/fr\/wp-json\/wp\/v2\/pages\/386\/revisions\/6198"}],"wp:attachment":[{"href":"https:\/\/aims-senegal.org\/fr\/wp-json\/wp\/v2\/media?parent=386"}],"curies":[{"name":"wp","href":"https:\/\/api.w.org\/{rel}","templated":true}]}}