{"id":392,"date":"2020-09-22T14:38:07","date_gmt":"2020-09-22T14:38:07","guid":{"rendered":"https:\/\/aims-senegal.org\/?page_id=392"},"modified":"2023-11-12T22:51:22","modified_gmt":"2023-11-12T22:51:22","slug":"meet-the-visiting-lecturers","status":"publish","type":"page","link":"https:\/\/aims-senegal.org\/fr\/meet-the-visiting-lecturers\/","title":{"rendered":"Rencontrez les conf\u00e9renciers invit\u00e9s"},"content":{"rendered":"<div class=\"wp-block-cover is-light has-custom-content-position is-position-bottom-left pad-5 page-banner\" style=\"min-height:600px\"><span aria-hidden=\"true\" class=\"wp-block-cover__background has-background-dim-30 has-background-dim\" style=\"background-color:#161228\"><\/span><img decoding=\"async\" loading=\"lazy\" width=\"2048\" height=\"1365\" class=\"wp-block-cover__image-background wp-image-381\" src=\"https:\/\/aims-senegal.org\/wp-content\/uploads\/sites\/2\/2020\/09\/Amended-Layouts_Page_38_Image_0002.jpg\" data-object-fit=\"cover\" srcset=\"https:\/\/aims-senegal.org\/wp-content\/uploads\/sites\/2\/2020\/09\/Amended-Layouts_Page_38_Image_0002.jpg 2048w, https:\/\/aims-senegal.org\/wp-content\/uploads\/sites\/2\/2020\/09\/Amended-Layouts_Page_38_Image_0002-300x200.jpg 300w, https:\/\/aims-senegal.org\/wp-content\/uploads\/sites\/2\/2020\/09\/Amended-Layouts_Page_38_Image_0002-1024x683.jpg 1024w, https:\/\/aims-senegal.org\/wp-content\/uploads\/sites\/2\/2020\/09\/Amended-Layouts_Page_38_Image_0002-768x512.jpg 768w, https:\/\/aims-senegal.org\/wp-content\/uploads\/sites\/2\/2020\/09\/Amended-Layouts_Page_38_Image_0002-1536x1024.jpg 1536w\" sizes=\"(max-width: 2048px) 100vw, 2048px\" \/><div class=\"wp-block-cover__inner-container\">\n<h1>Rencontrez les conf\u00e9renciers invit\u00e9s<\/h1>\n<\/div><\/div>\n\n\n\n<div class=\"is-layout-flow wp-block-group pad-5\"><div class=\"wp-block-group__inner-container\">\n<p>Visiting lecturers are an indispensable component of the AIMS training model. The engagement of renowned professors from all over the world is an invaluable contribution to the grooming of AIMS Scholars. Each year, visiting Professors volunteer at various AIMS centers to share their knowledge with the students and be part of AIMS&#8217; transformation of the African continent. The visiting lecturers&#8217; contribution permits our students to acquire knowledge through an interdisciplinary approach from instructors with rich backgrounds in academia and industry. Meet some of our visiting lecturers for the 2023\/2024 academic year.<\/p>\n<\/div><\/div>\n\n\n\n<div class=\"is-layout-flow wp-block-group pad-5-no-top\"><div class=\"wp-block-group__inner-container\">\n<div class=\"row w-00\">        \n\n        <div class=\"col-md-4 col-lg-3\">  <a class=\"profile-card-link\" href=\"https:\/\/aims-senegal.org\/fr\/researcher\/prof-ndeye-niang-keita\/\"> \n\n<div class=\"profile-card-img img-bg\" style=\"background-image:url('https:\/\/aims-senegal.org\/wp-content\/uploads\/sites\/2\/2021\/03\/image7.png')\">\n\n\n\n\n\n <\/div>\n<div class=\"profile-card-bottom bg-primary   center-text\"> \n\n<div class=\"profile-card-name pad-5 white-text sans-serif-bold\"> <strong> <p>Professeur Ndeye Niang Keita <\/strong><\/p>\n<p> Conservatoire National des Arts et M\u00e9tiers (CNAM), France <\/p>\n\n<\/div>\n\n\n<\/div>\n <\/a>\n<\/div>\n\n\n\n\n        \n\n        <div class=\"col-md-4 col-lg-3\">  <a class=\"profile-card-link\" href=\"https:\/\/aims-senegal.org\/fr\/researcher\/prof-marie-postel\/\"> \n\n<div class=\"profile-card-img img-bg\" style=\"background-image:url('https:\/\/aims-senegal.org\/wp-content\/uploads\/sites\/2\/2021\/03\/image19.png')\">\n\n\n\n\n\n <\/div>\n<div class=\"profile-card-bottom bg-primary   center-text\"> \n\n<div class=\"profile-card-name pad-5 white-text sans-serif-bold\"> <strong> <p>Pr Marie Postel <\/strong><\/p>\n<p> Universit\u00e9 de la Sorbonne, France <\/p>\n\n<\/div>\n\n\n<\/div>\n <\/a>\n<\/div>\n\n\n\n\n        \n\n        <div class=\"col-md-4 col-lg-3\">  <a class=\"profile-card-link\" href=\"https:\/\/aims-senegal.org\/fr\/researcher\/prof-djiby-sow\/\"> \n\n<div class=\"profile-card-img img-bg\" style=\"background-image:url('https:\/\/aims-senegal.org\/wp-content\/uploads\/sites\/2\/2021\/03\/image22.png')\">\n\n\n\n\n\n <\/div>\n<div class=\"profile-card-bottom bg-primary   center-text\"> \n\n<div class=\"profile-card-name pad-5 white-text sans-serif-bold\"> <strong> <p>Pr Djiby SOW <\/strong><\/p>\n<p> Universit\u00e9 Cheikh Anta Diop, S\u00e9n\u00e9gal <\/p>\n\n<\/div>\n\n\n<\/div>\n <\/a>\n<\/div>\n\n\n\n\n        \n\n        <div class=\"col-md-4 col-lg-3\">  <a class=\"profile-card-link\" href=\"https:\/\/aims-senegal.org\/fr\/researcher\/prof-des-johnston\/\"> \n\n<div class=\"profile-card-img img-bg\" style=\"background-image:url('https:\/\/aims-senegal.org\/wp-content\/uploads\/sites\/2\/2021\/03\/Des-Johnston-Mugshots.png')\">\n\n\n\n\n\n <\/div>\n<div class=\"profile-card-bottom bg-primary   center-text\"> \n\n<div class=\"profile-card-name pad-5 white-text sans-serif-bold\"> <strong> <p>Professeur Des Johnston <\/strong><\/p>\n<p> Heriot-Watt, \u00c9dimbourg, Royaume-Uni <\/p>\n\n<\/div>\n\n\n<\/div>\n <\/a>\n<\/div>\n\n\n\n\n        \n\n        <div class=\"col-md-4 col-lg-3\">  <a class=\"profile-card-link\" href=\"https:\/\/aims-senegal.org\/fr\/researcher\/prof-conall-kelly\/\"> \n\n<div class=\"profile-card-img img-bg\" style=\"background-image:url('https:\/\/aims-senegal.org\/wp-content\/uploads\/sites\/2\/2021\/03\/image36.png')\">\n\n\n\n\n\n <\/div>\n<div class=\"profile-card-bottom bg-primary   center-text\"> \n\n<div class=\"profile-card-name pad-5 white-text sans-serif-bold\"> <strong> <p>Professeur Conall Kelly <\/strong><\/p>\n<p> University College Cork, Irlande <\/p>\n\n<\/div>\n\n\n<\/div>\n <\/a>\n<\/div>\n\n\n\n\n        \n\n        <div class=\"col-md-4 col-lg-3\">  <a class=\"profile-card-link\" href=\"https:\/\/aims-senegal.org\/fr\/researcher\/dr-diao-oumar\/\"> \n\n<div class=\"profile-card-img img-bg\" style=\"background-image:url('https:\/\/aims-senegal.org\/wp-content\/uploads\/sites\/2\/2021\/03\/image25.png')\">\n\n\n\n\n\n <\/div>\n<div class=\"profile-card-bottom bg-primary   center-text\"> \n\n<div class=\"profile-card-name pad-5 white-text sans-serif-bold\"> <strong> <p>Dr Diao Oumar <\/strong><\/p>\n<p> Orange France <\/p>\n\n<\/div>\n\n\n<\/div>\n <\/a>\n<\/div>\n\n\n\n\n        \n\n        <div class=\"col-md-4 col-lg-3\">  <a class=\"profile-card-link\" href=\"https:\/\/aims-senegal.org\/fr\/researcher\/prof-babatunde-joseph-abiodun\/\"> \n\n<div class=\"profile-card-img img-bg\" style=\"background-image:url('https:\/\/aims-senegal.org\/wp-content\/uploads\/sites\/2\/2021\/03\/image5.jpg')\">\n\n\n\n\n\n <\/div>\n<div class=\"profile-card-bottom bg-primary   center-text\"> \n\n<div class=\"profile-card-name pad-5 white-text sans-serif-bold\"> <strong> <p>Professeur Babatunde Joseph Abiodun <\/strong><\/p>\n<p> Universit\u00e9 du Cap, Afrique du Sud <\/p>\n\n<\/div>\n\n\n<\/div>\n <\/a>\n<\/div>\n\n\n\n\n        \n\n        <div class=\"col-md-4 col-lg-3\">  <a class=\"profile-card-link\" href=\"https:\/\/aims-senegal.org\/fr\/researcher\/prof-aboubakary-diakhaby\/\"> \n\n<div class=\"profile-card-img img-bg\" style=\"background-image:url('https:\/\/aims-senegal.org\/wp-content\/uploads\/sites\/2\/2021\/03\/image3.png')\">\n\n\n\n\n\n <\/div>\n<div class=\"profile-card-bottom bg-primary   center-text\"> \n\n<div class=\"profile-card-name pad-5 white-text sans-serif-bold\"> <strong> <p>Pr Aboubakary Diakhaby <\/strong><\/p>\n<p> Universit\u00e9 Gaston Berger, S\u00e9n\u00e9gal <\/p>\n\n<\/div>\n\n\n<\/div>\n <\/a>\n<\/div>\n\n\n\n\n        \n\n        <div class=\"col-md-4 col-lg-3\">  <a class=\"profile-card-link\" href=\"https:\/\/aims-senegal.org\/fr\/researcher\/prof-abdou-ka-diongue\/\"> \n\n<div class=\"profile-card-img img-bg\" style=\"background-image:url('https:\/\/aims-senegal.org\/wp-content\/uploads\/sites\/2\/2021\/03\/image31.jpg')\">\n\n\n\n\n\n <\/div>\n<div class=\"profile-card-bottom bg-primary   center-text\"> \n\n<div class=\"profile-card-name pad-5 white-text sans-serif-bold\"> <strong> <p>Pr Abdou Ka Diongue <\/strong><\/p>\n<p> Universit\u00e9 Gaston Berger, S\u00e9n\u00e9gal <\/p>\n\n<\/div>\n\n\n<\/div>\n <\/a>\n<\/div>\n\n\n\n\n        \n\n        <div class=\"col-md-4 col-lg-3\">  <a class=\"profile-card-link\" href=\"https:\/\/aims-senegal.org\/fr\/researcher\/pap-ngal-diao\/\"> \n\n<div class=\"profile-card-img img-bg\" style=\"background-image:url('https:\/\/aims-senegal.org\/wp-content\/uploads\/sites\/2\/2021\/03\/image30.png')\">\n\n\n\n\n\n <\/div>\n<div class=\"profile-card-bottom bg-primary   center-text\"> \n\n<div class=\"profile-card-name pad-5 white-text sans-serif-bold\"> <strong> <p>Pap Ngal Diao <\/strong><\/p>\n<p> Data Scientist Senior \/ Chef de Service, Data Management and Analytics \/ Digital Transformation  <\/p>\n\n<\/div>\n\n\n<\/div>\n <\/a>\n<\/div>\n\n\n\n\n        \n\n        <div class=\"col-md-4 col-lg-3\">  <a class=\"profile-card-link\" href=\"https:\/\/aims-senegal.org\/fr\/researcher\/mr-brice-dier-koue\/\"> \n\n<div class=\"profile-card-img img-bg\" style=\"background-image:url('https:\/\/aims-senegal.org\/wp-content\/uploads\/sites\/2\/2021\/03\/image21.png')\">\n\n\n\n\n\n <\/div>\n<div class=\"profile-card-bottom bg-primary   center-text\"> \n\n<div class=\"profile-card-name pad-5 white-text sans-serif-bold\"> <strong> <p>Brice Dier Koue <\/strong><\/p>\n<p> \u00c9cole internationale de gestion (ISM) <\/p>\n\n<\/div>\n\n\n<\/div>\n <\/a>\n<\/div>\n\n\n\n\n        \n\n        <div class=\"col-md-4 col-lg-3\">  <a class=\"profile-card-link\" href=\"https:\/\/aims-senegal.org\/fr\/researcher\/saliou-thiam\/\"> \n\n<div class=\"profile-card-img img-bg\" style=\"background-image:url('https:\/\/aims-senegal.org\/wp-content\/uploads\/sites\/2\/2021\/03\/image9.jpg')\">\n\n\n\n\n\n <\/div>\n<div class=\"profile-card-bottom bg-primary   center-text\"> \n\n<div class=\"profile-card-name pad-5 white-text sans-serif-bold\"> <strong> <p>Saliou Thiam <\/strong><\/p>\n<p>  <\/p>\n\n<\/div>\n\n\n<\/div>\n <\/a>\n<\/div>\n\n\n\n\n        \n\n        <div class=\"col-md-4 col-lg-3\">  <a class=\"profile-card-link\" href=\"https:\/\/aims-senegal.org\/fr\/researcher\/moussa-diedhiou\/\"> \n\n<div class=\"profile-card-img img-bg\" style=\"background-image:url('https:\/\/aims-senegal.org\/wp-content\/uploads\/sites\/2\/2021\/03\/image35.png')\">\n\n\n\n\n\n <\/div>\n<div class=\"profile-card-bottom bg-primary   center-text\"> \n\n<div class=\"profile-card-name pad-5 white-text sans-serif-bold\"> <strong> <p>Moussa Diedhiou <\/strong><\/p>\n<p>  <\/p>\n\n<\/div>\n\n\n<\/div>\n <\/a>\n<\/div>\n\n\n\n\n        \n\n        <div class=\"col-md-4 col-lg-3\">  <a class=\"profile-card-link\" href=\"https:\/\/aims-senegal.org\/fr\/researcher\/ibrahima-diop\/\"> \n\n<div class=\"profile-card-img img-bg\" style=\"background-image:url('https:\/\/aims-senegal.org\/wp-content\/uploads\/sites\/2\/2021\/03\/image8.jpg')\">\n\n\n\n\n\n <\/div>\n<div class=\"profile-card-bottom bg-primary   center-text\"> \n\n<div class=\"profile-card-name pad-5 white-text sans-serif-bold\"> <strong> <p>Ibrahima Diop <\/strong><\/p>\n<p>  <\/p>\n\n<\/div>\n\n\n<\/div>\n <\/a>\n<\/div>\n\n\n\n\n        \n\n        <div class=\"col-md-4 col-lg-3\">  <a class=\"profile-card-link\" href=\"https:\/\/aims-senegal.org\/fr\/researcher\/dr-remi-avohou\/\"> \n\n<div class=\"profile-card-img img-bg\" style=\"background-image:url('https:\/\/aims-senegal.org\/wp-content\/uploads\/sites\/2\/2021\/03\/image39.jpg')\">\n\n\n\n\n\n <\/div>\n<div class=\"profile-card-bottom bg-primary   center-text\"> \n\n<div class=\"profile-card-name pad-5 white-text sans-serif-bold\"> <strong> <p>Dr R\u00e9mi Avohou <\/strong><\/p>\n<p>  <\/p>\n\n<\/div>\n\n\n<\/div>\n <\/a>\n<\/div>\n\n\n\n\n        \n\n        <div class=\"col-md-4 col-lg-3\">  <a class=\"profile-card-link\" href=\"https:\/\/aims-senegal.org\/fr\/researcher\/dr-patrick-essien\/\"> \n\n<div class=\"profile-card-img img-bg\" style=\"background-image:url('https:\/\/aims-senegal.org\/wp-content\/uploads\/sites\/2\/2021\/03\/image10.jpg')\">\n\n\n\n\n\n <\/div>\n<div class=\"profile-card-bottom bg-primary   center-text\"> \n\n<div class=\"profile-card-name pad-5 white-text sans-serif-bold\"> <strong> <p>Dr Patrick Essien <\/strong><\/p>\n<p> Institut national de recherche spatiale (INPE) au Br\u00e9sil <\/p>\n\n<\/div>\n\n\n<\/div>\n <\/a>\n<\/div>\n\n\n\n\n        \n\n        <div class=\"col-md-4 col-lg-3\">  <a class=\"profile-card-link\" href=\"https:\/\/aims-senegal.org\/fr\/researcher\/dr-ousman-ndiaye\/\"> \n\n<div class=\"profile-card-img img-bg\" style=\"background-image:url('https:\/\/aims-senegal.org\/wp-content\/uploads\/sites\/2\/2021\/03\/image14.png')\">\n\n\n\n\n\n <\/div>\n<div class=\"profile-card-bottom bg-primary   center-text\"> \n\n<div class=\"profile-card-name pad-5 white-text sans-serif-bold\"> <strong> <p>Dr Ousman Ndiaye <\/strong><\/p>\n<p>  Universit\u00e9 Cheikh Anta Diop, Dakar, S\u00e9n\u00e9gal <\/p>\n\n<\/div>\n\n\n<\/div>\n <\/a>\n<\/div>\n\n\n\n\n        \n\n        <div class=\"col-md-4 col-lg-3\">  <a class=\"profile-card-link\" href=\"https:\/\/aims-senegal.org\/fr\/researcher\/dr-nandi-leslie\/\"> \n\n<div class=\"profile-card-img img-bg\" style=\"background-image:url('https:\/\/aims-senegal.org\/wp-content\/uploads\/sites\/2\/2021\/03\/image20.png')\">\n\n\n\n\n\n <\/div>\n<div class=\"profile-card-bottom bg-primary   center-text\"> \n\n<div class=\"profile-card-name pad-5 white-text sans-serif-bold\"> <strong> <p>Dr Nandi Leslie <\/strong><\/p>\n<p> Laboratoire de recherche de l&#039;arm\u00e9e am\u00e9ricaine et Raytheon Technologies, \u00c9tats-Unis <\/p>\n\n<\/div>\n\n\n<\/div>\n <\/a>\n<\/div>\n\n\n\n\n        \n\n        <div class=\"col-md-4 col-lg-3\">  <a class=\"profile-card-link\" href=\"https:\/\/aims-senegal.org\/fr\/researcher\/dr-nana-ama-browne-klutse\/\"> \n\n<div class=\"profile-card-img img-bg\" style=\"background-image:url('https:\/\/aims-senegal.org\/wp-content\/uploads\/sites\/2\/2021\/03\/image11.png')\">\n\n\n\n\n\n <\/div>\n<div class=\"profile-card-bottom bg-primary   center-text\"> \n\n<div class=\"profile-card-name pad-5 white-text sans-serif-bold\"> <strong> <p>Dr Nana Ama Browne-Klutse <\/strong><\/p>\n<p> Universit\u00e9 du Ghana <\/p>\n\n<\/div>\n\n\n<\/div>\n <\/a>\n<\/div>\n\n\n\n\n        \n\n        <div class=\"col-md-4 col-lg-3\">  <a class=\"profile-card-link\" href=\"https:\/\/aims-senegal.org\/fr\/researcher\/dr-mustapha-lebbah\/\"> \n\n<div class=\"profile-card-img img-bg\" style=\"background-image:url('https:\/\/aims-senegal.org\/wp-content\/uploads\/sites\/2\/2021\/03\/image23_auto_x2.jpg')\">\n\n\n\n\n\n <\/div>\n<div class=\"profile-card-bottom bg-primary   center-text\"> \n\n<div class=\"profile-card-name pad-5 white-text sans-serif-bold\"> <strong> <p>Dr Mustapha Lebbah <\/strong><\/p>\n<p> Universit\u00e9 Paris 13, France <\/p>\n\n<\/div>\n\n\n<\/div>\n <\/a>\n<\/div>\n\n\n\n\n        \n\n        <div class=\"col-md-4 col-lg-3\">  <a class=\"profile-card-link\" href=\"https:\/\/aims-senegal.org\/fr\/researcher\/dr-moustapha-sene\/\"> \n\n<div class=\"profile-card-img img-bg\" style=\"background-image:url('https:\/\/aims-senegal.org\/wp-content\/uploads\/sites\/2\/2021\/03\/image1.jpg')\">\n\n\n\n\n\n <\/div>\n<div class=\"profile-card-bottom bg-primary   center-text\"> \n\n<div class=\"profile-card-name pad-5 white-text sans-serif-bold\"> <strong> <p>Dr Moustapha Sene <\/strong><\/p>\n<p> Universit\u00e9 Gaston Berger, S\u00e9n\u00e9gal <\/p>\n\n<\/div>\n\n\n<\/div>\n <\/a>\n<\/div>\n\n\n\n\n        \n\n        <div class=\"col-md-4 col-lg-3\">  <a class=\"profile-card-link\" href=\"https:\/\/aims-senegal.org\/fr\/researcher\/prof-vincent-rivasseau\/\"> \n\n<div class=\"profile-card-img img-bg\" style=\"background-image:url('https:\/\/aims-senegal.org\/wp-content\/uploads\/sites\/2\/2021\/03\/image40.png')\">\n\n\n\n\n\n <\/div>\n<div class=\"profile-card-bottom bg-primary   center-text\"> \n\n<div class=\"profile-card-name pad-5 white-text sans-serif-bold\"> <strong> <p>Pr Vincent Rivasseau <\/strong><\/p>\n<p> Universit\u00e9 Paris-Sud, France <\/p>\n\n<\/div>\n\n\n<\/div>\n <\/a>\n<\/div>\n\n\n\n\n        \n\n        <div class=\"col-md-4 col-lg-3\">  <a class=\"profile-card-link\" href=\"https:\/\/aims-senegal.org\/fr\/researcher\/dr-mouhamadou-lamine-ba\/\"> \n\n<div class=\"profile-card-img img-bg\" style=\"background-image:url('https:\/\/aims-senegal.org\/wp-content\/uploads\/sites\/2\/2021\/03\/image12.png')\">\n\n\n\n\n\n <\/div>\n<div class=\"profile-card-bottom bg-primary   center-text\"> \n\n<div class=\"profile-card-name pad-5 white-text sans-serif-bold\"> <strong> <p>Dr Mouhamadou Lamine Ba <\/strong><\/p>\n<p> Universit\u00e9 Alioune Diop, Bambey, S\u00e9n\u00e9gal <\/p>\n\n<\/div>\n\n\n<\/div>\n <\/a>\n<\/div>\n\n\n\n\n        \n\n        <div class=\"col-md-4 col-lg-3\">  <a class=\"profile-card-link\" href=\"https:\/\/aims-senegal.org\/fr\/researcher\/dr-mouhamadou-bamba-sylla\/\"> \n\n<div class=\"profile-card-img img-bg\" style=\"background-image:url('https:\/\/aims-senegal.org\/wp-content\/uploads\/sites\/2\/2021\/03\/image24.png')\">\n\n\n\n\n\n <\/div>\n<div class=\"profile-card-bottom bg-primary   center-text\"> \n\n<div class=\"profile-card-name pad-5 white-text sans-serif-bold\"> <strong> <p>Dr Mouhamadou Bamba Sylla <\/strong><\/p>\n<p> AIMS Network Research Chair in Climate Change Science  <\/p>\n\n<\/div>\n\n\n<\/div>\n <\/a>\n<\/div>\n\n\n\n\n        \n\n        <div class=\"col-md-4 col-lg-3\">  <a class=\"profile-card-link\" href=\"https:\/\/aims-senegal.org\/fr\/researcher\/dr-modou-mboup\/\"> \n\n<div class=\"profile-card-img img-bg\" style=\"background-image:url('https:\/\/aims-senegal.org\/wp-content\/uploads\/sites\/2\/2021\/03\/image37.png')\">\n\n\n\n\n\n <\/div>\n<div class=\"profile-card-bottom bg-primary   center-text\"> \n\n<div class=\"profile-card-name pad-5 white-text sans-serif-bold\"> <strong> <p>Dr Modou Mboup <\/strong><\/p>\n<p>  <\/p>\n\n<\/div>\n\n\n<\/div>\n <\/a>\n<\/div>\n\n\n\n\n        \n\n        <div class=\"col-md-4 col-lg-3\">  <a class=\"profile-card-link\" href=\"https:\/\/aims-senegal.org\/fr\/researcher\/dr-elvis-ndah\/\"> \n\n<div class=\"profile-card-img img-bg\" style=\"background-image:url('https:\/\/aims-senegal.org\/wp-content\/uploads\/sites\/2\/2021\/03\/image18.jpg')\">\n\n\n\n\n\n <\/div>\n<div class=\"profile-card-bottom bg-primary   center-text\"> \n\n<div class=\"profile-card-name pad-5 white-text sans-serif-bold\"> <strong> <p>Dr Elvis Ndah <\/strong><\/p>\n<p> Universit\u00e9 de Gand, Belgique <\/p>\n\n<\/div>\n\n\n<\/div>\n <\/a>\n<\/div>\n\n\n\n\n        \n\n        <div class=\"col-md-4 col-lg-3\">  <a class=\"profile-card-link\" href=\"https:\/\/aims-senegal.org\/fr\/researcher\/dr-chamberlain-mbah\/\"> \n\n<div class=\"profile-card-img img-bg\" style=\"background-image:url('https:\/\/aims-senegal.org\/wp-content\/uploads\/sites\/2\/2021\/03\/image6.png')\">\n\n\n\n\n\n <\/div>\n<div class=\"profile-card-bottom bg-primary   center-text\"> \n\n<div class=\"profile-card-name pad-5 white-text sans-serif-bold\"> <strong> <p>Dr Chamberlain Mbah <\/strong><\/p>\n<p> Universit\u00e9 de Gand, Belgique <\/p>\n\n<\/div>\n\n\n<\/div>\n <\/a>\n<\/div>\n\n\n\n\n        \n\n        <div class=\"col-md-4 col-lg-3\">  <a class=\"profile-card-link\" href=\"https:\/\/aims-senegal.org\/fr\/researcher\/dr-bernadette-faye\/\"> \n\n<div class=\"profile-card-img img-bg\" style=\"background-image:url('https:\/\/aims-senegal.org\/wp-content\/uploads\/sites\/2\/2021\/03\/image2.png')\">\n\n\n\n\n\n <\/div>\n<div class=\"profile-card-bottom bg-primary   center-text\"> \n\n<div class=\"profile-card-name pad-5 white-text sans-serif-bold\"> <strong> <p>Dr Bernadette Faye <\/strong><\/p>\n<p> Universit\u00e9 Gaston Berger, S\u00e9n\u00e9gal <\/p>\n\n<\/div>\n\n\n<\/div>\n <\/a>\n<\/div>\n\n\n\n\n        \n\n        <div class=\"col-md-4 col-lg-3\">  <a class=\"profile-card-link\" href=\"https:\/\/aims-senegal.org\/fr\/researcher\/dr-audace-amen-vioutou-dossou-olory\/\"> \n\n<div class=\"profile-card-img img-bg\" style=\"background-image:url('https:\/\/aims-senegal.org\/wp-content\/uploads\/sites\/2\/2021\/03\/image33.png')\">\n\n\n\n\n\n <\/div>\n<div class=\"profile-card-bottom bg-primary   center-text\"> \n\n<div class=\"profile-card-name pad-5 white-text sans-serif-bold\"> <strong> <p>Dr Audace Amen Vioutou Dossou-Olory <\/strong><\/p>\n<p> Universit\u00e9 de Johannesburg, Afrique du Sud <\/p>\n\n<\/div>\n\n\n<\/div>\n <\/a>\n<\/div>\n\n\n\n\n        \n\n        <div class=\"col-md-4 col-lg-3\">  <a class=\"profile-card-link\" href=\"https:\/\/aims-senegal.org\/fr\/researcher\/cheikh-loucoubar\/\"> \n\n<div class=\"profile-card-img img-bg\" style=\"background-image:url('https:\/\/aims-senegal.org\/wp-content\/uploads\/sites\/2\/2021\/03\/download.png')\">\n\n\n\n\n\n <\/div>\n<div class=\"profile-card-bottom bg-primary   center-text\"> \n\n<div class=\"profile-card-name pad-5 white-text sans-serif-bold\"> <strong> <p>Cheikh Loucoubar <\/strong><\/p>\n<p> Chercheur en g\u00e9n\u00e9tique statistique et bio-math\u00e9matiques \u00e0 l&#039;Institut Pasteur de Dakar <\/p>\n\n<\/div>\n\n\n<\/div>\n <\/a>\n<\/div>\n\n\n\n\n        \n\n        <div class=\"col-md-4 col-lg-3\">  <a class=\"profile-card-link\" href=\"https:\/\/aims-senegal.org\/fr\/researcher\/arnaud-zinflou\/\"> \n\n<div class=\"profile-card-img img-bg\" style=\"background-image:url('https:\/\/aims-senegal.org\/wp-content\/uploads\/sites\/2\/2021\/03\/image27.jpg')\">\n\n\n\n\n\n <\/div>\n<div class=\"profile-card-bottom bg-primary   center-text\"> \n\n<div class=\"profile-card-name pad-5 white-text sans-serif-bold\"> <strong> <p>Arnaud Zinflou <\/strong><\/p>\n<p> Institut de recherche Hydro Qu\u00e9bec (IREQ) <\/p>\n\n<\/div>\n\n\n<\/div>\n <\/a>\n<\/div>\n\n\n\n\n        \n\n        <div class=\"col-md-4 col-lg-3\">  <a class=\"profile-card-link\" href=\"https:\/\/aims-senegal.org\/fr\/researcher\/abdoulaye-niang\/\"> \n\n<div class=\"profile-card-img img-bg\" style=\"background-image:url('https:\/\/aims-senegal.org\/wp-content\/uploads\/sites\/2\/2021\/03\/image13.png')\">\n\n\n\n\n\n <\/div>\n<div class=\"profile-card-bottom bg-primary   center-text\"> \n\n<div class=\"profile-card-name pad-5 white-text sans-serif-bold\"> <strong> <p>Abdoulaye Niang <\/strong><\/p>\n<p> Ecole Nationale de Statistique et d&#039;Analyse Economique (ENSAE) de Dakar <\/p>\n\n<\/div>\n\n\n<\/div>\n <\/a>\n<\/div>\n\n\n\n\n        \n\n        <div class=\"col-md-4 col-lg-3\">  <a class=\"profile-card-link\" href=\"https:\/\/aims-senegal.org\/fr\/researcher\/prof-saul-beceiro-novo\/\"> \n\n<div class=\"profile-card-img img-bg\" style=\"background-image:url('https:\/\/aims-senegal.org\/wp-content\/uploads\/sites\/2\/2021\/03\/image4.png')\">\n\n\n\n\n\n <\/div>\n<div class=\"profile-card-bottom bg-primary   center-text\"> \n\n<div class=\"profile-card-name pad-5 white-text sans-serif-bold\"> <strong> <p>Professeur Saul Beceiro Novo <\/strong><\/p>\n<p> Michigan State University, \u00c9tats-Unis <\/p>\n\n<\/div>\n\n\n<\/div>\n <\/a>\n<\/div>\n\n\n\n\n        \n\n        <div class=\"col-md-4 col-lg-3\">  <a class=\"profile-card-link\" href=\"https:\/\/aims-senegal.org\/fr\/researcher\/dr-yae-ulrich-gaba\/\"> \n\n<div class=\"profile-card-img img-bg\" style=\"background-image:url('https:\/\/aims-senegal.org\/wp-content\/uploads\/sites\/2\/2021\/03\/image32.jpg')\">\n\n\n\n\n\n <\/div>\n<div class=\"profile-card-bottom bg-primary   center-text\"> \n\n<div class=\"profile-card-name pad-5 white-text sans-serif-bold\"> <strong> <p>Dr Ya\u00e9 Ulrich Gaba <\/strong><\/p>\n<p> Institut de Math\u00e9matiques et de Sciences Physiques (B\u00e9nin) <\/p>\n\n<\/div>\n\n\n<\/div>\n <\/a>\n<\/div>\n\n\n\n\n        \n\n        <div class=\"col-md-4 col-lg-3\">  <a class=\"profile-card-link\" href=\"https:\/\/aims-senegal.org\/fr\/researcher\/prof-norbert-tsopze\/\"> \n\n<div class=\"profile-card-img img-bg\" style=\"background-image:url('https:\/\/aims-senegal.org\/wp-content\/uploads\/sites\/2\/2021\/03\/image38.jpg')\">\n\n\n\n\n\n <\/div>\n<div class=\"profile-card-bottom bg-primary   center-text\"> \n\n<div class=\"profile-card-name pad-5 white-text sans-serif-bold\"> <strong> <p>Pr Norbert Tsopze <\/strong><\/p>\n<p> Universit\u00e9 de Yaound\u00e9 I, Cameroun <\/p>\n\n<\/div>\n\n\n<\/div>\n <\/a>\n<\/div>\n\n\n\n\n        \n\n        <div class=\"col-md-4 col-lg-3\">  <a class=\"profile-card-link\" href=\"https:\/\/aims-senegal.org\/fr\/researcher\/prof-ngom-diene\/\"> \n\n<div class=\"profile-card-img img-bg\" style=\"background-image:url('https:\/\/aims-senegal.org\/wp-content\/uploads\/sites\/2\/2021\/03\/image41.jpg')\">\n\n\n\n\n\n <\/div>\n<div class=\"profile-card-bottom bg-primary   center-text\"> \n\n<div class=\"profile-card-name pad-5 white-text sans-serif-bold\"> <strong> <p>Pr Ngom Di\u00e9ne <\/strong><\/p>\n<p> Universit\u00e9 de Ziguinchor, S\u00e9n\u00e9gal <\/p>\n\n<\/div>\n\n\n<\/div>\n <\/a>\n<\/div>\n\n\n\n\n    \n<\/div><\/div><\/div>","protected":false},"excerpt":{"rendered":"<p>Visiting lecturers are an indispensable component of the AIMS training model. The engagement of renowned professors from all over the world is an invaluable contribution to the grooming of AIMS Scholars. Each year, visiting Professors volunteer at various AIMS centers to share their knowledge with the students and be part of AIMS&#8217; transformation of the<\/p>","protected":false},"author":1,"featured_media":0,"parent":0,"menu_order":0,"comment_status":"closed","ping_status":"closed","template":"","meta":{"advgb_blocks_editor_width":"","advgb_blocks_columns_visual_guide":""},"acf":[],"coauthors":[],"author_meta":{"author_link":"https:\/\/aims-senegal.org\/fr\/author\/chris\/","display_name":"chris"},"relative_dates":{"created":"Publi\u00e9 6 ans il y a","modified":"Mis \u00e0 jour 2 ans il y a"},"absolute_dates":{"created":"Publi\u00e9 le septembre 22, 2020","modified":"Mise \u00e0 jour le novembre 12, 2023"},"absolute_dates_time":{"created":"Publi\u00e9 le septembre 22, 2020 2:38  ","modified":"Mise \u00e0 jour le novembre 12, 2023 10:51  "},"featured_img_caption":"","featured_img":false,"series_order":"","_links":{"self":[{"href":"https:\/\/aims-senegal.org\/fr\/wp-json\/wp\/v2\/pages\/392"}],"collection":[{"href":"https:\/\/aims-senegal.org\/fr\/wp-json\/wp\/v2\/pages"}],"about":[{"href":"https:\/\/aims-senegal.org\/fr\/wp-json\/wp\/v2\/types\/page"}],"author":[{"embeddable":true,"href":"https:\/\/aims-senegal.org\/fr\/wp-json\/wp\/v2\/users\/1"}],"replies":[{"embeddable":true,"href":"https:\/\/aims-senegal.org\/fr\/wp-json\/wp\/v2\/comments?post=392"}],"version-history":[{"count":5,"href":"https:\/\/aims-senegal.org\/fr\/wp-json\/wp\/v2\/pages\/392\/revisions"}],"predecessor-version":[{"id":6131,"href":"https:\/\/aims-senegal.org\/fr\/wp-json\/wp\/v2\/pages\/392\/revisions\/6131"}],"wp:attachment":[{"href":"https:\/\/aims-senegal.org\/fr\/wp-json\/wp\/v2\/media?parent=392"}],"curies":[{"name":"wp","href":"https:\/\/api.w.org\/{rel}","templated":true}]}}