{"id":395,"date":"2020-09-22T14:39:40","date_gmt":"2020-09-22T14:39:40","guid":{"rendered":"https:\/\/aims-senegal.org\/?page_id=395"},"modified":"2023-11-06T18:14:23","modified_gmt":"2023-11-06T18:14:23","slug":"meet-the-tutors","status":"publish","type":"page","link":"https:\/\/aims-senegal.org\/fr\/meet-the-tutors\/","title":{"rendered":"Rencontrez les tuteurs"},"content":{"rendered":"<div class=\"wp-block-cover is-light has-custom-content-position is-position-bottom-left pad-5 page-banner\" style=\"min-height:600px\"><span aria-hidden=\"true\" class=\"wp-block-cover__background has-background-dim-30 has-background-dim\" style=\"background-color:#161228\"><\/span><img decoding=\"async\" loading=\"lazy\" width=\"2560\" height=\"1707\" class=\"wp-block-cover__image-background wp-image-2454\" src=\"https:\/\/aims-senegal.org\/wp-content\/uploads\/sites\/2\/2021\/03\/8-Canadian-Ambassador-Lise-Filiatrault-at-first-Co-op-graduation-scaled.jpg\" data-object-fit=\"cover\" srcset=\"https:\/\/aims-senegal.org\/wp-content\/uploads\/sites\/2\/2021\/03\/8-Canadian-Ambassador-Lise-Filiatrault-at-first-Co-op-graduation-scaled.jpg 2560w, https:\/\/aims-senegal.org\/wp-content\/uploads\/sites\/2\/2021\/03\/8-Canadian-Ambassador-Lise-Filiatrault-at-first-Co-op-graduation-300x200.jpg 300w, https:\/\/aims-senegal.org\/wp-content\/uploads\/sites\/2\/2021\/03\/8-Canadian-Ambassador-Lise-Filiatrault-at-first-Co-op-graduation-1024x683.jpg 1024w, https:\/\/aims-senegal.org\/wp-content\/uploads\/sites\/2\/2021\/03\/8-Canadian-Ambassador-Lise-Filiatrault-at-first-Co-op-graduation-768x512.jpg 768w, https:\/\/aims-senegal.org\/wp-content\/uploads\/sites\/2\/2021\/03\/8-Canadian-Ambassador-Lise-Filiatrault-at-first-Co-op-graduation-1536x1024.jpg 1536w, https:\/\/aims-senegal.org\/wp-content\/uploads\/sites\/2\/2021\/03\/8-Canadian-Ambassador-Lise-Filiatrault-at-first-Co-op-graduation-2048x1365.jpg 2048w, https:\/\/aims-senegal.org\/wp-content\/uploads\/sites\/2\/2021\/03\/8-Canadian-Ambassador-Lise-Filiatrault-at-first-Co-op-graduation-16x12.jpg 16w\" sizes=\"(max-width: 2560px) 100vw, 2560px\" \/><div class=\"wp-block-cover__inner-container\">\n<h1>Rencontrez les tuteurs<\/h1>\n<\/div><\/div>\n\n\n\n<div class=\"is-layout-flow wp-block-group pad-5\"><div class=\"wp-block-group__inner-container\">\n<p>Le tutorat dans les centres AIMS est une merveilleuse opportunit\u00e9 de rencontrer et de travailler en \u00e9troite collaboration avec des scientifiques hautement respect\u00e9s du monde entier et des \u00e9tudiants brillants et tr\u00e8s motiv\u00e9s de toute l&#039;Afrique. Les \u00e9tudiants de l&#039;AIMS ont de solides ant\u00e9c\u00e9dents en sciences math\u00e9matiques (y compris les math\u00e9matiques pures et appliqu\u00e9es, la physique, l&#039;informatique, la biologie math\u00e9matique et d&#039;autres domaines).&nbsp;<\/p>\n\n\n\n<p>While outstanding visiting lecturers are recruited from all over the world to teach and prepare students for advanced postgraduate research, the courses are unusually broad in scope and employ the latest pedagogical methods to stimulate critical and creative thinking. To facilitate student participation and follow-up, each centre offers a Tutoring Fellowship, which permits post-doc and doctorate researchers to work as dedicated teaching assistants, with the responsibility of providing capacity building for the students 24\/7. The unique residential character of the institute allows for optimum interaction between students and tutors in a congenial environment at all hours. Meet our tutors for the 2023\/2024 academic year.<\/p>\n<\/div><\/div>\n\n\n\n<div class=\"is-layout-flow wp-block-group pad-5-no-top\"><div class=\"wp-block-group__inner-container\">\n<div class=\"row w-00\">        \n\n        <div class=\"col-md-4 col-lg-3 no-class-spacer\"> \n\n<div class=\"profile-card-img img-bg\" style=\"background-image:url('https:\/\/aims-senegal.org\/wp-content\/uploads\/sites\/2\/2023\/11\/Amadou-Sy.png')\">\n\n\n\n\n\n <\/div>\n<div class=\"profile-card-bottom bg-primary   center-text\"> \n\n<div class=\"profile-card-name pad-5 white-text sans-serif-bold\"> <strong> <p>PhD.  Amadou SY <\/strong><\/p>\n<p> Ergodic Theory, Geometry and Applications &#8211; Senegal <\/p>\n\n<\/div>\n\n\n<\/div>\n\n<\/div>\n\n\n\n\n        \n\n        <div class=\"col-md-4 col-lg-3 no-class-spacer\"> \n\n<div class=\"profile-card-img img-bg\" style=\"background-image:url('https:\/\/aims-senegal.org\/wp-content\/uploads\/sites\/2\/2023\/11\/Screenshot_20231106-212717.png')\">\n\n\n\n\n\n <\/div>\n<div class=\"profile-card-bottom bg-primary   center-text\"> \n\n<div class=\"profile-card-name pad-5 white-text sans-serif-bold\"> <strong> <p>PhD. Douanla Alotse Yaulande <\/strong><\/p>\n<p> Atmospheric Physics and Energy &#8211; Cameroon <\/p>\n\n<\/div>\n\n\n<\/div>\n\n<\/div>\n\n\n\n\n        \n\n        <div class=\"col-md-4 col-lg-3 no-class-spacer\"> \n\n<div class=\"profile-card-img img-bg\" style=\"background-image:url('https:\/\/aims-senegal.org\/wp-content\/uploads\/sites\/2\/2023\/11\/DSC_0031.jpg')\">\n\n\n\n\n\n <\/div>\n<div class=\"profile-card-bottom bg-primary   center-text\"> \n\n<div class=\"profile-card-name pad-5 white-text sans-serif-bold\"> <strong> <p>PhD Student.  Sokhna El Hadji Lamine <\/strong><\/p>\n<p> Analyse Statistique et Applications &#8211; Senegal <\/p>\n\n<\/div>\n\n\n<\/div>\n\n<\/div>\n\n\n\n\n        \n\n        <div class=\"col-md-4 col-lg-3 no-class-spacer\"> \n\n<div class=\"profile-card-img img-bg\" style=\"background-image:url('https:\/\/aims-senegal.org\/wp-content\/uploads\/sites\/2\/2023\/11\/Togde.jpg')\">\n\n\n\n\n\n <\/div>\n<div class=\"profile-card-bottom bg-primary   center-text\"> \n\n<div class=\"profile-card-name pad-5 white-text sans-serif-bold\"> <strong> <p>PhD. Togd\u00e9 Ngarenon <\/strong><\/p>\n<p> Applied Math, Algebra applied to Cryptography &#8211; Chad <\/p>\n\n<\/div>\n\n\n<\/div>\n\n<\/div>\n\n\n\n\n        \n\n        <div class=\"col-md-4 col-lg-3 no-class-spacer\"> \n\n<div class=\"profile-card-img img-bg\" style=\"background-image:url('https:\/\/aims-senegal.org\/wp-content\/uploads\/sites\/2\/2023\/11\/Martial5.jpg')\">\n\n\n\n\n\n <\/div>\n<div class=\"profile-card-bottom bg-primary   center-text\"> \n\n<div class=\"profile-card-name pad-5 white-text sans-serif-bold\"> <strong> <p>PhD. Ngounou Armel Martial <\/strong><\/p>\n<p> M\u00e9canique, Mat\u00e9riaux et Structures\/Contr\u00f4le des structures m\u00e9caniques &#8211; Cameroon <\/p>\n\n<\/div>\n\n\n<\/div>\n\n<\/div>\n\n\n\n\n        \n\n        <div class=\"col-md-4 col-lg-3 no-class-spacer\"> \n\n<div class=\"profile-card-img img-bg\" style=\"background-image:url('https:\/\/aims-senegal.org\/wp-content\/uploads\/sites\/2\/2021\/03\/Anoumou2.png')\">\n\n\n\n\n\n <\/div>\n<div class=\"profile-card-bottom bg-primary   center-text\"> \n\n<div class=\"profile-card-name pad-5 white-text sans-serif-bold\"> <strong> <p>PhD. Anoumou Attiogbe <\/strong><\/p>\n<p> Geometry and Partial Differential Equation &#8211; Togo <\/p>\n\n<\/div>\n\n\n<\/div>\n\n<\/div>\n\n\n\n\n    \n<\/div><\/div><\/div>\n\n\n\n<p><\/p>","protected":false},"excerpt":{"rendered":"<p>Tutoring at AIMS centres is a wonderful opportunity to meet and work closely with highly-respected scientists from around the world and brilliant and highly motivated students from across Africa. AIMS students have strong backgrounds in the mathematical sciences (including pure and applied mathematics, physics, computer science, mathematical biology and other fields).&nbsp; While outstanding visiting lecturers<\/p>","protected":false},"author":1,"featured_media":0,"parent":0,"menu_order":0,"comment_status":"closed","ping_status":"closed","template":"","meta":{"advgb_blocks_editor_width":"","advgb_blocks_columns_visual_guide":""},"acf":[],"coauthors":[],"author_meta":{"author_link":"https:\/\/aims-senegal.org\/fr\/author\/chris\/","display_name":"chris"},"relative_dates":{"created":"Publi\u00e9 6 ans il y a","modified":"Mis \u00e0 jour 2 ans il y a"},"absolute_dates":{"created":"Publi\u00e9 le septembre 22, 2020","modified":"Mise \u00e0 jour le novembre 6, 2023"},"absolute_dates_time":{"created":"Publi\u00e9 le septembre 22, 2020 2:39  ","modified":"Mise \u00e0 jour le novembre 6, 2023 6:14  "},"featured_img_caption":"","featured_img":false,"series_order":"","_links":{"self":[{"href":"https:\/\/aims-senegal.org\/fr\/wp-json\/wp\/v2\/pages\/395"}],"collection":[{"href":"https:\/\/aims-senegal.org\/fr\/wp-json\/wp\/v2\/pages"}],"about":[{"href":"https:\/\/aims-senegal.org\/fr\/wp-json\/wp\/v2\/types\/page"}],"author":[{"embeddable":true,"href":"https:\/\/aims-senegal.org\/fr\/wp-json\/wp\/v2\/users\/1"}],"replies":[{"embeddable":true,"href":"https:\/\/aims-senegal.org\/fr\/wp-json\/wp\/v2\/comments?post=395"}],"version-history":[{"count":8,"href":"https:\/\/aims-senegal.org\/fr\/wp-json\/wp\/v2\/pages\/395\/revisions"}],"predecessor-version":[{"id":5895,"href":"https:\/\/aims-senegal.org\/fr\/wp-json\/wp\/v2\/pages\/395\/revisions\/5895"}],"wp:attachment":[{"href":"https:\/\/aims-senegal.org\/fr\/wp-json\/wp\/v2\/media?parent=395"}],"curies":[{"name":"wp","href":"https:\/\/api.w.org\/{rel}","templated":true}]}}