{"id":400,"date":"2020-09-22T14:43:03","date_gmt":"2020-09-22T14:43:03","guid":{"rendered":"https:\/\/aims-senegal.org\/?page_id=400"},"modified":"2021-06-10T12:34:42","modified_gmt":"2021-06-10T12:34:42","slug":"meet-the-students","status":"publish","type":"page","link":"https:\/\/aims-senegal.org\/fr\/meet-the-students\/","title":{"rendered":"Rencontrez les \u00e9tudiants"},"content":{"rendered":"<div class=\"wp-block-cover has-background-dim-30 has-background-dim has-custom-content-position is-position-bottom-left pad-5 page-banner\" style=\"background-image:url(https:\/\/aims-senegal.org\/wp-content\/uploads\/sites\/2\/2020\/09\/Amended-Layouts_Page_38_Image_0001.jpg);background-color:#161228;min-height:600px\"><div class=\"wp-block-cover__inner-container\">\n<h1>Rencontrez les \u00e9tudiants<\/h1>\n<\/div><\/div>\n\n\n\n<div class=\"is-layout-flow wp-block-group pad-5\"><div class=\"wp-block-group__inner-container\">\n<p>Lorem ipsum dolor sit amet, consectetur adipiscing elit, sed do eiusmod tempor incididunt ut labore et dolore magna aliqua. Ut enim ad minim veniam, quis nostrud exercice ullamco laboris nisi ut aliquip ex ea commodo cons\u00e9quat. Duis aute irure dolor in reprehenderit in voluptate velit esse cillum dolore eu fugiat nulla pariatur. Excepteur sint occaecat cupidatat non proident, sunt in culpa qui officia deserunt mollit anim id est laborum.<\/p>\n<\/div><\/div>\n\n\n\n<div class=\"is-layout-flow wp-block-group pad-5-no-top\"><div class=\"wp-block-group__inner-container\">\n<div class=\"row w-00\">        \n\n\t<div class=\"col-md-4 col-lg-3 no-class-spacer\"> \n\n\n\n\n\n<div class=\"profile-card-img img-bg\" style=\"background-image:url('https:\/\/aims-senegal.org\/wp-content\/uploads\/sites\/2\/2023\/11\/Maeva-Cybelle-Zambou-Zoleko-Reg.jpg')\">\n\n\n\n\n\n <\/div>\n<div class=\"profile-card-bottom pad-5 bg-primary center-text\"> \n\n<div class=\"profile-card-name white-text center-text sans-serif-bold\"><p> <strong> Maeva Cybelle Zambou Zoleko <\/strong><\/p><\/div>\n\n<div class=\"profile-card-name sans-serif-light white-text center-text\">Regular &#8211; Cameroon<\/div>\n\n<\/div>\n\n<\/div>\n\n\n\n\n        \n\n\t<div class=\"col-md-4 col-lg-3 no-class-spacer\"> \n\n\n\n\n\n<div class=\"profile-card-img img-bg\" style=\"background-image:url('https:\/\/aims-senegal.org\/wp-content\/uploads\/sites\/2\/2023\/11\/Alassane-Sanden-Kante-Reg.jpg')\">\n\n\n\n\n\n <\/div>\n<div class=\"profile-card-bottom pad-5 bg-primary center-text\"> \n\n<div class=\"profile-card-name white-text center-text sans-serif-bold\"><p> <strong> Alassane Sanden Kante <\/strong><\/p><\/div>\n\n<div class=\"profile-card-name sans-serif-light white-text center-text\">Regular &#8211; Senegal<\/div>\n\n<\/div>\n\n<\/div>\n\n\n\n\n        \n\n\t<div class=\"col-md-4 col-lg-3 no-class-spacer\"> \n\n\n\n\n\n<div class=\"profile-card-img img-bg\" style=\"background-image:url('https:\/\/aims-senegal.org\/wp-content\/uploads\/sites\/2\/2023\/11\/Aliyu-Ibrahim-Reg.jpg')\">\n\n\n\n\n\n <\/div>\n<div class=\"profile-card-bottom pad-5 bg-primary center-text\"> \n\n<div class=\"profile-card-name white-text center-text sans-serif-bold\"><p> <strong> Aliyu Ibrahim <\/strong><\/p><\/div>\n\n<div class=\"profile-card-name sans-serif-light white-text center-text\">Regular &#8211; Nigeria<\/div>\n\n<\/div>\n\n<\/div>\n\n\n\n\n        \n\n\t<div class=\"col-md-4 col-lg-3 no-class-spacer\"> \n\n\n\n\n\n<div class=\"profile-card-img img-bg\" style=\"background-image:url('https:\/\/aims-senegal.org\/wp-content\/uploads\/sites\/2\/2023\/11\/Bamba-Gueye-Reg.jpg')\">\n\n\n\n\n\n <\/div>\n<div class=\"profile-card-bottom pad-5 bg-primary center-text\"> \n\n<div class=\"profile-card-name white-text center-text sans-serif-bold\"><p> <strong> Bamba Gueye <\/strong><\/p><\/div>\n\n<div class=\"profile-card-name sans-serif-light white-text center-text\">Regular &#8211; Senegal<\/div>\n\n<\/div>\n\n<\/div>\n\n\n\n\n        \n\n\t<div class=\"col-md-4 col-lg-3 no-class-spacer\"> \n\n\n\n\n\n<div class=\"profile-card-img img-bg\" style=\"background-image:url('https:\/\/aims-senegal.org\/wp-content\/uploads\/sites\/2\/2023\/11\/Esi-Abaka-Quansah-Reg.jpg')\">\n\n\n\n\n\n <\/div>\n<div class=\"profile-card-bottom pad-5 bg-primary center-text\"> \n\n<div class=\"profile-card-name white-text center-text sans-serif-bold\"><p> <strong> Esi Abaka Quansah <\/strong><\/p><\/div>\n\n<div class=\"profile-card-name sans-serif-light white-text center-text\">Regular &#8211; Ghana<\/div>\n\n<\/div>\n\n<\/div>\n\n\n\n\n        \n\n\t<div class=\"col-md-4 col-lg-3 no-class-spacer\"> \n\n\n\n\n\n<div class=\"profile-card-img img-bg\" style=\"background-image:url('https:\/\/aims-senegal.org\/wp-content\/uploads\/sites\/2\/2023\/11\/Esther-Tublu-Reg.jpg')\">\n\n\n\n\n\n <\/div>\n<div class=\"profile-card-bottom pad-5 bg-primary center-text\"> \n\n<div class=\"profile-card-name white-text center-text sans-serif-bold\"><p> <strong> Esther Tublu <\/strong><\/p><\/div>\n\n<div class=\"profile-card-name sans-serif-light white-text center-text\">Regular &#8211; Ghana<\/div>\n\n<\/div>\n\n<\/div>\n\n\n\n\n        \n\n\t<div class=\"col-md-4 col-lg-3 no-class-spacer\"> \n\n\n\n\n\n<div class=\"profile-card-img img-bg\" style=\"background-image:url('https:\/\/aims-senegal.org\/wp-content\/uploads\/sites\/2\/2023\/11\/Filone-Gilson-Longmou-Moffo-Reg.jpg')\">\n\n\n\n\n\n <\/div>\n<div class=\"profile-card-bottom pad-5 bg-primary center-text\"> \n\n<div class=\"profile-card-name white-text center-text sans-serif-bold\"><p> <strong> Filone Gilson Longmou Moffo <\/strong><\/p><\/div>\n\n<div class=\"profile-card-name sans-serif-light white-text center-text\">Regular &#8211; Cameroon<\/div>\n\n<\/div>\n\n<\/div>\n\n\n\n\n        \n\n\t<div class=\"col-md-4 col-lg-3 no-class-spacer\"> \n\n\n\n\n\n<div class=\"profile-card-img img-bg\" style=\"background-image:url('https:\/\/aims-senegal.org\/wp-content\/uploads\/sites\/2\/2023\/11\/Gift-Strepah-Mbewe-Reg.jpg')\">\n\n\n\n\n\n <\/div>\n<div class=\"profile-card-bottom pad-5 bg-primary center-text\"> \n\n<div class=\"profile-card-name white-text center-text sans-serif-bold\"><p> <strong> Gift Strepah Mbewe <\/strong><\/p><\/div>\n\n<div class=\"profile-card-name sans-serif-light white-text center-text\">Regular &#8211; Malawi<\/div>\n\n<\/div>\n\n<\/div>\n\n\n\n\n        \n\n\t<div class=\"col-md-4 col-lg-3 no-class-spacer\"> \n\n\n\n\n\n<div class=\"profile-card-img img-bg\" style=\"background-image:url('https:\/\/aims-senegal.org\/wp-content\/uploads\/sites\/2\/2023\/11\/Lamine-Demba-Reg.jpg')\">\n\n\n\n\n\n <\/div>\n<div class=\"profile-card-bottom pad-5 bg-primary center-text\"> \n\n<div class=\"profile-card-name white-text center-text sans-serif-bold\"><p> <strong> Lamine Demba <\/strong><\/p><\/div>\n\n<div class=\"profile-card-name sans-serif-light white-text center-text\">Regular &#8211; Gambia<\/div>\n\n<\/div>\n\n<\/div>\n\n\n\n\n        \n\n\t<div class=\"col-md-4 col-lg-3 no-class-spacer\"> \n\n\n\n\n\n<div class=\"profile-card-img img-bg\" style=\"background-image:url('https:\/\/aims-senegal.org\/wp-content\/uploads\/sites\/2\/2023\/11\/Stella-Nyambura-Kahianyu-Reg.jpg')\">\n\n\n\n\n\n <\/div>\n<div class=\"profile-card-bottom pad-5 bg-primary center-text\"> \n\n<div class=\"profile-card-name white-text center-text sans-serif-bold\"><p> <strong> Stella Nyambura Kahianyu <\/strong><\/p><\/div>\n\n<div class=\"profile-card-name sans-serif-light white-text center-text\">Regular &#8211; Kenya<\/div>\n\n<\/div>\n\n<\/div>\n\n\n\n\n        \n\n\t<div class=\"col-md-4 col-lg-3 no-class-spacer\"> \n\n\n\n\n\n<div class=\"profile-card-img img-bg\" style=\"background-image:url('https:\/\/aims-senegal.org\/wp-content\/uploads\/sites\/2\/2023\/11\/Mamadou-Thiam-Reg.jpg')\">\n\n\n\n\n\n <\/div>\n<div class=\"profile-card-bottom pad-5 bg-primary center-text\"> \n\n<div class=\"profile-card-name white-text center-text sans-serif-bold\"><p> <strong> Mamadou Thiam <\/strong><\/p><\/div>\n\n<div class=\"profile-card-name sans-serif-light white-text center-text\">Regular &#8211; Senegal<\/div>\n\n<\/div>\n\n<\/div>\n\n\n\n\n        \n\n\t<div class=\"col-md-4 col-lg-3 no-class-spacer\"> \n\n\n\n\n\n<div class=\"profile-card-img img-bg\" style=\"background-image:url('https:\/\/aims-senegal.org\/wp-content\/uploads\/sites\/2\/2023\/11\/Melvine-Ridvane-Hou-Codjo-Reg.jpg')\">\n\n\n\n\n\n <\/div>\n<div class=\"profile-card-bottom pad-5 bg-primary center-text\"> \n\n<div class=\"profile-card-name white-text center-text sans-serif-bold\"><p> <strong> Melvine Ridvane Hou Codjo <\/strong><\/p><\/div>\n\n<div class=\"profile-card-name sans-serif-light white-text center-text\">Regular &#8211; Benin<\/div>\n\n<\/div>\n\n<\/div>\n\n\n\n\n        \n\n\t<div class=\"col-md-4 col-lg-3 no-class-spacer\"> \n\n\n\n\n\n<div class=\"profile-card-img img-bg\" style=\"background-image:url('https:\/\/aims-senegal.org\/wp-content\/uploads\/sites\/2\/2023\/11\/Mina-Chavelle-Tchoua-Tchoua-Reg.jpg')\">\n\n\n\n\n\n <\/div>\n<div class=\"profile-card-bottom pad-5 bg-primary center-text\"> \n\n<div class=\"profile-card-name white-text center-text sans-serif-bold\"><p> <strong> Mina Chavelle Tchoua-Tchoua <\/strong><\/p><\/div>\n\n<div class=\"profile-card-name sans-serif-light white-text center-text\">Regular &#8211; Cameroon<\/div>\n\n<\/div>\n\n<\/div>\n\n\n\n\n        \n\n\t<div class=\"col-md-4 col-lg-3 no-class-spacer\"> \n\n\n\n\n\n<div class=\"profile-card-img img-bg\" style=\"background-image:url('https:\/\/aims-senegal.org\/wp-content\/uploads\/sites\/2\/2023\/11\/Moussa-Kone-Reg.jpg')\">\n\n\n\n\n\n <\/div>\n<div class=\"profile-card-bottom pad-5 bg-primary center-text\"> \n\n<div class=\"profile-card-name white-text center-text sans-serif-bold\"><p> <strong> Moussa Kone <\/strong><\/p><\/div>\n\n<div class=\"profile-card-name sans-serif-light white-text center-text\">Regular &#8211; Burkina Faso<\/div>\n\n<\/div>\n\n<\/div>\n\n\n\n\n        \n\n\t<div class=\"col-md-4 col-lg-3 no-class-spacer\"> \n\n\n\n\n\n<div class=\"profile-card-img img-bg\" style=\"background-image:url('https:\/\/aims-senegal.org\/wp-content\/uploads\/sites\/2\/2023\/11\/Peter-Chola-Ndandu-Reg.jpg')\">\n\n\n\n\n\n <\/div>\n<div class=\"profile-card-bottom pad-5 bg-primary center-text\"> \n\n<div class=\"profile-card-name white-text center-text sans-serif-bold\"><p> <strong> Peter Chola Ndandu <\/strong><\/p><\/div>\n\n<div class=\"profile-card-name sans-serif-light white-text center-text\">Regular &#8211; Zambia<\/div>\n\n<\/div>\n\n<\/div>\n\n\n\n\n        \n\n\t<div class=\"col-md-4 col-lg-3 no-class-spacer\"> \n\n\n\n\n\n<div class=\"profile-card-img img-bg\" style=\"background-image:url('https:\/\/aims-senegal.org\/wp-content\/uploads\/sites\/2\/2023\/11\/Sokhna-Fatimata-Bigue-Ndiaye-Reg.jpg')\">\n\n\n\n\n\n <\/div>\n<div class=\"profile-card-bottom pad-5 bg-primary center-text\"> \n\n<div class=\"profile-card-name white-text center-text sans-serif-bold\"><p> <strong> Sokhna Fatimata Bigue Ndiaye <\/strong><\/p><\/div>\n\n<div class=\"profile-card-name sans-serif-light white-text center-text\">Regular &#8211; Senegal<\/div>\n\n<\/div>\n\n<\/div>\n\n\n\n\n        \n\n\t<div class=\"col-md-4 col-lg-3 no-class-spacer\"> \n\n\n\n\n\n<div class=\"profile-card-img img-bg\" style=\"background-image:url('https:\/\/aims-senegal.org\/wp-content\/uploads\/sites\/2\/2023\/11\/Sorel-Flora-Makam-Tacune-Reg.jpg')\">\n\n\n\n\n\n <\/div>\n<div class=\"profile-card-bottom pad-5 bg-primary center-text\"> \n\n<div class=\"profile-card-name white-text center-text sans-serif-bold\"><p> <strong> Sorel Flora Makam Tacune <\/strong><\/p><\/div>\n\n<div class=\"profile-card-name sans-serif-light white-text center-text\">Regular &#8211; Cameroon<\/div>\n\n<\/div>\n\n<\/div>\n\n\n\n\n    \n<\/div><\/div><\/div>","protected":false},"excerpt":{"rendered":"<p>Lorem ipsum dolor sit amet, consectetur adipiscing elit, sed do eiusmod tempor incididunt ut labore et dolore magna aliqua. Ut enim ad minim veniam, quis nostrud exercitation ullamco laboris nisi ut aliquip ex ea commodo consequat. Duis aute irure dolor in reprehenderit in voluptate velit esse cillum dolore eu fugiat nulla pariatur. Excepteur sint occaecat<\/p>","protected":false},"author":1,"featured_media":0,"parent":0,"menu_order":0,"comment_status":"closed","ping_status":"closed","template":"","meta":{"advgb_blocks_editor_width":"","advgb_blocks_columns_visual_guide":""},"acf":[],"coauthors":[],"author_meta":{"author_link":"https:\/\/aims-senegal.org\/fr\/author\/chris\/","display_name":"chris"},"relative_dates":{"created":"Publi\u00e9 6 ans il y a","modified":"Mis \u00e0 jour 5 ans il y a"},"absolute_dates":{"created":"Publi\u00e9 le septembre 22, 2020","modified":"Mise \u00e0 jour le juin 10, 2021"},"absolute_dates_time":{"created":"Publi\u00e9 le septembre 22, 2020 2:43  ","modified":"Mise \u00e0 jour le juin 10, 2021 12:34  "},"featured_img_caption":"","featured_img":false,"series_order":"","_links":{"self":[{"href":"https:\/\/aims-senegal.org\/fr\/wp-json\/wp\/v2\/pages\/400"}],"collection":[{"href":"https:\/\/aims-senegal.org\/fr\/wp-json\/wp\/v2\/pages"}],"about":[{"href":"https:\/\/aims-senegal.org\/fr\/wp-json\/wp\/v2\/types\/page"}],"author":[{"embeddable":true,"href":"https:\/\/aims-senegal.org\/fr\/wp-json\/wp\/v2\/users\/1"}],"replies":[{"embeddable":true,"href":"https:\/\/aims-senegal.org\/fr\/wp-json\/wp\/v2\/comments?post=400"}],"version-history":[{"count":6,"href":"https:\/\/aims-senegal.org\/fr\/wp-json\/wp\/v2\/pages\/400\/revisions"}],"predecessor-version":[{"id":919,"href":"https:\/\/aims-senegal.org\/fr\/wp-json\/wp\/v2\/pages\/400\/revisions\/919"}],"wp:attachment":[{"href":"https:\/\/aims-senegal.org\/fr\/wp-json\/wp\/v2\/media?parent=400"}],"curies":[{"name":"wp","href":"https:\/\/api.w.org\/{rel}","templated":true}]}}