{"id":403,"date":"2020-09-22T15:10:01","date_gmt":"2020-09-22T15:10:01","guid":{"rendered":"https:\/\/aims-senegal.org\/?page_id=403"},"modified":"2021-06-10T12:34:42","modified_gmt":"2021-06-10T12:34:42","slug":"research-project-supervisor","status":"publish","type":"page","link":"https:\/\/aims-senegal.org\/fr\/research-project-supervisor\/","title":{"rendered":"Superviseur de projet de recherche"},"content":{"rendered":"<div class=\"wp-block-cover has-background-dim-30 has-background-dim has-custom-content-position is-position-bottom-left pad-5 page-banner\" style=\"background-image:url(https:\/\/aims-senegal.org\/wp-content\/uploads\/sites\/2\/2020\/09\/Amended-Layouts_Page_38_Image_0005.jpg);background-color:#161228;background-position:54% 23%;min-height:600px\"><div class=\"wp-block-cover__inner-container\">\n<h1>Superviseur de projet de recherche<\/h1>\n\n\n\n<p><\/p>\n<\/div><\/div>\n\n\n\n<div class=\"is-layout-flow wp-block-group pad-5\"><div class=\"wp-block-group__inner-container\">\n<h2>Aper\u00e7u<\/h2>\n\n\n\n<p>Le Master AIMS en sciences math\u00e9matiques comprend un projet de recherche, qui repr\u00e9sente un tiers du cours. Il y a deux admissions d&#039;\u00e9tudiants, l&#039;admission d&#039;ao\u00fbt et l&#039;admission de janvier.<\/p>\n\n\n\n<p>Les soumissions de propositions pour la r\u00e9ception d&#039;ao\u00fbt se terminent \u00e0 la mi-f\u00e9vrier mais sont examin\u00e9es par les membres du personnel de l&#039;AIMS au fur et \u00e0 mesure qu&#039;elles sont soumises. Les sujets approuv\u00e9s sont port\u00e9s \u00e0 la connaissance des \u00e9tudiants au plus tard \u00e0 la mi-f\u00e9vrier, et les \u00e9tudiants finalisent leur s\u00e9lection de sujets peu apr\u00e8s. Pour les \u00e9tudiants admis en janvier, les propositions sont \u00e9galement examin\u00e9es telles que soumises, et les propositions doivent \u00eatre re\u00e7ues \u00e0 la mi-juin. Les \u00e9tudiants choisiront un sujet d&#039;ici la troisi\u00e8me semaine de juin.<\/p>\n\n\n\n<p>L&#039;interaction pr\u00e9coce entre les \u00e9tudiants et les superviseurs conduit souvent \u00e0 d\u00e9cider plus t\u00f4t du sujet, sous r\u00e9serve de l&#039;approbation du directeur de l&#039;AIMS ou du directeur acad\u00e9mique.<\/p>\n\n\n\n<p>Les \u00e9tudiants de la rentr\u00e9e d&#039;ao\u00fbt commencent leurs projets de recherche en f\u00e9vrier et soumettent leur m\u00e9moire g\u00e9n\u00e9ralement au cours de la troisi\u00e8me semaine de mai.<\/p>\n\n\n\n<p>Les \u00e9tudiants de la rentr\u00e9e de janvier commencent \u00e0 travailler sur le projet de recherche vers la fin du mois de juin, la soumission des m\u00e9moires ayant lieu en <strong>mi-octobre. <\/strong>Les dates exactes varient selon les ann\u00e9es. Apr\u00e8s la soumission, les \u00e9tudiants ont une semaine pour pr\u00e9parer leurs d\u00e9fenses orales qui pour la rentr\u00e9e d&#039;ao\u00fbt ont lieu dans la premi\u00e8re quinzaine de juin et pour la rentr\u00e9e de janvier dans la seconde quinzaine d&#039;octobre. Ceux-ci impliquent \u00e0 la fois des examinateurs externes et internes (y compris le superviseur).<\/p>\n<\/div><\/div>\n\n\n\n<div class=\"wp-block-cover has-background-dim-70 has-background-dim has-custom-content-position is-position-top-left pad-5\" style=\"background-image:url(https:\/\/aims-senegal.org\/wp-content\/uploads\/sites\/2\/2020\/09\/Amended-Layouts_Page_03_Image_0003-1.jpg);background-color:#161228\"><div class=\"wp-block-cover__inner-container\">\n<h2>Objectif<\/h2>\n\n\n\n<p>Le but d&#039;un projet de recherche AIMS est:<\/p>\n\n\n\n<ul><li>Donner aux \u00e9tudiants la possibilit\u00e9 de travailler avec un superviseur expert sur un projet de recherche.<\/li><li>Passer par le processus de r\u00e9vision, de compr\u00e9hension et d&#039;explication du mat\u00e9riel scientifique ou math\u00e9matique;<\/li><li>Faire \u00e9ventuellement des exp\u00e9riences - sur un ordinateur ou autrement - et rapporter les r\u00e9sultats;<\/li><li>Pour r\u00e9diger un rapport scientifique<\/li><\/ul>\n\n\n\n<p>Le projet contient une \u00e9tude de la litt\u00e9rature et des m\u00e9thodes \u00e0 l&#039;avant-garde d&#039;un sujet appropri\u00e9 pour un \u00e9tudiant qui entreprend des recherches en sciences math\u00e9matiques. Il contient g\u00e9n\u00e9ralement des exemples, peut-\u00eatre par calcul \/ simulation, et quelques travaux ind\u00e9pendants. Id\u00e9alement, le sujet pr\u00e9parera l&#039;\u00e9tudiant \u00e0 une ma\u00eetrise en recherche ou un doctorat, ou \u00e0 suivre une carri\u00e8re dans le commerce, l&#039;industrie ou le secteur gouvernemental. Les projets ant\u00e9rieurs peuvent \u00eatre consult\u00e9s sur archive.aims.ac.za\/structured-masters-research-project.<\/p>\n\n\n\n<p>La phase du projet dure trois mois. Les projets doivent \u00eatre d&#039;une port\u00e9e appropri\u00e9e pour permettre aux \u00e9l\u00e8ves de faire la lecture, le travail et l&#039;\u00e9criture n\u00e9cessaires pendant cette p\u00e9riode. Le niveau du projet doit \u00eatre au niveau du Master structur\u00e9 sud-africain et, dans certains cas, peut conduire \u00e0 des travaux suppl\u00e9mentaires qui pourraient se transformer en un projet de recherche plus substantiel menant \u00e0 un master de recherche ou m\u00eame \u00e0 un doctorat. La longueur recommand\u00e9e du projet de recherche est comprise entre 25 et 35 pages, et il est soulign\u00e9 que le projet ne doit pas d\u00e9passer ce nombre de pages. \u00c0 titre indicatif, veuillez consulter les projets de recherche dans votre domaine dans les archives des projets de l&#039;ann\u00e9e pr\u00e9c\u00e9dente.\/<\/p>\n\n\n\n<p>La proposition ne doit comporter qu\u2019un paragraphe. Il doit normalement contenir des r\u00e9f\u00e9rences dont au moins une \u00e0 un manuel, des chapitres d&#039;un manuel ou un article de revue g\u00e9n\u00e9rale. D&#039;autres r\u00e9f\u00e9rences s\u00e9lectionn\u00e9es \u00e0 des articles de revues devraient \u00eatre incluses le cas \u00e9ch\u00e9ant. Le projet de recherche doit porter sur un sujet des sciences math\u00e9matiques et contenir au moins certaines parties formul\u00e9es en termes de math\u00e9matiques.<\/p>\n\n\n\n<p>On ne s&#039;attend pas \u00e0 ce que les \u00e9tudiants effectuent un travail original pour obtenir une note de passage. Cependant, le crit\u00e8re pour un projet exceptionnel est g\u00e9n\u00e9ralement qu&#039;il doit constituer la premi\u00e8re partie d&#039;un m\u00e9moire de ma\u00eetrise de recherche. Par exemple, il peut \u00eatre publiable ou constituer une excellente introduction au champ \u00e0 l&#039;usage de ceux qui souhaitent le saisir.<\/p>\n\n\n\n<p>Dans les premi\u00e8res \u00e9tapes du projet, les \u00e9tudiants suivront encore des cours. C&#039;est la p\u00e9riode pendant laquelle les \u00e9tudiants sont cens\u00e9s terminer la lecture de fond de leur projet. \u00c0 la fin des cours, ils ont six semaines \u00e0 consacrer au projet: c&#039;est le moment o\u00f9 l&#039;interaction avec le superviseur est la plus fr\u00e9quente (la semaine est la norme), et o\u00f9 le travail et la r\u00e9daction sont termin\u00e9s. Chaque \u00e9tudiant se voit attribuer un tuteur pour le soutien, mais le tuteur n&#039;est pas un co-superviseur. <\/p>\n<\/div><\/div>\n\n\n\n<div class=\"is-layout-flow wp-block-group pad-5\"><div class=\"wp-block-group__inner-container\">\n<h2>Surveillance<\/h2>\n\n\n\n<p>Les superviseurs doivent bien conna\u00eetre le domaine dans lequel le projet est propos\u00e9. Ils doivent guider les \u00e9tudiants dans leurs projets de recherche et aider \u00e0 clarifier des concepts difficiles. Un superviseur ne devrait pas prendre un nombre excessif d&#039;\u00e9tudiants - g\u00e9n\u00e9ralement au plus trois. Les superviseurs sont invit\u00e9s \u00e0 engager les \u00e9tudiants dans un \u00e9change de courriels avant de d\u00e9cider qui accepter pour un projet. Bien s\u00fbr, les \u00e9tudiants re\u00e7oivent les m\u00eames conseils!<\/p>\n\n\n\n<p>On s&#039;attend \u00e0 ce que le superviseur soit disponible pendant les trois mois du projet de recherche, pour guider l&#039;\u00e9tudiant et r\u00e9pondre en temps opportun aux questions et commenter les \u00e9bauches. Les superviseurs qui travaillent en Afrique du Sud mais en dehors du Cap occidental sont encourag\u00e9s \u00e0 faire une courte visite (g\u00e9n\u00e9ralement une ou deux nuits) pour la supervision et la discussion. Il est recommand\u00e9 que cela soit fait dans les trois premi\u00e8res semaines de la seconde moiti\u00e9 de la p\u00e9riode de recherche, lorsque les \u00e9tudiants viennent de terminer les cours et leur lecture de fond pour le projet. L&#039;exp\u00e9rience a montr\u00e9 que cela fonctionne mieux si l&#039;AIMS coordonne les arrangements: assistance pour les frais de transport et d&#039;h\u00e9bergement dans le b\u00e2timent AIMS. S&#039;il y a un co-superviseur local, cette visite n&#039;est g\u00e9n\u00e9ralement pas n\u00e9cessaire. Dans des circonstances exceptionnelles, l&#039;\u00e9tudiant peut \u00e0 la place rendre visite au superviseur; mais alors le co\u00fbt de l&#039;h\u00e9bergement de l&#039;\u00e9tudiant devrait \u00eatre pris en charge par le superviseur.<\/p>\n\n\n\n<p>En commentant les brouillons, le superviseur doit clarifier les principes d&#039;exposition et de grammaire, mais pas n\u00e9cessairement \u00eatre responsable des corrections grammaticales d\u00e9taill\u00e9es tout au long du rapport. On s&#039;attend \u00e0 ce que l&#039;\u00e9tudiant apprenne des commentaires initiaux du superviseur avec l&#039;aide du tuteur (et dans certains cas du professeur d&#039;anglais et de communication). On ne s&#039;attend pas \u00e0 ce que le superviseur relise les \u00e9bauches corrig\u00e9es ant\u00e9rieurement; on s&#039;attend \u00e0 ce que l&#039;\u00e9l\u00e8ve souligne tout changement.<\/p>\n\n\n\n<p>On s&#039;attend \u00e9galement \u00e0 ce que le superviseur soit pr\u00e9sent \u00e0 l&#039;examen, lorsque l&#039;\u00e9tudiant fait une pr\u00e9sentation au tableau de 15 \u00e0 20 minutes et r\u00e9pond ensuite aux questions et aux discussions fournies par le superviseur et les autres examinateurs. Encore une fois, pour les superviseurs en Afrique du Sud mais en dehors du Cap occidental, l&#039;AIMS prend en charge les frais de voyage et d&#039;h\u00e9bergement (dans le b\u00e2timent AIMS). Dans des circonstances exceptionnelles, le superviseur ne peut \u00eatre pr\u00e9sent \u00e0 l&#039;examen; puis un rempla\u00e7ant - g\u00e9n\u00e9ralement local - doit \u00eatre d\u00e9sign\u00e9 et recevoir des questions et des r\u00e9ponses esquiss\u00e9es. La participation par Skype est \u00e9galement possible. D\u00e8s que le calendrier des examens est planifi\u00e9, chaque superviseur sera contact\u00e9 pour d\u00e9signer trois dates pour l&#039;examen de l&#039;\u00e9tudiant. Nous nous effor\u00e7ons de r\u00e9pondre \u00e0 toutes les demandes.<\/p>\n\n\n\n<p>Les superviseurs doivent envoyer par courrier \u00e9lectronique un bref, un paragraphe, rapport \u00e0 supervisorreports@aims.ac.za avant la date \u00e0 laquelle les \u00e9tudiants doivent soumettre leurs rapports de recherche. Il doit indiquer la t\u00e2che initialement d\u00e9finie, la quantit\u00e9 de travail ind\u00e9pendant effectu\u00e9 par l&#039;\u00e9tudiant et toute circonstance particuli\u00e8re rencontr\u00e9e au cours du projet. Il est con\u00e7u pour aider les examinateurs externes et autres \u00e0 \u00e9valuer le rapport, ce qu&#039;ils font avant l&#039;examen oral. Les superviseurs (et les examinateurs) re\u00e7oivent un lien vers une version t\u00e9l\u00e9chargeable du rapport ou une copie imprim\u00e9e, selon les besoins.<\/p>\n\n\n\n<p>L&#039;AIMS s&#039;appuie sur les contributions d&#039;enseignants et de superviseurs. Merci pour votre soutien.<\/p>\n<\/div><\/div>","protected":false},"excerpt":{"rendered":"<p>Overview The AIMS Master&#8217;s in Mathematical Sciences includes a research project, which makes up one third of the course. There are two student intakes, August intake and January intake. Proposal submissions for August intake close mid-February but are reviewed by AIMS staff members as they are submitted. The approved topics are made known to the<\/p>","protected":false},"author":1,"featured_media":0,"parent":0,"menu_order":0,"comment_status":"closed","ping_status":"closed","template":"","meta":{"advgb_blocks_editor_width":"","advgb_blocks_columns_visual_guide":""},"acf":[],"coauthors":[],"author_meta":{"author_link":"https:\/\/aims-senegal.org\/fr\/author\/chris\/","display_name":"chris"},"relative_dates":{"created":"Publi\u00e9 6 ans il y a","modified":"Mis \u00e0 jour 5 ans il y a"},"absolute_dates":{"created":"Publi\u00e9 le septembre 22, 2020","modified":"Mise \u00e0 jour le juin 10, 2021"},"absolute_dates_time":{"created":"Publi\u00e9 le septembre 22, 2020 3:10  ","modified":"Mise \u00e0 jour le juin 10, 2021 12:34  "},"featured_img_caption":"","featured_img":false,"series_order":"","_links":{"self":[{"href":"https:\/\/aims-senegal.org\/fr\/wp-json\/wp\/v2\/pages\/403"}],"collection":[{"href":"https:\/\/aims-senegal.org\/fr\/wp-json\/wp\/v2\/pages"}],"about":[{"href":"https:\/\/aims-senegal.org\/fr\/wp-json\/wp\/v2\/types\/page"}],"author":[{"embeddable":true,"href":"https:\/\/aims-senegal.org\/fr\/wp-json\/wp\/v2\/users\/1"}],"replies":[{"embeddable":true,"href":"https:\/\/aims-senegal.org\/fr\/wp-json\/wp\/v2\/comments?post=403"}],"version-history":[{"count":3,"href":"https:\/\/aims-senegal.org\/fr\/wp-json\/wp\/v2\/pages\/403\/revisions"}],"predecessor-version":[{"id":932,"href":"https:\/\/aims-senegal.org\/fr\/wp-json\/wp\/v2\/pages\/403\/revisions\/932"}],"wp:attachment":[{"href":"https:\/\/aims-senegal.org\/fr\/wp-json\/wp\/v2\/media?parent=403"}],"curies":[{"name":"wp","href":"https:\/\/api.w.org\/{rel}","templated":true}]}}