{"id":419,"date":"2020-09-22T16:57:31","date_gmt":"2020-09-22T16:57:31","guid":{"rendered":"https:\/\/aims-senegal.org\/?page_id=419"},"modified":"2021-06-10T12:34:42","modified_gmt":"2021-06-10T12:34:42","slug":"research-opportunities","status":"publish","type":"page","link":"https:\/\/aims-senegal.org\/fr\/research-opportunities\/","title":{"rendered":"Opportunit\u00e9s de recherche"},"content":{"rendered":"<div class=\"wp-block-cover has-background-dim-30 has-background-dim has-custom-content-position is-position-bottom-left pad-5 page-banner\" style=\"background-image:url(https:\/\/aims-senegal.org\/wp-content\/uploads\/sites\/2\/2020\/09\/Amended-Layouts_Page_46_Image_0001.jpg);background-color:#161228;min-height:600px\"><div class=\"wp-block-cover__inner-container\">\n<h1>Opportunit\u00e9s de recherche<\/h1>\n<\/div><\/div>\n\n\n\n<div class=\"is-layout-flow wp-block-group pad-5\"><div class=\"wp-block-group__inner-container\">\n<h2>Aper\u00e7u<\/h2>\n\n\n\n<p>Lorem ipsum dolor sit amet, consectetur adipiscing elit, sed do eiusmod tempor incididunt ut labore et dolore magna aliqua. Ut enim ad minim veniam, quis nostrud exercice ullamco laboris nisi ut aliquip ex ea commodo cons\u00e9quat. Duis aute irure dolor in reprehenderit in voluptate velit esse cillum dolore eu fugiat nulla pariatur. Excepteur sint occaecat cupidatat non proident, sunt in culpa qui officia deserunt mollit anim id est laborum.<\/p>\n<\/div><\/div>\n\n\n\n<div class=\"wp-block-advgb-columns advgb-columns-wrapper\" id=\"advgb-cols-8ec73b59-0346-4882-b312-39703e0f41fd\"><div class=\"advgb-columns-container\"><div class=\"advgb-columns advgb-columns-row advgb-is-mobile advgb-columns-2 layout-12-12 mbl-layout-stacked vgutter-10\">\n<div class=\"wp-block-advgb-column advgb-column advgb-is-half-tablet advgb-is-full-mobile\" id=\"advgb-col-4aefb9ba-a148-42d1-b304-c8938c13560e\"><div class=\"advgb-column-inner\" style=\"border-style:none;border-width:1px\">\n<div class=\"wp-block-cover\" style=\"background-image:url(https:\/\/aims-senegal.org\/wp-content\/uploads\/sites\/2\/2020\/09\/Amended-Layouts_Page_47_Image_0001.jpg)\"><div class=\"wp-block-cover__inner-container\">\n<p class=\"has-text-align-center has-large-font-size\"><\/p>\n<\/div><\/div>\n<\/div><\/div>\n\n\n\n<div class=\"wp-block-advgb-column advgb-column advgb-is-half-tablet advgb-is-full-mobile pad-5\" id=\"advgb-col-ef6590ca-fcf8-4c5c-b199-0a597948e1a7\"><div class=\"advgb-column-inner\" style=\"border-style:none;border-width:1px\">\n<h2>Programme de recherche postdoctorale et postdoctorale AIMS<\/h2>\n\n\n\n<p>Lorem ipsum dolor sit amet, consectetur adipiscing elit, sed do eiusmod tempor incididunt ut labore et dolore magna aliqua. Ut enim ad minim veniam, quis nostrud exercice ullamco laboris nisi ut aliquip ex ea commodo cons\u00e9quat. Duis aute irure dolor in reprehenderit in voluptate velit esse cillum dolore eu fugiat nulla pariatur. Excepteur sint occaecat cupidatat non proident, sunt in culpa qui officia deserunt mollit anim id est laborum.<\/p>\n\n\n\n<div class=\"is-layout-flex wp-block-buttons\">\n<div class=\"wp-block-button bg-alt\"><a class=\"wp-block-button__link no-border-radius\">Lire la suite<\/a><\/div>\n<\/div>\n<\/div><\/div>\n<\/div><\/div><\/div>\n\n\n\n<div class=\"wp-block-advgb-columns advgb-columns-wrapper\" id=\"advgb-cols-aabfbbde-034c-4b0f-a9cb-a2318c0f2470\"><div class=\"advgb-columns-container\"><div class=\"advgb-columns advgb-columns-row advgb-is-mobile advgb-columns-2 layout-12-12 mbl-layout-stacked vgutter-10\">\n<div class=\"wp-block-advgb-column advgb-column advgb-is-half-tablet advgb-is-full-mobile pad-5\" id=\"advgb-col-9e2ef06c-2545-4485-b8fb-f726299f5fb7\"><div class=\"advgb-column-inner\" style=\"border-style:none;border-width:1px\">\n<h2>AIMS Opportunit\u00e9s de recherche postdoctorale et postdoctorale dans les sciences du changement climatique<\/h2>\n\n\n\n<p>Lorem ipsum dolor sit amet, consectetur adipiscing elit, sed do eiusmod tempor incididunt ut labore et dolore magna aliqua. Ut enim ad minim veniam, quis nostrud exercice ullamco laboris nisi ut aliquip ex ea commodo cons\u00e9quat. Duis aute irure dolor in reprehenderit in voluptate velit esse cillum dolore eu fugiat nulla pariatur. Excepteur sint occaecat cupidatat non proident, sunt in culpa qui officia deserunt mollit anim id est laborum.<\/p>\n\n\n\n<div class=\"is-layout-flex wp-block-buttons\">\n<div class=\"wp-block-button bg-alt\"><a class=\"wp-block-button__link no-border-radius\">Lire la suite<\/a><\/div>\n<\/div>\n<\/div><\/div>\n\n\n\n<div class=\"wp-block-advgb-column advgb-column advgb-is-half-tablet advgb-is-full-mobile\" id=\"advgb-col-843c427c-44eb-4bf0-bde2-5fd4a2413029\"><div class=\"advgb-column-inner\" style=\"border-style:none;border-width:1px\">\n<div class=\"wp-block-cover\" style=\"background-image:url(https:\/\/aims-senegal.org\/wp-content\/uploads\/sites\/2\/2020\/09\/Amended-Layouts_Page_48_Image_0002.jpg)\"><div class=\"wp-block-cover__inner-container\">\n<p class=\"has-text-align-center has-large-font-size\"><\/p>\n<\/div><\/div>\n<\/div><\/div>\n<\/div><\/div><\/div>\n<style class=\"advgb-styles-renderer\">#advgb-cols-8ec73b59-0346-4882-b312-39703e0f41fd{}@media screen and (max-width: 1023px) {#advgb-cols-8ec73b59-0346-4882-b312-39703e0f41fd{}}@media screen and (max-width: 767px) {#advgb-cols-8ec73b59-0346-4882-b312-39703e0f41fd{}}#advgb-col-4aefb9ba-a148-42d1-b304-c8938c13560e>.advgb-column-inner{}@media screen and (max-width: 1023px) {#advgb-col-4aefb9ba-a148-42d1-b304-c8938c13560e>.advgb-column-inner{}}@media screen and (max-width: 767px) {#advgb-col-4aefb9ba-a148-42d1-b304-c8938c13560e>.advgb-column-inner{}}#advgb-col-ef6590ca-fcf8-4c5c-b199-0a597948e1a7>.advgb-column-inner{}@media screen and (max-width: 1023px) {#advgb-col-ef6590ca-fcf8-4c5c-b199-0a597948e1a7>.advgb-column-inner{}}@media screen and (max-width: 767px) {#advgb-col-ef6590ca-fcf8-4c5c-b199-0a597948e1a7>.advgb-column-inner{}}#advgb-cols-aabfbbde-034c-4b0f-a9cb-a2318c0f2470{}@media screen and (max-width: 1023px) {#advgb-cols-aabfbbde-034c-4b0f-a9cb-a2318c0f2470{}}@media screen and (max-width: 767px) {#advgb-cols-aabfbbde-034c-4b0f-a9cb-a2318c0f2470{}}#advgb-col-9e2ef06c-2545-4485-b8fb-f726299f5fb7>.advgb-column-inner{}@media screen and (max-width: 1023px) {#advgb-col-9e2ef06c-2545-4485-b8fb-f726299f5fb7>.advgb-column-inner{}}@media screen and (max-width: 767px) {#advgb-col-9e2ef06c-2545-4485-b8fb-f726299f5fb7>.advgb-column-inner{}}#advgb-col-843c427c-44eb-4bf0-bde2-5fd4a2413029>.advgb-column-inner{}@media screen and (max-width: 1023px) {#advgb-col-843c427c-44eb-4bf0-bde2-5fd4a2413029>.advgb-column-inner{}}@media screen and (max-width: 767px) {#advgb-col-843c427c-44eb-4bf0-bde2-5fd4a2413029>.advgb-column-inner{}}<\/style>","protected":false},"excerpt":{"rendered":"<p>Overview Lorem ipsum dolor sit amet, consectetur adipiscing elit, sed do eiusmod tempor incididunt ut labore et dolore magna aliqua. Ut enim ad minim veniam, quis nostrud exercitation ullamco laboris nisi ut aliquip ex ea commodo consequat. Duis aute irure dolor in reprehenderit in voluptate velit esse cillum dolore eu fugiat nulla pariatur. Excepteur sint<\/p>","protected":false},"author":1,"featured_media":0,"parent":0,"menu_order":0,"comment_status":"closed","ping_status":"closed","template":"","meta":{"advgb_blocks_editor_width":"","advgb_blocks_columns_visual_guide":""},"acf":[],"coauthors":[],"author_meta":{"author_link":"https:\/\/aims-senegal.org\/fr\/author\/chris\/","display_name":"chris"},"relative_dates":{"created":"Publi\u00e9 6 ans il y a","modified":"Mis \u00e0 jour 5 ans il y a"},"absolute_dates":{"created":"Publi\u00e9 le septembre 22, 2020","modified":"Mise \u00e0 jour le juin 10, 2021"},"absolute_dates_time":{"created":"Publi\u00e9 le septembre 22, 2020 4:57  ","modified":"Mise \u00e0 jour le juin 10, 2021 12:34  "},"featured_img_caption":"","featured_img":false,"series_order":"","_links":{"self":[{"href":"https:\/\/aims-senegal.org\/fr\/wp-json\/wp\/v2\/pages\/419"}],"collection":[{"href":"https:\/\/aims-senegal.org\/fr\/wp-json\/wp\/v2\/pages"}],"about":[{"href":"https:\/\/aims-senegal.org\/fr\/wp-json\/wp\/v2\/types\/page"}],"author":[{"embeddable":true,"href":"https:\/\/aims-senegal.org\/fr\/wp-json\/wp\/v2\/users\/1"}],"replies":[{"embeddable":true,"href":"https:\/\/aims-senegal.org\/fr\/wp-json\/wp\/v2\/comments?post=419"}],"version-history":[{"count":3,"href":"https:\/\/aims-senegal.org\/fr\/wp-json\/wp\/v2\/pages\/419\/revisions"}],"predecessor-version":[{"id":5149,"href":"https:\/\/aims-senegal.org\/fr\/wp-json\/wp\/v2\/pages\/419\/revisions\/5149"}],"wp:attachment":[{"href":"https:\/\/aims-senegal.org\/fr\/wp-json\/wp\/v2\/media?parent=419"}],"curies":[{"name":"wp","href":"https:\/\/api.w.org\/{rel}","templated":true}]}}