{"id":454,"date":"2020-09-23T09:43:54","date_gmt":"2020-09-23T09:43:54","guid":{"rendered":"https:\/\/aims-senegal.org\/?page_id=454"},"modified":"2023-10-16T15:30:59","modified_gmt":"2023-10-16T15:30:59","slug":"work-at-aims","status":"publish","type":"page","link":"https:\/\/aims-senegal.org\/fr\/work-at-aims\/","title":{"rendered":"Travailler chez AIMS"},"content":{"rendered":"<div class=\"wp-block-cover is-light has-custom-content-position is-position-bottom-left pad-5\" style=\"min-height:600px\"><span aria-hidden=\"true\" class=\"wp-block-cover__background has-background-dim-30 has-background-dim\" style=\"background-color:#161228\"><\/span><img decoding=\"async\" class=\"wp-block-cover__image-background wp-image-175\" alt=\"\" src=\"https:\/\/centres.nexteinstein.org\/wp-content\/uploads\/2020\/09\/Amended-Layouts_Page_52_Image_0001.jpg\" style=\"object-position:60% 30%\" data-object-fit=\"cover\" data-object-position=\"60% 30%\" \/><div class=\"wp-block-cover__inner-container\">\n<h1>Travailler chez AIMS<\/h1>\n<\/div><\/div>\n\n\n\n<div class=\"is-layout-flow wp-block-group pad-5\"><div class=\"wp-block-group__inner-container\">\n<p><\/p>\n\n\n\n<p>L&#039;Institut Africain des Sciences Math\u00e9matiques (AIMS) est un centre panafricain innovant pour l&#039;enseignement post-universitaire, la recherche et la sensibilisation qui a atteint des ann\u00e9es avant de rejoindre l&#039;AIMS.<\/p>\n\n\n\n<p>Rejoignez-nous et faites partie d&#039;une \u00e9quipe anim\u00e9e par la passion et un objectif commun de transformer l&#039;\u00e9ducation en Afrique et au-del\u00e0. Il n&#039;y a actuellement aucun poste vacant \u00e0 AIMS S\u00e9n\u00e9gal. Pour plus d&#039;opportunit\u00e9s, visitez le <a href=\"https:\/\/nexteinstein.org\/work-at-aims\/\">Secr\u00e9tariat mondial de l&#039;AIMS.<\/a><\/p>\n<\/div><\/div>\n\n\n\n<div class=\"is-layout-flow wp-block-group pad-5-no-top\"><div class=\"wp-block-group__inner-container\">\n<div class=\"wp-block-advgb-adv-tabs advgb-tabs-wrapper advgb-tab-horz-desktop advgb-tab-horz-tablet advgb-tab-horz-mobile advgb-tabs-31b70249-8a0f-43c1-9b3c-ac5cd52e3364\" data-tab-active=\"0\"><ul class=\"advgb-tabs-panel\"><li class=\"advgb-tab\" style=\"background-color:#161228;border-style:solid;border-width:1px;border-radius:0px\"><a id=\"\" href=\"#advgb-tabs-tab0\" style=\"color:#fff\"><span>Carri\u00e8res<\/span><\/a><\/li><li class=\"advgb-tab\" style=\"background-color:#161228;border-style:solid;border-width:1px;border-radius:0px\"><a id=\"\" href=\"#advgb-tabs-tab1\" style=\"color:#fff\"><span>Appels \u00e0 candidatures<\/span><\/a><\/li><\/ul><div class=\"advgb-tab-body-wrapper\" style=\"border-style:solid;border-width:1px;border-radius:0px\">\n<div class=\"wp-block-advgb-tab advgb-tab-body-container\"><div class=\"advgb-tab-body-header advgb-tab-class-\">Carri\u00e8res<\/div><div class=\"advgb-tab-_56f2a2-10 advgb-tab-body\" aria-labelledby=\"advgb-tabs-tab0\"><div id=\"ajax-load-more\" class=\"ajax-load-more-wrap default\" data-id=\"8966270288\" data-alm-id=\"\" data-canonical-url=\"https:\/\/aims-senegal.org\/fr\/work-at-aims\/\" data-slug=\"work-at-aims\" data-post-id=\"454\"  data-localized=\"ajax_load_more_8966270288_vars\" data-alm-object=\"ajax_load_more_8966270288\"><div aria-live=\"polite\" aria-atomic=\"true\" class=\"alm-listing alm-ajax row\" data-container-type=\"div\" data-loading-style=\"default\" data-repeater=\"template_5\" data-post-type=\"career\" data-taxonomy=\"career_types\" data-taxonomy-terms=\"career\" data-taxonomy-operator=\"IN\" data-order=\"DESC\" data-orderby=\"date\" data-offset=\"0\" data-posts-per-page=\"5\" data-button-label=\"Load More\" data-prev-button-label=\"Load Previous\"><\/div><div class=\"alm-btn-wrap\" data-rel=\"ajax-load-more\"><button class=\"alm-load-more-btn more\" type=\"button\">Charger plus<\/button><\/div><\/div>\n<\/div><\/div>\n\n\n\n<div class=\"wp-block-advgb-tab advgb-tab-body-container\"><div class=\"advgb-tab-body-header advgb-tab-class-\">Appels \u00e0 candidatures<\/div><div class=\"advgb-tab-_578177-d7 advgb-tab-body\" aria-labelledby=\"advgb-tabs-tab1\"><div id=\"ajax-load-more-2\" class=\"ajax-load-more-wrap default\" data-id=\"8966270288\" data-alm-id=\"\" data-canonical-url=\"https:\/\/aims-senegal.org\/fr\/work-at-aims\/\" data-slug=\"work-at-aims\" data-post-id=\"454\"  data-localized=\"ajax_load_more_8966270288_vars\" data-alm-object=\"ajax_load_more_8966270288\"><div aria-live=\"polite\" aria-atomic=\"true\" class=\"alm-listing alm-ajax row\" data-container-type=\"div\" data-loading-style=\"default\" data-repeater=\"template_5\" data-post-type=\"career\" data-taxonomy=\"career_types\" data-taxonomy-terms=\"call-for-application\" data-taxonomy-operator=\"IN\" data-order=\"DESC\" data-orderby=\"date\" data-offset=\"0\" data-posts-per-page=\"5\" data-button-label=\"Load More\" data-prev-button-label=\"Load Previous\"><\/div><div class=\"alm-btn-wrap\" data-rel=\"ajax-load-more-2\"><button class=\"alm-load-more-btn more\" type=\"button\">Charger plus<\/button><\/div><\/div>\n<\/div><\/div>\n<\/div><\/div>\n\n\n\n<div class=\"wp-block-advgb-adv-tabs advgb-tabs-wrapper advgb-tab-horz-desktop advgb-tab-horz-tablet advgb-tab-horz-mobile advgb-tabs-07da73ad-6f51-4d2a-8b86-9ec0bff1521a\" data-tab-active=\"1\"><ul class=\"advgb-tabs-panel\"><li class=\"advgb-tab\" style=\"background-color:#161228;border-style:solid;border-width:1px;border-radius:0px\"><a id=\"\" href=\"#advgb-tabs-tab0\" style=\"color:#fff\"><span>Carri\u00e8res<\/span><\/a><\/li><li class=\"advgb-tab\" style=\"background-color:#161228;border-style:solid;border-width:1px;border-radius:0px\"><a id=\"\" href=\"#advgb-tabs-tab1\" style=\"color:#fff\"><span>Appels \u00e0 candidatures<\/span><\/a><\/li><\/ul><div class=\"advgb-tab-body-wrapper\" style=\"border-style:solid;border-width:1px;border-radius:0px\">\n<div class=\"wp-block-advgb-tab advgb-tab-body-container\"><div class=\"advgb-tab-body-header advgb-tab-class-\">Carri\u00e8res<\/div><div class=\"advgb-tab-_a9b0c9-a6 advgb-tab-body\" aria-labelledby=\"advgb-tabs-tab0\"><div id=\"ajax-load-more-3\" class=\"ajax-load-more-wrap default\" data-id=\"8966270288\" data-alm-id=\"\" data-canonical-url=\"https:\/\/aims-senegal.org\/fr\/work-at-aims\/\" data-slug=\"work-at-aims\" data-post-id=\"454\"  data-localized=\"ajax_load_more_8966270288_vars\" data-alm-object=\"ajax_load_more_8966270288\"><div aria-live=\"polite\" aria-atomic=\"true\" class=\"alm-listing alm-ajax row\" data-container-type=\"div\" data-loading-style=\"default\" data-repeater=\"template_5\" data-post-type=\"career\" data-taxonomy=\"career_types\" data-taxonomy-terms=\"career\" data-taxonomy-operator=\"IN\" data-order=\"DESC\" data-orderby=\"date\" data-offset=\"0\" data-posts-per-page=\"5\" data-button-label=\"Load More\" data-prev-button-label=\"Load Previous\"><\/div><div class=\"alm-btn-wrap\" data-rel=\"ajax-load-more-3\"><button class=\"alm-load-more-btn more\" type=\"button\">Charger plus<\/button><\/div><\/div>\n<\/div><\/div>\n\n\n\n<div class=\"wp-block-advgb-tab advgb-tab-body-container\"><div class=\"advgb-tab-body-header advgb-tab-class-\">Appels \u00e0 candidatures<\/div><div class=\"advgb-tab-_c5c173-d9 advgb-tab-body\" aria-labelledby=\"advgb-tabs-tab1\"><div id=\"ajax-load-more-4\" class=\"ajax-load-more-wrap default\" data-id=\"8966270288\" data-alm-id=\"\" data-canonical-url=\"https:\/\/aims-senegal.org\/fr\/work-at-aims\/\" data-slug=\"work-at-aims\" data-post-id=\"454\"  data-localized=\"ajax_load_more_8966270288_vars\" data-alm-object=\"ajax_load_more_8966270288\"><div aria-live=\"polite\" aria-atomic=\"true\" class=\"alm-listing alm-ajax row\" data-container-type=\"div\" data-loading-style=\"default\" data-repeater=\"template_5\" data-post-type=\"career\" data-taxonomy=\"career_types\" data-taxonomy-terms=\"call-for-application\" data-taxonomy-operator=\"IN\" data-order=\"DESC\" data-orderby=\"date\" data-offset=\"0\" data-posts-per-page=\"5\" data-button-label=\"Load More\" data-prev-button-label=\"Load Previous\"><\/div><div class=\"alm-btn-wrap\" data-rel=\"ajax-load-more-4\"><button class=\"alm-load-more-btn more\" type=\"button\">Charger plus<\/button><\/div><\/div>\n<\/div><\/div>\n<\/div><\/div>\n<\/div><\/div>\n\n\n\n<p><\/p>\n<style class=\"advgb-styles-renderer\">.advgb-tabs-31b70249-8a0f-43c1-9b3c-ac5cd52e3364 ul.advgb-tabs-panel li.advgb-tab.advgb-tab-active {background-color:#6c174c !important;color:#fff !important;}#advgb-tabs-31b70249-8a0f-43c1-9b3c-ac5cd52e3364 .advgb-tab-body-header.header-active, .advgb-tabs-31b70249-8a0f-43c1-9b3c-ac5cd52e3364 .advgb-tab-body-header.header-active{background-color:#6c174c !important;color:#fff !important;}.advgb-tabs-07da73ad-6f51-4d2a-8b86-9ec0bff1521a ul.advgb-tabs-panel li.advgb-tab.advgb-tab-active {background-color:#6c174c !important;color:#fff !important;}#advgb-tabs-07da73ad-6f51-4d2a-8b86-9ec0bff1521a .advgb-tab-body-header.header-active, .advgb-tabs-07da73ad-6f51-4d2a-8b86-9ec0bff1521a .advgb-tab-body-header.header-active{background-color:#6c174c !important;color:#fff !important;}<\/style>","protected":false},"excerpt":{"rendered":"<p>The African Institute for Mathematical Sciences (AIMS) is an innovative, pan-African centre for post-graduate education, research and outreach which has achieved years prior to joining AIMS. Join us and be part of a team that is driven by passion and a common goal of transforming education in Africa and beyond. There are currently no vacancies<\/p>","protected":false},"author":1,"featured_media":0,"parent":0,"menu_order":0,"comment_status":"closed","ping_status":"closed","template":"","meta":{"advgb_blocks_editor_width":"","advgb_blocks_columns_visual_guide":""},"acf":[],"coauthors":[],"author_meta":{"author_link":"https:\/\/aims-senegal.org\/fr\/author\/chris\/","display_name":"chris"},"relative_dates":{"created":"Publi\u00e9 6 ans il y a","modified":"Mis \u00e0 jour 2 ans il y a"},"absolute_dates":{"created":"Publi\u00e9 le septembre 23, 2020","modified":"Mise \u00e0 jour le octobre 16, 2023"},"absolute_dates_time":{"created":"Publi\u00e9 le septembre 23, 2020 9:43  ","modified":"Mise \u00e0 jour le octobre 16, 2023 3:30  "},"featured_img_caption":"","featured_img":false,"series_order":"","_links":{"self":[{"href":"https:\/\/aims-senegal.org\/fr\/wp-json\/wp\/v2\/pages\/454"}],"collection":[{"href":"https:\/\/aims-senegal.org\/fr\/wp-json\/wp\/v2\/pages"}],"about":[{"href":"https:\/\/aims-senegal.org\/fr\/wp-json\/wp\/v2\/types\/page"}],"author":[{"embeddable":true,"href":"https:\/\/aims-senegal.org\/fr\/wp-json\/wp\/v2\/users\/1"}],"replies":[{"embeddable":true,"href":"https:\/\/aims-senegal.org\/fr\/wp-json\/wp\/v2\/comments?post=454"}],"version-history":[{"count":14,"href":"https:\/\/aims-senegal.org\/fr\/wp-json\/wp\/v2\/pages\/454\/revisions"}],"predecessor-version":[{"id":5669,"href":"https:\/\/aims-senegal.org\/fr\/wp-json\/wp\/v2\/pages\/454\/revisions\/5669"}],"wp:attachment":[{"href":"https:\/\/aims-senegal.org\/fr\/wp-json\/wp\/v2\/media?parent=454"}],"curies":[{"name":"wp","href":"https:\/\/api.w.org\/{rel}","templated":true}]}}