{"id":485,"date":"2020-09-23T11:04:27","date_gmt":"2020-09-23T11:04:27","guid":{"rendered":"https:\/\/aims-senegal.org\/?page_id=485"},"modified":"2021-06-10T12:34:42","modified_gmt":"2021-06-10T12:34:42","slug":"aims-tutoring-fellowship","status":"publish","type":"page","link":"https:\/\/aims-senegal.org\/fr\/aims-tutoring-fellowship\/","title":{"rendered":"Devenir un tuteur AIMS"},"content":{"rendered":"<div class=\"wp-block-cover has-background-dim-30 has-background-dim has-custom-content-position is-position-bottom-left pad-5\" style=\"background-image:url(https:\/\/centres.nexteinstein.org\/wp-content\/uploads\/2020\/09\/Amended-Layouts_Page_54_Image_0001.jpg);background-color:#161228;min-height:600px\"><div class=\"wp-block-cover__inner-container\">\n<h1>Devenir un tuteur AIMS<\/h1>\n\n\n\n<p><\/p>\n<\/div><\/div>\n\n\n\n<div class=\"is-layout-flow wp-block-group pad-5\"><div class=\"wp-block-group__inner-container\">\n<p>Le tutorat dans les centres AIMS est une merveilleuse opportunit\u00e9 de rencontrer et de travailler en \u00e9troite collaboration avec des scientifiques hautement respect\u00e9s du monde entier, ainsi qu&#039;avec des \u00e9tudiants brillants et tr\u00e8s motiv\u00e9s de toute l&#039;Afrique. Les \u00e9tudiants qui viennent \u00e0 AIMS ont de solides ant\u00e9c\u00e9dents en sciences math\u00e9matiques (y compris les math\u00e9matiques pures et appliqu\u00e9es, l&#039;informatique, la biologie math\u00e9matique et d&#039;autres domaines).<\/p>\n\n\n\n<p>Des conf\u00e9renciers invit\u00e9s exceptionnels sont recrut\u00e9s dans le monde entier pour enseigner et pr\u00e9parer les \u00e9tudiants \u00e0 la recherche avanc\u00e9e de troisi\u00e8me cycle. Les cours ont une port\u00e9e inhabituellement large et utilisent les derni\u00e8res m\u00e9thodes p\u00e9dagogiques afin de stimuler la pens\u00e9e critique et cr\u00e9ative.<\/p>\n\n\n\n<p> Pour faciliter la participation et le suivi des \u00e9tudiants, chaque centre offre une bourse de tutorat qui permet aux chercheurs postdoctoraux et doctorants de travailler en tant qu&#039;assistants p\u00e9dagogiques d\u00e9vou\u00e9s, avec la responsabilit\u00e9 de renforcer les capacit\u00e9s des \u00e9tudiants 24h \/ 24 et 7j \/ 7. Le caract\u00e8re r\u00e9sidentiel unique de l&#039;institut permet une interaction optimale entre \u00e9tudiants et tuteurs.<\/p>\n\n\n\n<p><\/p>\n\n\n\n<p>Rencontrez nos tuteurs pour l&#039;ann\u00e9e acad\u00e9mique 2019\/2020.<\/p>\n\n\n\n<div style=\"height:30px\" aria-hidden=\"true\" class=\"wp-block-spacer\"><\/div>\n\n\n\n<div class=\"is-layout-flex wp-block-buttons\">\n<div class=\"wp-block-button bg-alt\"><a class=\"wp-block-button__link no-border-radius\">D\u00e9poser votre candidature<\/a><\/div>\n<\/div>\n<\/div><\/div>","protected":false},"excerpt":{"rendered":"<p>Tutoring at AIMS centres is a wonderful opportunity to meet and work closely with highly-respected scientists from around the world, as well as brilliant and highly motivated students from across Africa. Students coming to AIMS have strong backgrounds in the mathematical sciences (including pure and applied mathematics, computer science, mathematical biology and other fields). While<\/p>","protected":false},"author":1,"featured_media":0,"parent":0,"menu_order":0,"comment_status":"closed","ping_status":"closed","template":"","meta":{"advgb_blocks_editor_width":"","advgb_blocks_columns_visual_guide":""},"acf":[],"coauthors":[],"author_meta":{"author_link":"https:\/\/aims-senegal.org\/fr\/author\/chris\/","display_name":"chris"},"relative_dates":{"created":"Publi\u00e9 6 ans il y a","modified":"Mis \u00e0 jour 5 ans il y a"},"absolute_dates":{"created":"Publi\u00e9 le septembre 23, 2020","modified":"Mise \u00e0 jour le juin 10, 2021"},"absolute_dates_time":{"created":"Publi\u00e9 le septembre 23, 2020 11:04  ","modified":"Mise \u00e0 jour le juin 10, 2021 12:34  "},"featured_img_caption":"","featured_img":false,"series_order":"","_links":{"self":[{"href":"https:\/\/aims-senegal.org\/fr\/wp-json\/wp\/v2\/pages\/485"}],"collection":[{"href":"https:\/\/aims-senegal.org\/fr\/wp-json\/wp\/v2\/pages"}],"about":[{"href":"https:\/\/aims-senegal.org\/fr\/wp-json\/wp\/v2\/types\/page"}],"author":[{"embeddable":true,"href":"https:\/\/aims-senegal.org\/fr\/wp-json\/wp\/v2\/users\/1"}],"replies":[{"embeddable":true,"href":"https:\/\/aims-senegal.org\/fr\/wp-json\/wp\/v2\/comments?post=485"}],"version-history":[{"count":5,"href":"https:\/\/aims-senegal.org\/fr\/wp-json\/wp\/v2\/pages\/485\/revisions"}],"predecessor-version":[{"id":1228,"href":"https:\/\/aims-senegal.org\/fr\/wp-json\/wp\/v2\/pages\/485\/revisions\/1228"}],"wp:attachment":[{"href":"https:\/\/aims-senegal.org\/fr\/wp-json\/wp\/v2\/media?parent=485"}],"curies":[{"name":"wp","href":"https:\/\/api.w.org\/{rel}","templated":true}]}}