{"id":511,"date":"2020-09-16T22:58:19","date_gmt":"2020-09-16T22:58:19","guid":{"rendered":"https:\/\/aims-senegal.org\/our-chapters\/"},"modified":"2021-06-10T12:34:42","modified_gmt":"2021-06-10T12:34:42","slug":"our-chapters","status":"publish","type":"page","link":"https:\/\/aims-senegal.org\/fr\/our-chapters\/","title":{"rendered":"Nos chapitres"},"content":{"rendered":"<div class=\"wp-block-cover has-background-dim-30 has-background-dim has-custom-content-position is-position-bottom-left pad-5\" style=\"background-image:url(https:\/\/aims-senegal.org\/wp-content\/uploads\/sites\/2\/2020\/09\/Amended-Layouts_Page_58_Image_0001.jpg);background-color:#161228;min-height:600px\"><div class=\"wp-block-cover__inner-container\">\n<h1>Nos chapitres<\/h1>\n\n\n\n<p><\/p>\n<\/div><\/div>\n\n\n\n<div class=\"is-layout-flow wp-block-group pad-5\"><div class=\"wp-block-group__inner-container\">\n<div class=\"wp-block-advgb-columns advgb-columns-wrapper\" id=\"advgb-cols-78959182-0425-4939-ac8d-e3a581ebc6ab\"><div class=\"advgb-columns-container\"><div class=\"advgb-columns advgb-columns-row advgb-is-mobile advgb-columns-2 layout-13-23 mbl-layout-stacked vgutter-10\">\n<div class=\"wp-block-advgb-column advgb-column advgb-is-one-third-tablet advgb-is-full-mobile\" id=\"advgb-col-adf38259-cd28-47bd-a9be-50b131bc248b\" style=\"flex:none\"><div class=\"advgb-column-inner\" style=\"border-style:none;border-width:1px\">\n<div class=\"is-layout-flow wp-block-group pad-top-5\"><div class=\"wp-block-group__inner-container\">\n<figure class=\"wp-block-image size-large\"><img decoding=\"async\" loading=\"lazy\" width=\"800\" height=\"400\" src=\"https:\/\/aims-senegal.org\/wp-content\/uploads\/sites\/2\/2020\/09\/Amended-Layouts_Page_58_Image_0002.jpg\" alt=\"\" class=\"wp-image-514\" srcset=\"https:\/\/aims-senegal.org\/wp-content\/uploads\/sites\/2\/2020\/09\/Amended-Layouts_Page_58_Image_0002.jpg 800w, https:\/\/aims-senegal.org\/wp-content\/uploads\/sites\/2\/2020\/09\/Amended-Layouts_Page_58_Image_0002-300x150.jpg 300w, https:\/\/aims-senegal.org\/wp-content\/uploads\/sites\/2\/2020\/09\/Amended-Layouts_Page_58_Image_0002-768x384.jpg 768w\" sizes=\"(max-width: 800px) 100vw, 800px\" \/><\/figure>\n<\/div><\/div>\n<\/div><\/div>\n\n\n\n<div class=\"wp-block-advgb-column advgb-column advgb-is-two-thirds-tablet advgb-is-full-mobile\" id=\"advgb-col-a2ce99ac-02c9-427c-a05a-0cd7eb4524e3\"><div class=\"advgb-column-inner\" style=\"border-style:none;border-width:1px\">\n<div class=\"is-layout-flow wp-block-group pad-5\"><div class=\"wp-block-group__inner-container\">\n<h2>AIMS UK<\/h2>\n\n\n\n<p>AIMS UK, avec des bureaux \u00e0 Londres, sert de base au Royaume-Uni pour favoriser les partenariats, la mobilisation des ressources et les activit\u00e9s d&#039;engagement du public visant \u00e0 soutenir la croissance du r\u00e9seau.<\/p>\n\n\n\n<p class=\"has-medium-font-size\"><strong>Contacter<\/strong><\/p>\n\n\n\n<p>Audrey Namdiero-Walsh<\/p>\n\n\n\n<p>Directeur des op\u00e9rations europ\u00e9ennes<\/p>\n\n\n\n<p>Maison De Morgan, 57-58 Russell Square<\/p>\n\n\n\n<p>Londres WC1B 4HS<\/p>\n\n\n\n<p><\/p>\n\n\n\n<p><strong>E-mail:<\/strong> <a href=\"mailto:info-uk@nexteinstein.org\">info-uk@nexteinstein.org<\/a><\/p>\n\n\n\n<p><strong>T\u00e9l:<\/strong> +49 157 5532 0456<\/p>\n\n\n\n<div style=\"height:20px\" aria-hidden=\"true\" class=\"wp-block-spacer\"><\/div>\n\n\n\n<div class=\"is-layout-flex wp-block-buttons\">\n<div class=\"wp-block-button\"><a class=\"wp-block-button__link has-background no-border-radius\" style=\"background-color:#d82126\">T\u00e9l\u00e9charger<\/a><\/div>\n<\/div>\n<\/div><\/div>\n<\/div><\/div>\n<\/div><\/div><\/div>\n\n\n\n<div style=\"height:45px\" aria-hidden=\"true\" class=\"wp-block-spacer\"><\/div>\n\n\n\n<div class=\"wp-block-advgb-columns advgb-columns-wrapper\" id=\"advgb-cols-6889d0bc-7640-48e8-91f1-bb8e7c0f0c29\"><div class=\"advgb-columns-container\"><div class=\"advgb-columns advgb-columns-row advgb-is-mobile advgb-columns-2 layout-13-23 mbl-layout-stacked vgutter-10\">\n<div class=\"wp-block-advgb-column advgb-column advgb-is-one-third-tablet advgb-is-full-mobile\" id=\"advgb-col-b54f8eca-3760-47a4-b54c-15d0ee5f9ffe\" style=\"flex:none\"><div class=\"advgb-column-inner\" style=\"border-style:none;border-width:1px\">\n<div class=\"is-layout-flow wp-block-group pad-top-5\"><div class=\"wp-block-group__inner-container\">\n<figure class=\"wp-block-image size-large\"><img decoding=\"async\" loading=\"lazy\" width=\"799\" height=\"400\" src=\"https:\/\/aims-senegal.org\/wp-content\/uploads\/sites\/2\/2020\/09\/Amended-Layouts_Page_58_Image_0003.jpg\" alt=\"\" class=\"wp-image-513\" srcset=\"https:\/\/aims-senegal.org\/wp-content\/uploads\/sites\/2\/2020\/09\/Amended-Layouts_Page_58_Image_0003.jpg 799w, https:\/\/aims-senegal.org\/wp-content\/uploads\/sites\/2\/2020\/09\/Amended-Layouts_Page_58_Image_0003-300x150.jpg 300w, https:\/\/aims-senegal.org\/wp-content\/uploads\/sites\/2\/2020\/09\/Amended-Layouts_Page_58_Image_0003-768x384.jpg 768w\" sizes=\"(max-width: 799px) 100vw, 799px\" \/><\/figure>\n<\/div><\/div>\n<\/div><\/div>\n\n\n\n<div class=\"wp-block-advgb-column advgb-column advgb-is-two-thirds-tablet advgb-is-full-mobile\" id=\"advgb-col-0b74c2b7-96f2-4d56-a78f-dda2494216e6\"><div class=\"advgb-column-inner\" style=\"border-style:none;border-width:1px\">\n<div class=\"is-layout-flow wp-block-group pad-5\"><div class=\"wp-block-group__inner-container\">\n<h2>AIMS Canada<\/h2>\n\n\n\n<p>Bas\u00e9e \u00e0 Toronto, la section AIMS Canada soutient la mobilisation des ressources, les relations avec les parties prenantes et la s\u00e9curisation d&#039;importants partenariats universitaires et politiques.<\/p>\n\n\n\n<p class=\"has-medium-font-size\"><strong>Contacter<\/strong><\/p>\n\n\n\n<p>Mathias Goldstein<\/p>\n\n\n\n<p>Chef du bureau d&#039;AIMS Canada et directeur, Avancement et partenariats - Secr\u00e9tariat mondial de l&#039;AIMS<\/p>\n\n\n\n<p>4711, rue Yonge, 10e \u00e9tage, Toronto<\/p>\n\n\n\n<p>SUR M2N 6KB,<\/p>\n\n\n\n<p>Canada<\/p>\n\n\n\n<p><\/p>\n\n\n\n<p><\/p>\n\n\n\n<p><strong>E-mail:<\/strong> <a href=\"mailto:info-uk@nexteinstein.org\">info-canada@nexteinstein.org<\/a><\/p>\n\n\n\n<p><strong>T\u00e9l:<\/strong> +416-218-5564<\/p>\n\n\n\n<div style=\"height:20px\" aria-hidden=\"true\" class=\"wp-block-spacer\"><\/div>\n\n\n\n<div class=\"is-layout-flex wp-block-buttons\">\n<div class=\"wp-block-button\"><a class=\"wp-block-button__link has-background no-border-radius\" style=\"background-color:#d82126\">T\u00e9l\u00e9charger<\/a><\/div>\n<\/div>\n<\/div><\/div>\n<\/div><\/div>\n<\/div><\/div><\/div>\n\n\n\n<div style=\"height:45px\" aria-hidden=\"true\" class=\"wp-block-spacer\"><\/div>\n\n\n\n<div class=\"wp-block-advgb-columns advgb-columns-wrapper\" id=\"advgb-cols-15637c54-2480-4941-9017-dfd552fb5e63\"><div class=\"advgb-columns-container\"><div class=\"advgb-columns advgb-columns-row advgb-is-mobile advgb-columns-2 layout-13-23 mbl-layout-stacked vgutter-10\">\n<div class=\"wp-block-advgb-column advgb-column advgb-is-one-third-tablet advgb-is-full-mobile\" id=\"advgb-col-77ff1f55-abdb-4ff8-8b1b-a6936a1b3da7\" style=\"flex:none\"><div class=\"advgb-column-inner\" style=\"border-style:none;border-width:1px\">\n<div class=\"is-layout-flow wp-block-group pad-top-5\"><div class=\"wp-block-group__inner-container\">\n<figure class=\"wp-block-image size-large\"><img decoding=\"async\" loading=\"lazy\" width=\"800\" height=\"480\" src=\"https:\/\/aims-senegal.org\/wp-content\/uploads\/sites\/2\/2020\/09\/Amended-Layouts_Page_58_Image_0004.jpg\" alt=\"\" class=\"wp-image-512\" srcset=\"https:\/\/aims-senegal.org\/wp-content\/uploads\/sites\/2\/2020\/09\/Amended-Layouts_Page_58_Image_0004.jpg 800w, https:\/\/aims-senegal.org\/wp-content\/uploads\/sites\/2\/2020\/09\/Amended-Layouts_Page_58_Image_0004-300x180.jpg 300w, https:\/\/aims-senegal.org\/wp-content\/uploads\/sites\/2\/2020\/09\/Amended-Layouts_Page_58_Image_0004-768x461.jpg 768w\" sizes=\"(max-width: 800px) 100vw, 800px\" \/><\/figure>\n<\/div><\/div>\n<\/div><\/div>\n\n\n\n<div class=\"wp-block-advgb-column advgb-column advgb-is-two-thirds-tablet advgb-is-full-mobile\" id=\"advgb-col-b5825674-cb99-45e7-9176-9e9e62c362cf\"><div class=\"advgb-column-inner\" style=\"border-style:none;border-width:1px\">\n<div class=\"is-layout-flow wp-block-group pad-5\"><div class=\"wp-block-group__inner-container\">\n<h2>AIMS Allemagne<\/h2>\n\n\n\n<p>Le bureau de repr\u00e9sentation de l&#039;AIMS \u00e0 Berlin, en Allemagne, travaille en \u00e9troite collaboration avec les institutions allemandes, autrichiennes et suisses.<\/p>\n\n\n\n<p class=\"has-medium-font-size\"><strong>Contacter<\/strong><\/p>\n\n\n\n<p>Audrey Namdiero-Walsh<\/p>\n\n\n\n<p>Directeur des op\u00e9rations europ\u00e9ennes - AIMS Germany gGmbH<\/p>\n\n\n\n<p>Schulestr. 16 10625 Berlin <\/p>\n\n\n\n<p>Allemagne<\/p>\n\n\n\n<p><\/p>\n\n\n\n<p><\/p>\n\n\n\n<p><strong>E-mail:<\/strong> <a href=\"mailto:info-de@nexteinstein.org\">info-de@nexteinstein.org<\/a><\/p>\n\n\n\n<p><strong>T\u00e9l:<\/strong> +49 1575 5320 456<\/p>\n\n\n\n<div style=\"height:20px\" aria-hidden=\"true\" class=\"wp-block-spacer\"><\/div>\n\n\n\n<div class=\"is-layout-flex wp-block-buttons\">\n<div class=\"wp-block-button\"><a class=\"wp-block-button__link has-background no-border-radius\" style=\"background-color:#d82126\">T\u00e9l\u00e9charger<\/a><\/div>\n<\/div>\n<\/div><\/div>\n<\/div><\/div>\n<\/div><\/div><\/div>\n<\/div><\/div>\n<style class=\"advgb-styles-renderer\">#advgb-cols-78959182-0425-4939-ac8d-e3a581ebc6ab{}@media screen and (max-width: 1023px) {#advgb-cols-78959182-0425-4939-ac8d-e3a581ebc6ab{}}@media screen and (max-width: 767px) {#advgb-cols-78959182-0425-4939-ac8d-e3a581ebc6ab{}}#advgb-col-adf38259-cd28-47bd-a9be-50b131bc248b>.advgb-column-inner{}#advgb-col-adf38259-cd28-47bd-a9be-50b131bc248b{width: 40%;}@media screen and (max-width: 1023px) {#advgb-col-adf38259-cd28-47bd-a9be-50b131bc248b>.advgb-column-inner{}}@media screen and (max-width: 767px) {#advgb-col-adf38259-cd28-47bd-a9be-50b131bc248b>.advgb-column-inner{}}#advgb-col-a2ce99ac-02c9-427c-a05a-0cd7eb4524e3>.advgb-column-inner{}@media screen and (max-width: 1023px) {#advgb-col-a2ce99ac-02c9-427c-a05a-0cd7eb4524e3>.advgb-column-inner{}}@media screen and (max-width: 767px) {#advgb-col-a2ce99ac-02c9-427c-a05a-0cd7eb4524e3>.advgb-column-inner{}}#advgb-cols-6889d0bc-7640-48e8-91f1-bb8e7c0f0c29{}@media screen and (max-width: 1023px) {#advgb-cols-6889d0bc-7640-48e8-91f1-bb8e7c0f0c29{}}@media screen and (max-width: 767px) {#advgb-cols-6889d0bc-7640-48e8-91f1-bb8e7c0f0c29{}}#advgb-col-b54f8eca-3760-47a4-b54c-15d0ee5f9ffe>.advgb-column-inner{}#advgb-col-b54f8eca-3760-47a4-b54c-15d0ee5f9ffe{width: 40%;}@media screen and (max-width: 1023px) {#advgb-col-b54f8eca-3760-47a4-b54c-15d0ee5f9ffe>.advgb-column-inner{}}@media screen and (max-width: 767px) {#advgb-col-b54f8eca-3760-47a4-b54c-15d0ee5f9ffe>.advgb-column-inner{}}#advgb-col-0b74c2b7-96f2-4d56-a78f-dda2494216e6>.advgb-column-inner{}@media screen and (max-width: 1023px) {#advgb-col-0b74c2b7-96f2-4d56-a78f-dda2494216e6>.advgb-column-inner{}}@media screen and (max-width: 767px) {#advgb-col-0b74c2b7-96f2-4d56-a78f-dda2494216e6>.advgb-column-inner{}}#advgb-cols-15637c54-2480-4941-9017-dfd552fb5e63{}@media screen and (max-width: 1023px) {#advgb-cols-15637c54-2480-4941-9017-dfd552fb5e63{}}@media screen and (max-width: 767px) {#advgb-cols-15637c54-2480-4941-9017-dfd552fb5e63{}}#advgb-col-77ff1f55-abdb-4ff8-8b1b-a6936a1b3da7>.advgb-column-inner{}#advgb-col-77ff1f55-abdb-4ff8-8b1b-a6936a1b3da7{width: 40%;}@media screen and (max-width: 1023px) {#advgb-col-77ff1f55-abdb-4ff8-8b1b-a6936a1b3da7>.advgb-column-inner{}}@media screen and (max-width: 767px) {#advgb-col-77ff1f55-abdb-4ff8-8b1b-a6936a1b3da7>.advgb-column-inner{}}#advgb-col-b5825674-cb99-45e7-9176-9e9e62c362cf>.advgb-column-inner{}@media screen and (max-width: 1023px) {#advgb-col-b5825674-cb99-45e7-9176-9e9e62c362cf>.advgb-column-inner{}}@media screen and (max-width: 767px) {#advgb-col-b5825674-cb99-45e7-9176-9e9e62c362cf>.advgb-column-inner{}}<\/style>","protected":false},"excerpt":{"rendered":"","protected":false},"author":1,"featured_media":0,"parent":0,"menu_order":0,"comment_status":"closed","ping_status":"closed","template":"","meta":{"advgb_blocks_editor_width":"","advgb_blocks_columns_visual_guide":""},"acf":[],"coauthors":[],"author_meta":{"author_link":"https:\/\/aims-senegal.org\/fr\/author\/chris\/","display_name":"chris"},"relative_dates":{"created":"Publi\u00e9 6 ans il y a","modified":"Mis \u00e0 jour 5 ans il y a"},"absolute_dates":{"created":"Publi\u00e9 le septembre 16, 2020","modified":"Mise \u00e0 jour le juin 10, 2021"},"absolute_dates_time":{"created":"Publi\u00e9 le septembre 16, 2020 10:58  ","modified":"Mise \u00e0 jour le juin 10, 2021 12:34  "},"featured_img_caption":"","featured_img":false,"series_order":"","_links":{"self":[{"href":"https:\/\/aims-senegal.org\/fr\/wp-json\/wp\/v2\/pages\/511"}],"collection":[{"href":"https:\/\/aims-senegal.org\/fr\/wp-json\/wp\/v2\/pages"}],"about":[{"href":"https:\/\/aims-senegal.org\/fr\/wp-json\/wp\/v2\/types\/page"}],"author":[{"embeddable":true,"href":"https:\/\/aims-senegal.org\/fr\/wp-json\/wp\/v2\/users\/1"}],"replies":[{"embeddable":true,"href":"https:\/\/aims-senegal.org\/fr\/wp-json\/wp\/v2\/comments?post=511"}],"version-history":[{"count":7,"href":"https:\/\/aims-senegal.org\/fr\/wp-json\/wp\/v2\/pages\/511\/revisions"}],"predecessor-version":[{"id":810,"href":"https:\/\/aims-senegal.org\/fr\/wp-json\/wp\/v2\/pages\/511\/revisions\/810"}],"wp:attachment":[{"href":"https:\/\/aims-senegal.org\/fr\/wp-json\/wp\/v2\/media?parent=511"}],"curies":[{"name":"wp","href":"https:\/\/api.w.org\/{rel}","templated":true}]}}