{"id":5152,"date":"2023-01-20T15:23:23","date_gmt":"2023-01-20T15:23:23","guid":{"rendered":"https:\/\/aims-senegal.org\/?page_id=5152"},"modified":"2023-01-20T15:29:56","modified_gmt":"2023-01-20T15:29:56","slug":"our-team","status":"publish","type":"page","link":"https:\/\/aims-senegal.org\/fr\/our-team\/","title":{"rendered":"Notre \u00e9quipe"},"content":{"rendered":"<div class=\"wp-block-cover has-background-dim-30 has-background-dim has-custom-content-position is-position-bottom-left pad-5\" style=\"background-color:#161228;min-height:600px\"><img decoding=\"async\" loading=\"lazy\" width=\"1992\" height=\"1560\" class=\"wp-block-cover__image-background wp-image-3311\" alt=\"\" src=\"https:\/\/aims-senegal.org\/wp-content\/uploads\/sites\/2\/2021\/03\/12_auto_x2.jpg\" style=\"object-position:52% 15%\" data-object-fit=\"cover\" data-object-position=\"52% 15%\" srcset=\"https:\/\/aims-senegal.org\/wp-content\/uploads\/sites\/2\/2021\/03\/12_auto_x2.jpg 1992w, https:\/\/aims-senegal.org\/wp-content\/uploads\/sites\/2\/2021\/03\/12_auto_x2-300x235.jpg 300w, https:\/\/aims-senegal.org\/wp-content\/uploads\/sites\/2\/2021\/03\/12_auto_x2-1024x802.jpg 1024w, https:\/\/aims-senegal.org\/wp-content\/uploads\/sites\/2\/2021\/03\/12_auto_x2-768x601.jpg 768w, https:\/\/aims-senegal.org\/wp-content\/uploads\/sites\/2\/2021\/03\/12_auto_x2-1536x1203.jpg 1536w, https:\/\/aims-senegal.org\/wp-content\/uploads\/sites\/2\/2021\/03\/12_auto_x2-16x12.jpg 16w\" sizes=\"(max-width: 1992px) 100vw, 1992px\" \/><div class=\"wp-block-cover__inner-container\">\n<h1>Notre \u00e9quipe<\/h1>\n\n\n\n<p><\/p>\n<\/div><\/div>\n\n\n\n<div class=\"is-layout-flow wp-block-group pad-5\"><div class=\"wp-block-group__inner-container\">\n<div class=\"wp-block-advgb-adv-tabs advgb-tabs-wrapper advgb-tab-horz-desktop advgb-tab-horz-tablet advgb-tab-stack-mobile advgb-tabs-c70232e2-d0e1-48bd-811f-aa286fd2b97e\" data-tab-active=\"0\"><ul class=\"advgb-tabs-panel\"><li class=\"advgb-tab\" style=\"background-color:#161228;border-style:solid;border-width:1px;border-radius:0px\"><a href=\"#advgb-tabs-tab0\" style=\"color:#fff\"><span>Our Management Team<\/span><\/a><\/li><\/ul><div class=\"advgb-tab-body-wrapper\" style=\"border-style:solid;border-width:1px;border-radius:0px\">\n<div class=\"wp-block-advgb-tab advgb-tab-body-container\"><div class=\"advgb-tab-body-header\">Our Management Team<\/div><div class=\"advgb-tab-_b69416-18 advgb-tab-body\" aria-labelledby=\"advgb-tabs-tab0\">\n<p class=\"has-text-align-center\"><\/p>\n\n\n\n<div class=\"row w-00\">        \n\n        <div class=\"col-md-4 col-lg-4\"> <a class=\"profile-card-link\" href=\"https:\/\/aims-senegal.org\/fr\/person\/840-2\/\">\n\n\n<div class=\"profile-card-img img-bg\" style=\"background-image:url('https:\/\/aims-senegal.org\/wp-content\/uploads\/sites\/2\/2020\/09\/vision-pro-74.jpg')\">\n\n\n\n\n\n <\/div>\n<div class=\"profile-card-bottom bg-primary   center-text\"> \n\n<div class=\"profile-card-name pad-5 white-text sans-serif-bold\"> <strong> <p>Prof.Mouhamed Moustapha Fall <\/strong><\/p>\n<p> Pr\u00e9sident du Centre et Chaire de recherche <\/p>\n\n<\/div>\n\n<div class=\"profile-card-name sans-serif-light\">  <\/div>\n\n<\/div>\n<\/a>\n\n<\/div>\n\n\n\n\n        \n\n        <div class=\"col-md-4 col-lg-4\"> <a class=\"profile-card-link\" href=\"https:\/\/aims-senegal.org\/fr\/person\/5806-2\/\">\n\n\n<div class=\"profile-card-img img-bg\" style=\"background-image:url('https:\/\/aims-senegal.org\/wp-content\/uploads\/sites\/2\/2023\/11\/KODE-ID-Pic.jpg')\">\n\n\n\n\n\n <\/div>\n<div class=\"profile-card-bottom bg-primary   center-text\"> \n\n<div class=\"profile-card-name pad-5 white-text sans-serif-bold\"> <strong> <p>Kode Niane <\/strong><\/p>\n<p> Director Finance and Grants &amp; Acting Chief Operating Officer (C.O.O) <\/p>\n\n<\/div>\n\n<div class=\"profile-card-name sans-serif-light\">  <\/div>\n\n<\/div>\n<\/a>\n\n<\/div>\n\n\n\n\n        \n\n        <div class=\"col-md-4 col-lg-4\"> <a class=\"profile-card-link\" href=\"https:\/\/aims-senegal.org\/fr\/person\/lamine\/\">\n\n\n<div class=\"profile-card-img img-bg\" style=\"background-image:url('https:\/\/aims-senegal.org\/wp-content\/uploads\/sites\/2\/2023\/07\/Mouhamadou_Sy.png')\">\n\n\n\n\n\n <\/div>\n<div class=\"profile-card-bottom bg-primary   center-text\"> \n\n<div class=\"profile-card-name pad-5 white-text sans-serif-bold\"> <strong> <p>Prof.  Mouhamadou SY <\/strong><\/p>\n<p> Chair Holder <\/p>\n\n<\/div>\n\n<div class=\"profile-card-name sans-serif-light\">  <\/div>\n\n<\/div>\n<\/a>\n\n<\/div>\n\n\n\n\n        \n\n        <div class=\"col-md-4 col-lg-4\"> <a class=\"profile-card-link\" href=\"https:\/\/aims-senegal.org\/fr\/person\/prof-moustapha-cisse\/\">\n\n\n<div class=\"profile-card-img img-bg\" style=\"background-image:url('https:\/\/aims-senegal.org\/wp-content\/uploads\/sites\/2\/2021\/03\/Moustapha-proflie-1-1024x1024-1.jpg')\">\n\n\n\n\n\n <\/div>\n<div class=\"profile-card-bottom bg-primary   center-text\"> \n\n<div class=\"profile-card-name pad-5 white-text sans-serif-bold\"> <strong> <p>Pr Moustapha Ciss\u00e9 <\/strong><\/p>\n<p> Fondateur et directeur, Master africain en intelligence artificielle (AMMI) <\/p>\n\n<\/div>\n\n<div class=\"profile-card-name sans-serif-light\">  <\/div>\n\n<\/div>\n<\/a>\n\n<\/div>\n\n\n\n\n        \n\n        <div class=\"col-md-4 col-lg-4\"> <a class=\"profile-card-link\" href=\"https:\/\/aims-senegal.org\/fr\/person\/5818-2\/\">\n\n\n<div class=\"profile-card-img img-bg\" style=\"background-image:url('https:\/\/aims-senegal.org\/wp-content\/uploads\/sites\/2\/2023\/11\/Coura-e1719533664564.png')\">\n\n\n\n\n\n <\/div>\n<div class=\"profile-card-bottom bg-primary   center-text\"> \n\n<div class=\"profile-card-name pad-5 white-text sans-serif-bold\"> <strong> <p>Dr Coura Bald\u00e9 <\/strong><\/p>\n<p> Directeur acad\u00e9mique <\/p>\n\n<\/div>\n\n<div class=\"profile-card-name sans-serif-light\">  <\/div>\n\n<\/div>\n<\/a>\n\n<\/div>\n\n\n\n\n        \n\n        <div class=\"col-md-4 col-lg-4\"> <a class=\"profile-card-link\" href=\"https:\/\/aims-senegal.org\/fr\/person\/7501-2\/\">\n\n\n<div class=\"profile-card-img img-bg\" style=\"background-image:url('https:\/\/aims-senegal.org\/wp-content\/uploads\/sites\/2\/2025\/05\/Ibrahima-Samba-1.jpg')\">\n\n\n\n\n\n <\/div>\n<div class=\"profile-card-bottom bg-primary   center-text\"> \n\n<div class=\"profile-card-name pad-5 white-text sans-serif-bold\"> <strong> <p>Ibrahima Saliou Samba <\/strong><\/p>\n<p> Associate Director of Operations <\/p>\n\n<\/div>\n\n<div class=\"profile-card-name sans-serif-light\">  <\/div>\n\n<\/div>\n<\/a>\n\n<\/div>\n\n\n\n\n        \n\n        <div class=\"col-md-4 col-lg-4\"> <a class=\"profile-card-link\" href=\"https:\/\/aims-senegal.org\/fr\/person\/5834-2\/\">\n\n\n<div class=\"profile-card-img img-bg\" style=\"background-image:url('https:\/\/aims-senegal.org\/wp-content\/uploads\/sites\/2\/2023\/11\/Raissa.png')\">\n\n\n\n\n\n <\/div>\n<div class=\"profile-card-bottom bg-primary   center-text\"> \n\n<div class=\"profile-card-name pad-5 white-text sans-serif-bold\"> <strong> <p>Dr. Eliane Raissa Fankem <\/strong><\/p>\n<p> Students Development Manager <\/p>\n\n<\/div>\n\n<div class=\"profile-card-name sans-serif-light\">  <\/div>\n\n<\/div>\n<\/a>\n\n<\/div>\n\n\n\n\n        \n\n        <div class=\"col-md-4 col-lg-4\"> <a class=\"profile-card-link\" href=\"https:\/\/aims-senegal.org\/fr\/person\/847-2\/\">\n\n\n<div class=\"profile-card-img img-bg\" style=\"background-image:url('https:\/\/aims-senegal.org\/wp-content\/uploads\/sites\/2\/2020\/09\/IMG_2604-3.jpg')\">\n\n\n\n\n\n <\/div>\n<div class=\"profile-card-bottom bg-primary   center-text\"> \n\n<div class=\"profile-card-name pad-5 white-text sans-serif-bold\"> <strong> <p>Diane Divine Umuhire <\/strong><\/p>\n<p> Responsable des relations avec l&#039;industrie <\/p>\n\n<\/div>\n\n<div class=\"profile-card-name sans-serif-light\">  <\/div>\n\n<\/div>\n<\/a>\n\n<\/div>\n\n\n\n\n        \n\n        <div class=\"col-md-4 col-lg-4\"> <a class=\"profile-card-link\" href=\"https:\/\/aims-senegal.org\/fr\/person\/848-2\/\">\n\n\n<div class=\"profile-card-img img-bg\" style=\"background-image:url('https:\/\/aims-senegal.org\/wp-content\/uploads\/sites\/2\/2020\/09\/diallo.png')\">\n\n\n\n\n\n <\/div>\n<div class=\"profile-card-bottom bg-primary   center-text\"> \n\n<div class=\"profile-card-name pad-5 white-text sans-serif-bold\"> <strong> <p>Mohamed Lamine Diallo <\/strong><\/p>\n<p> Responsable informatique <\/p>\n\n<\/div>\n\n<div class=\"profile-card-name sans-serif-light\">  <\/div>\n\n<\/div>\n<\/a>\n\n<\/div>\n\n\n\n\n        \n\n        <div class=\"col-md-4 col-lg-4\"> <a class=\"profile-card-link\" href=\"https:\/\/aims-senegal.org\/fr\/person\/5826-2\/\">\n\n\n<div class=\"profile-card-img img-bg\" style=\"background-image:url('https:\/\/aims-senegal.org\/wp-content\/uploads\/sites\/2\/2023\/11\/IMG-20240313-WA0064.jpg')\">\n\n\n\n\n\n <\/div>\n<div class=\"profile-card-bottom bg-primary   center-text\"> \n\n<div class=\"profile-card-name pad-5 white-text sans-serif-bold\"> <strong> <p>Marie Agathe Ndiaye <\/strong><\/p>\n<p> Responsable des finances <\/p>\n\n<\/div>\n\n<div class=\"profile-card-name sans-serif-light\">  <\/div>\n\n<\/div>\n<\/a>\n\n<\/div>\n\n\n\n\n        \n\n        <div class=\"col-md-4 col-lg-4\"> <a class=\"profile-card-link\" href=\"https:\/\/aims-senegal.org\/fr\/person\/849-2\/\">\n\n\n<div class=\"profile-card-img img-bg\" style=\"background-image:url('https:\/\/aims-senegal.org\/wp-content\/uploads\/sites\/2\/2020\/09\/Aissatou.png')\">\n\n\n\n\n\n <\/div>\n<div class=\"profile-card-bottom bg-primary   center-text\"> \n\n<div class=\"profile-card-name pad-5 white-text sans-serif-bold\"> <strong> <p>Ndeye Aissatou Dacosta <\/strong><\/p>\n<p> Facilities &amp; Procurement Manager <\/p>\n\n<\/div>\n\n<div class=\"profile-card-name sans-serif-light\">  <\/div>\n\n<\/div>\n<\/a>\n\n<\/div>\n\n\n\n\n        \n\n        <div class=\"col-md-4 col-lg-4\"> <a class=\"profile-card-link\" href=\"https:\/\/aims-senegal.org\/fr\/person\/teta-bahunde\/\">\n\n\n<div class=\"profile-card-img img-bg\" style=\"background-image:url('https:\/\/aims-senegal.org\/wp-content\/uploads\/sites\/2\/2021\/03\/teta-new-web-picture.jpg')\">\n\n\n\n\n\n <\/div>\n<div class=\"profile-card-bottom bg-primary   center-text\"> \n\n<div class=\"profile-card-name pad-5 white-text sans-serif-bold\"> <strong> <p>Teta Bahunde <\/strong><\/p>\n<p> Responsable de programme, Master africain en intelligence artificielle (AMMI) <\/p>\n\n<\/div>\n\n<div class=\"profile-card-name sans-serif-light\">  <\/div>\n\n<\/div>\n<\/a>\n\n<\/div>\n\n\n\n\n        \n\n        <div class=\"col-md-4 col-lg-4\"> <a class=\"profile-card-link\" href=\"https:\/\/aims-senegal.org\/fr\/person\/1375-2\/\">\n\n\n<div class=\"profile-card-img img-bg\" style=\"background-image:url('https:\/\/aims-senegal.org\/wp-content\/uploads\/sites\/2\/2020\/09\/Jeanne.jpg')\">\n\n\n\n\n\n <\/div>\n<div class=\"profile-card-bottom bg-primary   center-text\"> \n\n<div class=\"profile-card-name pad-5 white-text sans-serif-bold\"> <strong> <p>Jeanne Madelaine Seck <\/strong><\/p>\n<p> Facilities &amp; Administrative Officer <\/p>\n\n<\/div>\n\n<div class=\"profile-card-name sans-serif-light\">  <\/div>\n\n<\/div>\n<\/a>\n\n<\/div>\n\n\n\n\n        \n\n        <div class=\"col-md-4 col-lg-4\"> <a class=\"profile-card-link\" href=\"https:\/\/aims-senegal.org\/fr\/person\/846-2\/\">\n\n\n<div class=\"profile-card-img img-bg\" style=\"background-image:url('https:\/\/aims-senegal.org\/wp-content\/uploads\/sites\/2\/2020\/09\/Marieme.jpg')\">\n\n\n\n\n\n <\/div>\n<div class=\"profile-card-bottom bg-primary   center-text\"> \n\n<div class=\"profile-card-name pad-5 white-text sans-serif-bold\"> <strong> <p>Marieme Bousso Beye <\/strong><\/p>\n<p> Responsable des finances <\/p>\n\n<\/div>\n\n<div class=\"profile-card-name sans-serif-light\">  <\/div>\n\n<\/div>\n<\/a>\n\n<\/div>\n\n\n\n\n        \n\n        <div class=\"col-md-4 col-lg-4\"> <a class=\"profile-card-link\" href=\"https:\/\/aims-senegal.org\/fr\/person\/880-2\/\">\n\n\n<div class=\"profile-card-img img-bg\" style=\"background-image:url('https:\/\/aims-senegal.org\/wp-content\/uploads\/sites\/2\/2020\/09\/BOUBA.jpg')\">\n\n\n\n\n\n <\/div>\n<div class=\"profile-card-bottom bg-primary   center-text\"> \n\n<div class=\"profile-card-name pad-5 white-text sans-serif-bold\"> <strong> <p>Boubacar Fall <\/strong><\/p>\n<p> Facilities &amp; Logistics Assistant <\/p>\n\n<\/div>\n\n<div class=\"profile-card-name sans-serif-light\">  <\/div>\n\n<\/div>\n<\/a>\n\n<\/div>\n\n\n\n\n        \n\n        <div class=\"col-md-4 col-lg-4\"> <a class=\"profile-card-link\" href=\"https:\/\/aims-senegal.org\/fr\/person\/882-2\/\">\n\n\n<div class=\"profile-card-img img-bg\" style=\"background-image:url('https:\/\/aims-senegal.org\/wp-content\/uploads\/sites\/2\/2020\/09\/vision-pro-67.jpg')\">\n\n\n\n\n\n <\/div>\n<div class=\"profile-card-bottom bg-primary   center-text\"> \n\n<div class=\"profile-card-name pad-5 white-text sans-serif-bold\"> <strong> <p>Serge Pacome Goudiaby <\/strong><\/p>\n<p> Assistant logistique et chauffeur <\/p>\n\n<\/div>\n\n<div class=\"profile-card-name sans-serif-light\">  <\/div>\n\n<\/div>\n<\/a>\n\n<\/div>\n\n\n\n\n    \n<\/div><\/div><\/div>\n<\/div><\/div>\n<\/div><\/div>\n<style class=\"advgb-styles-renderer\">.advgb-tabs-c70232e2-d0e1-48bd-811f-aa286fd2b97e ul.advgb-tabs-panel li.advgb-tab.advgb-tab-active {background-color:#fd7e14 !important;color:#ffffff !important;}#advgb-tabs-c70232e2-d0e1-48bd-811f-aa286fd2b97e .advgb-tab-body-header.header-active, .advgb-tabs-c70232e2-d0e1-48bd-811f-aa286fd2b97e .advgb-tab-body-header.header-active{background-color:#fd7e14 !important;color:#ffffff !important;}<\/style>","protected":false},"excerpt":{"rendered":"","protected":false},"author":6,"featured_media":0,"parent":0,"menu_order":0,"comment_status":"closed","ping_status":"closed","template":"","meta":{"advgb_blocks_editor_width":"","advgb_blocks_columns_visual_guide":""},"acf":[],"coauthors":[],"author_meta":{"author_link":"https:\/\/aims-senegal.org\/fr\/author\/dieudonne\/","display_name":"dieudonne"},"relative_dates":{"created":"Publi\u00e9 3 ans il y a","modified":"Mis \u00e0 jour 3 ans il y a"},"absolute_dates":{"created":"Publi\u00e9 le janvier 20, 2023","modified":"Mise \u00e0 jour le janvier 20, 2023"},"absolute_dates_time":{"created":"Publi\u00e9 le janvier 20, 2023 3:23  ","modified":"Mise \u00e0 jour le janvier 20, 2023 3:29  "},"featured_img_caption":"","featured_img":false,"series_order":"","_links":{"self":[{"href":"https:\/\/aims-senegal.org\/fr\/wp-json\/wp\/v2\/pages\/5152"}],"collection":[{"href":"https:\/\/aims-senegal.org\/fr\/wp-json\/wp\/v2\/pages"}],"about":[{"href":"https:\/\/aims-senegal.org\/fr\/wp-json\/wp\/v2\/types\/page"}],"author":[{"embeddable":true,"href":"https:\/\/aims-senegal.org\/fr\/wp-json\/wp\/v2\/users\/6"}],"replies":[{"embeddable":true,"href":"https:\/\/aims-senegal.org\/fr\/wp-json\/wp\/v2\/comments?post=5152"}],"version-history":[{"count":5,"href":"https:\/\/aims-senegal.org\/fr\/wp-json\/wp\/v2\/pages\/5152\/revisions"}],"predecessor-version":[{"id":5159,"href":"https:\/\/aims-senegal.org\/fr\/wp-json\/wp\/v2\/pages\/5152\/revisions\/5159"}],"wp:attachment":[{"href":"https:\/\/aims-senegal.org\/fr\/wp-json\/wp\/v2\/media?parent=5152"}],"curies":[{"name":"wp","href":"https:\/\/api.w.org\/{rel}","templated":true}]}}