{"id":522,"date":"2020-09-23T11:54:09","date_gmt":"2020-09-23T11:54:09","guid":{"rendered":"https:\/\/aims-senegal.org\/?page_id=522"},"modified":"2021-06-10T12:34:42","modified_gmt":"2021-06-10T12:34:42","slug":"contact-us","status":"publish","type":"page","link":"https:\/\/aims-senegal.org\/fr\/contact-us\/","title":{"rendered":"Nous contacter"},"content":{"rendered":"<div class=\"wp-block-cover has-background-dim-30 has-background-dim has-custom-content-position is-position-bottom-left pad-5\" style=\"background-color:#161228;min-height:600px\"><img decoding=\"async\" loading=\"lazy\" width=\"1080\" height=\"718\" class=\"wp-block-cover__image-background wp-image-2538\" alt=\"\" src=\"https:\/\/aims-senegal.org\/wp-content\/uploads\/sites\/2\/2021\/03\/Adrien-Honore-Njanko-from-Cameroon.jpeg\" data-object-fit=\"cover\" data-object-position=\"48% 12%\" srcset=\"https:\/\/aims-senegal.org\/wp-content\/uploads\/sites\/2\/2021\/03\/Adrien-Honore-Njanko-from-Cameroon.jpeg 1080w, https:\/\/aims-senegal.org\/wp-content\/uploads\/sites\/2\/2021\/03\/Adrien-Honore-Njanko-from-Cameroon-300x199.jpeg 300w, https:\/\/aims-senegal.org\/wp-content\/uploads\/sites\/2\/2021\/03\/Adrien-Honore-Njanko-from-Cameroon-1024x681.jpeg 1024w, https:\/\/aims-senegal.org\/wp-content\/uploads\/sites\/2\/2021\/03\/Adrien-Honore-Njanko-from-Cameroon-768x511.jpeg 768w, https:\/\/aims-senegal.org\/wp-content\/uploads\/sites\/2\/2021\/03\/Adrien-Honore-Njanko-from-Cameroon-16x12.jpeg 16w\" sizes=\"(max-width: 1080px) 100vw, 1080px\" \/><div class=\"wp-block-cover__inner-container\">\n<h1>Nous contacter<\/h1>\n<\/div><\/div>\n\n\n\n<div class=\"wp-block-advgb-columns advgb-columns-wrapper\" id=\"advgb-cols-af20e3a9-7f7e-4923-82a7-461928f16c35\"><div class=\"advgb-columns-container\"><div class=\"advgb-columns advgb-columns-row advgb-is-mobile advgb-columns-2 layout-12-12 mbl-layout-stacked vgutter-10\">\n<div class=\"wp-block-advgb-column advgb-column advgb-is-half-tablet advgb-is-full-mobile\" id=\"advgb-col-753e6ca2-01e8-4af8-9174-e3c3cdc4a930\" style=\"flex:none\"><div class=\"advgb-column-inner\" style=\"border-style:none;border-width:1px\">\n<div class=\"wp-block-cover has-white-background-color has-background-dim is-position-center-center bg-alt\" id=\"pad-5\"><div class=\"wp-block-cover__inner-container\">\n<h2>Parle-nous<\/h2>\n\n\n\n<div style=\"height:35px\" aria-hidden=\"true\" class=\"wp-block-spacer\"><\/div>\n\n\n\n<p>Pour toute question concernant les candidatures, veuillez consulter la FAQ ou envoyer un e-mail \u00e0 contact@nexteinstein.org. <\/p>\n\n\n\n<p>Pour toute autre question, veuillez remplir le formulaire ci-dessous.<\/p>\n\n\n\n<p>T\u00e9l\u00e9phone: +221 33956 7693<\/p>\n\n\n\n<p>Courriel: info@aims-senegal.org<\/p>\n\n\n\n<p>Adresse:<br><strong>AIMS S\u00e9n\u00e9gal<\/strong><br>Km2 route de Joal (Centre IRD)<br>BP: 1418<br>Mbour-Thi\u00e8s<br>S\u00e9n\u00e9gal<\/p>\n<\/div><\/div>\n<\/div><\/div>\n\n\n\n<div class=\"wp-block-advgb-column advgb-column advgb-is-half-tablet advgb-is-full-mobile\" id=\"advgb-col-35e6515b-5bf8-480b-96b2-399795039f0e\" style=\"flex:none\"><div class=\"advgb-column-inner\" style=\"border-style:none;border-width:1px\">\n<div class=\"wp-block-advgb-map advgb-map-block full-height\" style=\"margin:10px auto\"><div class=\"advgb-map-content\" id=\"advgbmap-75e312ff-1515-4966-8228-87bda7c6391c\" style=\"height:350px\" data-default=\"https:\/\/maps.gstatic.com\/mapfiles\/api-3\/images\/spotlight-poi2.png\" data-lat=\"14.392365548217652\" data-lng=\"-16.958210886625693\" data-zoom=\"14\" data-title=\"AIMS Senegal\" data-desc=\"\" data-shown=\"true\" data-style=\"\"><\/div><\/div>\n<\/div><\/div>\n<\/div><\/div><\/div>\n\n\n\n<div class=\"is-layout-flow wp-block-group pad-5 has-black-color has-text-color has-background\" style=\"background-color:#e6e6e6\"><div class=\"wp-block-group__inner-container\"><\/div><\/div>\n<style class=\"advgb-styles-renderer\">#advgb-cols-af20e3a9-7f7e-4923-82a7-461928f16c35{}@media screen and (max-width: 1023px) {#advgb-cols-af20e3a9-7f7e-4923-82a7-461928f16c35{}}@media screen and (max-width: 767px) {#advgb-cols-af20e3a9-7f7e-4923-82a7-461928f16c35{}}#advgb-col-753e6ca2-01e8-4af8-9174-e3c3cdc4a930>.advgb-column-inner{}#advgb-col-753e6ca2-01e8-4af8-9174-e3c3cdc4a930{width: 40%;}@media screen and (max-width: 1023px) {#advgb-col-753e6ca2-01e8-4af8-9174-e3c3cdc4a930>.advgb-column-inner{}}@media screen and (max-width: 767px) {#advgb-col-753e6ca2-01e8-4af8-9174-e3c3cdc4a930>.advgb-column-inner{}}#advgb-col-35e6515b-5bf8-480b-96b2-399795039f0e>.advgb-column-inner{}#advgb-col-35e6515b-5bf8-480b-96b2-399795039f0e{width: 60%;}@media screen and (max-width: 1023px) {#advgb-col-35e6515b-5bf8-480b-96b2-399795039f0e>.advgb-column-inner{}}@media screen and (max-width: 767px) {#advgb-col-35e6515b-5bf8-480b-96b2-399795039f0e>.advgb-column-inner{}}<\/style>","protected":false},"excerpt":{"rendered":"","protected":false},"author":1,"featured_media":3108,"parent":0,"menu_order":0,"comment_status":"closed","ping_status":"closed","template":"","meta":{"advgb_blocks_editor_width":"","advgb_blocks_columns_visual_guide":""},"acf":[],"coauthors":[],"author_meta":{"author_link":"https:\/\/aims-senegal.org\/fr\/author\/chris\/","display_name":"chris"},"relative_dates":{"created":"Publi\u00e9 6 ans il y a","modified":"Mis \u00e0 jour 5 ans il y a"},"absolute_dates":{"created":"Publi\u00e9 le septembre 23, 2020","modified":"Mise \u00e0 jour le juin 10, 2021"},"absolute_dates_time":{"created":"Publi\u00e9 le septembre 23, 2020 11:54  ","modified":"Mise \u00e0 jour le juin 10, 2021 12:34  "},"featured_img_caption":"We believe the next Einstein will be African!","featured_img":"https:\/\/aims-senegal.org\/wp-content\/uploads\/sites\/2\/2021\/03\/Circle-Body-scaled-e1617024312731.jpg","series_order":"","_links":{"self":[{"href":"https:\/\/aims-senegal.org\/fr\/wp-json\/wp\/v2\/pages\/522"}],"collection":[{"href":"https:\/\/aims-senegal.org\/fr\/wp-json\/wp\/v2\/pages"}],"about":[{"href":"https:\/\/aims-senegal.org\/fr\/wp-json\/wp\/v2\/types\/page"}],"author":[{"embeddable":true,"href":"https:\/\/aims-senegal.org\/fr\/wp-json\/wp\/v2\/users\/1"}],"replies":[{"embeddable":true,"href":"https:\/\/aims-senegal.org\/fr\/wp-json\/wp\/v2\/comments?post=522"}],"version-history":[{"count":39,"href":"https:\/\/aims-senegal.org\/fr\/wp-json\/wp\/v2\/pages\/522\/revisions"}],"predecessor-version":[{"id":3488,"href":"https:\/\/aims-senegal.org\/fr\/wp-json\/wp\/v2\/pages\/522\/revisions\/3488"}],"wp:featuredmedia":[{"embeddable":true,"href":"https:\/\/aims-senegal.org\/fr\/wp-json\/wp\/v2\/media\/3108"}],"wp:attachment":[{"href":"https:\/\/aims-senegal.org\/fr\/wp-json\/wp\/v2\/media?parent=522"}],"curies":[{"name":"wp","href":"https:\/\/api.w.org\/{rel}","templated":true}]}}