{"id":5446,"date":"2023-08-07T21:32:55","date_gmt":"2023-08-07T21:32:55","guid":{"rendered":"https:\/\/aims-senegal.org\/?page_id=5446"},"modified":"2024-07-23T23:59:44","modified_gmt":"2024-07-23T23:59:44","slug":"research-chair","status":"publish","type":"page","link":"https:\/\/aims-senegal.org\/fr\/research-chair\/","title":{"rendered":"Chaire de recherche Germain"},"content":{"rendered":"<div class=\"wp-block-cover is-light has-custom-content-position is-position-bottom-left pad-5\" style=\"min-height:600px\"><span aria-hidden=\"true\" class=\"wp-block-cover__background has-background-dim-0 has-background-dim\" style=\"background-color:#161228\"><\/span><img decoding=\"async\" loading=\"lazy\" width=\"1600\" height=\"1069\" class=\"wp-block-cover__image-background wp-image-7027\" alt=\"\" src=\"https:\/\/aims-senegal.org\/wp-content\/uploads\/sites\/2\/2024\/07\/IMG-20240705-WA0020.jpg\" data-object-fit=\"cover\" srcset=\"https:\/\/aims-senegal.org\/wp-content\/uploads\/sites\/2\/2024\/07\/IMG-20240705-WA0020.jpg 1600w, https:\/\/aims-senegal.org\/wp-content\/uploads\/sites\/2\/2024\/07\/IMG-20240705-WA0020-300x200.jpg 300w, https:\/\/aims-senegal.org\/wp-content\/uploads\/sites\/2\/2024\/07\/IMG-20240705-WA0020-1024x684.jpg 1024w, https:\/\/aims-senegal.org\/wp-content\/uploads\/sites\/2\/2024\/07\/IMG-20240705-WA0020-768x513.jpg 768w, https:\/\/aims-senegal.org\/wp-content\/uploads\/sites\/2\/2024\/07\/IMG-20240705-WA0020-1536x1026.jpg 1536w, https:\/\/aims-senegal.org\/wp-content\/uploads\/sites\/2\/2024\/07\/IMG-20240705-WA0020-18x12.jpg 18w\" sizes=\"(max-width: 1600px) 100vw, 1600px\" \/><div class=\"wp-block-cover__inner-container\">\n<h1 class=\"has-white-color has-text-color\">Chaire de recherche<\/h1>\n\n\n\n<p><\/p>\n<\/div><\/div>\n\n\n\n<p style=\"font-size:25px\">  <strong>Aper\u00e7u<\/strong><\/p>\n\n\n\n<p><\/p>\n\n\n\n<div class=\"is-layout-constrained wp-block-group\"><div class=\"wp-block-group__inner-container\">\n<div class=\"is-layout-constrained wp-block-group\"><div class=\"wp-block-group__inner-container\">\n<ul>\n<li>Mouhamadou&nbsp;Sy&nbsp;is the endowed Chair in Mathematics and its Applications at AIMS Senegal, funded by the     Alexander von Humboldt Foundation. His research interests are: Nonlinear partial differential Equations, with a particular focus on stochastic approaches to regularity problems; Dispersive Equations such as the Nonlinear Schr\u00f6dinger Equations, Fluid dynamics models such as the Navier-Stokes related Equations; Invariant measures problems in infinite-dimension. He is also interested in Universality phenomena.&nbsp;<\/li>\n<\/ul>\n<\/div><\/div>\n\n\n\n<p style=\"font-size:25px\">   <strong>Activit\u00e9s de recherche<\/strong><\/p>\n\n\n\n<ul>\n<li>Organization of&nbsp;<a rel=\"noreferrer noopener\" href=\"http:\/\/aims-senegal.sn\/en\/research\/394\" target=\"_blank\">ateliers<\/a>,&nbsp;<a rel=\"noreferrer noopener\" href=\"https:\/\/sites.google.com\/a\/aims-senegal.org\/aims-senegal-journal-club\/\" target=\"_blank\">conf\u00e9rences<\/a>, des \u00e9coles d&#039;\u00e9t\u00e9 conjointement avec des universit\u00e9s \/ institutions nationales et internationales de l&#039;AIMS S\u00e9n\u00e9gal.<\/li>\n<\/ul>\n\n\n\n<p><a href=\"http:\/\/www.aims-senegal.sn\/en\/research\/en\/research\/phdprogram\" rel=\"noreferrer noopener\" target=\"_blank\">Supervision des doctorants<\/a>&nbsp;working as assistants of the Chair and participating in the academic activities (doctoral courses, workshops, conferences, etc.) at the Universit\u00e9 Cheikh Anta Diop, Dakar and the University of Bielefeld in Germany. The PhD program is funded by the German Academic Exchange Service (DAAD).<\/p>\n\n\n\n<p>Please visit the chair&#8217;s personal website for updates (<a href=\"http:\/\/m-sy.org\/\" target=\"_blank\" rel=\"noreferrer noopener\">m-sy.org<\/a>)<\/p>\n\n\n\n<p style=\"font-size:25px\">   <strong>Opportunit\u00e9s<\/strong><\/p>\n\n\n\n<ul>\n<li>Visites de recherche courtes (1 \u00e0 2 semaines) \u00e0 AIMS S\u00e9n\u00e9gal;<\/li>\n\n\n\n<li>Initiative de recherche en bin\u00f4me: visites de 2 \u00e0 4 semaines par un chercheur s\u00e9n\u00e9galais et un partenaire de recherche local d&#039;une autre universit\u00e9; ou un partenaire de recherche international; ou doctorant ou post-doctorant;<\/li>\n\n\n\n<li>Co-organisation de cours de courte dur\u00e9e, conf\u00e9rences et ateliers;<\/li>\n<\/ul>\n\n\n\n<p>Students in the mathematical sciences wishing to join the Research Centre may apply to register for PhD with the Chair. All relevant research proposals will be considered. Please feel free to send a detailed&nbsp;CV to&nbsp;<a href=\"\/fr\/mouhamadou.sy@aims-senegal.org\/\" data-type=\"URL\" data-id=\"mouhamadou.sy@aims-senegal.org\">mouhamadou.sy@aims-senegal.org.<\/a><\/p>\n\n\n\n<div class=\"wp-block-cover\"><span aria-hidden=\"true\" class=\"wp-block-cover__background has-background-dim-30 has-background-dim\"><\/span><img decoding=\"async\" loading=\"lazy\" width=\"1078\" height=\"431\" class=\"wp-block-cover__image-background wp-image-5467\" alt=\"\" src=\"https:\/\/aims-senegal.org\/wp-content\/uploads\/sites\/2\/2023\/08\/Students.jpg\" style=\"object-position:38% 57%\" data-object-fit=\"cover\" data-object-position=\"38% 57%\" srcset=\"https:\/\/aims-senegal.org\/wp-content\/uploads\/sites\/2\/2023\/08\/Students.jpg 1078w, https:\/\/aims-senegal.org\/wp-content\/uploads\/sites\/2\/2023\/08\/Students-300x120.jpg 300w, https:\/\/aims-senegal.org\/wp-content\/uploads\/sites\/2\/2023\/08\/Students-1024x409.jpg 1024w, https:\/\/aims-senegal.org\/wp-content\/uploads\/sites\/2\/2023\/08\/Students-768x307.jpg 768w, https:\/\/aims-senegal.org\/wp-content\/uploads\/sites\/2\/2023\/08\/Students-18x7.jpg 18w\" sizes=\"(max-width: 1078px) 100vw, 1078px\" \/><div class=\"wp-block-cover__inner-container\">\n<p><strong><span style=\"font-size: 19.0pt\">Collaborators and research partners:<\/span><\/strong><\/p>\n\n\n\n<p>&#8211; National laboratories.<\/p>\n\n\n\n<p>&#8211; International researchers:<\/p>\n\n\n\n<p>Prof. Benjamin Dodson (Johns Hopkins University, USA)<\/p>\n\n\n\n<p>Prof. Juraj F\u00f6ldes (University of Virginia, USA)<\/p>\n\n\n\n<p>Prof. Martin Hairer (EPFL (Switzerland) and Imperial College London (UK))<\/p>\n\n\n\n<p>Prof. Martina Hofmanova (University of Bielefeld, Germany)<\/p>\n\n\n\n<p>Prof. Xueying Yu (Oregon State University, USA)<\/p>\n<\/div><\/div>\n<\/div><\/div>\n\n\n\n<p><\/p>","protected":false},"excerpt":{"rendered":"<p>Overview Research Activities Supervising&nbsp;PhD students&nbsp;working as assistants of the Chair and participating in the academic activities (doctoral courses, workshops, conferences, etc.) at the Universit\u00e9 Cheikh Anta Diop, Dakar and the University of Bielefeld in Germany. The PhD program is funded by the German Academic Exchange Service (DAAD). Please visit the chair&#8217;s personal website for updates<\/p>","protected":false},"author":16,"featured_media":0,"parent":0,"menu_order":3,"comment_status":"closed","ping_status":"closed","template":"","meta":{"advgb_blocks_editor_width":"","advgb_blocks_columns_visual_guide":""},"acf":[],"coauthors":[],"author_meta":{"author_link":"https:\/\/aims-senegal.org\/fr\/author\/lamine\/","display_name":"lamine"},"relative_dates":{"created":"Publi\u00e9 3 ans il y a","modified":"Mis \u00e0 jour 2 ans il y a"},"absolute_dates":{"created":"Publi\u00e9 le ao\u00fbt 7, 2023","modified":"Mise \u00e0 jour le juillet 23, 2024"},"absolute_dates_time":{"created":"Publi\u00e9 le ao\u00fbt 7, 2023 9:32  ","modified":"Mise \u00e0 jour le juillet 23, 2024 11:59  "},"featured_img_caption":"","featured_img":false,"series_order":"","_links":{"self":[{"href":"https:\/\/aims-senegal.org\/fr\/wp-json\/wp\/v2\/pages\/5446"}],"collection":[{"href":"https:\/\/aims-senegal.org\/fr\/wp-json\/wp\/v2\/pages"}],"about":[{"href":"https:\/\/aims-senegal.org\/fr\/wp-json\/wp\/v2\/types\/page"}],"author":[{"embeddable":true,"href":"https:\/\/aims-senegal.org\/fr\/wp-json\/wp\/v2\/users\/16"}],"replies":[{"embeddable":true,"href":"https:\/\/aims-senegal.org\/fr\/wp-json\/wp\/v2\/comments?post=5446"}],"version-history":[{"count":40,"href":"https:\/\/aims-senegal.org\/fr\/wp-json\/wp\/v2\/pages\/5446\/revisions"}],"predecessor-version":[{"id":7028,"href":"https:\/\/aims-senegal.org\/fr\/wp-json\/wp\/v2\/pages\/5446\/revisions\/7028"}],"wp:attachment":[{"href":"https:\/\/aims-senegal.org\/fr\/wp-json\/wp\/v2\/media?parent=5446"}],"curies":[{"name":"wp","href":"https:\/\/api.w.org\/{rel}","templated":true}]}}