{"id":564,"date":"2020-09-23T17:05:30","date_gmt":"2020-09-23T17:05:30","guid":{"rendered":"https:\/\/aims-senegal.org\/?page_id=564"},"modified":"2021-06-10T12:34:42","modified_gmt":"2021-06-10T12:34:42","slug":"post-aims-business-certificate","status":"publish","type":"page","link":"https:\/\/aims-senegal.org\/fr\/post-aims-business-certificate\/","title":{"rendered":"Certificat d&#039;entreprise post-AIMS"},"content":{"rendered":"<div class=\"wp-block-cover has-background-dim-30 has-background-dim has-custom-content-position is-position-bottom-left pad-5\" style=\"background-image:url(https:\/\/aims-senegal.org\/wp-content\/uploads\/sites\/2\/2021\/03\/MICH6288-1.jpg);background-color:#161228;min-height:600px;background-position:47% 25%\"><div class=\"wp-block-cover__inner-container\">\n<h1>Post certificat d&#039;entreprise AIMS<\/h1>\n<\/div><\/div>\n\n\n\n<div class=\"is-layout-flow wp-block-group pad-5\"><div class=\"wp-block-group__inner-container\">\n<h1>Sur<\/h1>\n\n\n\n<p>Le Post AIMS Business Certificate (PAB) est un cours de formation destin\u00e9 aux dipl\u00f4m\u00e9s AIMS et aux \u00e9tudiants non AIMS des universit\u00e9s francophones, con\u00e7u pour les pr\u00e9parer au march\u00e9 du travail et d\u00e9velopper des comp\u00e9tences li\u00e9es \u00e0 l&#039;entrepreneuriat.&nbsp;<\/p>\n\n\n\n<p>Livr\u00e9 par une entit\u00e9 \/ consultant qualifi\u00e9, le PAB offre une formation pratique en entrepreneuriat, d\u00e9veloppement professionnel, travail ind\u00e9pendant, structure d&#039;entreprise, finance et gestion de programme.&nbsp;<\/p>\n\n\n\n<p>Depuis sa cr\u00e9ation, SFE a form\u00e9 117 \u00e9tudiants au S\u00e9n\u00e9gal dans le cadre de deux cohortes du Post-AIMS Business Certificate, dont 40% sont des femmes.<\/p>\n<\/div><\/div>\n\n\n\n<div class=\"wp-block-cover has-background-dim-70 has-background-dim has-custom-content-position is-position-top-left pad-5\" style=\"background-image:url(https:\/\/aims-senegal.org\/wp-content\/uploads\/sites\/2\/2021\/03\/MICH6260.jpg);background-color:#161228;background-position:50% 12%\"><div class=\"wp-block-cover__inner-container\">\n<h2>Approcher<\/h2>\n\n\n\n<ul><li>Une formation d&#039;un mois menant \u00e0 un Post AIMS Business Certificate, d\u00e9livr\u00e9e \u00e0 Dakar, S\u00e9n\u00e9gal.<\/li><li>La formation est dispens\u00e9e par le biais d&#039;ateliers et de tutoriels sur l&#039;entrepreneuriat, le d\u00e9veloppement professionnel et la pr\u00e9paration \u00e0 l&#039;emploi.<\/li><li>Cette formation permettra aux \u00e9tudiants s\u00e9lectionn\u00e9s de faire face aux nombreux d\u00e9fis li\u00e9s \u00e0 la recherche d&#039;emploi et au travail ind\u00e9pendant.&nbsp;&nbsp;<\/li><li>Admissibilit\u00e9: Alumni de l&#039;AIMS et \u00e9tudiants d&#039;universit\u00e9s africaines francophones ayant suivi une formation initiale en sciences, technologie, ing\u00e9nierie ou math\u00e9matiques (STEM).<\/li><\/ul>\n<\/div><\/div>\n\n\n\n<p><\/p>","protected":false},"excerpt":{"rendered":"<p>About The Post AIMS Business Certificate (PAB) is a training course for AIMS alumni and non-AIMS students from Francophone universities, designed to prepare them for the labour market and to develop competencies relevant to entrepreneurship.&nbsp; Delivered by a qualified entity\/consultant, the PAB provides hands-on training in entrepreneurship, professional development, self-employment, corporate structure, finance, and program<\/p>","protected":false},"author":1,"featured_media":0,"parent":0,"menu_order":0,"comment_status":"closed","ping_status":"closed","template":"","meta":{"advgb_blocks_editor_width":"","advgb_blocks_columns_visual_guide":""},"acf":[],"coauthors":[],"author_meta":{"author_link":"https:\/\/aims-senegal.org\/fr\/author\/chris\/","display_name":"chris"},"relative_dates":{"created":"Publi\u00e9 6 ans il y a","modified":"Mis \u00e0 jour 5 ans il y a"},"absolute_dates":{"created":"Publi\u00e9 le septembre 23, 2020","modified":"Mise \u00e0 jour le juin 10, 2021"},"absolute_dates_time":{"created":"Publi\u00e9 le septembre 23, 2020 5:05  ","modified":"Mise \u00e0 jour le juin 10, 2021 12:34  "},"featured_img_caption":"","featured_img":false,"series_order":"","_links":{"self":[{"href":"https:\/\/aims-senegal.org\/fr\/wp-json\/wp\/v2\/pages\/564"}],"collection":[{"href":"https:\/\/aims-senegal.org\/fr\/wp-json\/wp\/v2\/pages"}],"about":[{"href":"https:\/\/aims-senegal.org\/fr\/wp-json\/wp\/v2\/types\/page"}],"author":[{"embeddable":true,"href":"https:\/\/aims-senegal.org\/fr\/wp-json\/wp\/v2\/users\/1"}],"replies":[{"embeddable":true,"href":"https:\/\/aims-senegal.org\/fr\/wp-json\/wp\/v2\/comments?post=564"}],"version-history":[{"count":8,"href":"https:\/\/aims-senegal.org\/fr\/wp-json\/wp\/v2\/pages\/564\/revisions"}],"predecessor-version":[{"id":2090,"href":"https:\/\/aims-senegal.org\/fr\/wp-json\/wp\/v2\/pages\/564\/revisions\/2090"}],"wp:attachment":[{"href":"https:\/\/aims-senegal.org\/fr\/wp-json\/wp\/v2\/media?parent=564"}],"curies":[{"name":"wp","href":"https:\/\/api.w.org\/{rel}","templated":true}]}}