{"id":574,"date":"2020-09-23T18:15:45","date_gmt":"2020-09-23T18:15:45","guid":{"rendered":"https:\/\/aims-senegal.org\/?page_id=574"},"modified":"2021-06-10T12:34:42","modified_gmt":"2021-06-10T12:34:42","slug":"research-conferences-and-workshops-2","status":"publish","type":"page","link":"https:\/\/aims-senegal.org\/fr\/research-conferences-and-workshops-2\/","title":{"rendered":"Conf\u00e9rences et ateliers de recherche"},"content":{"rendered":"<div class=\"wp-block-cover has-background-dim-30 has-background-dim has-custom-content-position is-position-bottom-left pad-5 page-banner\" style=\"background-image:url(https:\/\/aims-senegal.org\/wp-content\/uploads\/sites\/2\/2021\/03\/DSC_0023-scaled.jpg);background-color:#161228;min-height:600px;background-position:60% 58%\"><div class=\"wp-block-cover__inner-container\">\n<h1>Conf\u00e9rences et ateliers de recherche<\/h1>\n\n\n\n<p><\/p>\n<\/div><\/div>\n\n\n\n<div class=\"is-layout-flow wp-block-group pad-5\"><div class=\"wp-block-group__inner-container\">\n<h2>Aper\u00e7u<\/h2>\n\n\n\n<p>Le Centre de Recherche AIMS S\u00e9n\u00e9gal accueille r\u00e9guli\u00e8rement des conf\u00e9rences, des \u00e9coles de recherche et des ateliers pour favoriser les collaborations avec des institutions de recherche locales et internationales et \u00e9changer des opportunit\u00e9s d&#039;\u00e9change entre chercheurs seniors et juniors.<\/p>\n\n\n\n<div style=\"height:25px\" aria-hidden=\"true\" class=\"wp-block-spacer\"><\/div>\n\n\n<div id=\"ajax-load-more\" class=\"ajax-load-more-wrap default\" data-id=\"7239903576\" data-alm-id=\"\" data-canonical-url=\"https:\/\/aims-senegal.org\/fr\/research-conferences-and-workshops-2\/\" data-slug=\"research-conferences-and-workshops-2\" data-post-id=\"574\"  data-localized=\"ajax_load_more_7239903576_vars\" data-alm-object=\"ajax_load_more_7239903576\"><div aria-live=\"polite\" aria-atomic=\"true\" class=\"alm-listing alm-ajax row\" data-container-type=\"div\" data-loading-style=\"default\" data-repeater=\"template_4\" data-post-type=\"event\" data-taxonomy=\"event_types\" data-taxonomy-terms=\"workshop\" data-taxonomy-operator=\"IN\" data-order=\"DESC\" data-orderby=\"date\" data-offset=\"0\" data-posts-per-page=\"6\" data-button-label=\"Load More\" data-prev-button-label=\"Load Previous\"><\/div><div class=\"alm-btn-wrap\" data-rel=\"ajax-load-more\"><button class=\"alm-load-more-btn more\" type=\"button\">Charger plus<\/button><\/div><\/div>\n<\/div><\/div>","protected":false},"excerpt":{"rendered":"<p>Overview The AIMS Senegal Research Centre regularly hosts conferences, research schools and workshops to foster collaborations with local and international research institutions and exchange opportunities for exchange between senior and junior researchers.<\/p>","protected":false},"author":1,"featured_media":0,"parent":0,"menu_order":0,"comment_status":"closed","ping_status":"closed","template":"","meta":{"advgb_blocks_editor_width":"","advgb_blocks_columns_visual_guide":""},"acf":[],"coauthors":[],"author_meta":{"author_link":"https:\/\/aims-senegal.org\/fr\/author\/chris\/","display_name":"chris"},"relative_dates":{"created":"Publi\u00e9 6 ans il y a","modified":"Mis \u00e0 jour 5 ans il y a"},"absolute_dates":{"created":"Publi\u00e9 le septembre 23, 2020","modified":"Mise \u00e0 jour le juin 10, 2021"},"absolute_dates_time":{"created":"Publi\u00e9 le septembre 23, 2020 6:15  ","modified":"Mise \u00e0 jour le juin 10, 2021 12:34  "},"featured_img_caption":"","featured_img":false,"series_order":"","_links":{"self":[{"href":"https:\/\/aims-senegal.org\/fr\/wp-json\/wp\/v2\/pages\/574"}],"collection":[{"href":"https:\/\/aims-senegal.org\/fr\/wp-json\/wp\/v2\/pages"}],"about":[{"href":"https:\/\/aims-senegal.org\/fr\/wp-json\/wp\/v2\/types\/page"}],"author":[{"embeddable":true,"href":"https:\/\/aims-senegal.org\/fr\/wp-json\/wp\/v2\/users\/1"}],"replies":[{"embeddable":true,"href":"https:\/\/aims-senegal.org\/fr\/wp-json\/wp\/v2\/comments?post=574"}],"version-history":[{"count":9,"href":"https:\/\/aims-senegal.org\/fr\/wp-json\/wp\/v2\/pages\/574\/revisions"}],"predecessor-version":[{"id":2263,"href":"https:\/\/aims-senegal.org\/fr\/wp-json\/wp\/v2\/pages\/574\/revisions\/2263"}],"wp:attachment":[{"href":"https:\/\/aims-senegal.org\/fr\/wp-json\/wp\/v2\/media?parent=574"}],"curies":[{"name":"wp","href":"https:\/\/api.w.org\/{rel}","templated":true}]}}