{"id":6729,"date":"2024-05-20T14:38:49","date_gmt":"2024-05-20T14:38:49","guid":{"rendered":"https:\/\/aims-senegal.org\/?page_id=6729"},"modified":"2024-05-20T14:54:08","modified_gmt":"2024-05-20T14:54:08","slug":"give-back","status":"publish","type":"page","link":"https:\/\/aims-senegal.org\/fr\/give-back\/","title":{"rendered":"GIVE BACK"},"content":{"rendered":"","protected":false},"excerpt":{"rendered":"","protected":false},"author":16,"featured_media":0,"parent":0,"menu_order":0,"comment_status":"closed","ping_status":"closed","template":"","meta":{"advgb_blocks_editor_width":"","advgb_blocks_columns_visual_guide":""},"acf":[],"coauthors":[],"author_meta":{"author_link":"https:\/\/aims-senegal.org\/fr\/author\/lamine\/","display_name":"lamine"},"relative_dates":{"created":"Publi\u00e9 2 ans il y a","modified":"Mis \u00e0 jour 2 ans il y a"},"absolute_dates":{"created":"Publi\u00e9 le mai 20, 2024","modified":"Mise \u00e0 jour le mai 20, 2024"},"absolute_dates_time":{"created":"Publi\u00e9 le mai 20, 2024 2:38  ","modified":"Mise \u00e0 jour le mai 20, 2024 2:54  "},"featured_img_caption":"","featured_img":false,"series_order":"","_links":{"self":[{"href":"https:\/\/aims-senegal.org\/fr\/wp-json\/wp\/v2\/pages\/6729"}],"collection":[{"href":"https:\/\/aims-senegal.org\/fr\/wp-json\/wp\/v2\/pages"}],"about":[{"href":"https:\/\/aims-senegal.org\/fr\/wp-json\/wp\/v2\/types\/page"}],"author":[{"embeddable":true,"href":"https:\/\/aims-senegal.org\/fr\/wp-json\/wp\/v2\/users\/16"}],"replies":[{"embeddable":true,"href":"https:\/\/aims-senegal.org\/fr\/wp-json\/wp\/v2\/comments?post=6729"}],"version-history":[{"count":1,"href":"https:\/\/aims-senegal.org\/fr\/wp-json\/wp\/v2\/pages\/6729\/revisions"}],"predecessor-version":[{"id":6730,"href":"https:\/\/aims-senegal.org\/fr\/wp-json\/wp\/v2\/pages\/6729\/revisions\/6730"}],"wp:attachment":[{"href":"https:\/\/aims-senegal.org\/fr\/wp-json\/wp\/v2\/media?parent=6729"}],"curies":[{"name":"wp","href":"https:\/\/api.w.org\/{rel}","templated":true}]}}