{"id":6864,"date":"2024-06-28T01:58:37","date_gmt":"2024-06-28T01:58:37","guid":{"rendered":"https:\/\/aims-senegal.org\/?page_id=6864"},"modified":"2024-11-20T10:14:39","modified_gmt":"2024-11-20T10:14:39","slug":"researchers-2","status":"publish","type":"page","link":"https:\/\/aims-senegal.org\/fr\/researchers-2\/","title":{"rendered":"Chercheurs"},"content":{"rendered":"<figure class=\"wp-block-image alignwide size-large\"><img decoding=\"async\" loading=\"lazy\" width=\"1024\" height=\"683\" src=\"https:\/\/aims-senegal.org\/wp-content\/uploads\/sites\/2\/2024\/07\/84510724_2819670744742884_8718908839241449472_n-1024x683.jpg\" alt=\"\" class=\"wp-image-6939\" srcset=\"https:\/\/aims-senegal.org\/wp-content\/uploads\/sites\/2\/2024\/07\/84510724_2819670744742884_8718908839241449472_n-1024x683.jpg 1024w, https:\/\/aims-senegal.org\/wp-content\/uploads\/sites\/2\/2024\/07\/84510724_2819670744742884_8718908839241449472_n-300x200.jpg 300w, https:\/\/aims-senegal.org\/wp-content\/uploads\/sites\/2\/2024\/07\/84510724_2819670744742884_8718908839241449472_n-768x512.jpg 768w, https:\/\/aims-senegal.org\/wp-content\/uploads\/sites\/2\/2024\/07\/84510724_2819670744742884_8718908839241449472_n-1536x1024.jpg 1536w, https:\/\/aims-senegal.org\/wp-content\/uploads\/sites\/2\/2024\/07\/84510724_2819670744742884_8718908839241449472_n-18x12.jpg 18w, https:\/\/aims-senegal.org\/wp-content\/uploads\/sites\/2\/2024\/07\/84510724_2819670744742884_8718908839241449472_n.jpg 1728w\" sizes=\"(max-width: 1024px) 100vw, 1024px\" \/><\/figure>\n\n\n\n<p class=\"has-gray-dark-color has-white-background-color has-text-color has-background has-medium-font-size\"><strong>PERMANENT RESEARCHERS CHAIRS<\/strong><\/p>\n\n\n\n<div class=\"is-layout-flex wp-container-7 wp-block-columns\">\n<div class=\"is-layout-flow wp-block-column\">\n<div class=\"is-layout-flex wp-container-5 wp-block-columns\">\n<div class=\"is-layout-flow wp-block-column\"><div class=\"wp-block-image\">\n<figure class=\"aligncenter size-full is-resized\"><img decoding=\"async\" loading=\"lazy\" src=\"https:\/\/aims-senegal.org\/wp-content\/uploads\/sites\/2\/2024\/06\/Moustapha-e1719533351244.jpg\" alt=\"\" class=\"wp-image-6793\" width=\"241\" height=\"238\" srcset=\"https:\/\/aims-senegal.org\/wp-content\/uploads\/sites\/2\/2024\/06\/Moustapha-e1719533351244.jpg 698w, https:\/\/aims-senegal.org\/wp-content\/uploads\/sites\/2\/2024\/06\/Moustapha-e1719533351244-300x298.jpg 300w, https:\/\/aims-senegal.org\/wp-content\/uploads\/sites\/2\/2024\/06\/Moustapha-e1719533351244-12x12.jpg 12w\" sizes=\"(max-width: 241px) 100vw, 241px\" \/><figcaption class=\"wp-element-caption\"><strong><a href=\"https:\/\/sites.google.com\/view\/mouhamedmoustaphafall\/home\"> Pr Mouhamed Moustapha FALL<\/a><\/strong>  <br><strong>PDEs and Geometry<\/strong><\/figcaption><\/figure><\/div><\/div>\n\n\n\n<div class=\"is-layout-flow wp-block-column\"><div class=\"wp-block-image\">\n<figure class=\"aligncenter size-full is-resized\"><img decoding=\"async\" loading=\"lazy\" src=\"https:\/\/aims-senegal.org\/wp-content\/uploads\/sites\/2\/2023\/11\/Coura-e1719533664564.png\" alt=\"\" class=\"wp-image-6653\" width=\"212\" height=\"239\" srcset=\"https:\/\/aims-senegal.org\/wp-content\/uploads\/sites\/2\/2023\/11\/Coura-e1719533664564.png 244w, https:\/\/aims-senegal.org\/wp-content\/uploads\/sites\/2\/2023\/11\/Coura-e1719533664564-11x12.png 11w\" sizes=\"(max-width: 212px) 100vw, 212px\" \/><figcaption class=\"wp-element-caption\"><strong> Dr  Coura BALDE<\/strong> \/ Biomathematics<br>                     <\/figcaption><\/figure><\/div>\n\n\n<p>                  <\/p>\n<\/div>\n\n\n\n<div class=\"is-layout-flow wp-block-column\"><div class=\"wp-block-image\">\n<figure class=\"aligncenter size-large is-resized\"><img decoding=\"async\" loading=\"lazy\" src=\"https:\/\/aims-senegal.org\/wp-content\/uploads\/sites\/2\/2024\/07\/Moustapha-Cisse-1024x1024.jpg\" alt=\"\" class=\"wp-image-7011\" width=\"239\" height=\"239\" srcset=\"https:\/\/aims-senegal.org\/wp-content\/uploads\/sites\/2\/2024\/07\/Moustapha-Cisse-1024x1024.jpg 1024w, https:\/\/aims-senegal.org\/wp-content\/uploads\/sites\/2\/2024\/07\/Moustapha-Cisse-300x300.jpg 300w, https:\/\/aims-senegal.org\/wp-content\/uploads\/sites\/2\/2024\/07\/Moustapha-Cisse-150x150.jpg 150w, https:\/\/aims-senegal.org\/wp-content\/uploads\/sites\/2\/2024\/07\/Moustapha-Cisse-768x768.jpg 768w, https:\/\/aims-senegal.org\/wp-content\/uploads\/sites\/2\/2024\/07\/Moustapha-Cisse-12x12.jpg 12w, https:\/\/aims-senegal.org\/wp-content\/uploads\/sites\/2\/2024\/07\/Moustapha-Cisse.jpg 1030w\" sizes=\"(max-width: 239px) 100vw, 239px\" \/><figcaption class=\"wp-element-caption\"><a href=\"https:\/\/www.linkedin.com\/in\/moustapha-cisse\/\" data-type=\"URL\" data-id=\"https:\/\/www.linkedin.com\/in\/moustapha-cisse\/\">Moustapha CISSE, Ph.D <\/a><br>Founder &amp; Director AMMI<\/figcaption><\/figure><\/div><\/div>\n\n\n\n<div class=\"is-layout-flow wp-block-column\"><div class=\"wp-block-image\">\n<figure class=\"aligncenter size-full is-resized\"><img decoding=\"async\" loading=\"lazy\" src=\"https:\/\/aims-senegal.org\/wp-content\/uploads\/sites\/2\/2023\/11\/Raissa.png\" alt=\"\" class=\"wp-image-6651\" width=\"232\" height=\"240\" srcset=\"https:\/\/aims-senegal.org\/wp-content\/uploads\/sites\/2\/2023\/11\/Raissa.png 429w, https:\/\/aims-senegal.org\/wp-content\/uploads\/sites\/2\/2023\/11\/Raissa-289x300.png 289w, https:\/\/aims-senegal.org\/wp-content\/uploads\/sites\/2\/2023\/11\/Raissa-12x12.png 12w\" sizes=\"(max-width: 232px) 100vw, 232px\" \/><figcaption class=\"wp-element-caption\"><strong>Dr  Elian Ra\u00efssa FANKEM<\/strong> <br>Applied Physics<br>                           <\/figcaption><\/figure><\/div>\n\n\n<p class=\"has-text-align-left\">                                <\/p>\n\n\n\n<p class=\"has-text-align-center\">   <\/p>\n<\/div>\n<\/div>\n<\/div>\n<\/div>\n\n\n\n<p class=\"has-gray-dark-color has-white-background-color has-text-color has-background has-medium-font-size\"><strong>RESEARCH CHAIRS<\/strong><\/p>\n\n\n\n<div class=\"is-layout-flex wp-container-10 wp-block-columns\">\n<div class=\"is-layout-flow wp-block-column\"><div class=\"wp-block-image\">\n<figure class=\"aligncenter size-full is-resized\"><img decoding=\"async\" loading=\"lazy\" src=\"https:\/\/aims-senegal.org\/wp-content\/uploads\/sites\/2\/2023\/07\/Mouhamadou_Sy.png\" alt=\"\" class=\"wp-image-5414\" width=\"233\" height=\"288\" srcset=\"https:\/\/aims-senegal.org\/wp-content\/uploads\/sites\/2\/2023\/07\/Mouhamadou_Sy.png 430w, https:\/\/aims-senegal.org\/wp-content\/uploads\/sites\/2\/2023\/07\/Mouhamadou_Sy-242x300.png 242w, https:\/\/aims-senegal.org\/wp-content\/uploads\/sites\/2\/2023\/07\/Mouhamadou_Sy-10x12.png 10w\" sizes=\"(max-width: 233px) 100vw, 233px\" \/><figcaption class=\"wp-element-caption\"><a href=\"https:\/\/m-sy.org\/\">  <strong>Pr  Mouhamadou SY<\/strong><\/a>,Germain Research Chairs<br>  (<strong>PDEs and Probability<\/strong>)<\/figcaption><\/figure><\/div>\n\n\n<p>                   <\/p>\n<\/div>\n\n\n\n<div class=\"is-layout-flow wp-block-column\"><div class=\"wp-block-image\">\n<figure class=\"aligncenter size-large is-resized\"><img decoding=\"async\" loading=\"lazy\" src=\"https:\/\/aims-senegal.org\/wp-content\/uploads\/sites\/2\/2024\/06\/Ludoo-882x1024.jpg\" alt=\"\" class=\"wp-image-6894\" width=\"250\" height=\"290\" srcset=\"https:\/\/aims-senegal.org\/wp-content\/uploads\/sites\/2\/2024\/06\/Ludoo-882x1024.jpg 882w, https:\/\/aims-senegal.org\/wp-content\/uploads\/sites\/2\/2024\/06\/Ludoo-258x300.jpg 258w, https:\/\/aims-senegal.org\/wp-content\/uploads\/sites\/2\/2024\/06\/Ludoo-768x892.jpg 768w, https:\/\/aims-senegal.org\/wp-content\/uploads\/sites\/2\/2024\/06\/Ludoo-1323x1536.jpg 1323w, https:\/\/aims-senegal.org\/wp-content\/uploads\/sites\/2\/2024\/06\/Ludoo-1764x2048.jpg 1764w, https:\/\/aims-senegal.org\/wp-content\/uploads\/sites\/2\/2024\/06\/Ludoo-10x12.jpg 10w, https:\/\/aims-senegal.org\/wp-content\/uploads\/sites\/2\/2024\/06\/Ludoo.jpg 1837w\" sizes=\"(max-width: 250px) 100vw, 250px\" \/><figcaption class=\"wp-element-caption\"><a href=\"https:\/\/math.univ-cotedazur.fr\/~rifford\/index.html\" data-type=\"URL\" data-id=\"https:\/\/math.univ-cotedazur.fr\/~rifford\/index.html\"> <strong>Pr  Ludovic RIFFORD<\/strong><\/a>, AIMS &#8211; CNRS Research Chairs<br>( <strong>Differential Geometry, Sub-Riemannian Geometry<\/strong>)<\/figcaption><\/figure><\/div><\/div>\n<\/div>\n\n\n\n<p class=\"has-gray-dark-color has-white-background-color has-text-color has-background has-medium-font-size\"><strong>ASSOCIATE RESEARCHERS<\/strong><\/p>\n\n\n\n<div class=\"is-layout-flex wp-container-14 wp-block-columns\">\n<div class=\"is-layout-flow wp-block-column\"><div class=\"wp-block-image\">\n<figure class=\"aligncenter size-large is-resized\"><img decoding=\"async\" loading=\"lazy\" src=\"https:\/\/aims-senegal.org\/wp-content\/uploads\/sites\/2\/2021\/03\/Tuteur-Senegal-Seydou-Nourou-SYLLA-952x1024.jpg\" alt=\"\" class=\"wp-image-2114\" width=\"280\" height=\"298\" \/><figcaption class=\"wp-element-caption\"> <strong><a href=\"https:\/\/www.linkedin.com\/in\/seydou-nourou-sylla-15922a82\/\"> Dr  Seydou Nourou SYLLA<\/a><\/strong> <br> <strong>DATA SCIENCES<\/strong><\/figcaption><\/figure><\/div>\n\n\n<p>                                                                                                                                                  <\/p>\n<\/div>\n\n\n\n<div class=\"is-layout-flow wp-block-column\"><div class=\"wp-block-image\">\n<figure class=\"aligncenter size-full is-resized\"><img decoding=\"async\" loading=\"lazy\" src=\"https:\/\/aims-senegal.org\/wp-content\/uploads\/sites\/2\/2024\/11\/Kwabna-PhDStudents2.jpg\" alt=\"\" class=\"wp-image-7207\" width=\"287\" height=\"295\" srcset=\"https:\/\/aims-senegal.org\/wp-content\/uploads\/sites\/2\/2024\/11\/Kwabna-PhDStudents2.jpg 418w, https:\/\/aims-senegal.org\/wp-content\/uploads\/sites\/2\/2024\/11\/Kwabna-PhDStudents2-291x300.jpg 291w, https:\/\/aims-senegal.org\/wp-content\/uploads\/sites\/2\/2024\/11\/Kwabna-PhDStudents2-12x12.jpg 12w\" sizes=\"(max-width: 287px) 100vw, 287px\" \/><figcaption class=\"wp-element-caption\"><strong> <a href=\"https:\/\/github.com\/kwabenaOwusu\"> PhD Kwabena Afriyie Owusu<\/a><\/strong>              Modeling and Analysis of Complex Ecological and Socioeconomic Systems with Applications on Sustainability, Human behavior &amp; Climate change.<\/figcaption><\/figure><\/div><\/div>\n\n\n\n<div class=\"is-layout-flow wp-block-column\"><div class=\"wp-block-image\">\n<figure class=\"aligncenter size-full is-resized\"><img decoding=\"async\" loading=\"lazy\" src=\"https:\/\/aims-senegal.org\/wp-content\/uploads\/sites\/2\/2024\/06\/1624654282057.jpg\" alt=\"\" class=\"wp-image-6877\" width=\"298\" height=\"292\" \/><figcaption class=\"wp-element-caption\"><strong><a href=\"https:\/\/www.linkedin.com\/in\/gabayae\/?originalSubdomain=rw\" data-type=\"URL\" data-id=\"https:\/\/www.linkedin.com\/in\/gabayae\/?originalSubdomain=rw\"> Dr  Yae Ulrich GABA<\/a> <\/strong>  <br>                <strong> DATA SCIENCES                                                                                 <\/strong><\/figcaption><\/figure><\/div><\/div>\n<\/div>","protected":false},"excerpt":{"rendered":"<p>PERMANENT RESEARCHERS CHAIRS RESEARCH CHAIRS ASSOCIATE RESEARCHERS<\/p>","protected":false},"author":16,"featured_media":0,"parent":0,"menu_order":0,"comment_status":"closed","ping_status":"closed","template":"","meta":{"advgb_blocks_editor_width":"","advgb_blocks_columns_visual_guide":""},"acf":[],"coauthors":[],"author_meta":{"author_link":"https:\/\/aims-senegal.org\/fr\/author\/lamine\/","display_name":"lamine"},"relative_dates":{"created":"Publi\u00e9 2 ans il y a","modified":"Mis \u00e0 jour 1 an il y a"},"absolute_dates":{"created":"Publi\u00e9 le juin 28, 2024","modified":"Mise \u00e0 jour le novembre 20, 2024"},"absolute_dates_time":{"created":"Publi\u00e9 le juin 28, 2024 1:58  ","modified":"Mise \u00e0 jour le novembre 20, 2024 10:14  "},"featured_img_caption":"","featured_img":false,"series_order":"","_links":{"self":[{"href":"https:\/\/aims-senegal.org\/fr\/wp-json\/wp\/v2\/pages\/6864"}],"collection":[{"href":"https:\/\/aims-senegal.org\/fr\/wp-json\/wp\/v2\/pages"}],"about":[{"href":"https:\/\/aims-senegal.org\/fr\/wp-json\/wp\/v2\/types\/page"}],"author":[{"embeddable":true,"href":"https:\/\/aims-senegal.org\/fr\/wp-json\/wp\/v2\/users\/16"}],"replies":[{"embeddable":true,"href":"https:\/\/aims-senegal.org\/fr\/wp-json\/wp\/v2\/comments?post=6864"}],"version-history":[{"count":34,"href":"https:\/\/aims-senegal.org\/fr\/wp-json\/wp\/v2\/pages\/6864\/revisions"}],"predecessor-version":[{"id":7209,"href":"https:\/\/aims-senegal.org\/fr\/wp-json\/wp\/v2\/pages\/6864\/revisions\/7209"}],"wp:attachment":[{"href":"https:\/\/aims-senegal.org\/fr\/wp-json\/wp\/v2\/media?parent=6864"}],"curies":[{"name":"wp","href":"https:\/\/api.w.org\/{rel}","templated":true}]}}