{"id":71,"date":"2020-09-19T17:07:57","date_gmt":"2020-09-19T17:07:57","guid":{"rendered":"https:\/\/aims-senegal.org\/?page_id=71"},"modified":"2023-01-26T10:25:02","modified_gmt":"2023-01-26T10:25:02","slug":"our-story","status":"publish","type":"page","link":"https:\/\/aims-senegal.org\/fr\/our-story\/","title":{"rendered":"\u00c0 propos de AIMS S\u00e9n\u00e9gal"},"content":{"rendered":"<div class=\"wp-block-cover has-background-dim-30 has-background-dim has-custom-content-position is-position-bottom-left pad-5\" style=\"background-color:#161228;min-height:600px\"><img decoding=\"async\" loading=\"lazy\" width=\"2560\" height=\"1537\" class=\"wp-block-cover__image-background wp-image-2042\" alt=\"\" src=\"https:\/\/aims-senegal.org\/wp-content\/uploads\/sites\/2\/2021\/03\/Senegal-ANAQ-SUP-2-scaled.jpg\" style=\"object-position:41% 52%\" data-object-fit=\"cover\" data-object-position=\"41% 52%\" srcset=\"https:\/\/aims-senegal.org\/wp-content\/uploads\/sites\/2\/2021\/03\/Senegal-ANAQ-SUP-2-scaled.jpg 2560w, https:\/\/aims-senegal.org\/wp-content\/uploads\/sites\/2\/2021\/03\/Senegal-ANAQ-SUP-2-300x180.jpg 300w, https:\/\/aims-senegal.org\/wp-content\/uploads\/sites\/2\/2021\/03\/Senegal-ANAQ-SUP-2-1024x615.jpg 1024w, https:\/\/aims-senegal.org\/wp-content\/uploads\/sites\/2\/2021\/03\/Senegal-ANAQ-SUP-2-768x461.jpg 768w, https:\/\/aims-senegal.org\/wp-content\/uploads\/sites\/2\/2021\/03\/Senegal-ANAQ-SUP-2-1536x922.jpg 1536w, https:\/\/aims-senegal.org\/wp-content\/uploads\/sites\/2\/2021\/03\/Senegal-ANAQ-SUP-2-2048x1230.jpg 2048w, https:\/\/aims-senegal.org\/wp-content\/uploads\/sites\/2\/2021\/03\/Senegal-ANAQ-SUP-2-16x10.jpg 16w\" sizes=\"(max-width: 2560px) 100vw, 2560px\" \/><div class=\"wp-block-cover__inner-container\">\n<h1>\u00c0 propos de AIMS S\u00e9n\u00e9gal<\/h1>\n\n\n\n<p><\/p>\n<\/div><\/div>\n\n\n\n<div class=\"is-layout-flow wp-block-group pad-5\"><div class=\"wp-block-group__inner-container\">\n<p>Cr\u00e9\u00e9 en 2011 avec le soutien du gouvernement du S\u00e9n\u00e9gal, AIMS S\u00e9n\u00e9gal est le deuxi\u00e8me centre d'excellence \u00e0 \u00eatre cr\u00e9\u00e9 dans le cadre du r\u00e9seau mondial AIMS (AIMS Next Einstein Initiative). AIMS S\u00e9n\u00e9gal offre un Master en sciences math\u00e9matiques \u00e0 travers :<\/p>\n\n\n\n<ul><li>Un programme structur\u00e9 de 10 mois orient\u00e9 vers la recherche<\/li><li>Un programme d\u2019\u00e9ducation coop\u00e9ratif de 18 mois avec un lien direct avec l\u2019industrie par le biais de stages professionnels<\/li><li>Le Master africain en intelligence machine (AMMI) <\/li><\/ul>\n\n\n\n<p>Le Master en sciences math\u00e9matiques d'AIMS S\u00e9n\u00e9gal est accr\u00e9dit\u00e9 par l'Autorit\u00e9 Nationale d'Assurance Qualit\u00e9 de l'Enseignement Sup\u00e9rieur (ANAQ-Sup), S\u00e9n\u00e9gal. Depuis sa cr\u00e9ation, AIMS S\u00e9n\u00e9gal a form\u00e9 plus de 400 \u00e9tudiants.<\/p>\n<\/div><\/div>\n\n\n\n<div class=\"wp-block-advgb-columns advgb-columns-wrapper\" id=\"advgb-cols-d5d6930d-6867-4989-b630-e44831213e19\"><div class=\"advgb-columns-container\"><div class=\"advgb-columns advgb-columns-row advgb-is-mobile advgb-columns-2 layout-12-12 mbl-layout-stacked vgutter-10\">\n<div class=\"wp-block-advgb-column advgb-column advgb-is-half-tablet advgb-is-full-mobile\" id=\"advgb-col-413cefda-378a-43ac-8614-63330b43a017\" style=\"flex:none\"><div class=\"advgb-column-inner\" style=\"border-style:none;border-width:1px\">\n<div class=\"wp-block-cover\"><img decoding=\"async\" loading=\"lazy\" width=\"2560\" height=\"1707\" class=\"wp-block-cover__image-background wp-image-1575\" alt=\"\" src=\"https:\/\/aims-senegal.org\/wp-content\/uploads\/sites\/2\/2021\/03\/Adjacent-to-AIMS-Is-a-Call-to-Action-scaled.jpg\" data-object-fit=\"cover\" srcset=\"https:\/\/aims-senegal.org\/wp-content\/uploads\/sites\/2\/2021\/03\/Adjacent-to-AIMS-Is-a-Call-to-Action-scaled.jpg 2560w, https:\/\/aims-senegal.org\/wp-content\/uploads\/sites\/2\/2021\/03\/Adjacent-to-AIMS-Is-a-Call-to-Action-300x200.jpg 300w, https:\/\/aims-senegal.org\/wp-content\/uploads\/sites\/2\/2021\/03\/Adjacent-to-AIMS-Is-a-Call-to-Action-1024x683.jpg 1024w, https:\/\/aims-senegal.org\/wp-content\/uploads\/sites\/2\/2021\/03\/Adjacent-to-AIMS-Is-a-Call-to-Action-768x512.jpg 768w, https:\/\/aims-senegal.org\/wp-content\/uploads\/sites\/2\/2021\/03\/Adjacent-to-AIMS-Is-a-Call-to-Action-1536x1024.jpg 1536w, https:\/\/aims-senegal.org\/wp-content\/uploads\/sites\/2\/2021\/03\/Adjacent-to-AIMS-Is-a-Call-to-Action-2048x1365.jpg 2048w, https:\/\/aims-senegal.org\/wp-content\/uploads\/sites\/2\/2021\/03\/Adjacent-to-AIMS-Is-a-Call-to-Action-16x12.jpg 16w\" sizes=\"(max-width: 2560px) 100vw, 2560px\" \/><div class=\"wp-block-cover__inner-container\">\n<p class=\"has-text-align-center has-large-font-size\"><\/p>\n<\/div><\/div>\n<\/div><\/div>\n\n\n\n<div class=\"wp-block-advgb-column advgb-column advgb-is-half-tablet advgb-is-full-mobile\" id=\"advgb-col-b661ff85-2a74-412f-948b-0f8f47c2b4b7\"><div class=\"advgb-column-inner\" style=\"border-style:none;border-width:1px\">\n<h2>AIMS est un appel \u00e0 l&#039;action pour:<\/h2>\n\n\n\n<ul><li>Investir dans l&#039;\u00e9ducation STEM pour l&#039;avancement du d\u00e9veloppement en Afrique;<\/li><li>Accro\u00eetre la collaboration entre les secteurs public et priv\u00e9 pour donner la priorit\u00e9 \u00e0 l&#039;enseignement des STEM en Afrique;<\/li><li>Encourager les d\u00e9cideurs \u00e0 faire avancer l&#039;Agenda de l&#039;\u00e9ducation STEM en Afrique pour la transformation et la croissance durable du continent, en particulier en ce qui concerne l&#039;augmentation du nombre de femmes dans les domaines STEM;<\/li><li>Inciter les \u00e9tudiants les plus talentueux d&#039;Afrique \u00e0 poursuivre une formation en sciences math\u00e9matiques pour innover et propulser davantage l&#039;avenir de l&#039;Afrique;<\/li><li>Accro\u00eetre le partenariat avec l&#039;industrie pour combler le vide dans les STEM, augmenter la productivit\u00e9 et fournir des comp\u00e9tences essentielles indispensables alors que l&#039;Afrique se lance dans sa r\u00e9volution industrielle.<\/li><\/ul>\n<\/div><\/div>\n<\/div><\/div><\/div>\n\n\n\n<div class=\"is-layout-flow wp-block-group pad-5 bg-alt has-white-color has-text-color\"><div class=\"wp-block-group__inner-container\">\n<h2><strong>\u00c0 propos d&#039;AIMS<\/strong><\/h2>\n\n\n\n<p>L\u2019Institut Africain des Sciences Math\u00e9matiques (AIMS) est un r\u00e9seau panafricain de centres d\u2019excellence pour la formation sup\u00e9rieure en sciences math\u00e9matiques, la recherche et l\u2019engagement du public dans les domaines des sciences, de la technologie, de l\u2019ing\u00e9nierie et des math\u00e9matiques.\n\nFond\u00e9 en 2003 en Afrique du Sud par le Prof Neil Turok, physicien de renom, puis r\u00e9pliqu\u00e9 au S\u00e9n\u00e9gal, au Ghana, au Cameroun, et au Rwanda, AIMS contribue \u00e0 la transformation socio-\u00e9conomique de l\u2019Afrique \u00e0 travers :<\/p>\n\n\n\n<p>Une formation scientifique innovante (le d\u00e9veloppement du capital humain) ;<\/p>\n\n\n\n<p>Des avanc\u00e9es technologiques et des d\u00e9couvertes scientifiques de pointe ;<\/p>\n\n\n\n<p>L\u2019engagement du public pour l\u2019\u00e9mergence scientifique du continent.<\/p>\n\n\n\n<p>La jeunesse africaine est au c\u0153ur de l\u2019\u00e9cosyst\u00e8me de l\u2019innovation et de la transformation d\u2019AIMS, compos\u00e9 d\u2019un ensemble de programmes acad\u00e9miques et non acad\u00e9miques savamment ficel\u00e9s pour offrir aux apprenants d\u2019AIMS une exp\u00e9rience de formation postuniversitaire unique sur le continent.<\/p>\n\n\n\n<p>AIMS propose un Master en sciences math\u00e9matiques, y compris une option coop\u00e9rative avec un lien direct vers l\u2019industrie, le Master africain en intelligence machine (AMMI), ainsi que des programmes de recherche, avec plus de 100 chercheurs menant des \u00e9tudes \u00e0 travers le r\u00e9seau. En plus de l\u2019initiative industrielle AIMS et d\u2019un programme de formation des enseignants tenant compte de la dimension de genre actuellement mis en \u0153uvre au Cameroun et au Rwanda, AIMS a \u00e9galement cr\u00e9\u00e9 deux initiatives essentielles : Quantum Leap Africa, un groupe de r\u00e9flexion qui \u00e9tudie la r\u00e9volution quantique \u00e0 venir et le Next Einstein Forum pour propulser l\u2019Afrique sur la sc\u00e8ne scientifique mondiale.&nbsp;<\/p>\n<\/div><\/div>\n\n\n\n<div class=\"wp-block-advgb-columns advgb-columns-wrapper\" id=\"advgb-cols-8a02c32d-e4a5-4c8b-87df-e9644d16e05d\"><div class=\"advgb-columns-container\"><div class=\"advgb-columns advgb-columns-row advgb-is-mobile advgb-columns-2 layout-12-12 mbl-layout-stacked vgutter-10\">\n<div class=\"wp-block-advgb-column advgb-column advgb-is-half-tablet advgb-is-full-mobile pad-5\" id=\"advgb-col-64e9c8f9-a954-41be-9714-ff3d77b0a8b3\"><div class=\"advgb-column-inner\" style=\"border-style:none;border-width:1px\">\n<h2>Nos valeurs<\/h2>\n\n\n \n\n\n<div class=\"icon-title\" > \n\n<div class=\"icon-title-img\"> <img decoding=\"async\" src=\"https:\/\/aims-senegal.org\/wp-content\/uploads\/sites\/2\/2020\/09\/icon-excellence.png\"> <\/div>\n<div class=\"icon-title-text bg-alt\"> <h3 class=\"sans-serif-bold white-text\"> EXCELLENCE <\/h3> <\/div>\n\n<\/div>\n\n \n\n\n<div class=\"icon-title\" > \n\n<div class=\"icon-title-img\"> <img decoding=\"async\" src=\"https:\/\/aims-senegal.org\/wp-content\/uploads\/sites\/2\/2023\/01\/use-removebg-preview.png\"> <\/div>\n<div class=\"icon-title-text bg-primary\"> <h3 class=\"sans-serif-bold white-text\"> EQUITY AND INCLUSION <\/h3> <\/div>\n\n<\/div>\n\n \n\n\n<div class=\"icon-title\" > \n\n<div class=\"icon-title-img\"> <img decoding=\"async\" src=\"https:\/\/aims-senegal.org\/wp-content\/uploads\/sites\/2\/2020\/09\/icon-panafricanism.png\"> <\/div>\n<div class=\"icon-title-text bg-alt\"> <h3 class=\"sans-serif-bold white-text\"> PANAFRICANISME <\/h3> <\/div>\n\n<\/div>\n\n \n\n\n<div class=\"icon-title\" > \n\n<div class=\"icon-title-img\"> <img decoding=\"async\" src=\"https:\/\/aims-senegal.org\/wp-content\/uploads\/sites\/2\/2020\/09\/icon-integrity.png\"> <\/div>\n<div class=\"icon-title-text bg-primary\"> <h3 class=\"sans-serif-bold white-text\"> INT\u00c9GRIT\u00c9 <\/h3> <\/div>\n\n<\/div><\/div><\/div>\n\n\n\n<div class=\"wp-block-advgb-column advgb-column advgb-is-half-tablet advgb-is-full-mobile stretch-content-height\" id=\"advgb-col-f169ac64-8ddf-480f-9541-144b824fec7e\"><div class=\"advgb-column-inner\" style=\"border-style:none;border-width:1px\">\n<div class=\"is-layout-flow wp-block-group pad-5 has-white-color has-text-color has-background\" style=\"background-color:#161228\"><div class=\"wp-block-group__inner-container\">\n<h2 class=\"has-text-align-right\">Vision<\/h2>\n\n\n\n<p class=\"has-text-align-right\">Our vision is to see a\u00a0prosperous Africa, propelled by innovative education and mathematical science.\u00a0<\/p>\n<\/div><\/div>\n\n\n\n<div class=\"is-layout-flow wp-block-group pad-5 bg-alt has-white-color has-text-color\"><div class=\"wp-block-group__inner-container\">\n<h2 class=\"has-text-align-right\">Mission<\/h2>\n\n\n\n<p class=\"has-text-align-right\">Our mission is to empower talented young Africans to be creative leaders in science and technology.\u00a0<\/p>\n<\/div><\/div>\n<\/div><\/div>\n<\/div><\/div><\/div>\n\n\n\n<div class=\"wp-block-advgb-columns advgb-columns-wrapper\" id=\"advgb-cols-e5f55ea1-964b-45a8-a02d-22de13db3ce4\"><div class=\"advgb-columns-container\"><div class=\"advgb-columns advgb-columns-row advgb-is-mobile advgb-columns-2 layout-12-12 mbl-layout-stacked vgutter-10\">\n<div class=\"wp-block-advgb-column advgb-column advgb-is-half-tablet advgb-is-full-mobile\" id=\"advgb-col-62ef8a33-0c8f-4aa1-8de5-9511f016d674\"><div class=\"advgb-column-inner\" style=\"border-style:none;border-width:1px\">\n<div class=\"is-layout-flow wp-block-group pad-5-10\"><div class=\"wp-block-group__inner-container\">\n<h2>Le mod\u00e8le AIMS<\/h2>\n\n\n\n<p>Le mod\u00e8le AIMS est unique par son caract\u00e8re panafricain, son vaste programme, son accent sur la pens\u00e9e critique ind\u00e9pendante, l&#039;inclusion de techniques informatiques modernes et des composants de recherche. L&#039;AIMS identifie les meilleurs dipl\u00f4m\u00e9s africains et leur offre une formation de classe mondiale en sciences math\u00e9matiques, leur permettant de poursuivre des carri\u00e8res dans la recherche, l&#039;industrie et la soci\u00e9t\u00e9 civile. Les \u00e9tudiants b\u00e9n\u00e9ficient de bourses compl\u00e8tes, d&#039;un acc\u00e8s continu \u00e0 l&#039;informatique, \u00e0 Internet et \u00e0 l&#039;\u00e9lectricit\u00e9, d&#039;une interaction \u00e9troite avec des tuteurs \u00e0 plein temps et des professeurs invit\u00e9s, ainsi que d&#039;une exposition \u00e0 l&#039;anglais et au fran\u00e7ais. Approuv\u00e9 par le NEPAD, l&#039;Union africaine et TED comme une id\u00e9e suffisamment grande pour changer le monde, ce mod\u00e8le a \u00e9t\u00e9 affin\u00e9 et \u00e9prouv\u00e9 dans cinq centres d&#039;excellence AIMS en Afrique du Sud, au S\u00e9n\u00e9gal, au Ghana, au Cameroun et au Rwanda, avec plus de 2200 dipl\u00f4m\u00e9s en transition. dans des carri\u00e8res partout dans le monde dans la science des donn\u00e9es, l&#039;\u00e9ducation, l&#039;entrepreneuriat, les TIC et la recherche, entre autres domaines.&nbsp;<\/p>\n<\/div><\/div>\n<\/div><\/div>\n\n\n\n<div class=\"wp-block-advgb-column advgb-column advgb-is-half-tablet advgb-is-full-mobile\" id=\"advgb-col-412ca7b9-8f46-4604-a152-b451c1e3fa01\"><div class=\"advgb-column-inner\" style=\"border-style:none;border-width:1px\">\n<div class=\"wp-block-cover\"><img decoding=\"async\" loading=\"lazy\" width=\"2200\" height=\"1468\" class=\"wp-block-cover__image-background wp-image-716\" alt=\"\" src=\"https:\/\/aims-senegal.org\/wp-content\/uploads\/sites\/2\/2020\/09\/48429508352_c7c1b6562d_o.jpg\" data-object-fit=\"cover\" srcset=\"https:\/\/aims-senegal.org\/wp-content\/uploads\/sites\/2\/2020\/09\/48429508352_c7c1b6562d_o.jpg 2200w, https:\/\/aims-senegal.org\/wp-content\/uploads\/sites\/2\/2020\/09\/48429508352_c7c1b6562d_o-300x200.jpg 300w, https:\/\/aims-senegal.org\/wp-content\/uploads\/sites\/2\/2020\/09\/48429508352_c7c1b6562d_o-1024x683.jpg 1024w, https:\/\/aims-senegal.org\/wp-content\/uploads\/sites\/2\/2020\/09\/48429508352_c7c1b6562d_o-768x512.jpg 768w, https:\/\/aims-senegal.org\/wp-content\/uploads\/sites\/2\/2020\/09\/48429508352_c7c1b6562d_o-1536x1025.jpg 1536w, https:\/\/aims-senegal.org\/wp-content\/uploads\/sites\/2\/2020\/09\/48429508352_c7c1b6562d_o-2048x1367.jpg 2048w\" sizes=\"(max-width: 2200px) 100vw, 2200px\" \/><div class=\"wp-block-cover__inner-container\">\n<p class=\"has-text-align-center has-large-font-size\"><\/p>\n<\/div><\/div>\n<\/div><\/div>\n<\/div><\/div><\/div>\n\n\n\n<div class=\"is-layout-flow wp-block-group\"><div class=\"wp-block-group__inner-container\">\n<div class=\"wp-block-cover has-background-dim\"><img decoding=\"async\" class=\"wp-block-cover__image-background wp-image-10000037\" alt=\"\" src=\"https:\/\/aims-senegal.org\/wp-content\/uploads\/2020\/09\/AIMS-Academics-1.jpg\" data-object-fit=\"cover\" srcset=\"https:\/\/aims-senegal.org\/wp-content\/uploads\/2020\/09\/AIMS-Academics-1.jpg 1600w, https:\/\/aims-senegal.org\/wp-content\/uploads\/2020\/09\/AIMS-Academics-1-300x171.jpg 300w, https:\/\/aims-senegal.org\/wp-content\/uploads\/2020\/09\/AIMS-Academics-1-1024x583.jpg 1024w, https:\/\/aims-senegal.org\/wp-content\/uploads\/2020\/09\/AIMS-Academics-1-768x437.jpg 768w, https:\/\/aims-senegal.org\/wp-content\/uploads\/2020\/09\/AIMS-Academics-1-1536x875.jpg 1536w\" sizes=\"(max-width: 1600px) 100vw, 1600px\" \/><div class=\"wp-block-cover__inner-container\">\n<p class=\"has-text-align-center has-large-font-size\"><\/p>\n\n\n\n<div class=\"is-layout-flex wp-container-8 wp-block-columns\">\n<div class=\"is-layout-flow wp-block-column\">\n<h2 class=\"has-text-align-center\">T\u00e9l\u00e9charger la fiche d&#039;information<\/h2>\n\n\n\n\n\n<a class=\"btn-download bg-alt\" target=\"_blank\" href=\"https:\/\/aims-senegal.org\/wp-content\/uploads\/sites\/2\/2021\/03\/CE-SN-COM-RER-20-01-2021-AIMS-Senegal-Fact-Sheet-ENG.pdf\"> T\u00e9l\u00e9charger <\/a>\n\n\n\n<\/div>\n\n\n\n<div class=\"is-layout-flow wp-block-column\">\n<h2 class=\"has-text-align-center\">T\u00e9l\u00e9charger la brochure<\/h2>\n\n\n\n\n\n<a class=\"btn-download bg-alt\" target=\"_blank\" href=\"https:\/\/aims-senegal.org\/wp-content\/uploads\/sites\/2\/2021\/03\/CE-SN-COM-RER-20-01-2021-AIMS-Senegal-Brochure-ENG.pdf\"> T\u00e9l\u00e9charger <\/a>\n\n\n\n<\/div>\n<\/div>\n<\/div><\/div>\n<\/div><\/div>\n<style class=\"advgb-styles-renderer\">#advgb-cols-d5d6930d-6867-4989-b630-e44831213e19{}@media screen and (max-width: 1023px) {#advgb-cols-d5d6930d-6867-4989-b630-e44831213e19{}}@media screen and (max-width: 767px) {#advgb-cols-d5d6930d-6867-4989-b630-e44831213e19{}}#advgb-col-413cefda-378a-43ac-8614-63330b43a017>.advgb-column-inner{}#advgb-col-413cefda-378a-43ac-8614-63330b43a017{width: 40%;}@media screen and (max-width: 1023px) {#advgb-col-413cefda-378a-43ac-8614-63330b43a017>.advgb-column-inner{}}@media screen and (max-width: 767px) {#advgb-col-413cefda-378a-43ac-8614-63330b43a017>.advgb-column-inner{}}#advgb-col-b661ff85-2a74-412f-948b-0f8f47c2b4b7>.advgb-column-inner{padding-top:40px;padding-right:25px;padding-bottom:40px;padding-left:25px;}@media screen and (max-width: 1023px) {#advgb-col-b661ff85-2a74-412f-948b-0f8f47c2b4b7>.advgb-column-inner{}}@media screen and (max-width: 767px) {#advgb-col-b661ff85-2a74-412f-948b-0f8f47c2b4b7>.advgb-column-inner{}}#advgb-cols-8a02c32d-e4a5-4c8b-87df-e9644d16e05d{}@media screen and (max-width: 1023px) {#advgb-cols-8a02c32d-e4a5-4c8b-87df-e9644d16e05d{}}@media screen and (max-width: 767px) {#advgb-cols-8a02c32d-e4a5-4c8b-87df-e9644d16e05d{}}#advgb-col-64e9c8f9-a954-41be-9714-ff3d77b0a8b3>.advgb-column-inner{}@media screen and (max-width: 1023px) {#advgb-col-64e9c8f9-a954-41be-9714-ff3d77b0a8b3>.advgb-column-inner{}}@media screen and (max-width: 767px) {#advgb-col-64e9c8f9-a954-41be-9714-ff3d77b0a8b3>.advgb-column-inner{}}#advgb-col-f169ac64-8ddf-480f-9541-144b824fec7e>.advgb-column-inner{}@media screen and (max-width: 1023px) {#advgb-col-f169ac64-8ddf-480f-9541-144b824fec7e>.advgb-column-inner{}}@media screen and (max-width: 767px) {#advgb-col-f169ac64-8ddf-480f-9541-144b824fec7e>.advgb-column-inner{}}#advgb-cols-e5f55ea1-964b-45a8-a02d-22de13db3ce4{}@media screen and (max-width: 1023px) {#advgb-cols-e5f55ea1-964b-45a8-a02d-22de13db3ce4{}}@media screen and (max-width: 767px) {#advgb-cols-e5f55ea1-964b-45a8-a02d-22de13db3ce4{}}#advgb-col-62ef8a33-0c8f-4aa1-8de5-9511f016d674>.advgb-column-inner{}@media screen and (max-width: 1023px) {#advgb-col-62ef8a33-0c8f-4aa1-8de5-9511f016d674>.advgb-column-inner{}}@media screen and (max-width: 767px) {#advgb-col-62ef8a33-0c8f-4aa1-8de5-9511f016d674>.advgb-column-inner{}}#advgb-col-412ca7b9-8f46-4604-a152-b451c1e3fa01>.advgb-column-inner{}@media screen and (max-width: 1023px) {#advgb-col-412ca7b9-8f46-4604-a152-b451c1e3fa01>.advgb-column-inner{}}@media screen and (max-width: 767px) {#advgb-col-412ca7b9-8f46-4604-a152-b451c1e3fa01>.advgb-column-inner{}}<\/style>","protected":false},"excerpt":{"rendered":"<p>Established in 2011 with the support of the government of Senegal, AIMS Senegal is the second Centre of Excellence to be created under the AIMS Global Network (AIMS Next Einstein Initiative). AIMS Senegal offers a Master\u2019s in mathematical sciences through: A Structured 10-month research-oriented program An 18-month Co-operative (Co-op) Education program with a direct link<\/p>","protected":false},"author":1,"featured_media":0,"parent":0,"menu_order":0,"comment_status":"closed","ping_status":"closed","template":"","meta":{"advgb_blocks_editor_width":"","advgb_blocks_columns_visual_guide":""},"acf":[],"coauthors":[],"author_meta":{"author_link":"https:\/\/aims-senegal.org\/fr\/author\/chris\/","display_name":"chris"},"relative_dates":{"created":"Publi\u00e9 6 ans il y a","modified":"Mis \u00e0 jour 3 ans il y a"},"absolute_dates":{"created":"Publi\u00e9 le septembre 19, 2020","modified":"Mise \u00e0 jour le janvier 26, 2023"},"absolute_dates_time":{"created":"Publi\u00e9 le septembre 19, 2020 5:07  ","modified":"Mise \u00e0 jour le janvier 26, 2023 10:25  "},"featured_img_caption":"","featured_img":false,"series_order":"","_links":{"self":[{"href":"https:\/\/aims-senegal.org\/fr\/wp-json\/wp\/v2\/pages\/71"}],"collection":[{"href":"https:\/\/aims-senegal.org\/fr\/wp-json\/wp\/v2\/pages"}],"about":[{"href":"https:\/\/aims-senegal.org\/fr\/wp-json\/wp\/v2\/types\/page"}],"author":[{"embeddable":true,"href":"https:\/\/aims-senegal.org\/fr\/wp-json\/wp\/v2\/users\/1"}],"replies":[{"embeddable":true,"href":"https:\/\/aims-senegal.org\/fr\/wp-json\/wp\/v2\/comments?post=71"}],"version-history":[{"count":33,"href":"https:\/\/aims-senegal.org\/fr\/wp-json\/wp\/v2\/pages\/71\/revisions"}],"predecessor-version":[{"id":6707,"href":"https:\/\/aims-senegal.org\/fr\/wp-json\/wp\/v2\/pages\/71\/revisions\/6707"}],"wp:attachment":[{"href":"https:\/\/aims-senegal.org\/fr\/wp-json\/wp\/v2\/media?parent=71"}],"curies":[{"name":"wp","href":"https:\/\/api.w.org\/{rel}","templated":true}]}}