{"id":75,"date":"2020-09-19T17:23:35","date_gmt":"2020-09-19T17:23:35","guid":{"rendered":"https:\/\/aims-senegal.org\/?page_id=75"},"modified":"2021-06-10T12:34:43","modified_gmt":"2021-06-10T12:34:43","slug":"about-aims-senegal","status":"publish","type":"page","link":"https:\/\/aims-senegal.org\/fr\/about-aims-senegal\/","title":{"rendered":"Pourquoi AIMS"},"content":{"rendered":"<div class=\"wp-block-cover has-background-dim-30 has-background-dim has-custom-content-position is-position-bottom-left pad-5\" style=\"background-image:url(https:\/\/aims-senegal.org\/wp-content\/uploads\/sites\/2\/2020\/09\/Amended-Layouts_Page_03_Image_0002.jpg);background-color:#161228;min-height:600px\"><div class=\"wp-block-cover__inner-container\">\n<h1>Pourquoi AIMS<\/h1>\n<\/div><\/div>\n\n\n\n<div class=\"is-layout-flow wp-block-group pad-5\"><div class=\"wp-block-group__inner-container\">\n<p>Apr\u00e8s la cr\u00e9ation du premier centre d&#039;excellence en Afrique du Sud en 2003, AIMS S\u00e9n\u00e9gal est devenu le deuxi\u00e8me centre \u00e0 \u00eatre reproduit \u00e0 partir du mod\u00e8le sud-africain dans le cadre de l&#039;initiative Next Einstein, \u00e0 travers laquelle AIMS alimente le pipeline STEM en formant des \u00e9tudiants africains. pour une ma\u00eetrise en sciences math\u00e9matiques, y compris une option coop\u00e9rative avec un lien direct avec l&#039;industrie. Outre une multitude de programmes, l&#039;AIMS S\u00e9n\u00e9gal abrite \u00e9galement un centre de recherche qui supervise et finance la recherche doctorale et post-doctorale des Africains sous la tutelle d&#039;une prestigieuse chaire de recherche en math\u00e9matiques et ses applications. Gr\u00e2ce \u00e0 ses installations, ses partenariats acad\u00e9miques, sa production scientifique, sa r\u00e9putation et sa composition panafricaine, AIMS S\u00e9n\u00e9gal a le potentiel pour amener le S\u00e9n\u00e9gal \u00e0 l&#039;avant-garde de la science africaine. <\/p>\n<\/div><\/div>\n\n\n\n<div class=\"wp-block-advgb-columns advgb-columns-wrapper\" id=\"advgb-cols-f3c61651-3e3c-405d-85cf-7849af5a2fbe\"><div class=\"advgb-columns-container\"><div class=\"advgb-columns advgb-columns-row advgb-is-mobile advgb-columns-2 layout-12-12 mbl-layout-stacked vgutter-10\">\n<div class=\"wp-block-advgb-column advgb-column advgb-is-half-tablet advgb-is-full-mobile\" id=\"advgb-col-616b97a0-f99f-4e0f-b73e-e2f9f1455524\"><div class=\"advgb-column-inner\" style=\"border-style:none;border-width:1px\">\n<div class=\"wp-block-cover pad-5\" style=\"background-image:url(https:\/\/aims-senegal.org\/wp-content\/uploads\/sites\/2\/2020\/09\/Amended-Layouts_Page_03_Image_0004.jpg)\"><div class=\"wp-block-cover__inner-container\">\n<p class=\"has-text-align-center has-large-font-size\"><\/p>\n<\/div><\/div>\n<\/div><\/div>\n\n\n\n<div class=\"wp-block-advgb-column advgb-column advgb-is-half-tablet advgb-is-full-mobile pad-2-5\" id=\"advgb-col-741979c6-7e42-4ed1-a334-6a01d71d2984\"><div class=\"advgb-column-inner\" style=\"border-style:none;border-width:1px\">\n<h2>\u00c0 propos de AIMS S\u00e9n\u00e9gal<\/h2>\n\n\n\n<p>Lorem ipsum dolor sit amet, consectetur adipiscing elit, sed do eiusmod tempor incididunt ut labore et dolore magna aliqua. Ut enim ad minim veniam, quis nostrud exercice ullamco laboris nisi ut aliquip ex ea commodo cons\u00e9quat. Duis aute irure dolor in reprehenderit in voluptate velit esse cillum dolore eu fugiat nulla pariatur. Excepteur sint occaecat cupidatat non proident, sunt in culpa qui officia deserunt mollit anim id est laborum.<\/p>\n<\/div><\/div>\n<\/div><\/div><\/div>\n\n\n\n<div class=\"wp-block-advgb-columns advgb-columns-wrapper\" id=\"advgb-cols-6528231a-5fe5-4833-912a-b747ff52a7b1\"><div class=\"advgb-columns-container\"><div class=\"advgb-columns advgb-columns-row advgb-is-mobile advgb-columns-2 layout-12-12 mbl-layout-stacked vgutter-10\">\n<div class=\"wp-block-advgb-column advgb-column advgb-is-half-tablet advgb-is-full-mobile pad-5\" id=\"advgb-col-d75faf2a-4b56-4956-a033-9de4bcf806b2\"><div class=\"advgb-column-inner\" style=\"border-style:none;border-width:1px\">\n<h2>Pourquoi AIMS S\u00e9n\u00e9gal<\/h2>\n\n\n\n<p>Les math\u00e9matiques sont \u00e0 la base de la majeure partie de la vie moderne - technologies de l&#039;information et de la communication, g\u00e9n\u00e9tique et planification. Sans une formation math\u00e9matique, les Africains ne pourront pas acc\u00e9der \u00e0 toute la puissance des nouvelles technologies pour r\u00e9soudre les probl\u00e8mes de leur pays.<\/p>\n\n\n\n<p>\u00c0 travers son programme d&#039;\u00e9tudes sup\u00e9rieures et ses activit\u00e9s de sensibilisation du public, l&#039;AIMS-S\u00e9n\u00e9gal et le r\u00e9seau mondial AIMS agiront comme un phare, influen\u00e7ant les choix aux niveaux scolaire et universitaire et attirant de jeunes Africains brillants vers des carri\u00e8res math\u00e9matiques et scientifiques.<\/p>\n<\/div><\/div>\n\n\n\n<div class=\"wp-block-advgb-column advgb-column advgb-is-half-tablet advgb-is-full-mobile\" id=\"advgb-col-210e685b-2e6f-4bb6-9350-96baee901ef1\"><div class=\"advgb-column-inner\" style=\"border-style:none;border-width:1px\">\n<div class=\"wp-block-cover\" style=\"background-image:url(https:\/\/aims-senegal.org\/wp-content\/uploads\/sites\/2\/2020\/09\/Amended-Layouts_Page_03_Image_0001.jpg)\"><div class=\"wp-block-cover__inner-container\">\n<p class=\"has-text-align-center has-large-font-size\"><\/p>\n<\/div><\/div>\n<\/div><\/div>\n<\/div><\/div><\/div>\n\n\n\n<div class=\"wp-block-advgb-button aligncenter\"><a class=\"wp-block-advgb-button_link advgbbtn-bb75158b-753e-41a9-808a-59cf03f706e5\" href=\"#\" target=\"_blank\" rel=\"noopener noreferrer\">Success Stories<\/a><\/div>\n\n\n\n<p><\/p>\n<style class=\"advgb-styles-renderer\">#advgb-cols-f3c61651-3e3c-405d-85cf-7849af5a2fbe{}@media screen and (max-width: 1023px) {#advgb-cols-f3c61651-3e3c-405d-85cf-7849af5a2fbe{}}@media screen and (max-width: 767px) {#advgb-cols-f3c61651-3e3c-405d-85cf-7849af5a2fbe{}}#advgb-col-616b97a0-f99f-4e0f-b73e-e2f9f1455524>.advgb-column-inner{}@media screen and (max-width: 1023px) {#advgb-col-616b97a0-f99f-4e0f-b73e-e2f9f1455524>.advgb-column-inner{}}@media screen and (max-width: 767px) {#advgb-col-616b97a0-f99f-4e0f-b73e-e2f9f1455524>.advgb-column-inner{}}#advgb-col-741979c6-7e42-4ed1-a334-6a01d71d2984>.advgb-column-inner{}@media screen and (max-width: 1023px) {#advgb-col-741979c6-7e42-4ed1-a334-6a01d71d2984>.advgb-column-inner{}}@media screen and (max-width: 767px) {#advgb-col-741979c6-7e42-4ed1-a334-6a01d71d2984>.advgb-column-inner{}}#advgb-cols-6528231a-5fe5-4833-912a-b747ff52a7b1{}@media screen and (max-width: 1023px) {#advgb-cols-6528231a-5fe5-4833-912a-b747ff52a7b1{}}@media screen and (max-width: 767px) {#advgb-cols-6528231a-5fe5-4833-912a-b747ff52a7b1{}}#advgb-col-d75faf2a-4b56-4956-a033-9de4bcf806b2>.advgb-column-inner{}@media screen and (max-width: 1023px) {#advgb-col-d75faf2a-4b56-4956-a033-9de4bcf806b2>.advgb-column-inner{}}@media screen and (max-width: 767px) {#advgb-col-d75faf2a-4b56-4956-a033-9de4bcf806b2>.advgb-column-inner{}}#advgb-col-210e685b-2e6f-4bb6-9350-96baee901ef1>.advgb-column-inner{}@media screen and (max-width: 1023px) {#advgb-col-210e685b-2e6f-4bb6-9350-96baee901ef1>.advgb-column-inner{}}@media screen and (max-width: 767px) {#advgb-col-210e685b-2e6f-4bb6-9350-96baee901ef1>.advgb-column-inner{}}.advgbbtn-bb75158b-753e-41a9-808a-59cf03f706e5{font-size:18px;color:#fff !important;background-color:#2196f3 !important;margin:0px 0px 0px 0px !important;padding:10px 30px 10px 30px;border-width:1px !important;border-style:none;border-radius:50px !important;}.advgbbtn-bb75158b-753e-41a9-808a-59cf03f706e5:hover{box-shadow:1px 1px 12px 0px #ccc;opacity:1;transition:all 0.2s ease;}.advgbbtn-bb75158b-753e-41a9-808a-59cf03f706e5 > i {display: none !important;}<\/style>","protected":false},"excerpt":{"rendered":"<p>After the inception of the first Center of Excellence in South Africa in 2003, AIMS Senegal became the second Center to be replicated from the South Africa model under the framework of the Next Einstein Initiative, through which AIMS is feeding the STEM pipeline by training African students for a Master\u2019s in Mathematical Sciences, including<\/p>","protected":false},"author":1,"featured_media":0,"parent":0,"menu_order":0,"comment_status":"closed","ping_status":"closed","template":"","meta":{"advgb_blocks_editor_width":"","advgb_blocks_columns_visual_guide":""},"acf":[],"coauthors":[],"author_meta":{"author_link":"https:\/\/aims-senegal.org\/fr\/author\/chris\/","display_name":"chris"},"relative_dates":{"created":"Publi\u00e9 6 ans il y a","modified":"Mis \u00e0 jour 5 ans il y a"},"absolute_dates":{"created":"Publi\u00e9 le septembre 19, 2020","modified":"Mise \u00e0 jour le juin 10, 2021"},"absolute_dates_time":{"created":"Publi\u00e9 le septembre 19, 2020 5:23  ","modified":"Mise \u00e0 jour le juin 10, 2021 12:34  "},"featured_img_caption":"","featured_img":false,"series_order":"","_links":{"self":[{"href":"https:\/\/aims-senegal.org\/fr\/wp-json\/wp\/v2\/pages\/75"}],"collection":[{"href":"https:\/\/aims-senegal.org\/fr\/wp-json\/wp\/v2\/pages"}],"about":[{"href":"https:\/\/aims-senegal.org\/fr\/wp-json\/wp\/v2\/types\/page"}],"author":[{"embeddable":true,"href":"https:\/\/aims-senegal.org\/fr\/wp-json\/wp\/v2\/users\/1"}],"replies":[{"embeddable":true,"href":"https:\/\/aims-senegal.org\/fr\/wp-json\/wp\/v2\/comments?post=75"}],"version-history":[{"count":11,"href":"https:\/\/aims-senegal.org\/fr\/wp-json\/wp\/v2\/pages\/75\/revisions"}],"predecessor-version":[{"id":1216,"href":"https:\/\/aims-senegal.org\/fr\/wp-json\/wp\/v2\/pages\/75\/revisions\/1216"}],"wp:attachment":[{"href":"https:\/\/aims-senegal.org\/fr\/wp-json\/wp\/v2\/media?parent=75"}],"curies":[{"name":"wp","href":"https:\/\/api.w.org\/{rel}","templated":true}]}}