{"id":7636,"date":"2025-10-17T13:38:22","date_gmt":"2025-10-17T13:38:22","guid":{"rendered":"https:\/\/aims-senegal.org\/?page_id=7636"},"modified":"2026-04-12T20:58:16","modified_gmt":"2026-04-12T20:58:16","slug":"incubateur","status":"publish","type":"page","link":"https:\/\/aims-senegal.org\/fr\/incubateur\/","title":{"rendered":"Satellite Campus"},"content":{"rendered":"<figure class=\"wp-block-image alignwide size-full\"><img decoding=\"async\" loading=\"lazy\" width=\"1171\" height=\"386\" src=\"https:\/\/aims-senegal.org\/wp-content\/uploads\/sites\/2\/2026\/04\/Gemini_Generated_Image_l2qtp4l2qtp4l2qt.png\" alt=\"\" class=\"wp-image-7819\" \/><\/figure>\n\n\n\n<div class=\"wp-block-advgb-adv-tabs advgb-tabs-wrapper advgb-tab-horz-desktop advgb-tab-horz-tablet advgb-tab-stack-mobile advgb-tabs-e17b0d39-f3da-4b74-8606-234ea4ddd5ca\" data-tab-active=\"0\"><ul class=\"advgb-tabs-panel\"><li class=\"advgb-tab\" style=\"background-color:#161228;border-style:solid;border-width:1px;border-radius:0px\"><a id=\"\" href=\"#advgb-tabs-tab0\" style=\"color:#fff\"><span>AIMS Campus Dakar<\/span><\/a><\/li><li class=\"advgb-tab\" style=\"background-color:#161228;border-style:solid;border-width:1px;border-radius:0px\"><a id=\"\" href=\"#advgb-tabs-tab1\" style=\"color:#fff\"><span>Incubator<\/span><\/a><\/li><li class=\"advgb-tab\" style=\"background-color:#161228;border-style:solid;border-width:1px;border-radius:0px\"><a id=\"\" href=\"#advgb-tabs-tab2\" style=\"color:#fff\"><span>Contacts<\/span><\/a><\/li><\/ul><div class=\"advgb-tab-body-wrapper\" style=\"border-style:solid;border-width:1px;border-radius:0px\">\n<div class=\"wp-block-advgb-tab advgb-tab-body-container\"><div class=\"advgb-tab-body-header advgb-tab-class-\">AIMS Campus Dakar<\/div><div class=\"advgb-tab-_67eff5-3a advgb-tab-body\" aria-labelledby=\"advgb-tabs-tab0\">\n<p class=\"has-medium-font-size grey-message\">Professional Certified Bootcamp in AI and Automation<\/p>\n\n\n\n<p>Intensive evening classes to build concrete skills in artificial intelligence and automation. <\/p>\n\n\n\n<p>Project-oriented, AIMS certified. <\/p>\n\n\n\n<p>for more informations please click this lien <a href=\"https:\/\/bootcamp.aimssnportal.org\/en\/\" data-type=\"URL\" data-id=\"https:\/\/bootcamp.aimssnportal.org\/en\/\">Professional Certified Bootcamp<\/a><\/p>\n<\/div><\/div>\n\n\n\n<div class=\"wp-block-advgb-tab advgb-tab-body-container\"><div class=\"advgb-tab-body-header advgb-tab-class-\">Incubator<\/div><div class=\"advgb-tab-_cf5bf7-4f advgb-tab-body\" aria-labelledby=\"advgb-tabs-tab1\">\n<p><strong>AIMS-S\u00c9N\u00c9GAL&nbsp;INCUBATEUR<\/strong><\/p>\n\n\n\n<p>AIMS-S\u00c9N\u00c9GAL en partenariat avec CONCREE lance un incubateur deep tech d&#8217;excellence visant \u00e0 transformer la recherche scientifique et l&#8217;intelligence artificielle en solutions entrepreneuriales pour r\u00e9soudre les d\u00e9fis critiques du S\u00e9n\u00e9gal et de l&#8217;Afrique. L&#8217;ambition centrale est de contribuer significativement \u00e0 l&#8217;am\u00e9lioration de l&#8217;Indice de D\u00e9veloppement Humain (IDH) du continent dans les 10 prochaines ann\u00e9es.<\/p>\n\n\n\n<p>Pour plus d&#8217;information consulter ce lien <a href=\"https:\/\/incubator.aimssnportal.org\/\" data-type=\"URL\" data-id=\"https:\/\/incubator.aimssnportal.org\/\">aimssn-incubateur<\/a><\/p>\n<\/div><\/div>\n\n\n\n<div class=\"wp-block-advgb-tab advgb-tab-body-container\"><div class=\"advgb-tab-body-header advgb-tab-class-\">Contacts<\/div><div class=\"advgb-tab-_ae991b-ce advgb-tab-body\" aria-labelledby=\"advgb-tabs-tab2\">\n<p class=\"grey-message\" style=\"font-size:18px\">Coordination: Dr <strong>Thierno GUEYE<\/strong>, AIMS S\u00e9n\u00e9gal<br>Courriel :thierno.gueye@aims-senegal.org<br>T\u00e9l\u00e9phone : <strong>77 287 17 49<\/strong><\/p>\n\n\n\n<p class=\"grey-message\" style=\"font-size:18px\">Demandes de partenariat et Contact m\u00e9dias :<br><strong>Diane Divine UMUHIRE<\/strong><br>Responsable des relations avec l&#039;industrie<br>dumuhire@nexteinstein.org<br>T\u00e9l\u00e9phone : <strong>78 462 50 83<\/strong><\/p>\n<\/div><\/div>\n<\/div><\/div>\n\n\n\n<h1 style=\"font-size:16px\">    <\/h1>\n<style class=\"advgb-styles-renderer\">.advgb-tabs-e17b0d39-f3da-4b74-8606-234ea4ddd5ca ul.advgb-tabs-panel li.advgb-tab.advgb-tab-active {background-color:#6c174c !important;color:#ffffff !important;}#advgb-tabs-e17b0d39-f3da-4b74-8606-234ea4ddd5ca .advgb-tab-body-header.header-active, .advgb-tabs-e17b0d39-f3da-4b74-8606-234ea4ddd5ca .advgb-tab-body-header.header-active{background-color:#6c174c !important;color:#ffffff !important;}<\/style>","protected":false},"excerpt":{"rendered":"","protected":false},"author":16,"featured_media":0,"parent":0,"menu_order":0,"comment_status":"closed","ping_status":"closed","template":"","meta":{"advgb_blocks_editor_width":"","advgb_blocks_columns_visual_guide":""},"acf":[],"coauthors":[],"author_meta":{"author_link":"https:\/\/aims-senegal.org\/fr\/author\/lamine\/","display_name":"lamine"},"relative_dates":{"created":"Publi\u00e9 6 mois il y a","modified":"Mis \u00e0 jour 3 heures il y a"},"absolute_dates":{"created":"Publi\u00e9 le octobre 17, 2025","modified":"Mise \u00e0 jour le avril 12, 2026"},"absolute_dates_time":{"created":"Publi\u00e9 le octobre 17, 2025 1:38  ","modified":"Mise \u00e0 jour le avril 12, 2026 8:58  "},"featured_img_caption":"","featured_img":false,"series_order":"","_links":{"self":[{"href":"https:\/\/aims-senegal.org\/fr\/wp-json\/wp\/v2\/pages\/7636"}],"collection":[{"href":"https:\/\/aims-senegal.org\/fr\/wp-json\/wp\/v2\/pages"}],"about":[{"href":"https:\/\/aims-senegal.org\/fr\/wp-json\/wp\/v2\/types\/page"}],"author":[{"embeddable":true,"href":"https:\/\/aims-senegal.org\/fr\/wp-json\/wp\/v2\/users\/16"}],"replies":[{"embeddable":true,"href":"https:\/\/aims-senegal.org\/fr\/wp-json\/wp\/v2\/comments?post=7636"}],"version-history":[{"count":61,"href":"https:\/\/aims-senegal.org\/fr\/wp-json\/wp\/v2\/pages\/7636\/revisions"}],"predecessor-version":[{"id":7824,"href":"https:\/\/aims-senegal.org\/fr\/wp-json\/wp\/v2\/pages\/7636\/revisions\/7824"}],"wp:attachment":[{"href":"https:\/\/aims-senegal.org\/fr\/wp-json\/wp\/v2\/media?parent=7636"}],"curies":[{"name":"wp","href":"https:\/\/api.w.org\/{rel}","templated":true}]}}