{"id":94,"date":"2020-09-19T18:35:54","date_gmt":"2020-09-19T18:35:54","guid":{"rendered":"https:\/\/aims-senegal.org\/?page_id=94"},"modified":"2023-01-20T15:33:02","modified_gmt":"2023-01-20T15:33:02","slug":"our-governance","status":"publish","type":"page","link":"https:\/\/aims-senegal.org\/fr\/our-governance\/","title":{"rendered":"Notre gouvernance"},"content":{"rendered":"<div class=\"wp-block-cover has-background-dim-30 has-background-dim has-custom-content-position is-position-bottom-left pad-5\" style=\"background-color:#161228;min-height:600px\"><img decoding=\"async\" loading=\"lazy\" width=\"1992\" height=\"1560\" class=\"wp-block-cover__image-background wp-image-3311\" alt=\"\" src=\"https:\/\/aims-senegal.org\/wp-content\/uploads\/sites\/2\/2021\/03\/12_auto_x2.jpg\" style=\"object-position:52% 15%\" data-object-fit=\"cover\" data-object-position=\"52% 15%\" srcset=\"https:\/\/aims-senegal.org\/wp-content\/uploads\/sites\/2\/2021\/03\/12_auto_x2.jpg 1992w, https:\/\/aims-senegal.org\/wp-content\/uploads\/sites\/2\/2021\/03\/12_auto_x2-300x235.jpg 300w, https:\/\/aims-senegal.org\/wp-content\/uploads\/sites\/2\/2021\/03\/12_auto_x2-1024x802.jpg 1024w, https:\/\/aims-senegal.org\/wp-content\/uploads\/sites\/2\/2021\/03\/12_auto_x2-768x601.jpg 768w, https:\/\/aims-senegal.org\/wp-content\/uploads\/sites\/2\/2021\/03\/12_auto_x2-1536x1203.jpg 1536w, https:\/\/aims-senegal.org\/wp-content\/uploads\/sites\/2\/2021\/03\/12_auto_x2-16x12.jpg 16w\" sizes=\"(max-width: 1992px) 100vw, 1992px\" \/><div class=\"wp-block-cover__inner-container\">\n<h1>Notre gouvernance<\/h1>\n\n\n\n<p><\/p>\n<\/div><\/div>\n\n\n\n<div class=\"is-layout-flow wp-block-group pad-5\"><div class=\"wp-block-group__inner-container\">\n<div class=\"wp-block-advgb-adv-tabs advgb-tabs-wrapper advgb-tab-horz-desktop advgb-tab-horz-tablet advgb-tab-stack-mobile advgb-tabs-5f14a61b-ce9c-4f0c-b77a-c77726c14221\" data-tab-active=\"0\"><ul class=\"advgb-tabs-panel\"><li class=\"advgb-tab\" style=\"background-color:#161228;border-style:solid;border-width:1px;border-radius:0px\"><a href=\"#advgb-tabs-tab0\" style=\"color:#fff\"><span>Conseil d&#039;administration<\/span><\/a><\/li><li class=\"advgb-tab\" style=\"background-color:#161228;border-style:solid;border-width:1px;border-radius:0px\"><a href=\"#advgb-tabs-tab1\" style=\"color:#fff\"><span>Conseil acad\u00e9mique<\/span><\/a><\/li><\/ul><div class=\"advgb-tab-body-wrapper\" style=\"border-style:solid;border-width:1px;border-radius:0px\">\n<div class=\"wp-block-advgb-tab advgb-tab-body-container\"><div class=\"advgb-tab-body-header\">Conseil d&#039;administration<\/div><div class=\"advgb-tab-_b9d9cf-b2 advgb-tab-body\" aria-labelledby=\"advgb-tabs-tab0\">\n<p class=\"has-text-align-center\">Le r\u00e9seau mondial AIMS est r\u00e9gi par un conseil d&#039;administration international (IGB) qui est le parent l\u00e9gal de l&#039;organisation AIMS et de chaque entit\u00e9 locale. Un conseil d&#039;administration local et une direction r\u00e9gissent les op\u00e9rations quotidiennes de chaque entit\u00e9.<\/p>\n\n\n\n<div style=\"height:29px\" aria-hidden=\"true\" class=\"wp-block-spacer\"><\/div>\n\n\n\n<div class=\"row w-00\">        \n\n        <div class=\"col-md-4 col-lg-4\"> <a class=\"profile-card-link\" href=\"https:\/\/aims-senegal.org\/fr\/person\/abdel-kader-ndiaye\/\">\n\n\n<div class=\"profile-card-img img-bg\" style=\"background-image:url('https:\/\/aims-senegal.org\/wp-content\/uploads\/sites\/2\/2020\/09\/Kader.jpg')\">\n\n\n\n\n\n <\/div>\n<div class=\"profile-card-bottom bg-primary   center-text\"> \n\n<div class=\"profile-card-name pad-5 white-text sans-serif-bold\"> <strong> <p>Abdel Kader Ndiaye <\/strong><\/p>\n<p> Pr\u00e9sident du Conseil d&#039;Administration et Vice-Pr\u00e9sident de la Chambre de Commerce et d&#039;Industrie de Dakar <\/p>\n\n<\/div>\n\n<div class=\"profile-card-name sans-serif-light\">  <\/div>\n\n<\/div>\n<\/a>\n\n<\/div>\n\n\n\n\n        \n\n        <div class=\"col-md-4 col-lg-4\"> <a class=\"profile-card-link\" href=\"https:\/\/aims-senegal.org\/fr\/person\/prof-doudou-ba\/\">\n\n\n<div class=\"profile-card-img img-bg\" style=\"background-image:url('https:\/\/aims-senegal.org\/wp-content\/uploads\/sites\/2\/2020\/09\/Prof-Doudou-Ba_auto_x2.jpg')\">\n\n\n\n\n\n <\/div>\n<div class=\"profile-card-bottom bg-primary   center-text\"> \n\n<div class=\"profile-card-name pad-5 white-text sans-serif-bold\"> <strong> <p>Pr Doudou Ba <\/strong><\/p>\n<p> Administrateur et Pr\u00e9sident, Acad\u00e9mie Nationale des Sciences et Techniques du S\u00e9n\u00e9gal (ANSTS) <\/p>\n\n<\/div>\n\n<div class=\"profile-card-name sans-serif-light\">  <\/div>\n\n<\/div>\n<\/a>\n\n<\/div>\n\n\n\n\n        \n\n        <div class=\"col-md-4 col-lg-4\"> <a class=\"profile-card-link\" href=\"https:\/\/aims-senegal.org\/fr\/person\/professor-moussa-balde\/\">\n\n\n<div class=\"profile-card-img img-bg\" style=\"background-image:url('https:\/\/aims-senegal.org\/wp-content\/uploads\/sites\/2\/2023\/01\/Pr-Moussa-Balde-1.jpg')\">\n\n\n\n\n\n <\/div>\n<div class=\"profile-card-bottom bg-primary   center-text\"> \n\n<div class=\"profile-card-name pad-5 white-text sans-serif-bold\"> <strong> <p>Professor Moussa Balde <\/strong><\/p>\n<p> Minister of Higher Education, Scientific Research and Innovation <\/p>\n\n<\/div>\n\n<div class=\"profile-card-name sans-serif-light\">  <\/div>\n\n<\/div>\n<\/a>\n\n<\/div>\n\n\n\n\n        \n\n        <div class=\"col-md-4 col-lg-4\"> <a class=\"profile-card-link\" href=\"https:\/\/aims-senegal.org\/fr\/person\/tidiane-mane\/\">\n\n\n<div class=\"profile-card-img img-bg\" style=\"background-image:url('https:\/\/aims-senegal.org\/wp-content\/uploads\/sites\/2\/2020\/09\/Tidiane-Mane_auto_x2.jpg')\">\n\n\n\n\n\n <\/div>\n<div class=\"profile-card-bottom bg-primary   center-text\"> \n\n<div class=\"profile-card-name pad-5 white-text sans-serif-bold\"> <strong> <p>Tidiane Mane <\/strong><\/p>\n<p> Administrateur et adjoint au maire de Mbour <\/p>\n\n<\/div>\n\n<div class=\"profile-card-name sans-serif-light\">  <\/div>\n\n<\/div>\n<\/a>\n\n<\/div>\n\n\n\n\n        \n\n        <div class=\"col-md-4 col-lg-4\"> <a class=\"profile-card-link\" href=\"https:\/\/aims-senegal.org\/fr\/person\/isabelle-henry\/\">\n\n\n<div class=\"profile-card-img img-bg\" style=\"background-image:url('https:\/\/aims-senegal.org\/wp-content\/uploads\/sites\/2\/2020\/09\/Isabelle-Henry_auto_x2.jpg')\">\n\n\n\n\n\n <\/div>\n<div class=\"profile-card-bottom bg-primary   center-text\"> \n\n<div class=\"profile-card-name pad-5 white-text sans-serif-bold\"> <strong> <p>Isabelle Henry <\/strong><\/p>\n<p> Administrateur et Institut de Recherche pour le D\u00e9veloppement (IRD), Repr\u00e9sentant du S\u00e9n\u00e9gal <\/p>\n\n<\/div>\n\n<div class=\"profile-card-name sans-serif-light\">  <\/div>\n\n<\/div>\n<\/a>\n\n<\/div>\n\n\n\n\n        \n\n        <div class=\"col-md-4 col-lg-4\"> <a class=\"profile-card-link\" href=\"https:\/\/aims-senegal.org\/fr\/person\/lydie-hakizimana\/\">\n\n\n<div class=\"profile-card-img img-bg\" style=\"background-image:url('https:\/\/aims-senegal.org\/wp-content\/uploads\/sites\/2\/2023\/01\/Lydie-Hakizimana.jpg')\">\n\n\n\n\n\n <\/div>\n<div class=\"profile-card-bottom bg-primary   center-text\"> \n\n<div class=\"profile-card-name pad-5 white-text sans-serif-bold\"> <strong> <p>Lydie Hakizimana <\/strong><\/p>\n<p> Chief Executive Officer &#8211; AIMS NEI <\/p>\n\n<\/div>\n\n<div class=\"profile-card-name sans-serif-light\">  <\/div>\n\n<\/div>\n<\/a>\n\n<\/div>\n\n\n\n\n        \n\n        <div class=\"col-md-4 col-lg-4\"> <a class=\"profile-card-link\" href=\"https:\/\/aims-senegal.org\/fr\/person\/neil-turok-2\/\">\n\n\n<div class=\"profile-card-img img-bg\" style=\"background-image:url('https:\/\/aims-senegal.org\/wp-content\/uploads\/sites\/2\/2020\/09\/Neil-Turok_auto_x2.jpg')\">\n\n\n\n\n\n <\/div>\n<div class=\"profile-card-bottom bg-primary   center-text\"> \n\n<div class=\"profile-card-name pad-5 white-text sans-serif-bold\"> <strong> <p>Professeur Neil Turok <\/strong><\/p>\n<p> Membre du Conseil et Pr\u00e9sident du Conseil d&#039;Administration International de l&#039;AIMS (IGB) <\/p>\n\n<\/div>\n\n<div class=\"profile-card-name sans-serif-light\">  <\/div>\n\n<\/div>\n<\/a>\n\n<\/div>\n\n\n\n\n        \n\n        <div class=\"col-md-4 col-lg-4\"> <a class=\"profile-card-link\" href=\"https:\/\/aims-senegal.org\/fr\/person\/prof-moustapha-fall\/\">\n\n\n<div class=\"profile-card-img img-bg\" style=\"background-image:url('https:\/\/aims-senegal.org\/wp-content\/uploads\/sites\/2\/2020\/09\/vision-pro-74.jpg')\">\n\n\n\n\n\n <\/div>\n<div class=\"profile-card-bottom bg-primary   center-text\"> \n\n<div class=\"profile-card-name pad-5 white-text sans-serif-bold\"> <strong> <p>Prof.Mouhamed Moustapha Fall <\/strong><\/p>\n<p> Centre President &amp; Research Chair  <\/p>\n\n<\/div>\n\n<div class=\"profile-card-name sans-serif-light\">  <\/div>\n\n<\/div>\n<\/a>\n\n<\/div>\n\n\n\n\n    \n<\/div><\/div><\/div>\n\n\n\n<div class=\"wp-block-advgb-tab advgb-tab-body-container\"><div class=\"advgb-tab-body-header\">Conseil acad\u00e9mique<\/div><div class=\"advgb-tab-_67eff5-3a advgb-tab-body\" aria-labelledby=\"advgb-tabs-tab1\">\n<p class=\"has-text-align-center\">Compos\u00e9 de scientifiques renomm\u00e9s issus d&#039;universit\u00e9s s\u00e9n\u00e9galaises et \u00e9trang\u00e8res, le Conseil acad\u00e9mique de l&#039;AIMS S\u00e9n\u00e9gal supervise l&#039;\u00e9laboration et la mise en \u0153uvre du programme.<\/p>\n\n\n\n<div class=\"row w-00\">        \n\n        <div class=\"col-md-4 col-lg-4\"> <a class=\"profile-card-link\" href=\"https:\/\/aims-senegal.org\/fr\/person\/prof-mouhamed-moustapha-fall\/\">\n\n\n<div class=\"profile-card-img img-bg\" style=\"background-image:url('https:\/\/aims-senegal.org\/wp-content\/uploads\/sites\/2\/2020\/09\/vision-pro-74.jpg')\">\n\n\n\n\n\n <\/div>\n<div class=\"profile-card-bottom bg-primary   center-text\"> \n\n<div class=\"profile-card-name pad-5 white-text sans-serif-bold\"> <strong> <p>Prof.Mouhamed Moustapha Fall <\/strong><\/p>\n<p> Pr\u00e9sident du Centre et Chaire de recherche  <\/p>\n\n<\/div>\n\n<div class=\"profile-card-name sans-serif-light\">  <\/div>\n\n<\/div>\n<\/a>\n\n<\/div>\n\n\n\n\n        \n\n        <div class=\"col-md-4 col-lg-4\"> <a class=\"profile-card-link\" href=\"https:\/\/aims-senegal.org\/fr\/person\/885-2\/\">\n\n\n<div class=\"profile-card-img img-bg\" style=\"background-image:url('https:\/\/aims-senegal.org\/wp-content\/uploads\/sites\/2\/2020\/09\/Thierry_auto_x2.jpg')\">\n\n\n\n\n\n <\/div>\n<div class=\"profile-card-bottom bg-primary   center-text\"> \n\n<div class=\"profile-card-name pad-5 white-text sans-serif-bold\"> <strong> <p>Professeur Thierry Giordano <\/strong><\/p>\n<p> Universit\u00e9 d&#039;Ottawa Canada <\/p>\n\n<\/div>\n\n<div class=\"profile-card-name sans-serif-light\">  <\/div>\n\n<\/div>\n<\/a>\n\n<\/div>\n\n\n\n\n        \n\n        <div class=\"col-md-4 col-lg-4\"> <a class=\"profile-card-link\" href=\"https:\/\/aims-senegal.org\/fr\/person\/prof-mama-foupouagnigni\/\">\n\n\n<div class=\"profile-card-img img-bg\" style=\"background-image:url('https:\/\/aims-senegal.org\/wp-content\/uploads\/sites\/2\/2021\/06\/Prof.-Mama-Foupouagnigni.png')\">\n\n\n\n\n\n <\/div>\n<div class=\"profile-card-bottom bg-primary   center-text\"> \n\n<div class=\"profile-card-name pad-5 white-text sans-serif-bold\"> <strong> <p>Pr Mama Foupouagnigni <\/strong><\/p>\n<p> Directeur Acad\u00e9mique, AIMS-NEI &amp; Pr\u00e9sident du Centre, AIMS Cameroun <\/p>\n\n<\/div>\n\n<div class=\"profile-card-name sans-serif-light\">  <\/div>\n\n<\/div>\n<\/a>\n\n<\/div>\n\n\n\n\n        \n\n        <div class=\"col-md-4 col-lg-4\"> <a class=\"profile-card-link\" href=\"https:\/\/aims-senegal.org\/fr\/person\/886-2\/\">\n\n\n<div class=\"profile-card-img img-bg\" style=\"background-image:url('https:\/\/aims-senegal.org\/wp-content\/uploads\/sites\/2\/2020\/09\/Ngalla_auto_x2.jpg')\">\n\n\n\n\n\n <\/div>\n<div class=\"profile-card-bottom bg-primary   center-text\"> \n\n<div class=\"profile-card-name pad-5 white-text sans-serif-bold\"> <strong> <p>Pr Ngalla Djitte <\/strong><\/p>\n<p> Universit\u00e9 Gaston Berger de Saint-Louis <\/p>\n\n<\/div>\n\n<div class=\"profile-card-name sans-serif-light\">  <\/div>\n\n<\/div>\n<\/a>\n\n<\/div>\n\n\n\n\n        \n\n        <div class=\"col-md-4 col-lg-4\"> <a class=\"profile-card-link\" href=\"https:\/\/aims-senegal.org\/fr\/person\/887-2\/\">\n\n\n<div class=\"profile-card-img img-bg\" style=\"background-image:url('https:\/\/aims-senegal.org\/wp-content\/uploads\/sites\/2\/2020\/09\/Ngom.jpg')\">\n\n\n\n\n\n <\/div>\n<div class=\"profile-card-bottom bg-primary   center-text\"> \n\n<div class=\"profile-card-name pad-5 white-text sans-serif-bold\"> <strong> <p>Prof. Mouhamadou Ngom <\/strong><\/p>\n<p> Universit\u00e9 Alioune Diop de Bambey, S\u00e9n\u00e9gal <\/p>\n\n<\/div>\n\n<div class=\"profile-card-name sans-serif-light\">  <\/div>\n\n<\/div>\n<\/a>\n\n<\/div>\n\n\n\n\n        \n\n        <div class=\"col-md-4 col-lg-4\"> <a class=\"profile-card-link\" href=\"https:\/\/aims-senegal.org\/fr\/person\/prof-sophie-dabo-niang\/\">\n\n\n<div class=\"profile-card-img img-bg\" style=\"background-image:url('https:\/\/aims-senegal.org\/wp-content\/uploads\/sites\/2\/2021\/06\/Prof.-Sophie-Dabo-Niang-Vrai-1.png')\">\n\n\n\n\n\n <\/div>\n<div class=\"profile-card-bottom bg-primary   center-text\"> \n\n<div class=\"profile-card-name pad-5 white-text sans-serif-bold\"> <strong> <p>Pr Sophie Dabo Niang <\/strong><\/p>\n<p> Universit\u00e9 de Lille <\/p>\n\n<\/div>\n\n<div class=\"profile-card-name sans-serif-light\">  <\/div>\n\n<\/div>\n<\/a>\n\n<\/div>\n\n\n\n\n        \n\n        <div class=\"col-md-4 col-lg-4\"> <a class=\"profile-card-link\" href=\"https:\/\/aims-senegal.org\/fr\/person\/888-2\/\">\n\n\n<div class=\"profile-card-img img-bg\" style=\"background-image:url('https:\/\/aims-senegal.org\/wp-content\/uploads\/sites\/2\/2020\/09\/Mamadou_auto_x2.jpg')\">\n\n\n\n\n\n <\/div>\n<div class=\"profile-card-bottom bg-primary   center-text\"> \n\n<div class=\"profile-card-name pad-5 white-text sans-serif-bold\"> <strong> <p>Professeur Mamadou Barry <\/strong><\/p>\n<p> Universit\u00e9 Cheikh Anta Diop, S\u00e9n\u00e9gal <\/p>\n\n<\/div>\n\n<div class=\"profile-card-name sans-serif-light\">  <\/div>\n\n<\/div>\n<\/a>\n\n<\/div>\n\n\n\n\n        \n\n        <div class=\"col-md-4 col-lg-4\"> <a class=\"profile-card-link\" href=\"https:\/\/aims-senegal.org\/fr\/person\/889-2\/\">\n\n\n<div class=\"profile-card-img img-bg\" style=\"background-image:url('https:\/\/aims-senegal.org\/wp-content\/uploads\/sites\/2\/2020\/09\/Alassane-Diedhiou-1.jpg')\">\n\n\n\n\n\n <\/div>\n<div class=\"profile-card-bottom bg-primary   center-text\"> \n\n<div class=\"profile-card-name pad-5 white-text sans-serif-bold\"> <strong> <p>Pr Alassane Diedhiou <\/strong><\/p>\n<p> Universit\u00e9 de Ziguinchor, S\u00e9n\u00e9gal <\/p>\n\n<\/div>\n\n<div class=\"profile-card-name sans-serif-light\">  <\/div>\n\n<\/div>\n<\/a>\n\n<\/div>\n\n\n\n\n    \n<\/div>\n\n\n<p><\/p>\n<\/div><\/div>\n<\/div><\/div>\n<\/div><\/div>\n<style class=\"advgb-styles-renderer\">.advgb-tabs-5f14a61b-ce9c-4f0c-b77a-c77726c14221 ul.advgb-tabs-panel li.advgb-tab.advgb-tab-active {background-color:#6c174c !important;color:#ffffff !important;}#advgb-tabs-5f14a61b-ce9c-4f0c-b77a-c77726c14221 .advgb-tab-body-header.header-active, .advgb-tabs-5f14a61b-ce9c-4f0c-b77a-c77726c14221 .advgb-tab-body-header.header-active{background-color:#6c174c !important;color:#ffffff !important;}<\/style>","protected":false},"excerpt":{"rendered":"","protected":false},"author":1,"featured_media":0,"parent":0,"menu_order":0,"comment_status":"closed","ping_status":"closed","template":"","meta":{"advgb_blocks_editor_width":"","advgb_blocks_columns_visual_guide":""},"acf":[],"coauthors":[],"author_meta":{"author_link":"https:\/\/aims-senegal.org\/fr\/author\/chris\/","display_name":"chris"},"relative_dates":{"created":"Publi\u00e9 6 ans il y a","modified":"Mis \u00e0 jour 3 ans il y a"},"absolute_dates":{"created":"Publi\u00e9 le septembre 19, 2020","modified":"Mise \u00e0 jour le janvier 20, 2023"},"absolute_dates_time":{"created":"Publi\u00e9 le septembre 19, 2020 6:35  ","modified":"Mise \u00e0 jour le janvier 20, 2023 3:33  "},"featured_img_caption":"","featured_img":false,"series_order":"","_links":{"self":[{"href":"https:\/\/aims-senegal.org\/fr\/wp-json\/wp\/v2\/pages\/94"}],"collection":[{"href":"https:\/\/aims-senegal.org\/fr\/wp-json\/wp\/v2\/pages"}],"about":[{"href":"https:\/\/aims-senegal.org\/fr\/wp-json\/wp\/v2\/types\/page"}],"author":[{"embeddable":true,"href":"https:\/\/aims-senegal.org\/fr\/wp-json\/wp\/v2\/users\/1"}],"replies":[{"embeddable":true,"href":"https:\/\/aims-senegal.org\/fr\/wp-json\/wp\/v2\/comments?post=94"}],"version-history":[{"count":21,"href":"https:\/\/aims-senegal.org\/fr\/wp-json\/wp\/v2\/pages\/94\/revisions"}],"predecessor-version":[{"id":5197,"href":"https:\/\/aims-senegal.org\/fr\/wp-json\/wp\/v2\/pages\/94\/revisions\/5197"}],"wp:attachment":[{"href":"https:\/\/aims-senegal.org\/fr\/wp-json\/wp\/v2\/media?parent=94"}],"curies":[{"name":"wp","href":"https:\/\/api.w.org\/{rel}","templated":true}]}}